{"id":1000,"date":"2025-07-23T16:06:27","date_gmt":"2025-07-23T16:06:27","guid":{"rendered":"https:\/\/staging.mondogrowkits.com\/?post_type=product&#038;p=1000"},"modified":"2026-04-07T11:42:22","modified_gmt":"2026-04-07T10:42:22","slug":"jeringa-de-esporas-a-albino","status":"publish","type":"product","link":"https:\/\/www.mondogrowkits.com\/es\/spore-syringe-a-albino\/","title":{"rendered":"A+ Albino - Jeringa de esporas Psilocybe Cubensis"},"content":{"rendered":"","protected":false},"excerpt":{"rendered":"<p>Las jeringas de esporas son un componente clave de los kits de cultivo de setas en casa. Nuestros expertos han perfeccionado este proceso sencillo y fiable para garantizar una inoculaci\u00f3n f\u00e1cil tanto para principiantes como para expertos.<\/p>\n<p>La facilidad de uso y el bajo riesgo de contaminaci\u00f3n hacen de nuestras jeringuillas de esporas uno de los m\u00e9todos de germinaci\u00f3n m\u00e1s eficaces.<\/p>\n<p><span lang=\"EN-US\">Para obtener directrices, instrucciones y protocolos de activaci\u00f3n detallados, visite nuestra Gu\u00eda de cultivo.<\/span><\/p>\n<p>&nbsp;<\/p>","protected":false},"featured_media":3141,"comment_status":"open","ping_status":"closed","template":"","meta":[],"product_brand":[32],"product_cat":[66],"product_tag":[],"class_list":{"0":"post-1000","1":"product","2":"type-product","3":"status-publish","4":"has-post-thumbnail","6":"product_brand-mondo","7":"product_cat-psilocybe-cubensis-spore-syringes","9":"first","10":"instock","11":"taxable","12":"shipping-taxable","13":"purchasable","14":"product-type-simple"},"jetpack_sharing_enabled":true,"_links":{"self":[{"href":"https:\/\/www.mondogrowkits.com\/es\/wp-json\/wp\/v2\/product\/1000","targetHints":{"allow":["GET"]}}],"collection":[{"href":"https:\/\/www.mondogrowkits.com\/es\/wp-json\/wp\/v2\/product"}],"about":[{"href":"https:\/\/www.mondogrowkits.com\/es\/wp-json\/wp\/v2\/types\/product"}],"replies":[{"embeddable":true,"href":"https:\/\/www.mondogrowkits.com\/es\/wp-json\/wp\/v2\/comments?post=1000"}],"wp:featuredmedia":[{"embeddable":true,"href":"https:\/\/www.mondogrowkits.com\/es\/wp-json\/wp\/v2\/media\/3141"}],"wp:attachment":[{"href":"https:\/\/www.mondogrowkits.com\/es\/wp-json\/wp\/v2\/media?parent=1000"}],"wp:term":[{"taxonomy":"product_brand","embeddable":true,"href":"https:\/\/www.mondogrowkits.com\/es\/wp-json\/wp\/v2\/product_brand?post=1000"},{"taxonomy":"product_cat","embeddable":true,"href":"https:\/\/www.mondogrowkits.com\/es\/wp-json\/wp\/v2\/product_cat?post=1000"},{"taxonomy":"product_tag","embeddable":true,"href":"https:\/\/www.mondogrowkits.com\/es\/wp-json\/wp\/v2\/product_tag?post=1000"}],"curies":[{"name":"wp","href":"https:\/\/api.w.org\/{rel}","templated":true}]}}