{"id":1025,"date":"2025-07-23T16:17:29","date_gmt":"2025-07-23T16:17:29","guid":{"rendered":"https:\/\/staging.mondogrowkits.com\/?post_type=product&#038;p=1025"},"modified":"2026-04-07T11:42:22","modified_gmt":"2026-04-07T10:42:22","slug":"jeringa-de-esporas-fiji","status":"publish","type":"product","link":"https:\/\/www.mondogrowkits.com\/es\/spore-syringe-fiji\/","title":{"rendered":"Fiji - Jeringa de esporas Psilocybe Cubensis"},"content":{"rendered":"<h2 data-start=\"931\" data-end=\"999\">Fiji - Jeringa de esporas de Psilocybe Cubensis | Esporas Cubensis est\u00e9riles<\/h2><p data-start=\"1001\" data-end=\"1322\">La jeringa de esporas Fiji Psilocybe Cubensis contiene esporas microsc\u00f3picas de Cubensis suspendidas en una soluci\u00f3n est\u00e9ril, preparada en condiciones controladas para garantizar la limpieza y la distribuci\u00f3n uniforme de las esporas. Este producto est\u00e1 destinado a la microscop\u00eda, la investigaci\u00f3n y la inoculaci\u00f3n de <a href=\"https:\/\/www.mondogrowkits.com\/es\/sustrato-esterilizado\/\">sustrato esterilizado<\/a> cuando la ley lo permita.<\/p><p data-start=\"1324\" data-end=\"1604\">Fiyi es una cepa reconocida dentro de la <a href=\"https:\/\/www.mondogrowkits.com\/es\/que-es-la-psilocibina\/\">Psilocybe Cubensis<\/a> especie. Como todas las cepas cubensis, pertenece a la misma clasificaci\u00f3n de especies, mientras que las cepas individuales pueden mostrar sutiles diferencias en el comportamiento de colonizaci\u00f3n y el crecimiento estructural en funci\u00f3n de las condiciones ambientales.<\/p><hr data-start=\"1606\" data-end=\"1609\" \/><h2 data-start=\"1611\" data-end=\"1645\">\u00bfQu\u00e9 contiene esta jeringa?<\/h2><p data-start=\"1647\" data-end=\"1669\">Cada jeringa incluye:<\/p><ul data-start=\"1671\" data-end=\"1769\">\n<li data-start=\"1671\" data-end=\"1714\">\n<p data-start=\"1673\" data-end=\"1714\">Esporas de Psilocybe Cubensis (cepa Fiji)<\/p>\n<\/li>\n<li data-start=\"1715\" data-end=\"1746\">\n<p data-start=\"1717\" data-end=\"1746\">Soluci\u00f3n de suspensi\u00f3n est\u00e9ril<\/p>\n<\/li>\n<li data-start=\"1747\" data-end=\"1769\">\n<p data-start=\"1749\" data-end=\"1769\">Sin micelio activo<\/p>\n<\/li>\n<\/ul><p data-start=\"1771\" data-end=\"2009\">Dado que la jeringa contiene esporas en lugar de micelio vivo, es necesaria una fase de germinaci\u00f3n tras la inoculaci\u00f3n. Una vez inyectadas en <a href=\"https:\/\/www.mondogrowkits.com\/es\/sustrato-esterilizado\/\">sustrato<\/a>, Para que se produzca una colonizaci\u00f3n completa, las esporas deben activarse y empezar a formar micelio.<\/p><hr data-start=\"2011\" data-end=\"2014\" \/><h2 data-start=\"2016\" data-end=\"2061\">Dise\u00f1ado para su uso con sustrato esterilizado<\/h2><p data-start=\"2063\" data-end=\"2274\">La jeringa de esporas Fiji se suele utilizar con sustrato esterilizado preparado profesionalmente o con semillas de cereales. Dado que el sustrato esterilizado no contiene micelio activo, es necesaria la inoculaci\u00f3n para iniciar la colonizaci\u00f3n.<\/p><p data-start=\"2276\" data-end=\"2470\">Mantener una t\u00e9cnica est\u00e9ril durante la inyecci\u00f3n es esencial para reducir los riesgos de contaminaci\u00f3n. Unas herramientas limpias, una manipulaci\u00f3n controlada y unas temperaturas estables influyen significativamente en el \u00e9xito de la colonizaci\u00f3n.<\/p><p data-start=\"2472\" data-end=\"2627\">Psilocybe cubensis suele colonizar bien entre 20-24\u00b0C (68-75\u00b0F), aunque el tiempo de colonizaci\u00f3n puede variar dependiendo de la cepa y de la estabilidad ambiental.<\/p><hr data-start=\"2629\" data-end=\"2632\" \/><h2 data-start=\"2634\" data-end=\"2668\">Jeringa de esporas frente a cultivo l\u00edquido<\/h2><p data-start=\"2670\" data-end=\"2739\">Entender la distinci\u00f3n ayuda a determinar el m\u00e9todo apropiado:<\/p><p data-start=\"2741\" data-end=\"2758\"><strong data-start=\"2741\" data-end=\"2758\">Jeringa de esporas<\/strong><\/p><ul data-start=\"2759\" data-end=\"2885\">\n<li data-start=\"2759\" data-end=\"2786\">\n<p data-start=\"2761\" data-end=\"2786\">Contiene esporas latentes<\/p>\n<\/li>\n<li data-start=\"2787\" data-end=\"2817\">\n<p data-start=\"2789\" data-end=\"2817\">Requiere fase de germinaci\u00f3n<\/p>\n<\/li>\n<li data-start=\"2818\" data-end=\"2856\">\n<p data-start=\"2820\" data-end=\"2856\">Tiempo de colonizaci\u00f3n normalmente m\u00e1s largo<\/p>\n<\/li>\n<li data-start=\"2857\" data-end=\"2885\">\n<p data-start=\"2859\" data-end=\"2885\">Permite la variaci\u00f3n gen\u00e9tica<\/p>\n<\/li>\n<\/ul><p data-start=\"2887\" data-end=\"2913\"><strong data-start=\"2887\" data-end=\"2913\">Jeringa de Cultivo L\u00edquido<\/strong><\/p><ul data-start=\"2914\" data-end=\"3005\">\n<li data-start=\"2914\" data-end=\"2942\">\n<p data-start=\"2916\" data-end=\"2942\">Contiene micelio activo<\/p>\n<\/li>\n<li data-start=\"2943\" data-end=\"2966\">\n<p data-start=\"2945\" data-end=\"2966\">Colonizaci\u00f3n m\u00e1s r\u00e1pida<\/p>\n<\/li>\n<li data-start=\"2967\" data-end=\"3005\">\n<p data-start=\"2969\" data-end=\"3005\">Expresi\u00f3n gen\u00e9tica m\u00e1s coherente<\/p>\n<\/li>\n<\/ul><p data-start=\"3007\" data-end=\"3061\">Ambas opciones son compatibles con sustrato esterilizado.<\/p><hr data-start=\"3063\" data-end=\"3066\" \/><h2 data-start=\"3068\" data-end=\"3105\">\u00bfPor qu\u00e9 elegir la jeringa Fiji Spore?<\/h2><ul data-start=\"3107\" data-end=\"3316\">\n<li data-start=\"3107\" data-end=\"3151\">\n<p data-start=\"3109\" data-end=\"3151\">Soluci\u00f3n est\u00e9ril preparada profesionalmente<\/p>\n<\/li>\n<li data-start=\"3152\" data-end=\"3192\">\n<p data-start=\"3154\" data-end=\"3192\">Gen\u00e9tica fiable de Psilocybe Cubensis<\/p>\n<\/li>\n<li data-start=\"3193\" data-end=\"3233\">\n<p data-start=\"3195\" data-end=\"3233\">Compatible con sustrato esterilizado<\/p>\n<\/li>\n<li data-start=\"3234\" data-end=\"3274\">\n<p data-start=\"3236\" data-end=\"3274\">Adecuado para microscop\u00eda e investigaci\u00f3n<\/p>\n<\/li>\n<li data-start=\"3275\" data-end=\"3316\">\n<p data-start=\"3277\" data-end=\"3316\">Suspensi\u00f3n de esporas limpia y consistente<\/p>\n<\/li>\n<\/ul><p data-start=\"3318\" data-end=\"3467\">Fiyi <a href=\"https:\/\/www.mondogrowkits.com\/es\/jeringas-de-esporas-psilocybe-cubensis\/\">Jeringa para esporas de Psilocybe Cubensis<\/a> proporciona un m\u00e9todo controlado y fiable para introducir esporas cubensis en medios de cultivo est\u00e9riles.<\/p>","protected":false},"excerpt":{"rendered":"<p data-start=\"348\" data-end=\"619\">La jeringa de esporas Fiji Psilocybe Cubensis contiene esporas cubensis de alta calidad suspendidas en una soluci\u00f3n est\u00e9ril para la inoculaci\u00f3n controlada. Preparada en condiciones limpias, esta jeringa es adecuada para microscop\u00eda y uso con sustrato esterilizado donde est\u00e9 legalmente permitido.<\/p>\n<ul data-start=\"621\" data-end=\"815\">\n<li data-start=\"621\" data-end=\"649\">\n<p data-start=\"623\" data-end=\"649\">Suspensi\u00f3n est\u00e9ril de esporas<\/p>\n<\/li>\n<li data-start=\"650\" data-end=\"693\">\n<p data-start=\"652\" data-end=\"693\">S\u00f3lo contiene esporas (no micelio vivo)<\/p>\n<\/li>\n<li data-start=\"694\" data-end=\"734\">\n<p data-start=\"696\" data-end=\"734\">Compatible con sustrato esterilizado<\/p>\n<\/li>\n<li data-start=\"735\" data-end=\"762\">\n<p data-start=\"737\" data-end=\"762\">Distribuci\u00f3n uniforme de las esporas<\/p>\n<\/li>\n<li data-start=\"763\" data-end=\"815\">\n<p data-start=\"765\" data-end=\"815\">Adecuado para la investigaci\u00f3n y el cultivo controlado<\/p>\n<\/li>\n<\/ul>\n<p data-start=\"817\" data-end=\"895\">Dise\u00f1ado para cultivadores e investigadores que trabajan con la gen\u00e9tica Psilocybe Cubensis.<\/p>","protected":false},"featured_media":3141,"comment_status":"open","ping_status":"closed","template":"","meta":[],"product_brand":[32],"product_cat":[66],"product_tag":[],"class_list":{"0":"post-1025","1":"product","2":"type-product","3":"status-publish","4":"has-post-thumbnail","6":"product_brand-mondo","7":"product_cat-psilocybe-cubensis-spore-syringes","9":"first","10":"instock","11":"taxable","12":"shipping-taxable","13":"purchasable","14":"product-type-simple"},"jetpack_sharing_enabled":true,"_links":{"self":[{"href":"https:\/\/www.mondogrowkits.com\/es\/wp-json\/wp\/v2\/product\/1025","targetHints":{"allow":["GET"]}}],"collection":[{"href":"https:\/\/www.mondogrowkits.com\/es\/wp-json\/wp\/v2\/product"}],"about":[{"href":"https:\/\/www.mondogrowkits.com\/es\/wp-json\/wp\/v2\/types\/product"}],"replies":[{"embeddable":true,"href":"https:\/\/www.mondogrowkits.com\/es\/wp-json\/wp\/v2\/comments?post=1025"}],"wp:featuredmedia":[{"embeddable":true,"href":"https:\/\/www.mondogrowkits.com\/es\/wp-json\/wp\/v2\/media\/3141"}],"wp:attachment":[{"href":"https:\/\/www.mondogrowkits.com\/es\/wp-json\/wp\/v2\/media?parent=1025"}],"wp:term":[{"taxonomy":"product_brand","embeddable":true,"href":"https:\/\/www.mondogrowkits.com\/es\/wp-json\/wp\/v2\/product_brand?post=1025"},{"taxonomy":"product_cat","embeddable":true,"href":"https:\/\/www.mondogrowkits.com\/es\/wp-json\/wp\/v2\/product_cat?post=1025"},{"taxonomy":"product_tag","embeddable":true,"href":"https:\/\/www.mondogrowkits.com\/es\/wp-json\/wp\/v2\/product_tag?post=1025"}],"curies":[{"name":"wp","href":"https:\/\/api.w.org\/{rel}","templated":true}]}}