{"id":1348,"date":"2025-09-11T16:50:40","date_gmt":"2025-09-11T16:50:40","guid":{"rendered":"https:\/\/www.mondogrowkits.com\/?post_type=product&#038;p=1348"},"modified":"2026-04-07T14:46:54","modified_gmt":"2026-04-07T13:46:54","slug":"cultivo-liquido-mckennaii","status":"publish","type":"product","link":"https:\/\/www.mondogrowkits.com\/es\/liquid-culture-mckennaii\/","title":{"rendered":"McKennaii - Jeringa de cultivo l\u00edquido Psilocybe Cubensis"},"content":{"rendered":"<h2 data-section-id=\"qmytu4\" data-start=\"113\" data-end=\"187\">McKennaii Liquid Culture Jeringa - Potente gen\u00e9tica Psilocybe Cubensis<\/h2><p data-start=\"189\" data-end=\"535\">En <strong data-start=\"193\" data-end=\"250\">McKennaii - Jeringa de cultivo l\u00edquido Psilocybe Cubensis<\/strong> es una variedad muy apreciada, conocida por su crecimiento vigoroso, su fuerte colonizaci\u00f3n y su rendimiento fiable. Lleva el nombre del famoso etnobot\u00e1nico <span class=\"hover:entity-accent entity-underline inline cursor-pointer align-baseline\"><span class=\"whitespace-normal\">Terence McKenna<\/span><\/span>, Esta cepa ha ganado popularidad entre los cultivadores debido a su agresivo micelio y a sus resultados consistentes.<\/p><p data-start=\"537\" data-end=\"780\"><a href=\"https:\/\/www.mondogrowkits.com\/es\/biblioteca-variedades-setas-magicas\/mckennaii-psilocybe-cubensis-variedad\/\">McKennaii<\/a> es conocida por su r\u00e1pida velocidad de colonizaci\u00f3n y su denso desarrollo micelial, lo que la convierte en una excelente elecci\u00f3n para los cultivadores que buscan eficacia y estabilidad. La cepa se comporta bien en una gran variedad de sustratos y configuraciones de cultivo.<\/p><p data-start=\"782\" data-end=\"1017\">Dado que este producto se suministra como <a href=\"https:\/\/www.mondogrowkits.com\/es\/jeringa-para-cultivo-de-liquidos\/\">cultivo l\u00edquido<\/a>, contiene micelio activo suspendido en una soluci\u00f3n rica en nutrientes. Esto permite una colonizaci\u00f3n m\u00e1s r\u00e1pida en comparaci\u00f3n con las jeringas de esporas tradicionales y aumenta la tasa de \u00e9xito global.<\/p><p data-start=\"1019\" data-end=\"1112\">En condiciones \u00f3ptimas, el crecimiento del micelio puede comenzar pocos d\u00edas despu\u00e9s de la inoculaci\u00f3n.<\/p><hr data-start=\"1114\" data-end=\"1117\" \/><h3 data-section-id=\"1tid1er\" data-start=\"1119\" data-end=\"1159\">\u00bfPor qu\u00e9 elegir McKennaii Liquid Culture?<\/h3><p data-start=\"1161\" data-end=\"1443\">\u2714 Cepa fuerte y agresiva de Psilocybe cubensis<br data-start=\"1210\" data-end=\"1213\" \/>Colonizaci\u00f3n r\u00e1pida y crecimiento denso del micelio<br data-start=\"1258\" data-end=\"1261\" \/>\u2714 Rendimiento fiable y constante<br data-start=\"1298\" data-end=\"1301\" \/>\u2714 Adecuado para <a href=\"https:\/\/www.mondogrowkits.com\/es\/mondo-growkits-mejores-variedades-principiantes-avanzados\/\">principiantes<\/a> y cultivadores experimentados<br data-start=\"1349\" data-end=\"1352\" \/>\u2714 Cultivo l\u00edquido activo - listo para usar inmediatamente<br data-start=\"1402\" data-end=\"1405\" \/>\u2714 Funciona bien con diversos sustratos<\/p><p data-start=\"1445\" data-end=\"1537\">La McKennaii es una elecci\u00f3n popular entre los cultivadores que buscan una variedad potente y de r\u00e1pido desarrollo.<\/p><hr data-start=\"1539\" data-end=\"1542\" \/><h3 data-section-id=\"1edg1fv\" data-start=\"1544\" data-end=\"1574\">Ventajas de Liquid Culture<\/h3><p data-start=\"1576\" data-end=\"1667\">Las jeringas de cultivo l\u00edquido ofrecen ventajas significativas frente a los productos tradicionales basados en esporas.<\/p><p data-start=\"1669\" data-end=\"1767\">Como el micelio ya est\u00e1 vivo y activo, la colonizaci\u00f3n comienza inmediatamente despu\u00e9s de la inoculaci\u00f3n.<\/p><p data-start=\"1769\" data-end=\"1790\">Las principales ventajas son:<\/p><p data-start=\"1792\" data-end=\"1961\">- Tiempos de colonizaci\u00f3n m\u00e1s r\u00e1pidos<br data-start=\"1819\" data-end=\"1822\" \/>- Mayores tasas de \u00e9xito<br data-start=\"1844\" data-end=\"1847\" \/>- Reducci\u00f3n del riesgo de fallo si se utiliza correctamente<br data-start=\"1892\" data-end=\"1895\" \/>- Distribuci\u00f3n uniforme del micelio<br data-start=\"1926\" data-end=\"1929\" \/>- Aplicaci\u00f3n f\u00e1cil y precisa<\/p><p data-start=\"1963\" data-end=\"2042\">El cultivo l\u00edquido es ideal para los cultivadores que desean resultados predecibles y eficaces.<\/p><hr data-start=\"2044\" data-end=\"2047\" \/><h3 data-section-id=\"1ltc4xe\" data-start=\"2049\" data-end=\"2074\">Uso y aplicaci\u00f3n<\/h3><p data-start=\"2076\" data-end=\"2174\">La jeringa para cultivo de l\u00edquidos McKennaii es f\u00e1cil de usar y adecuada para m\u00faltiples m\u00e9todos de cultivo.<\/p><p data-start=\"2176\" data-end=\"2312\">Antes de usarla, agite suavemente la jeringa para distribuir el micelio uniformemente. Inyecte el l\u00edquido en su <a href=\"https:\/\/www.mondogrowkits.com\/es\/sustrato-esterilizado\/\">sustrato est\u00e9ril<\/a> o medio de cultivo.<\/p><p data-start=\"2314\" data-end=\"2414\">Dado que el cultivo contiene micelio activo, la colonizaci\u00f3n suele comenzar m\u00e1s r\u00e1pidamente que con las esporas.<\/p><p data-start=\"2416\" data-end=\"2485\">Mantenga siempre unas condiciones de trabajo est\u00e9riles para minimizar la contaminaci\u00f3n.<\/p><p data-start=\"2487\" data-end=\"2576\"><strong data-start=\"2487\" data-end=\"2496\">Nota:<\/strong> Este producto est\u00e1 destinado exclusivamente a fines educativos y de microscop\u00eda.<\/p><hr data-start=\"2578\" data-end=\"2581\" \/><h3 data-section-id=\"1w10lnv\" data-start=\"2583\" data-end=\"2607\">Almacenamiento y caducidad<\/h3><p data-start=\"2609\" data-end=\"2687\">Guarde la jeringa de cultivo l\u00edquido en un frigor\u00edfico a 2-8 \u00b0C para obtener mejores resultados.<\/p><p data-start=\"2689\" data-end=\"2739\">Caducidad: Hasta 2-3 meses si se almacena correctamente<\/p><p data-start=\"2741\" data-end=\"2837\">Mantener alejado de la luz solar directa y del calor. Deje que la jeringa alcance la temperatura ambiente antes de usarla.<\/p><hr data-start=\"2839\" data-end=\"2842\" \/><h3 data-section-id=\"jo8ted\" data-start=\"2844\" data-end=\"2890\">McKennaii - Una cepa potente y fiable<\/h3><p data-start=\"2892\" data-end=\"3009\">La McKennaii es conocida por su fuerte gen\u00e9tica y su r\u00e1pida colonizaci\u00f3n, lo que la convierte en una cepa de confianza entre cultivadores de todo el mundo.<\/p><p data-start=\"3011\" data-end=\"3166\">Su crecimiento agresivo y su rendimiento constante la convierten en una excelente opci\u00f3n para quienes buscan eficacia y fiabilidad en su proceso de cultivo.<\/p><hr data-start=\"3168\" data-end=\"3171\" \/><h3 data-section-id=\"ozoeaq\" data-start=\"3173\" data-end=\"3226\">Pida hoy mismo su jeringa McKennaii Liquid Culture<\/h3><p data-start=\"3228\" data-end=\"3347\">En <strong data-start=\"3232\" data-end=\"3289\">McKennaii - Jeringa de cultivo l\u00edquido Psilocybe Cubensis<\/strong> ofrece velocidad, fuerza y consistencia en un solo producto.<\/p><p data-start=\"3349\" data-end=\"3474\">Con un micelio activo y una gen\u00e9tica probada, este cultivo l\u00edquido es perfecto para los cultivadores que desean una colonizaci\u00f3n fiable y r\u00e1pida.<\/p><p data-start=\"3476\" data-end=\"3538\" data-is-last-node=\"\" data-is-only-node=\"\">Haga su pedido hoy mismo y experimente un rendimiento superior en cultivos l\u00edquidos.<\/p>","protected":false},"excerpt":{"rendered":"<div class=\"flex flex-col text-sm pb-25\">\n<section class=\"text-token-text-primary w-full focus:outline-none [--shadow-height:45px] has-data-writing-block:pointer-events-none has-data-writing-block:-mt-(--shadow-height) has-data-writing-block:pt-(--shadow-height) [&amp;:has([data-writing-block])&gt;*]:pointer-events-auto scroll-mt-[calc(var(--header-height)+min(200px,max(70px,20svh)))]\" dir=\"auto\" data-turn-id=\"request-WEB:4f24f257-2f2d-4e1c-b3aa-1abf6ca93056-27\" data-testid=\"conversation-turn-10\" data-scroll-anchor=\"true\" data-turn=\"assistant\">\n<div class=\"text-base my-auto mx-auto pb-10 [--thread-content-margin:var(--thread-content-margin-xs,calc(var(--spacing)*4))] @w-sm\/main:[--thread-content-margin:var(--thread-content-margin-sm,calc(var(--spacing)*6))] @w-lg\/main:[--thread-content-margin:var(--thread-content-margin-lg,calc(var(--spacing)*16))] px-(--thread-content-margin)\">\n<div class=\"[--thread-content-max-width:40rem] @w-lg\/main:[--thread-content-max-width:48rem] mx-auto max-w-(--thread-content-max-width) flex-1 group\/turn-messages focus-visible:outline-hidden relative flex w-full min-w-0 flex-col agent-turn\">\n<div class=\"flex max-w-full flex-col gap-4 grow\">\n<div class=\"min-h-8 text-message relative flex w-full flex-col items-end gap-2 text-start break-words whitespace-normal outline-none keyboard-focused:focus-ring [.text-message+&amp;]:mt-1\" dir=\"auto\" data-message-author-role=\"assistant\" data-message-id=\"65e18695-0e04-4fe6-93dc-022bc6c84269\" data-message-model-slug=\"gpt-5-3\" data-turn-start-message=\"true\">\n<div class=\"flex w-full flex-col gap-1 empty:hidden\">\n<div class=\"markdown prose dark:prose-invert w-full wrap-break-word light markdown-new-styling\">\n<p data-start=\"110\" data-end=\"401\"><strong data-start=\"110\" data-end=\"167\">McKennaii \u2013 Psilocybe Cubensis Liquid Culture Syringe<\/strong> is a high-quality liquid culture known for its fast colonisation and strong mycelium growth. This powerful strain is valued for its reliability and consistent performance, making it suitable for both beginner and experienced growers.<\/p>\n<p data-start=\"403\" data-end=\"566\" data-is-last-node=\"\" data-is-only-node=\"\">The syringe contains active mycelium in a nutrient-rich solution, allowing for faster colonisation and higher success rates compared to traditional spore syringes.<\/p>\n<\/div>\n<\/div>\n<\/div>\n<\/div>\n<div class=\"z-0 flex min-h-[46px] justify-start\"><\/div>\n<div class=\"mt-3 w-full empty:hidden\">\n<div class=\"text-center\"><\/div>\n<\/div>\n<\/div>\n<\/div>\n<\/section>\n<\/div>\n<div class=\"pointer-events-none h-px w-px absolute bottom-0\" aria-hidden=\"true\" data-edge=\"true\"><\/div>\n","protected":false},"featured_media":3139,"comment_status":"open","ping_status":"closed","template":"","meta":[],"product_brand":[32],"product_cat":[68],"product_tag":[],"class_list":{"0":"post-1348","1":"product","2":"type-product","3":"status-publish","4":"has-post-thumbnail","6":"product_brand-mondo","7":"product_cat-liquid-culture-syringe","9":"first","10":"outofstock","11":"taxable","12":"shipping-taxable","13":"purchasable","14":"product-type-simple"},"jetpack_sharing_enabled":true,"_links":{"self":[{"href":"https:\/\/www.mondogrowkits.com\/es\/wp-json\/wp\/v2\/product\/1348","targetHints":{"allow":["GET"]}}],"collection":[{"href":"https:\/\/www.mondogrowkits.com\/es\/wp-json\/wp\/v2\/product"}],"about":[{"href":"https:\/\/www.mondogrowkits.com\/es\/wp-json\/wp\/v2\/types\/product"}],"replies":[{"embeddable":true,"href":"https:\/\/www.mondogrowkits.com\/es\/wp-json\/wp\/v2\/comments?post=1348"}],"wp:featuredmedia":[{"embeddable":true,"href":"https:\/\/www.mondogrowkits.com\/es\/wp-json\/wp\/v2\/media\/3139"}],"wp:attachment":[{"href":"https:\/\/www.mondogrowkits.com\/es\/wp-json\/wp\/v2\/media?parent=1348"}],"wp:term":[{"taxonomy":"product_brand","embeddable":true,"href":"https:\/\/www.mondogrowkits.com\/es\/wp-json\/wp\/v2\/product_brand?post=1348"},{"taxonomy":"product_cat","embeddable":true,"href":"https:\/\/www.mondogrowkits.com\/es\/wp-json\/wp\/v2\/product_cat?post=1348"},{"taxonomy":"product_tag","embeddable":true,"href":"https:\/\/www.mondogrowkits.com\/es\/wp-json\/wp\/v2\/product_tag?post=1348"}],"curies":[{"name":"wp","href":"https:\/\/api.w.org\/{rel}","templated":true}]}}