{"id":1366,"date":"2025-09-11T16:49:49","date_gmt":"2025-09-11T16:49:49","guid":{"rendered":"https:\/\/www.mondogrowkits.com\/?post_type=product&#038;p=1366"},"modified":"2026-04-28T12:33:46","modified_gmt":"2026-04-28T11:33:46","slug":"cultivo-liquido-tampanensis","status":"publish","type":"product","link":"https:\/\/www.mondogrowkits.com\/es\/liquid-culture-tampanensis\/","title":{"rendered":"Tampanensis - Psilocybe Cubensis Jeringa de cultivo l\u00edquido"},"content":{"rendered":"<h2 data-section-id=\"1tgl6cg\" data-start=\"616\" data-end=\"694\">Tampanensis Liquid Culture Jeringa - Psilocybe tampanensis Gen\u00e9tica Premium<\/h2><p data-start=\"696\" data-end=\"1041\">El Tampanensis - Psilocybe tampanensis <a href=\"https:\/\/www.mondogrowkits.com\/es\/jeringa-para-cultivo-de-liquidos\/\">Jeringa de Cultivo L\u00edquido<\/a> es un cultivo de alta calidad conocido por su colonizaci\u00f3n estable, formaci\u00f3n de micelio denso y patrones de crecimiento consistentes. Esta especie es muy apreciada por su resistencia y sus caracter\u00edsticas \u00fanicas, lo que la convierte en una opci\u00f3n popular entre los cultivadores que buscan resultados fiables y repetibles.<\/p><p data-start=\"1043\" data-end=\"1276\">Psilocybe tampanensis es conocida por su crecimiento constante y controlado del micelio, que permite una colonizaci\u00f3n uniforme en diversos sustratos. Su naturaleza predecible la hace ideal para los cultivadores que prefieren la consistencia y la facilidad de cultivo.<\/p><p data-start=\"1278\" data-end=\"1523\">Dado que este producto se suministra en forma de cultivo l\u00edquido, contiene micelio activo suspendido en una soluci\u00f3n rica en nutrientes. Esto permite una colonizaci\u00f3n mucho m\u00e1s r\u00e1pida en comparaci\u00f3n con los cultivos tradicionales. <a href=\"https:\/\/www.mondogrowkits.com\/es\/jeringas-de-esporas-psilocybe-cubensis\/\">jeringas de esporas<\/a> y mejora los \u00edndices generales de \u00e9xito.<\/p><p data-start=\"1525\" data-end=\"1630\">En condiciones \u00f3ptimas, a menudo puede observarse el crecimiento del micelio a los pocos d\u00edas de la inoculaci\u00f3n.<\/p><hr data-start=\"1632\" data-end=\"1635\" \/><h3 data-section-id=\"1vtdj8c\" data-start=\"1637\" data-end=\"1685\">\u00bfQu\u00e9 es Tampanensis (Psilocybe tampanensis)?<\/h3><p data-start=\"1687\" data-end=\"1896\">Psilocybe tampanensis es una especie muy conocida y apreciada por sus caracter\u00edsticas \u00fanicas de crecimiento y adaptabilidad. Es conocida por formar un micelio denso y por su rendimiento constante en condiciones controladas.<\/p><p data-start=\"1898\" data-end=\"1995\">Su naturaleza estable y fiable la convierte en una opci\u00f3n popular tanto para el estudio como para el cultivo.<\/p><hr data-start=\"1997\" data-end=\"2000\" \/><h3 data-section-id=\"pfy38n\" data-start=\"2002\" data-end=\"2044\">\u00bfPor qu\u00e9 elegir Tampanensis Liquid Culture?<\/h3><ul data-start=\"2046\" data-end=\"2350\">\n<li data-section-id=\"11mueri\" data-start=\"2046\" data-end=\"2098\">Especies populares y \u00fanicas de Psilocybe tampanensis<\/li>\n<li data-section-id=\"1nqqo5y\" data-start=\"2099\" data-end=\"2137\">Colonizaci\u00f3n fuerte y consistente<\/li>\n<li data-section-id=\"p54dfs\" data-start=\"2138\" data-end=\"2171\">Crecimiento estable y previsible<\/li>\n<li data-section-id=\"1hdl77p\" data-start=\"2172\" data-end=\"2214\">Rendimiento fiable en todos los sustratos<\/li>\n<li data-section-id=\"fix0if\" data-start=\"2215\" data-end=\"2265\">Adecuado para cultivadores principiantes y experimentados<\/li>\n<li data-section-id=\"19zbuxr\" data-start=\"2266\" data-end=\"2309\">Colonizaci\u00f3n m\u00e1s r\u00e1pida que las jeringas con esporas<\/li>\n<li data-section-id=\"16w25lw\" data-start=\"2310\" data-end=\"2350\">Cultivo l\u00edquido activo - listo para usar<\/li>\n<\/ul><p data-start=\"2352\" data-end=\"2462\">El cultivo l\u00edquido de Tampanensis es ideal para los cultivadores que buscan una experiencia de cultivo fiable y eficaz.<\/p><hr data-start=\"2464\" data-end=\"2467\" \/><h3 data-section-id=\"1edg1fv\" data-start=\"2469\" data-end=\"2499\">Ventajas de Liquid Culture<\/h3><p data-start=\"2501\" data-end=\"2590\">Las jeringas de cultivo l\u00edquido ofrecen varias ventajas con respecto a los productos tradicionales basados en esporas.<\/p><p data-start=\"2592\" data-end=\"2680\">Como el micelio ya est\u00e1 activo, la colonizaci\u00f3n comienza inmediatamente despu\u00e9s de la inoculaci\u00f3n.<\/p><p data-start=\"2682\" data-end=\"2703\">Las principales ventajas son:<\/p><ul data-start=\"2705\" data-end=\"2862\">\n<li data-section-id=\"5at1tr\" data-start=\"2705\" data-end=\"2734\">Tiempos de colonizaci\u00f3n m\u00e1s r\u00e1pidos<\/li>\n<li data-section-id=\"cqwl0j\" data-start=\"2735\" data-end=\"2759\">Mayores tasas de \u00e9xito<\/li>\n<li data-section-id=\"ur01ho\" data-start=\"2760\" data-end=\"2793\">Distribuci\u00f3n uniforme del micelio<\/li>\n<li data-section-id=\"nuiwlo\" data-start=\"2794\" data-end=\"2826\">Aplicaci\u00f3n f\u00e1cil y precisa<\/li>\n<li data-section-id=\"s8uau9\" data-start=\"2827\" data-end=\"2862\">Resultados coherentes y fiables<\/li>\n<\/ul><p data-start=\"2864\" data-end=\"2947\">El cultivo l\u00edquido es la opci\u00f3n preferida de los cultivadores que valoran la rapidez y la constancia.<\/p><hr data-start=\"2949\" data-end=\"2952\" \/><h3 data-section-id=\"1ltc4xe\" data-start=\"2954\" data-end=\"2979\">Uso y aplicaci\u00f3n<\/h3><p data-start=\"2981\" data-end=\"3071\">La jeringa de cultivo l\u00edquido Tampanensis es f\u00e1cil de usar y adecuada para diversos sustratos.<\/p><p data-start=\"3073\" data-end=\"3211\">Antes de usar, agite suavemente la jeringa para distribuir uniformemente el micelio. Inyecte la soluci\u00f3n en su <a href=\"https:\/\/www.mondogrowkits.com\/es\/sustrato-esterilizado\/\">sustrato est\u00e9ril<\/a> o medio de cultivo.<\/p><p data-start=\"3213\" data-end=\"3313\">Dado que el cultivo contiene micelio activo, la colonizaci\u00f3n suele comenzar m\u00e1s r\u00e1pidamente que con las esporas.<\/p><p data-start=\"3315\" data-end=\"3394\">Trabaje siempre en un entorno limpio y est\u00e9ril para minimizar los riesgos de contaminaci\u00f3n.<\/p><p data-start=\"3396\" data-end=\"3481\">Nota: Este producto est\u00e1 destinado exclusivamente a fines educativos y de microscop\u00eda.<\/p><hr data-start=\"3483\" data-end=\"3486\" \/><h3 data-section-id=\"1w10lnv\" data-start=\"3488\" data-end=\"3512\">Almacenamiento y caducidad<\/h3><p data-start=\"3514\" data-end=\"3575\">Conservar la jeringa de cultivo l\u00edquido en frigor\u00edfico a 2-8 \u00b0C.<\/p><p data-start=\"3577\" data-end=\"3628\">Caducidad: Hasta 2-3 meses si se almacena adecuadamente<\/p><p data-start=\"3630\" data-end=\"3717\">Evite la luz solar directa y el calor. Deje que la jeringa alcance la temperatura ambiente antes de usarla.<\/p><hr data-start=\"3719\" data-end=\"3722\" \/><h3 data-section-id=\"1x732dm\" data-start=\"3724\" data-end=\"3770\">Tampanensis - Gen\u00e9tica estable y fiable<\/h3><p data-start=\"3772\" data-end=\"3905\">Psilocybe tampanensis es apreciada por su colonizaci\u00f3n constante y su rendimiento fiable, lo que la convierte en una elecci\u00f3n de confianza entre los cultivadores.<\/p><p data-start=\"3907\" data-end=\"4013\">Sus caracter\u00edsticas de crecimiento estable y su facilidad de uso la hacen adecuada para una amplia gama de configuraciones de cultivo.<\/p><hr data-start=\"4015\" data-end=\"4018\" \/><h3 data-section-id=\"zduk4m\" data-start=\"4020\" data-end=\"4075\">Pida hoy mismo su jeringa Tampanensis Liquid Culture<\/h3><p data-start=\"4077\" data-end=\"4217\">La jeringa Tampanensis - Psilocybe tampanensis Liquid Culture ofrece una excelente combinaci\u00f3n de fiabilidad, consistencia y rendimiento.<\/p><p data-start=\"4219\" data-end=\"4337\">Con un micelio activo y una gen\u00e9tica probada, este cultivo l\u00edquido es ideal para lograr una colonizaci\u00f3n r\u00e1pida y constante.<\/p><p data-start=\"4339\" data-end=\"4397\" data-is-last-node=\"\" data-is-only-node=\"\">Haga su pedido hoy mismo y experimente la calidad superior de los cultivos l\u00edquidos.<\/p>","protected":false},"excerpt":{"rendered":"<p data-start=\"113\" data-end=\"438\">Tampanensis - Psilocybe tampanensis Liquid Culture Syringe es un cultivo l\u00edquido de primera calidad conocido por su colonizaci\u00f3n constante y su crecimiento de micelio fuerte y resistente. Esta especie \u00fanica y codiciada se valora por su rendimiento fiable y su desarrollo constante, lo que la hace adecuada tanto para cultivadores principiantes como experimentados.<\/p>\n<p data-start=\"440\" data-end=\"609\">La jeringa contiene micelio activo suspendido en una soluci\u00f3n rica en nutrientes, lo que garantiza una colonizaci\u00f3n m\u00e1s r\u00e1pida y mayores tasas de \u00e9xito en comparaci\u00f3n con las jeringas de esporas tradicionales.<\/p>","protected":false},"featured_media":3139,"comment_status":"open","ping_status":"closed","template":"","meta":[],"product_brand":[32],"product_cat":[68],"product_tag":[],"class_list":{"0":"post-1366","1":"product","2":"type-product","3":"status-publish","4":"has-post-thumbnail","6":"product_brand-mondo","7":"product_cat-liquid-culture-syringe","9":"first","10":"instock","11":"taxable","12":"shipping-taxable","13":"purchasable","14":"product-type-simple"},"jetpack_sharing_enabled":true,"_links":{"self":[{"href":"https:\/\/www.mondogrowkits.com\/es\/wp-json\/wp\/v2\/product\/1366","targetHints":{"allow":["GET"]}}],"collection":[{"href":"https:\/\/www.mondogrowkits.com\/es\/wp-json\/wp\/v2\/product"}],"about":[{"href":"https:\/\/www.mondogrowkits.com\/es\/wp-json\/wp\/v2\/types\/product"}],"replies":[{"embeddable":true,"href":"https:\/\/www.mondogrowkits.com\/es\/wp-json\/wp\/v2\/comments?post=1366"}],"wp:featuredmedia":[{"embeddable":true,"href":"https:\/\/www.mondogrowkits.com\/es\/wp-json\/wp\/v2\/media\/3139"}],"wp:attachment":[{"href":"https:\/\/www.mondogrowkits.com\/es\/wp-json\/wp\/v2\/media?parent=1366"}],"wp:term":[{"taxonomy":"product_brand","embeddable":true,"href":"https:\/\/www.mondogrowkits.com\/es\/wp-json\/wp\/v2\/product_brand?post=1366"},{"taxonomy":"product_cat","embeddable":true,"href":"https:\/\/www.mondogrowkits.com\/es\/wp-json\/wp\/v2\/product_cat?post=1366"},{"taxonomy":"product_tag","embeddable":true,"href":"https:\/\/www.mondogrowkits.com\/es\/wp-json\/wp\/v2\/product_tag?post=1366"}],"curies":[{"name":"wp","href":"https:\/\/api.w.org\/{rel}","templated":true}]}}