{"id":3187,"date":"2026-02-03T15:00:47","date_gmt":"2026-02-03T14:00:47","guid":{"rendered":"https:\/\/www.mondogrowkits.com\/?post_type=product&#038;p=3187"},"modified":"2026-04-08T12:41:47","modified_gmt":"2026-04-08T11:41:47","slug":"penis-envy-seta-magica-growbag","status":"publish","type":"product","link":"https:\/\/www.mondogrowkits.com\/es\/penis-envy-magic-mushroom-growbag\/","title":{"rendered":"Penis Envy - Bolsa de cultivo de hongos m\u00e1gicos"},"content":{"rendered":"<h2 data-section-id=\"1v684x9\" data-start=\"606\" data-end=\"683\">Penis Envy - Magic Mushroom Grow Bag | Frutos densos y rendimiento avanzado<\/h2><p data-start=\"685\" data-end=\"1016\">El Penis Envy Magic Mushroom Grow Bag es un sistema de cultivo preparado profesionalmente que contiene totalmente colonizado <a href=\"https:\/\/www.mondogrowkits.com\/es\/que-es-la-psilocibina\/\">psilocybe cubensis<\/a> sustrato. El proceso completo de inoculaci\u00f3n e incubaci\u00f3n se ha completado en condiciones controladas, lo que permite que la bolsa de cultivo comience a fructificar inmediatamente cuando se coloca en un entorno interior estable.<\/p><p data-start=\"1018\" data-end=\"1171\">Penis Envy es uno de los m\u00e1s conocidos <a href=\"https:\/\/www.mondogrowkits.com\/es\/mondo-growkits-mejores-variedades-principiantes-avanzados\/\">avanzado<\/a> cepas, reconocidas por su <strong data-start=\"1096\" data-end=\"1170\">cuerpos fruct\u00edferos densos y compactos y ciclo de crecimiento m\u00e1s lento y exigente<\/strong>.<\/p><hr data-start=\"1173\" data-end=\"1176\" \/><h2 data-section-id=\"ka6sqn\" data-start=\"1178\" data-end=\"1234\">Dificultad de cultivo: Avanzado - Variedad lenta y sensible<\/h2><p data-start=\"1236\" data-end=\"1360\">Penis Envy se considera una cepa avanzada debido a su lenta colonizaci\u00f3n y a su mayor sensibilidad a las condiciones ambientales.<\/p><p data-start=\"1362\" data-end=\"1503\">En comparaci\u00f3n con <a href=\"https:\/\/www.mondogrowkits.com\/es\/biblioteca-variedades-setas-magicas\/golden-teacher-psilocybe-cubensis-variedad\/\">Golden Teacher<\/a> o B+, Penis Envy es significativamente m\u00e1s lento y requiere un control m\u00e1s preciso de la humedad, la temperatura y el flujo de aire.<\/p><p data-start=\"1505\" data-end=\"1515\">Ideal para:<\/p><ul data-start=\"1516\" data-end=\"1625\">\n<li data-section-id=\"ddumnv\" data-start=\"1516\" data-end=\"1539\">Cultivadores experimentados<\/li>\n<li data-section-id=\"1isvqf0\" data-start=\"1540\" data-end=\"1584\">Usuarios que buscan setas densas y \u00fanicas<\/li>\n<li data-section-id=\"se0ltb\" data-start=\"1585\" data-end=\"1625\">Cultivadores con entornos controlados<\/li>\n<\/ul><hr data-start=\"1627\" data-end=\"1630\" \/><h2 data-section-id=\"c8qk1q\" data-start=\"1632\" data-end=\"1681\">Caracter\u00edsticas de crecimiento - Lento, grueso y compacto<\/h2><p data-start=\"1683\" data-end=\"1748\">Penis Envy destaca por su <strong data-start=\"1716\" data-end=\"1747\">comportamiento de crecimiento distintivo<\/strong>:<\/p><ul data-start=\"1750\" data-end=\"1940\">\n<li data-section-id=\"26p63\" data-start=\"1750\" data-end=\"1805\">Colonizaci\u00f3n lenta en comparaci\u00f3n con la mayor\u00eda de las cepas cubensis<\/li>\n<li data-section-id=\"tvhgiy\" data-start=\"1806\" data-end=\"1851\">Cuerpos fruct\u00edferos gruesos, densos y compactos<\/li>\n<li data-section-id=\"117qme6\" data-start=\"1852\" data-end=\"1889\">Sofocos menos frecuentes pero m\u00e1s intensos<\/li>\n<li data-section-id=\"1pihjoi\" data-start=\"1890\" data-end=\"1940\">Morfolog\u00eda \u00fanica en comparaci\u00f3n con las cepas est\u00e1ndar<\/li>\n<\/ul><p data-start=\"1942\" data-end=\"2009\">Es mucho menos agresivo y m\u00e1s sensible que el principiante <a href=\"https:\/\/www.mondogrowkits.com\/es\/biblioteca-variedades-setas-magicas\/\">cepas<\/a>.<\/p><hr data-start=\"2011\" data-end=\"2014\" \/><h2 data-section-id=\"1x9uz5o\" data-start=\"2016\" data-end=\"2062\">Rendimiento comparado con otras cepas<\/h2><p data-start=\"2064\" data-end=\"2148\">Penis Envy produce normalmente <strong data-start=\"2094\" data-end=\"2147\">rendimientos moderados con setas individuales m\u00e1s pesadas<\/strong>.<\/p><p data-start=\"2150\" data-end=\"2176\">En comparaci\u00f3n con otras cepas:<\/p><ul data-start=\"2177\" data-end=\"2321\">\n<li data-section-id=\"68rrkk\" data-start=\"2177\" data-end=\"2211\">M\u00e1s lento que Thai y Cambodian<\/li>\n<li data-section-id=\"gxy8ul\" data-start=\"2212\" data-end=\"2257\">Enjuagues menos frecuentes que Golden Teacher<\/li>\n<li data-section-id=\"riguty\" data-start=\"2258\" data-end=\"2287\">M\u00e1s denso que el McKennaii<\/li>\n<li data-section-id=\"8kjlki\" data-start=\"2288\" data-end=\"2321\">M\u00e1s sensible que Amazonian<\/li>\n<\/ul><p data-start=\"2323\" data-end=\"2397\">Esto la convierte en una variedad centrada en la calidad m\u00e1s que en la cantidad.<\/p><hr data-start=\"2399\" data-end=\"2402\" \/><h2 data-section-id=\"1mjkycd\" data-start=\"2404\" data-end=\"2456\">Sustrato totalmente colonizado - No necesita preparaci\u00f3n<\/h2><p data-start=\"2458\" data-end=\"2584\">Cada bolsa de cultivo contiene <a href=\"https:\/\/www.mondogrowkits.com\/es\/sustrato-esterilizado\/\">sustrato<\/a> que ya ha sido completamente colonizada con micelio sano de psilocybe cubensis.<\/p><p data-start=\"2586\" data-end=\"2597\">Es decir:<\/p><ul data-start=\"2598\" data-end=\"2684\">\n<li data-section-id=\"1bwq18v\" data-start=\"2598\" data-end=\"2625\">No requiere inoculaci\u00f3n<\/li>\n<li data-section-id=\"1nbh3a1\" data-start=\"2626\" data-end=\"2653\">No necesita esterilizaci\u00f3n<\/li>\n<li data-section-id=\"1i25w4v\" data-start=\"2654\" data-end=\"2684\">Reducci\u00f3n del riesgo de contaminaci\u00f3n<\/li>\n<\/ul><p data-start=\"2686\" data-end=\"2721\">Puede empezar a fructificar inmediatamente.<\/p><hr data-start=\"2723\" data-end=\"2726\" \/><h2 data-section-id=\"eks98y\" data-start=\"2728\" data-end=\"2763\">Flujos previstos y ciclo de crecimiento<\/h2><p data-start=\"2765\" data-end=\"2884\">En condiciones interiores estables (20-24\u00b0C), el Penis Envy <a href=\"https:\/\/www.mondogrowkits.com\/es\/bolsas-de-cultivo-magic-mushrooms\/\">Bolsa de cultivo de setas m\u00e1gicas<\/a> normalmente produce <strong data-start=\"2865\" data-end=\"2883\">De 2 a 4 descargas<\/strong>.<\/p><p data-start=\"2886\" data-end=\"2917\">El rendimiento \u00f3ptimo depende de:<\/p><ul data-start=\"2918\" data-end=\"3032\">\n<li data-section-id=\"1qznzyp\" data-start=\"2918\" data-end=\"2945\">Temperatura muy estable<\/li>\n<li data-section-id=\"1njdg99\" data-start=\"2946\" data-end=\"2974\">Control preciso de la humedad<\/li>\n<li data-section-id=\"1m6hfm\" data-start=\"2975\" data-end=\"2993\">Manipulaci\u00f3n limpia<\/li>\n<li data-section-id=\"1q0zutz\" data-start=\"2994\" data-end=\"3032\">Rehidrataci\u00f3n adecuada entre lavados<\/li>\n<\/ul><p data-start=\"3034\" data-end=\"3121\">Debido a su naturaleza lenta, los brotes tardan m\u00e1s en desarrollarse, pero suelen ser densos y compactos.<\/p><hr data-start=\"3123\" data-end=\"3126\" \/><h2 data-section-id=\"14b2p5g\" data-start=\"3128\" data-end=\"3166\">\u00bfPor qu\u00e9 elegir el Penis Envy Grow Bag?<\/h2><p data-start=\"3168\" data-end=\"3214\">Sustrato de psilocybe cubensis completamente colonizado<\/p><p data-start=\"3216\" data-end=\"3244\">Listo para fructificar inmediatamente<\/p><p data-start=\"3246\" data-end=\"3275\">Setas densas y compactas<\/p><p data-start=\"3277\" data-end=\"3305\">Cultivo de nivel avanzado<\/p><p data-start=\"3307\" data-end=\"3338\">Caracter\u00edsticas de crecimiento \u00fanicas<\/p><p data-start=\"3340\" data-end=\"3371\">Ideal para cultivadores experimentados<\/p><hr data-start=\"3373\" data-end=\"3376\" \/><p data-start=\"3378\" data-end=\"3586\" data-is-last-node=\"\" data-is-only-node=\"\">El Penis Envy Magic Mushroom Grow Bag est\u00e1 dise\u00f1ado para los cultivadores que quieren un <strong data-start=\"3452\" data-end=\"3504\">una experiencia de cultivo desafiante pero gratificante<\/strong>, que ofrece setas densas y \u00fanicas con un ciclo de crecimiento m\u00e1s lento y controlado.<\/p>","protected":false},"excerpt":{"rendered":"<p data-start=\"123\" data-end=\"398\">La Bolsa de Cultivo Penis Envy Magic Mushroom es un sistema completamente colonizado y listo para fructificar que contiene micelio de psilocybe cubensis. Conocida por su lento crecimiento y sus densos y gruesos cuerpos fruct\u00edferos, esta variedad es ideal para cultivadores experimentados que buscan la m\u00e1xima potencia y un desarrollo \u00fanico.<\/p>\n<ul data-start=\"400\" data-end=\"599\">\n<li data-section-id=\"aeimkw\" data-start=\"400\" data-end=\"429\">Sustrato totalmente colonizado<\/li>\n<li data-section-id=\"1s6w1hc\" data-start=\"430\" data-end=\"460\">Listo para fructificar inmediatamente<\/li>\n<li data-section-id=\"1k77gu8\" data-start=\"461\" data-end=\"507\">No requiere jeringa de esporas ni esterilizaci\u00f3n<\/li>\n<li data-section-id=\"d3fnbg\" data-start=\"508\" data-end=\"549\">Produce 2-4 descargas densas pero m\u00e1s lentas<\/li>\n<li data-section-id=\"iws3em\" data-start=\"550\" data-end=\"599\">Cepa avanzada con setas gruesas y compactas<\/li>\n<\/ul>","protected":false},"featured_media":3195,"comment_status":"open","ping_status":"closed","template":"","meta":[],"product_brand":[32],"product_cat":[58],"product_tag":[],"class_list":{"0":"post-3187","1":"product","2":"type-product","3":"status-publish","4":"has-post-thumbnail","6":"product_brand-mondo","7":"product_cat-magic-mushroom-grow-bags","9":"first","10":"instock","11":"taxable","12":"shipping-taxable","13":"purchasable","14":"product-type-simple"},"jetpack_sharing_enabled":true,"_links":{"self":[{"href":"https:\/\/www.mondogrowkits.com\/es\/wp-json\/wp\/v2\/product\/3187","targetHints":{"allow":["GET"]}}],"collection":[{"href":"https:\/\/www.mondogrowkits.com\/es\/wp-json\/wp\/v2\/product"}],"about":[{"href":"https:\/\/www.mondogrowkits.com\/es\/wp-json\/wp\/v2\/types\/product"}],"replies":[{"embeddable":true,"href":"https:\/\/www.mondogrowkits.com\/es\/wp-json\/wp\/v2\/comments?post=3187"}],"wp:featuredmedia":[{"embeddable":true,"href":"https:\/\/www.mondogrowkits.com\/es\/wp-json\/wp\/v2\/media\/3195"}],"wp:attachment":[{"href":"https:\/\/www.mondogrowkits.com\/es\/wp-json\/wp\/v2\/media?parent=3187"}],"wp:term":[{"taxonomy":"product_brand","embeddable":true,"href":"https:\/\/www.mondogrowkits.com\/es\/wp-json\/wp\/v2\/product_brand?post=3187"},{"taxonomy":"product_cat","embeddable":true,"href":"https:\/\/www.mondogrowkits.com\/es\/wp-json\/wp\/v2\/product_cat?post=3187"},{"taxonomy":"product_tag","embeddable":true,"href":"https:\/\/www.mondogrowkits.com\/es\/wp-json\/wp\/v2\/product_tag?post=3187"}],"curies":[{"name":"wp","href":"https:\/\/api.w.org\/{rel}","templated":true}]}}