{"id":3210,"date":"2026-01-21T13:17:01","date_gmt":"2026-01-21T12:17:01","guid":{"rendered":"https:\/\/www.mondogrowkits.com\/?post_type=product&#038;p=3210"},"modified":"2026-04-07T15:05:16","modified_gmt":"2026-04-07T14:05:16","slug":"cultivo-liquido-mexicana","status":"publish","type":"product","link":"https:\/\/www.mondogrowkits.com\/es\/liquid-culture-mexicana\/","title":{"rendered":"Mexicana - Jeringa de cultivo l\u00edquido Psilocybe Cubensis"},"content":{"rendered":"<h2 data-section-id=\"clwdsa\" data-start=\"600\" data-end=\"670\">Mexicana Liquid Culture Jeringa - Cepa cl\u00e1sica Psilocybe Cubensis<\/h2><p data-start=\"672\" data-end=\"988\">En <strong data-start=\"676\" data-end=\"732\">Mexicana - Jeringa de cultivo l\u00edquido Psilocybe Cubensis<\/strong> es una variedad muy conocida y apreciada, reconocida por su crecimiento fiable y su rendimiento de colonizaci\u00f3n constante. Esta variedad cl\u00e1sica ha sido popular entre los cultivadores durante muchos a\u00f1os debido a su gen\u00e9tica estable y sus caracter\u00edsticas aptas para principiantes.<\/p><p data-start=\"990\" data-end=\"1263\"><a href=\"https:\/\/www.mondogrowkits.com\/es\/trufas-magicas-mexicana\/\">Mexicana<\/a> es conocida por su desarrollo estable y predecible del micelio, lo que la convierte en una excelente elecci\u00f3n para los cultivadores que buscan una experiencia de cultivo fiable. La cepa se comporta bien en diferentes sustratos y m\u00e9todos de cultivo, ofreciendo flexibilidad y facilidad de uso.<\/p><p data-start=\"1265\" data-end=\"1512\">Dado que este producto se suministra como <a href=\"https:\/\/www.mondogrowkits.com\/es\/jeringa-para-cultivo-de-liquidos\/\">cultivo l\u00edquido<\/a>, contiene micelio activo suspendido en una soluci\u00f3n rica en nutrientes. Esto permite una colonizaci\u00f3n m\u00e1s r\u00e1pida en comparaci\u00f3n con las jeringas de esporas tradicionales y aumenta la probabilidad de obtener resultados satisfactorios.<\/p><p data-start=\"1514\" data-end=\"1614\">En condiciones \u00f3ptimas, a menudo puede observarse el crecimiento del micelio a los pocos d\u00edas de la inoculaci\u00f3n.<\/p><hr data-start=\"1616\" data-end=\"1619\" \/><h3 data-section-id=\"1ryx3ue\" data-start=\"1621\" data-end=\"1660\">\u00bfPor qu\u00e9 elegir Mexicana Liquid Culture?<\/h3><p data-start=\"1662\" data-end=\"1926\">\u2714 Cl\u00e1sico y consolidado <a href=\"https:\/\/www.mondogrowkits.com\/es\/que-es-la-psilocibina\/\">Psilocybe cubensis<\/a> cepa<br data-start=\"1718\" data-end=\"1721\" \/>\u2714 Conocido por su crecimiento estable y fiable<br data-start=\"1759\" data-end=\"1762\" \/>\u2714 Para principiantes y f\u00e1cil de usar<br data-start=\"1803\" data-end=\"1806\" \/>\u2714 Colonizaci\u00f3n m\u00e1s r\u00e1pida que las jeringas con esporas<br data-start=\"1847\" data-end=\"1850\" \/>\u2714 Cultivo l\u00edquido activo - listo para usar<br data-start=\"1888\" data-end=\"1891\" \/>\u2714 Adecuado para diversos sustratos<\/p><p data-start=\"1928\" data-end=\"2014\">Mexicana es ideal para los cultivadores que prefieren un proceso de cultivo estable y predecible.<\/p><hr data-start=\"2016\" data-end=\"2019\" \/><h3 data-section-id=\"1edg1fv\" data-start=\"2021\" data-end=\"2051\">Ventajas de Liquid Culture<\/h3><p data-start=\"2053\" data-end=\"2137\">Las jeringas de cultivo l\u00edquido ofrecen varias ventajas con respecto a las soluciones de esporas tradicionales.<\/p><p data-start=\"2139\" data-end=\"2229\">Como el micelio ya est\u00e1 activo, la colonizaci\u00f3n comienza inmediatamente despu\u00e9s de la inoculaci\u00f3n.<\/p><p data-start=\"2231\" data-end=\"2252\">Las principales ventajas son:<\/p><p data-start=\"2254\" data-end=\"2410\">- Tiempos de colonizaci\u00f3n m\u00e1s r\u00e1pidos<br data-start=\"2281\" data-end=\"2284\" \/>- Mayores tasas de \u00e9xito<br data-start=\"2306\" data-end=\"2309\" \/>- Distribuci\u00f3n uniforme del micelio<br data-start=\"2340\" data-end=\"2343\" \/>- Aplicaci\u00f3n f\u00e1cil y precisa<br data-start=\"2373\" data-end=\"2376\" \/>- Resultados eficaces y fiables<\/p><p data-start=\"2412\" data-end=\"2493\">El cultivo l\u00edquido es la opci\u00f3n preferida de los cultivadores que buscan rapidez y constancia.<\/p><hr data-start=\"2495\" data-end=\"2498\" \/><h3 data-section-id=\"1ltc4xe\" data-start=\"2500\" data-end=\"2525\">Uso y aplicaci\u00f3n<\/h3><p data-start=\"2527\" data-end=\"2624\">La jeringa para cultivo de l\u00edquidos Mexicana es f\u00e1cil de usar y adecuada para una amplia gama de sustratos.<\/p><p data-start=\"2626\" data-end=\"2762\">Antes de usar, agite suavemente la jeringa para distribuir uniformemente el micelio. Inyecte el l\u00edquido en su <a href=\"https:\/\/www.mondogrowkits.com\/es\/sustrato-esterilizado\/\">sustrato est\u00e9ril<\/a> o medio de cultivo.<\/p><p data-start=\"2764\" data-end=\"2858\">Como el micelio ya est\u00e1 activo, la colonizaci\u00f3n suele empezar m\u00e1s r\u00e1pido que con las esporas.<\/p><p data-start=\"2860\" data-end=\"2939\">Trabaje siempre en un entorno limpio y est\u00e9ril para minimizar los riesgos de contaminaci\u00f3n.<\/p><p data-start=\"2941\" data-end=\"3030\"><strong data-start=\"2941\" data-end=\"2950\">Nota:<\/strong> Este producto est\u00e1 destinado exclusivamente a fines educativos y de microscop\u00eda.<\/p><hr data-start=\"3032\" data-end=\"3035\" \/><h3 data-section-id=\"1w10lnv\" data-start=\"3037\" data-end=\"3061\">Almacenamiento y caducidad<\/h3><p data-start=\"3063\" data-end=\"3124\">Conservar la jeringa de cultivo l\u00edquido en frigor\u00edfico a 2-8 \u00b0C.<\/p><p data-start=\"3126\" data-end=\"3175\">Caducidad: Hasta 2-3 meses si se almacena adecuadamente<\/p><p data-start=\"3177\" data-end=\"3271\">Evitar la exposici\u00f3n al calor y a la luz solar directa. Deje que la jeringa alcance la temperatura ambiente antes de usarla.<\/p><hr data-start=\"3273\" data-end=\"3276\" \/><h3 data-section-id=\"1omnsqk\" data-start=\"3278\" data-end=\"3311\">Mexicana - Un cl\u00e1sico fiable<\/h3><p data-start=\"3313\" data-end=\"3431\">Mexicana es una de las Psilocybe cubensis m\u00e1s fiables <a href=\"https:\/\/www.mondogrowkits.com\/es\/biblioteca-variedades-setas-magicas\/\">cepas<\/a>, apreciada por su estabilidad y facilidad de cultivo.<\/p><p data-start=\"3433\" data-end=\"3538\">Su rendimiento constante y su facilidad de cultivo para principiantes la convierten en una elecci\u00f3n popular entre cultivadores de todo el mundo.<\/p><hr data-start=\"3540\" data-end=\"3543\" \/><h3 data-section-id=\"xguy1j\" data-start=\"3545\" data-end=\"3597\">Pida hoy mismo su jeringa Mexicana Liquid Culture<\/h3><p data-start=\"3599\" data-end=\"3732\">En <strong data-start=\"3603\" data-end=\"3659\">Mexicana - Jeringa de cultivo l\u00edquido Psilocybe Cubensis<\/strong> ofrece una combinaci\u00f3n perfecta de fiabilidad, sencillez y eficacia.<\/p><p data-start=\"3734\" data-end=\"3874\">Con un micelio activo y una gen\u00e9tica probada, este cultivo l\u00edquido es una opci\u00f3n excelente para conseguir resultados de colonizaci\u00f3n r\u00e1pidos y consistentes.<\/p><p data-start=\"3876\" data-end=\"3942\" data-is-last-node=\"\" data-is-only-node=\"\">Haga su pedido hoy mismo y experimente las ventajas de un cultivo l\u00edquido de primera calidad.<\/p>","protected":false},"excerpt":{"rendered":"<p data-start=\"146\" data-end=\"425\"><strong data-start=\"146\" data-end=\"202\">Mexicana - Jeringa de cultivo l\u00edquido Psilocybe Cubensis<\/strong> es un cultivo l\u00edquido fiable y apto para principiantes, conocido por su r\u00e1pida colonizaci\u00f3n y crecimiento estable. Esta cepa cl\u00e1sica es valorada por su consistencia y facilidad de uso, por lo que es ideal tanto para cultivadores noveles como experimentados.<\/p>\n<p data-start=\"427\" data-end=\"593\">La jeringa contiene micelio activo en una soluci\u00f3n rica en nutrientes, lo que permite una colonizaci\u00f3n m\u00e1s r\u00e1pida y mejores tasas de \u00e9xito en comparaci\u00f3n con las jeringas de esporas tradicionales.<\/p>","protected":false},"featured_media":3139,"comment_status":"open","ping_status":"closed","template":"","meta":[],"product_brand":[32],"product_cat":[68],"product_tag":[],"class_list":{"0":"post-3210","1":"product","2":"type-product","3":"status-publish","4":"has-post-thumbnail","6":"product_brand-mondo","7":"product_cat-liquid-culture-syringe","9":"first","10":"instock","11":"taxable","12":"shipping-taxable","13":"purchasable","14":"product-type-simple"},"jetpack_sharing_enabled":true,"_links":{"self":[{"href":"https:\/\/www.mondogrowkits.com\/es\/wp-json\/wp\/v2\/product\/3210","targetHints":{"allow":["GET"]}}],"collection":[{"href":"https:\/\/www.mondogrowkits.com\/es\/wp-json\/wp\/v2\/product"}],"about":[{"href":"https:\/\/www.mondogrowkits.com\/es\/wp-json\/wp\/v2\/types\/product"}],"replies":[{"embeddable":true,"href":"https:\/\/www.mondogrowkits.com\/es\/wp-json\/wp\/v2\/comments?post=3210"}],"wp:featuredmedia":[{"embeddable":true,"href":"https:\/\/www.mondogrowkits.com\/es\/wp-json\/wp\/v2\/media\/3139"}],"wp:attachment":[{"href":"https:\/\/www.mondogrowkits.com\/es\/wp-json\/wp\/v2\/media?parent=3210"}],"wp:term":[{"taxonomy":"product_brand","embeddable":true,"href":"https:\/\/www.mondogrowkits.com\/es\/wp-json\/wp\/v2\/product_brand?post=3210"},{"taxonomy":"product_cat","embeddable":true,"href":"https:\/\/www.mondogrowkits.com\/es\/wp-json\/wp\/v2\/product_cat?post=3210"},{"taxonomy":"product_tag","embeddable":true,"href":"https:\/\/www.mondogrowkits.com\/es\/wp-json\/wp\/v2\/product_tag?post=3210"}],"curies":[{"name":"wp","href":"https:\/\/api.w.org\/{rel}","templated":true}]}}