{"id":3383,"date":"2026-01-28T13:49:08","date_gmt":"2026-01-28T12:49:08","guid":{"rendered":"https:\/\/www.mondogrowkits.com\/?post_type=product&#038;p=3383"},"modified":"2026-04-08T13:10:31","modified_gmt":"2026-04-08T12:10:31","slug":"magic-hybrid-b","status":"publish","type":"product","link":"https:\/\/www.mondogrowkits.com\/es\/magic-hybrid-b\/","title":{"rendered":"Magic Hybrid - B- - Hisopo de esporas de Psilocybe Cubensis"},"content":{"rendered":"","protected":false},"excerpt":{"rendered":"<p data-start=\"557\" data-end=\"917\"><strong data-start=\"883\" data-end=\"889\">B-<\/strong> es menos conocido pero <strong>intrigante variante cubensis<\/strong> a menudo considerado un <strong>mutaci\u00f3n<\/strong> o <strong>variaci\u00f3n natural<\/strong> de la popular cepa B+. Comparte muchos de los rasgos de la B+.<strong>crecimiento vigoroso, grandes brotes, <\/strong>y<strong> resiliencia<\/strong>-mientras ocasionalmente expresa <strong>pigmentaci\u00f3n m\u00e1s clara del capuch\u00f3n<\/strong> y ligeramente <strong>morfolog\u00eda alterada<\/strong>.<\/p>\n<p>Estos hisopos son adecuados para proyectos que impliquen la comparaci\u00f3n de esporas, el rastreo de mutaciones o la expresi\u00f3n de fenotipos multiespora.<\/p>","protected":false},"featured_media":425,"comment_status":"open","ping_status":"closed","template":"","meta":[],"product_brand":[32],"product_cat":[83],"product_tag":[],"class_list":{"0":"post-3383","1":"product","2":"type-product","3":"status-publish","4":"has-post-thumbnail","6":"product_brand-mondo","7":"product_cat-spore-swabs","9":"first","10":"instock","11":"taxable","12":"shipping-taxable","13":"purchasable","14":"product-type-simple"},"jetpack_sharing_enabled":true,"_links":{"self":[{"href":"https:\/\/www.mondogrowkits.com\/es\/wp-json\/wp\/v2\/product\/3383","targetHints":{"allow":["GET"]}}],"collection":[{"href":"https:\/\/www.mondogrowkits.com\/es\/wp-json\/wp\/v2\/product"}],"about":[{"href":"https:\/\/www.mondogrowkits.com\/es\/wp-json\/wp\/v2\/types\/product"}],"replies":[{"embeddable":true,"href":"https:\/\/www.mondogrowkits.com\/es\/wp-json\/wp\/v2\/comments?post=3383"}],"wp:featuredmedia":[{"embeddable":true,"href":"https:\/\/www.mondogrowkits.com\/es\/wp-json\/wp\/v2\/media\/425"}],"wp:attachment":[{"href":"https:\/\/www.mondogrowkits.com\/es\/wp-json\/wp\/v2\/media?parent=3383"}],"wp:term":[{"taxonomy":"product_brand","embeddable":true,"href":"https:\/\/www.mondogrowkits.com\/es\/wp-json\/wp\/v2\/product_brand?post=3383"},{"taxonomy":"product_cat","embeddable":true,"href":"https:\/\/www.mondogrowkits.com\/es\/wp-json\/wp\/v2\/product_cat?post=3383"},{"taxonomy":"product_tag","embeddable":true,"href":"https:\/\/www.mondogrowkits.com\/es\/wp-json\/wp\/v2\/product_tag?post=3383"}],"curies":[{"name":"wp","href":"https:\/\/api.w.org\/{rel}","templated":true}]}}