{"id":509,"date":"2026-04-08T13:13:53","date_gmt":"2026-04-08T12:13:53","guid":{"rendered":"https:\/\/staging.mondogrowkits.com\/?post_type=product&#038;p=509"},"modified":"2026-04-08T13:16:17","modified_gmt":"2026-04-08T12:16:17","slug":"cultivo-liquido-2","status":"publish","type":"product","link":"https:\/\/www.mondogrowkits.com\/es\/liquid-culture\/","title":{"rendered":"Cultura l\u00edquida"},"content":{"rendered":"","protected":false},"excerpt":{"rendered":"<p>Inocule nuestros viales o jeringas de esporas Mondo para hacer crecer su propio cultivo vivo.<\/p>\n<p>Los cultivos Mondo Liquid permiten inyectar millones de diminutas esporas en una soluci\u00f3n esterilizada en la que se desarrollar\u00e1 el micelio. Una vez que el micelio se ha desarrollado en el vial, se utiliza la jeringa hipod\u00e9rmica para inocular el sustrato, \u00a1creando setas m\u00e1gicas!<\/p>\n<p>Las ventajas de los cultivos l\u00edquidos son:<\/p>\n<ul>\n<li>\u00a0 Menor riesgo de contaminaci\u00f3n<\/li>\n<li>\u00a0 Reducci\u00f3n del periodo de incubaci\u00f3n<\/li>\n<li>\u00a0 Crecimiento infinito del micelio<\/li>\n<\/ul>\n<p>Si desea m\u00e1s informaci\u00f3n sobre cultivos l\u00edquidos y cepas espec\u00edficas, visite nuestra p\u00e1gina web <a title=\"Biblioteca de Cepas\" href=\"https:\/\/mondo-growkits-mw.myshopify.com\/pages\/strain-library\" target=\"_blank\" rel=\"noopener\">Biblioteca de Cepas<\/a><\/p>","protected":false},"featured_media":467,"comment_status":"open","ping_status":"closed","template":"","meta":[],"product_brand":[32],"product_cat":[79,89],"product_tag":[],"class_list":{"0":"post-509","1":"product","2":"type-product","3":"status-publish","4":"has-post-thumbnail","6":"product_brand-mondo","7":"product_cat-sterilised-substrate","8":"product_cat-magic-mushroom-spores","10":"first","11":"instock","12":"taxable","13":"shipping-taxable","14":"purchasable","15":"product-type-variable"},"jetpack_sharing_enabled":true,"_links":{"self":[{"href":"https:\/\/www.mondogrowkits.com\/es\/wp-json\/wp\/v2\/product\/509","targetHints":{"allow":["GET"]}}],"collection":[{"href":"https:\/\/www.mondogrowkits.com\/es\/wp-json\/wp\/v2\/product"}],"about":[{"href":"https:\/\/www.mondogrowkits.com\/es\/wp-json\/wp\/v2\/types\/product"}],"replies":[{"embeddable":true,"href":"https:\/\/www.mondogrowkits.com\/es\/wp-json\/wp\/v2\/comments?post=509"}],"wp:featuredmedia":[{"embeddable":true,"href":"https:\/\/www.mondogrowkits.com\/es\/wp-json\/wp\/v2\/media\/467"}],"wp:attachment":[{"href":"https:\/\/www.mondogrowkits.com\/es\/wp-json\/wp\/v2\/media?parent=509"}],"wp:term":[{"taxonomy":"product_brand","embeddable":true,"href":"https:\/\/www.mondogrowkits.com\/es\/wp-json\/wp\/v2\/product_brand?post=509"},{"taxonomy":"product_cat","embeddable":true,"href":"https:\/\/www.mondogrowkits.com\/es\/wp-json\/wp\/v2\/product_cat?post=509"},{"taxonomy":"product_tag","embeddable":true,"href":"https:\/\/www.mondogrowkits.com\/es\/wp-json\/wp\/v2\/product_tag?post=509"}],"curies":[{"name":"wp","href":"https:\/\/api.w.org\/{rel}","templated":true}]}}