{"id":594,"date":"2025-05-06T12:37:06","date_gmt":"2025-05-06T12:37:06","guid":{"rendered":"https:\/\/staging.mondogrowkits.com\/?post_type=product&#038;p=594"},"modified":"2026-04-24T06:56:24","modified_gmt":"2026-04-24T05:56:24","slug":"trufas-magicas-tampanensis","status":"publish","type":"product","link":"https:\/\/www.mondogrowkits.com\/es\/tampanensis-magic-truffles\/","title":{"rendered":"Tampanensis - Trufas M\u00e1gicas"},"content":{"rendered":"<h2 data-start=\"768\" data-end=\"838\">Trufas m\u00e1gicas Tampanensis - Creativas, estimulantes y aptas para principiantes<\/h2><p data-start=\"840\" data-end=\"1112\">Las trufas Tampanensis proceden de <em data-start=\"878\" data-end=\"901\">Psilocybe tampanensis<\/em>, una especie conocida por producir esclerocios (trufas m\u00e1gicas) con un contenido equilibrado de psilocibina. En comparaci\u00f3n con variedades m\u00e1s fuertes como <a href=\"https:\/\/www.mondogrowkits.com\/es\/trufas-magicas-de-hollandia\/\">Hollandia<\/a> o Utop\u00eda, Tampanensis ofrece una experiencia m\u00e1s manejable y social.<\/p><p data-start=\"1114\" data-end=\"1161\">Esta variedad suele ser la elegida por los usuarios que lo desean:<\/p><ul data-start=\"1163\" data-end=\"1326\">\n<li data-start=\"1163\" data-end=\"1196\">\n<p data-start=\"1165\" data-end=\"1196\">Un viaje positivo y edificante<\/p>\n<\/li>\n<li data-start=\"1197\" data-end=\"1239\">\n<p data-start=\"1199\" data-end=\"1239\">Mayor creatividad y pensamiento abierto<\/p>\n<\/li>\n<li data-start=\"1240\" data-end=\"1279\">\n<p data-start=\"1242\" data-end=\"1279\">Aumento visual de leve a moderado<\/p>\n<\/li>\n<li data-start=\"1280\" data-end=\"1326\">\n<p data-start=\"1282\" data-end=\"1326\">Una experiencia psicod\u00e9lica m\u00e1s controlable<\/p>\n<\/li>\n<\/ul><hr data-start=\"1328\" data-end=\"1331\" \/><h2 data-start=\"1333\" data-end=\"1362\">La experiencia Tampanensis<\/h2><ul data-start=\"1364\" data-end=\"1675\">\n<li data-start=\"1364\" data-end=\"1404\">\n<p data-start=\"1366\" data-end=\"1404\">Distorsiones visuales de ligeras a moderadas<\/p>\n<\/li>\n<li data-start=\"1405\" data-end=\"1447\">\n<p data-start=\"1407\" data-end=\"1447\">Mejora de los colores y la percepci\u00f3n sensorial<\/p>\n<\/li>\n<li data-start=\"1448\" data-end=\"1478\">\n<p data-start=\"1450\" data-end=\"1478\">Humor elevado y risa<\/p>\n<\/li>\n<li data-start=\"1479\" data-end=\"1529\">\n<p data-start=\"1481\" data-end=\"1529\">Mayor creatividad y pensamientos fluidos<\/p>\n<\/li>\n<li data-start=\"1530\" data-end=\"1554\">\n<p data-start=\"1532\" data-end=\"1554\">Distorsi\u00f3n temporal leve<\/p>\n<\/li>\n<li data-start=\"1555\" data-end=\"1590\">\n<p data-start=\"1557\" data-end=\"1590\">Estado emocional social y abierto<\/p>\n<\/li>\n<li data-start=\"1591\" data-end=\"1634\">\n<p data-start=\"1593\" data-end=\"1634\">Efectos que duran aproximadamente 4-6 horas<\/p>\n<\/li>\n<li data-start=\"1635\" data-end=\"1675\">\n<p data-start=\"1637\" data-end=\"1675\">Suele aparecer en 30-60 minutos<\/p>\n<\/li>\n<\/ul><p data-start=\"1677\" data-end=\"1820\">La Tampanensis suele describirse como \u201camistosa\u201d y accesible, lo que la hace adecuada para primeras experiencias o sesiones relajadas con amigos de confianza.<\/p><hr data-start=\"1822\" data-end=\"1825\" \/><h1 data-start=\"1827\" data-end=\"1846\">Pautas posol\u00f3gicas<\/h1><p data-start=\"1848\" data-end=\"1943\">Los efectos var\u00edan en funci\u00f3n del peso corporal, el metabolismo, la mentalidad y el entorno. Util\u00edzalo siempre de forma responsable.<\/p><h3 data-start=\"1945\" data-end=\"1960\">2 - 5 gramos<\/h3><ul data-start=\"1961\" data-end=\"2045\">\n<li data-start=\"1961\" data-end=\"1991\">\n<p data-start=\"1963\" data-end=\"1991\">Mejora sensorial sutil<\/p>\n<\/li>\n<li data-start=\"1992\" data-end=\"2010\">\n<p data-start=\"1994\" data-end=\"2010\">Leve mejora del estado de \u00e1nimo<\/p>\n<\/li>\n<li data-start=\"2011\" data-end=\"2045\">\n<p data-start=\"2013\" data-end=\"2045\">Mayor concentraci\u00f3n y creatividad<\/p>\n<\/li>\n<\/ul><h3 data-start=\"2047\" data-end=\"2063\">5 - 10 gramos<\/h3><ul data-start=\"2064\" data-end=\"2194\">\n<li data-start=\"2064\" data-end=\"2088\">\n<p data-start=\"2066\" data-end=\"2088\">Efectos visuales claros<\/p>\n<\/li>\n<li data-start=\"2089\" data-end=\"2115\">\n<p data-start=\"2091\" data-end=\"2115\">Movimiento del patr\u00f3n de luz<\/p>\n<\/li>\n<li data-start=\"2116\" data-end=\"2148\">\n<p data-start=\"2118\" data-end=\"2148\">Mayor conciencia emocional<\/p>\n<\/li>\n<li data-start=\"2149\" data-end=\"2194\">\n<p data-start=\"2151\" data-end=\"2194\">Mayor apreciaci\u00f3n de la m\u00fasica y la naturaleza<\/p>\n<\/li>\n<\/ul><h3 data-start=\"2196\" data-end=\"2213\">10 - 15 gramos<\/h3><ul data-start=\"2214\" data-end=\"2338\">\n<li data-start=\"2214\" data-end=\"2247\">\n<p data-start=\"2216\" data-end=\"2247\">Distorsiones visuales perceptibles<\/p>\n<\/li>\n<li data-start=\"2248\" data-end=\"2272\">\n<p data-start=\"2250\" data-end=\"2272\">Introspecci\u00f3n m\u00e1s profunda<\/p>\n<\/li>\n<li data-start=\"2273\" data-end=\"2303\">\n<p data-start=\"2275\" data-end=\"2303\">Percepci\u00f3n alterada del tiempo<\/p>\n<\/li>\n<li data-start=\"2304\" data-end=\"2338\">\n<p data-start=\"2306\" data-end=\"2338\">Mayor inmersi\u00f3n psicod\u00e9lica<\/p>\n<\/li>\n<\/ul><p data-start=\"2340\" data-end=\"2438\">Las dosis m\u00e1s altas aumentan significativamente la intensidad. No supere un envase completo en una sola sesi\u00f3n.<\/p><hr data-start=\"2440\" data-end=\"2443\" \/><h1 data-start=\"2445\" data-end=\"2475\">Microdosificaci\u00f3n con Tampanensis<\/h1><p data-start=\"2477\" data-end=\"2555\">Tampanensis es m\u00e1s adecuada para microdosis que la de alta potencia <a href=\"https:\/\/www.mondogrowkits.com\/es\/biblioteca-variedades-setas-magicas\/\">cepas<\/a>.<\/p><p data-start=\"2557\" data-end=\"2573\">De 0,5 a 1 gramo:<\/p><ul data-start=\"2574\" data-end=\"2673\">\n<li data-start=\"2574\" data-end=\"2592\">\n<p data-start=\"2576\" data-end=\"2592\">Claridad sutil<\/p>\n<\/li>\n<li data-start=\"2593\" data-end=\"2620\">\n<p data-start=\"2595\" data-end=\"2620\">Leve mejora del estado de \u00e1nimo<\/p>\n<\/li>\n<li data-start=\"2621\" data-end=\"2645\">\n<p data-start=\"2623\" data-end=\"2645\">Mayor creatividad<\/p>\n<\/li>\n<li data-start=\"2646\" data-end=\"2673\">\n<p data-start=\"2648\" data-end=\"2673\">Leve agudizaci\u00f3n sensorial<\/p>\n<\/li>\n<\/ul><p data-start=\"2675\" data-end=\"2731\">Incluso a dosis bajas, evite conducir o manejar maquinaria.<\/p><hr data-start=\"2733\" data-end=\"2736\" \/><h1 data-start=\"2738\" data-end=\"2777\">C\u00f3mo utilizar las trufas m\u00e1gicas Tampanensis<\/h1><h2 data-start=\"2779\" data-end=\"2800\">Consumo directo<\/h2><ul data-start=\"2801\" data-end=\"2916\">\n<li data-start=\"2801\" data-end=\"2852\">\n<p data-start=\"2803\" data-end=\"2852\">Consumir con el est\u00f3mago vac\u00edo para una mejor absorci\u00f3n<\/p>\n<\/li>\n<li data-start=\"2853\" data-end=\"2890\">\n<p data-start=\"2855\" data-end=\"2890\">Masticar bien antes de tragar<\/p>\n<\/li>\n<li data-start=\"2891\" data-end=\"2916\">\n<p data-start=\"2893\" data-end=\"2916\">Beber agua si es necesario<\/p>\n<\/li>\n<\/ul><p data-start=\"2918\" data-end=\"2974\">El sabor es terroso y ligeramente a nuez, con un ligero amargor.<\/p><h2 data-start=\"2976\" data-end=\"2990\">T\u00e9 trufado<\/h2><ul data-start=\"2991\" data-end=\"3133\">\n<li data-start=\"2991\" data-end=\"3016\">\n<p data-start=\"2993\" data-end=\"3016\">Cortar en trozos peque\u00f1os<\/p>\n<\/li>\n<li data-start=\"3017\" data-end=\"3068\">\n<p data-start=\"3019\" data-end=\"3068\">Remojar en agua caliente (no hirviendo) durante 20 minutos<\/p>\n<\/li>\n<li data-start=\"3069\" data-end=\"3095\">\n<p data-start=\"3071\" data-end=\"3095\">Colar antes de beber<\/p>\n<\/li>\n<li data-start=\"3096\" data-end=\"3133\">\n<p data-start=\"3098\" data-end=\"3133\">Opcional: a\u00f1adir miel o infusi\u00f3n<\/p>\n<\/li>\n<\/ul><p data-start=\"3135\" data-end=\"3185\">No hervir, ya que el calor excesivo puede reducir la potencia.<\/p><hr data-start=\"3187\" data-end=\"3190\" \/><h1 data-start=\"3192\" data-end=\"3215\">Informaci\u00f3n importante<\/h1><ul data-start=\"3217\" data-end=\"3427\">\n<li data-start=\"3217\" data-end=\"3256\">\n<p data-start=\"3219\" data-end=\"3256\">Utilizaci\u00f3n en un entorno seguro y familiar<\/p>\n<\/li>\n<li data-start=\"3257\" data-end=\"3288\">\n<p data-start=\"3259\" data-end=\"3288\">Mantener una mentalidad positiva<\/p>\n<\/li>\n<li data-start=\"3289\" data-end=\"3341\">\n<p data-start=\"3291\" data-end=\"3341\">Contar con la presencia de un acompa\u00f1ante sobrio si no se tiene experiencia<\/p>\n<\/li>\n<li data-start=\"3342\" data-end=\"3393\">\n<p data-start=\"3344\" data-end=\"3393\">No combinar con alcohol u otras sustancias<\/p>\n<\/li>\n<li data-start=\"3394\" data-end=\"3427\">\n<p data-start=\"3396\" data-end=\"3427\">No participe en el tr\u00e1fico<\/p>\n<\/li>\n<\/ul><p data-start=\"3429\" data-end=\"3534\">Durante la primera hora pueden producirse ligeras n\u00e1useas, sobre todo con el est\u00f3mago vac\u00edo. Suelen remitir de forma natural.<\/p><hr data-start=\"3536\" data-end=\"3539\" \/><h1 data-start=\"3541\" data-end=\"3562\">Envases disponibles<\/h1><ul data-start=\"3564\" data-end=\"3617\">\n<li data-start=\"3564\" data-end=\"3591\">\n<p data-start=\"3566\" data-end=\"3591\"><strong data-start=\"3566\" data-end=\"3589\">15 gramos envase fresco<\/strong><\/p>\n<\/li>\n<li data-start=\"3592\" data-end=\"3617\">\n<p data-start=\"3594\" data-end=\"3617\"><strong data-start=\"3594\" data-end=\"3617\">20 gramos envase fresco<\/strong><\/p>\n<\/li>\n<\/ul><p data-start=\"3619\" data-end=\"3681\">Ambas opciones contienen trufas frescas listas para un uso responsable.<\/p><hr data-start=\"3683\" data-end=\"3686\" \/><h1 data-start=\"3688\" data-end=\"3710\">Instrucciones de almacenamiento<\/h1><ul data-start=\"3712\" data-end=\"3905\">\n<li data-start=\"3712\" data-end=\"3750\">\n<p data-start=\"3714\" data-end=\"3750\">Conservar en el frigor\u00edfico sin abrir<\/p>\n<\/li>\n<li data-start=\"3751\" data-end=\"3778\">\n<p data-start=\"3753\" data-end=\"3778\">Respetar la fecha de caducidad<\/p>\n<\/li>\n<li data-start=\"3779\" data-end=\"3858\">\n<p data-start=\"3781\" data-end=\"3858\">Una vez abierto, envolver las sobras en papel y refrigerar a unos 3\u00b0C<\/p>\n<\/li>\n<li data-start=\"3859\" data-end=\"3905\">\n<p data-start=\"3861\" data-end=\"3905\">Consumir en las semanas siguientes a su apertura<\/p>\n<\/li>\n<\/ul><p data-start=\"3907\" data-end=\"3993\">Para su conservaci\u00f3n a largo plazo, las trufas deben secarse completamente sin calor antes de congelarlas.<\/p><hr data-start=\"3995\" data-end=\"3998\" \/><h2 data-start=\"4000\" data-end=\"4026\">\u00bfPor qu\u00e9 elegir Tampanensis?<\/h2><ul data-start=\"4028\" data-end=\"4203\">\n<li data-start=\"4028\" data-end=\"4057\">\n<p data-start=\"4030\" data-end=\"4057\">Potencia apta para principiantes<\/p>\n<\/li>\n<li data-start=\"4058\" data-end=\"4096\">\n<p data-start=\"4060\" data-end=\"4096\">Experiencia equilibrada y manejable<\/p>\n<\/li>\n<li data-start=\"4097\" data-end=\"4133\">\n<p data-start=\"4099\" data-end=\"4133\">Car\u00e1cter creativo y edificante<\/p>\n<\/li>\n<li data-start=\"4134\" data-end=\"4162\">\n<p data-start=\"4136\" data-end=\"4162\">Apto para microdosificaci\u00f3n<\/p>\n<\/li>\n<li data-start=\"4163\" data-end=\"4203\">\n<p data-start=\"4165\" data-end=\"4203\">Disponible en envases frescos de 15 g y 20 g<\/p>\n<\/li>\n<\/ul><p data-start=\"4205\" data-end=\"4382\" data-is-last-node=\"\" data-is-only-node=\"\">Si buscas una experiencia psicod\u00e9lica positiva, creativa y accesible sin una intensidad extrema, Tampanensis <a href=\"https:\/\/www.mondogrowkits.com\/es\/trufas-magicas\/\">Trufas m\u00e1gicas<\/a> ofrecen un viaje equilibrado y agradable.<\/p>","protected":false},"excerpt":{"rendered":"<p><strong>Trufas m\u00e1gicas Tampanensis<\/strong> son una variedad de trufas frescas de psilocibina de potencia suave a media, ideales para principiantes o usuarios que buscan una experiencia psicod\u00e9lica equilibrada y edificante. Conocidas por su car\u00e1cter accesible y su intensidad manejable, las Tampanensis potencian la creatividad, el estado de \u00e1nimo y la percepci\u00f3n sensorial sin llegar a extremos visuales abrumadores.<\/p>\n<p>Disponible en <strong>Envases frescos de 15 y 20 gramos<\/strong>, La Tampanensis proporciona un viaje psicod\u00e9lico suave y controlable, muy adecuado para la primera exploraci\u00f3n o para sesiones m\u00e1s ligeras.<\/p>","protected":false},"featured_media":4349,"comment_status":"open","ping_status":"closed","template":"","meta":[],"product_brand":[32],"product_cat":[19],"product_tag":[],"class_list":{"0":"post-594","1":"product","2":"type-product","3":"status-publish","4":"has-post-thumbnail","6":"product_brand-mondo","7":"product_cat-magic-truffles","8":"product_shipping_class-only-europe","10":"first","11":"instock","12":"taxable","13":"shipping-taxable","14":"product-type-variable"},"jetpack_sharing_enabled":true,"_links":{"self":[{"href":"https:\/\/www.mondogrowkits.com\/es\/wp-json\/wp\/v2\/product\/594","targetHints":{"allow":["GET"]}}],"collection":[{"href":"https:\/\/www.mondogrowkits.com\/es\/wp-json\/wp\/v2\/product"}],"about":[{"href":"https:\/\/www.mondogrowkits.com\/es\/wp-json\/wp\/v2\/types\/product"}],"replies":[{"embeddable":true,"href":"https:\/\/www.mondogrowkits.com\/es\/wp-json\/wp\/v2\/comments?post=594"}],"wp:featuredmedia":[{"embeddable":true,"href":"https:\/\/www.mondogrowkits.com\/es\/wp-json\/wp\/v2\/media\/4349"}],"wp:attachment":[{"href":"https:\/\/www.mondogrowkits.com\/es\/wp-json\/wp\/v2\/media?parent=594"}],"wp:term":[{"taxonomy":"product_brand","embeddable":true,"href":"https:\/\/www.mondogrowkits.com\/es\/wp-json\/wp\/v2\/product_brand?post=594"},{"taxonomy":"product_cat","embeddable":true,"href":"https:\/\/www.mondogrowkits.com\/es\/wp-json\/wp\/v2\/product_cat?post=594"},{"taxonomy":"product_tag","embeddable":true,"href":"https:\/\/www.mondogrowkits.com\/es\/wp-json\/wp\/v2\/product_tag?post=594"}],"curies":[{"name":"wp","href":"https:\/\/api.w.org\/{rel}","templated":true}]}}