{"id":601,"date":"2025-05-06T12:58:55","date_gmt":"2025-05-06T12:58:55","guid":{"rendered":"https:\/\/staging.mondogrowkits.com\/?post_type=product&#038;p=601"},"modified":"2026-04-07T11:42:23","modified_gmt":"2026-04-07T10:42:23","slug":"tintura-de-chaga","status":"publish","type":"product","link":"https:\/\/www.mondogrowkits.com\/es\/chaga-tincture\/","title":{"rendered":"Tintura de Chaga"},"content":{"rendered":"","protected":false},"excerpt":{"rendered":"<p><span style=\"font-weight: 400;\">\u00a1Presentamos con orgullo nuestros nuevos extractos!<\/span><\/p>\n<p><span style=\"font-weight: 400;\">De punta a punta, producido y extra\u00eddo por Mondo Mycologicals en los Pa\u00edses Bajos. Extractos dobles de espectro completo.<\/span><\/p>\n<p>El hongo Chaga (<b><i>Inonotus obliquus<\/i><\/b>) crece predominantemente en los bosques fr\u00edos de la Taiga, a lo largo de las latitudes septentrionales de Rusia, Escandinavia y Canad\u00e1.<\/p>\n<p>En Siberia occidental, el Chaga se utiliza con fines m\u00e9dicos al menos desde el siglo XIII, principalmente para combatir infecciones. Ahora se ha convertido en un conocido superalimento.<\/p>\n<p>Este hongo se mantiene gracias a una complicada relaci\u00f3n simbi\u00f3tica con el abedul. Cuando pierde ramas o sufre da\u00f1os por tormentas, el hongo Chaga crece sobre la herida del \u00e1rbol para servir de cicatriz protectora. El abedul puede seguir viviendo muchos a\u00f1os mientras mont\u00edculos de hongo Chaga adornan su tronco.<\/p>","protected":false},"featured_media":3124,"comment_status":"open","ping_status":"closed","template":"","meta":[],"product_brand":[32],"product_cat":[22],"product_tag":[],"class_list":{"0":"post-601","1":"product","2":"type-product","3":"status-publish","4":"has-post-thumbnail","6":"product_brand-mondo","7":"product_cat-mushroom-tinctures","9":"first","10":"instock","11":"taxable","12":"shipping-taxable","13":"purchasable","14":"product-type-variable"},"jetpack_sharing_enabled":true,"_links":{"self":[{"href":"https:\/\/www.mondogrowkits.com\/es\/wp-json\/wp\/v2\/product\/601","targetHints":{"allow":["GET"]}}],"collection":[{"href":"https:\/\/www.mondogrowkits.com\/es\/wp-json\/wp\/v2\/product"}],"about":[{"href":"https:\/\/www.mondogrowkits.com\/es\/wp-json\/wp\/v2\/types\/product"}],"replies":[{"embeddable":true,"href":"https:\/\/www.mondogrowkits.com\/es\/wp-json\/wp\/v2\/comments?post=601"}],"wp:featuredmedia":[{"embeddable":true,"href":"https:\/\/www.mondogrowkits.com\/es\/wp-json\/wp\/v2\/media\/3124"}],"wp:attachment":[{"href":"https:\/\/www.mondogrowkits.com\/es\/wp-json\/wp\/v2\/media?parent=601"}],"wp:term":[{"taxonomy":"product_brand","embeddable":true,"href":"https:\/\/www.mondogrowkits.com\/es\/wp-json\/wp\/v2\/product_brand?post=601"},{"taxonomy":"product_cat","embeddable":true,"href":"https:\/\/www.mondogrowkits.com\/es\/wp-json\/wp\/v2\/product_cat?post=601"},{"taxonomy":"product_tag","embeddable":true,"href":"https:\/\/www.mondogrowkits.com\/es\/wp-json\/wp\/v2\/product_tag?post=601"}],"curies":[{"name":"wp","href":"https:\/\/api.w.org\/{rel}","templated":true}]}}