{"id":665,"date":"2025-05-08T14:29:39","date_gmt":"2025-05-08T14:29:39","guid":{"rendered":"https:\/\/staging.mondogrowkits.com\/?post_type=product&#038;p=665"},"modified":"2026-04-08T12:45:52","modified_gmt":"2026-04-08T11:45:52","slug":"kit-de-cultivo-de-hongos-magicos-amazonian","status":"publish","type":"product","link":"https:\/\/www.mondogrowkits.com\/es\/amazonian-magic-mushroom-grow-kit\/","title":{"rendered":"Amazonian - Kit de cultivo de setas m\u00e1gicas"},"content":{"rendered":"<h1 data-section-id=\"1eme976\" data-start=\"283\" data-end=\"355\">Amazonian Magic Mushroom Grow Kit - Potente Psilocybe Cubensis Cepa<\/h1><p data-start=\"357\" data-end=\"685\">En <strong data-start=\"361\" data-end=\"398\">Amazonian Kit de cultivo de setas m\u00e1gicas<\/strong> es un popular <strong data-start=\"412\" data-end=\"441\">Cepa de Psilocybe cubensis<\/strong> originaria de las regiones tropicales de la selva amaz\u00f3nica de Sudam\u00e9rica. Conocida por su vigoroso crecimiento y el impresionante tama\u00f1o de sus setas, esta cepa se ha convertido en una de las favoritas de los cultivadores que aprecian una gen\u00e9tica fuerte y unas cosechas fiables.<\/p><p data-start=\"687\" data-end=\"953\">Las setas Amazonian se reconocen por su <strong data-start=\"731\" data-end=\"761\">tallos gruesos y sombreros grandes<\/strong>, En la fase de fructificaci\u00f3n suele formar densos racimos. Gracias a su robusto crecimiento del micelio, la cepa Amazonian es conocida por producir <strong data-start=\"909\" data-end=\"952\">setas sanas y rendimientos constantes<\/strong>.<\/p><p data-start=\"955\" data-end=\"1132\">En condiciones de cultivo adecuadas, los primeros brotes de setas suelen aparecer en el plazo de <strong data-start=\"1039\" data-end=\"1056\">De 10 a 14 d\u00edas<\/strong>, haciendo que el <strong data-start=\"1069\" data-end=\"1091\">Kit de cultivo Amazonian<\/strong> una opci\u00f3n gratificante para el cultivo dom\u00e9stico.<\/p><p data-start=\"1134\" data-end=\"1329\">Cada kit de cultivo llega <strong data-start=\"1156\" data-end=\"1193\">totalmente colonizado y listo para crecer<\/strong>, lo que significa que el <a href=\"https:\/\/www.mondogrowkits.com\/es\/sustrato-esterilizado\/\">sustrato<\/a> ya contiene micelio activo. Esto le permite comenzar el cultivo de inmediato con s\u00f3lo unos sencillos pasos.<\/p><hr data-start=\"1331\" data-end=\"1334\" \/><h1 data-section-id=\"hp5q5s\" data-start=\"1336\" data-end=\"1372\">\u00bfPor qu\u00e9 elegir el kit de cultivo Amazonian?<\/h1><p data-start=\"1374\" data-end=\"1715\">\u2714 Popular <strong data-start=\"1384\" data-end=\"1448\">Cepa de Psilocybe cubensis originaria de la regi\u00f3n amaz\u00f3nica<\/strong><br data-start=\"1448\" data-end=\"1451\" \/>\u2714 Conocido por <strong data-start=\"1463\" data-end=\"1502\">crecimiento vigoroso y setas grandes<\/strong><br data-start=\"1502\" data-end=\"1505\" \/>\u2714 Produce densos racimos e impresionantes brotes<br data-start=\"1553\" data-end=\"1556\" \/>\u2714 Es posible realizar varias descargas con el cuidado adecuado<br data-start=\"1600\" data-end=\"1603\" \/>\u2714 Sustrato totalmente colonizado - listo para crecer inmediatamente.<br data-start=\"1658\" data-end=\"1661\" \/>\u2714 Sustrato de cultivo natural con micelio activo<\/p><p data-start=\"1717\" data-end=\"1876\">La cepa Amazonian es apreciada por su <strong data-start=\"1761\" data-end=\"1819\">fuerte crecimiento y resultados fiables en las cosechas<\/strong>, por lo que es una opci\u00f3n popular entre muchos cultivadores de setas.<\/p><hr data-start=\"1878\" data-end=\"1881\" \/><h1 data-section-id=\"1o7u9te\" data-start=\"1883\" data-end=\"1909\">Tama\u00f1os disponibles del kit de cultivo<\/h1><p data-start=\"1911\" data-end=\"2048\">En <strong data-start=\"1915\" data-end=\"1952\">Amazonian Kit de cultivo de setas m\u00e1gicas<\/strong> est\u00e1 disponible en varios tama\u00f1os para que pueda elegir el kit que mejor se adapte a su configuraci\u00f3n de cultivo.<\/p><p data-start=\"2050\" data-end=\"2066\">Tallas disponibles:<\/p><p data-start=\"2068\" data-end=\"2152\">\u2022 <strong data-start=\"2070\" data-end=\"2080\">280 cc<\/strong><br data-start=\"2080\" data-end=\"2083\" \/>\u2022 <strong data-start=\"2085\" data-end=\"2095\">750 cc<\/strong><br data-start=\"2095\" data-end=\"2098\" \/>\u2022 <strong data-start=\"2100\" data-end=\"2111\">1200 cc<\/strong> (se muestra en la foto del producto)<br data-start=\"2136\" data-end=\"2139\" \/>\u2022 <strong data-start=\"2141\" data-end=\"2152\">2100 cc<\/strong><\/p><p data-start=\"2154\" data-end=\"2300\">Los kits de cultivo m\u00e1s grandes suelen producir <strong data-start=\"2189\" data-end=\"2225\">mayores cosechas y m\u00e1s descargas<\/strong>, mientras que los kits m\u00e1s peque\u00f1os son ideales para <a href=\"https:\/\/www.mondogrowkits.com\/es\/mondo-growkits-mejores-variedades-principiantes-avanzados\/\">principiantes<\/a> o cultivadores con espacio limitado.<\/p><hr data-start=\"2302\" data-end=\"2305\" \/><h1 data-section-id=\"2t1372\" data-start=\"2307\" data-end=\"2333\">Condiciones ideales de cultivo<\/h1><p data-start=\"2335\" data-end=\"2413\">Los hongos Amazonian prosperan en ambientes c\u00e1lidos y h\u00famedos con luz indirecta.<\/p><p data-start=\"2415\" data-end=\"2446\">Condiciones de cultivo recomendadas:<\/p><p data-start=\"2448\" data-end=\"2627\"><strong data-start=\"2448\" data-end=\"2464\">Temperatura:<\/strong> 18-27 \u00b0C<br data-start=\"2473\" data-end=\"2476\" \/><strong data-start=\"2476\" data-end=\"2500\">Temperatura \u00f3ptima:<\/strong> 22-25 \u00b0C<br data-start=\"2509\" data-end=\"2512\" \/><strong data-start=\"2512\" data-end=\"2525\">Iluminaci\u00f3n:<\/strong> Luz diurna indirecta o luz ambiente<br data-start=\"2565\" data-end=\"2568\" \/><strong data-start=\"2568\" data-end=\"2581\">Humedad:<\/strong> Humedad elevada con intercambio regular de aire fresco<\/p><p data-start=\"2629\" data-end=\"2750\">La condensaci\u00f3n en el interior del saco de cultivo ayuda a mantener los niveles de humedad adecuados. Evite rociar agua directamente sobre el sustrato.<\/p><p data-start=\"2752\" data-end=\"2855\">Los peque\u00f1os hongos suelen empezar a aparecer en <strong data-start=\"2803\" data-end=\"2817\">10-14 d\u00edas<\/strong>, dependiendo de las condiciones de cultivo.<\/p><hr data-start=\"2857\" data-end=\"2860\" \/><h1 data-section-id=\"12rd239\" data-start=\"2862\" data-end=\"2900\">Efectos de las setas m\u00e1gicas Amazonian<\/h1><p data-start=\"2902\" data-end=\"3024\">En <strong data-start=\"2906\" data-end=\"2945\">Amazonian Cepa de Psilocybe cubensis<\/strong> es conocida por ofrecer un <strong data-start=\"2972\" data-end=\"3023\">experiencia psicod\u00e9lica fuerte y visualmente rica<\/strong>.<\/p><p data-start=\"3026\" data-end=\"3060\">Los efectos m\u00e1s comunes son:<\/p><p data-start=\"3062\" data-end=\"3241\">- Mejora de los colores y la percepci\u00f3n visual<br data-start=\"3102\" data-end=\"3105\" \/>- Patrones visuales fuertes y mejora sensorial<br data-start=\"3153\" data-end=\"3156\" \/>- Estado de \u00e1nimo elevado y sensaci\u00f3n de euforia<br data-start=\"3196\" data-end=\"3199\" \/>- Mayor creatividad e introspecci\u00f3n<\/p><p data-start=\"3243\" data-end=\"3332\">Muchos usuarios describen la experiencia como <strong data-start=\"3281\" data-end=\"3331\">en\u00e9rgico, envolvente y visualmente estimulante<\/strong>.<\/p><hr data-start=\"3334\" data-end=\"3337\" \/><h1 data-section-id=\"ljcc7e\" data-start=\"3339\" data-end=\"3378\">Kit completo de cultivo de setas todo en uno<\/h1><p data-start=\"3380\" data-end=\"3483\">Cada <strong data-start=\"3385\" data-end=\"3422\">Amazonian Kit de cultivo de setas m\u00e1gicas<\/strong> contiene todo lo necesario para empezar a cultivar inmediatamente.<\/p><p data-start=\"3485\" data-end=\"3503\">Su kit incluye:<\/p><p data-start=\"3505\" data-end=\"3720\">\u2714 Sustrato totalmente colonizado con micelio activo<br data-start=\"3553\" data-end=\"3556\" \/>\u2714 Componentes del sustrato que retienen la humedad<br data-start=\"3597\" data-end=\"3600\" \/>\u2714 Bolsa de cultivo con filtros de aire integrados<br data-start=\"3638\" data-end=\"3641\" \/>\u2714 Dos clips para sellar la bolsa de cultivo<br data-start=\"3682\" data-end=\"3685\" \/>\u2714 Instrucciones detalladas de cultivo<\/p><p data-start=\"3722\" data-end=\"3827\">El kit de cultivo est\u00e1 dise\u00f1ado para <strong data-start=\"3755\" data-end=\"3826\">cultivo de setas m\u00e1gicas sencillo, eficaz y apto para principiantes<\/strong>.<\/p><hr data-start=\"3829\" data-end=\"3832\" \/><h1 data-section-id=\"3kfd2k\" data-start=\"3834\" data-end=\"3867\">C\u00f3mo cultivar - Gu\u00eda de inicio r\u00e1pido<\/h1><p data-start=\"3869\" data-end=\"3957\">Cultivo de setas con el <strong data-start=\"3896\" data-end=\"3918\">Kit de cultivo Amazonian<\/strong> es f\u00e1cil y s\u00f3lo requiere unos pocos pasos.<\/p><ol data-start=\"3959\" data-end=\"4304\">\n<li data-section-id=\"x1d9t\" data-start=\"3959\" data-end=\"4018\">\n<p data-start=\"3962\" data-end=\"4018\">L\u00e1vate las manos y limpia el exterior del kit de cultivo.<\/p>\n<\/li>\n<li data-section-id=\"hci7ne\" data-start=\"4019\" data-end=\"4082\">\n<p data-start=\"4022\" data-end=\"4082\">Retire la tapa y llene el recipiente con agua tibia.<\/p>\n<\/li>\n<li data-section-id=\"owtwed\" data-start=\"4083\" data-end=\"4130\">\n<p data-start=\"4086\" data-end=\"4130\">Deje el sustrato en remojo durante <strong data-start=\"4113\" data-end=\"4127\">8-12 horas<\/strong>.<\/p>\n<\/li>\n<li data-section-id=\"5aqy5l\" data-start=\"4131\" data-end=\"4169\">\n<p data-start=\"4134\" data-end=\"4169\">Escurrir el exceso de agua con cuidado.<\/p>\n<\/li>\n<li data-section-id=\"9asdz4\" data-start=\"4170\" data-end=\"4246\">\n<p data-start=\"4173\" data-end=\"4246\">Coloca el kit de cultivo dentro de la bolsa de cultivo y ci\u00e9rrala con los clips.<\/p>\n<\/li>\n<li data-section-id=\"1fhyrkq\" data-start=\"4247\" data-end=\"4304\">\n<p data-start=\"4250\" data-end=\"4304\">Mantenga la bolsa de cultivo en un lugar c\u00e1lido con luz indirecta.<\/p>\n<\/li>\n<\/ol><p data-start=\"4306\" data-end=\"4445\">En <strong data-start=\"4313\" data-end=\"4327\">10-14 d\u00edas<\/strong>, empezar\u00e1n a aparecer peque\u00f1os brotes de setas. Coseche las setas cuando <strong data-start=\"4402\" data-end=\"4444\">velo debajo de la tapa comienza a rasgarse<\/strong>.<\/p><p data-start=\"4447\" data-end=\"4529\">Tras la cosecha, el kit de cultivo puede <strong data-start=\"4485\" data-end=\"4498\">re-soaked<\/strong> para producir enjuagues adicionales.<\/p><p data-start=\"4531\" data-end=\"4597\">Con los cuidados adecuados, un kit de cultivo puede producir <strong data-start=\"4574\" data-end=\"4596\">hasta cuatro descargas<\/strong>.<\/p><hr data-start=\"4599\" data-end=\"4602\" \/><h1 data-section-id=\"ybm8az\" data-start=\"4604\" data-end=\"4626\">Almacenamiento y caducidad<\/h1><p data-start=\"4628\" data-end=\"4690\">Guarde el kit de cultivo sin abrir en el <strong data-start=\"4663\" data-end=\"4689\">frigor\u00edfico a 2-8 \u00b0C<\/strong>.<\/p><p data-start=\"4692\" data-end=\"4732\">Caducidad: <strong data-start=\"4704\" data-end=\"4732\">3-6 meses sin abrir<\/strong><\/p><p data-start=\"4734\" data-end=\"4833\">Para obtener los mejores resultados, se recomienda iniciar el cultivo <strong data-start=\"4795\" data-end=\"4832\">poco despu\u00e9s de recibir el kit de cultivo<\/strong>.<\/p><hr data-start=\"4835\" data-end=\"4838\" \/><h1 data-section-id=\"1qgfiv8\" data-start=\"4840\" data-end=\"4865\">Uso legal y responsable<\/h1><p data-start=\"4867\" data-end=\"5022\">Las setas m\u00e1gicas est\u00e1n reguladas en muchos pa\u00edses. En algunas regiones, <strong data-start=\"4933\" data-end=\"4981\">los kits de cultivo y las trufas siguen siendo productos legales<\/strong>, mientras que en otros pueden estar restringidas.<\/p><p data-start=\"5024\" data-end=\"5101\">Compruebe siempre <strong data-start=\"5037\" data-end=\"5067\">leyes y normativas locales<\/strong> antes de comprar o cultivar.<\/p><p data-start=\"5103\" data-end=\"5262\"><a href=\"https:\/\/www.mondogrowkits.com\/es\/que-es-la-psilocibina\/\">Psilocibina<\/a> las setas se consideran <strong data-start=\"5139\" data-end=\"5156\">no adictivo<\/strong>, pero pueden producir fuertes efectos psicol\u00f3gicos. Se recomienda un uso responsable en un entorno seguro.<\/p><hr data-start=\"5264\" data-end=\"5267\" \/><h1 data-section-id=\"1cji8g8\" data-start=\"5269\" data-end=\"5321\">Pida hoy mismo su kit de cultivo de setas m\u00e1gicas Amazonian<\/h1><p data-start=\"5323\" data-end=\"5469\">En <strong data-start=\"5327\" data-end=\"5364\">Amazonian Kit de cultivo de setas m\u00e1gicas<\/strong> ofrece una gratificante experiencia de cultivo con un fuerte crecimiento, impresionantes brotes y m\u00faltiples cosechas.<\/p><p data-start=\"5471\" data-end=\"5630\">Gracias a su robusta gen\u00e9tica y a sus rendimientos constantes, Amazonian sigue siendo una de las <strong data-start=\"5553\" data-end=\"5629\">m\u00e1s populares Psilocybe cubensis crecer kits disponibles para el cultivo en casa<\/strong>.<\/p><p data-start=\"5632\" data-end=\"5732\">Pida su <strong data-start=\"5643\" data-end=\"5686\">Kit de cultivo de setas m\u00e1gicas Amazonian de hoy<\/strong> y empiece a cultivar sus propias setas en casa.<\/p>","protected":false},"excerpt":{"rendered":"<p>El kit de cultivo de setas m\u00e1gicas Amazonian se basa en una robusta gen\u00e9tica de Psilocybe cubensis con un fuerte crecimiento del micelio y ciclos de cosecha fiables. Disponible en 280cc, 750cc, 1200cc y 2100cc. Una elecci\u00f3n s\u00f3lida para los cultivadores que desean un rendimiento constante flush tras flush.<\/p>","protected":false},"featured_media":4635,"comment_status":"open","ping_status":"closed","template":"","meta":[],"product_brand":[32],"product_cat":[17],"product_tag":[],"class_list":{"0":"post-665","1":"product","2":"type-product","3":"status-publish","4":"has-post-thumbnail","6":"product_brand-mondo","7":"product_cat-magic-mushroom-grow-kits","9":"first","10":"instock","11":"taxable","12":"shipping-taxable","13":"purchasable","14":"product-type-variable"},"jetpack_sharing_enabled":true,"_links":{"self":[{"href":"https:\/\/www.mondogrowkits.com\/es\/wp-json\/wp\/v2\/product\/665","targetHints":{"allow":["GET"]}}],"collection":[{"href":"https:\/\/www.mondogrowkits.com\/es\/wp-json\/wp\/v2\/product"}],"about":[{"href":"https:\/\/www.mondogrowkits.com\/es\/wp-json\/wp\/v2\/types\/product"}],"replies":[{"embeddable":true,"href":"https:\/\/www.mondogrowkits.com\/es\/wp-json\/wp\/v2\/comments?post=665"}],"wp:featuredmedia":[{"embeddable":true,"href":"https:\/\/www.mondogrowkits.com\/es\/wp-json\/wp\/v2\/media\/4635"}],"wp:attachment":[{"href":"https:\/\/www.mondogrowkits.com\/es\/wp-json\/wp\/v2\/media?parent=665"}],"wp:term":[{"taxonomy":"product_brand","embeddable":true,"href":"https:\/\/www.mondogrowkits.com\/es\/wp-json\/wp\/v2\/product_brand?post=665"},{"taxonomy":"product_cat","embeddable":true,"href":"https:\/\/www.mondogrowkits.com\/es\/wp-json\/wp\/v2\/product_cat?post=665"},{"taxonomy":"product_tag","embeddable":true,"href":"https:\/\/www.mondogrowkits.com\/es\/wp-json\/wp\/v2\/product_tag?post=665"}],"curies":[{"name":"wp","href":"https:\/\/api.w.org\/{rel}","templated":true}]}}