{"id":718,"date":"2025-05-12T13:51:23","date_gmt":"2025-05-12T13:51:23","guid":{"rendered":"https:\/\/staging.mondogrowkits.com\/?post_type=product&#038;p=718"},"modified":"2026-04-08T12:44:34","modified_gmt":"2026-04-08T11:44:34","slug":"kit-de-cultivo-de-setas-mexicana-magic","status":"publish","type":"product","link":"https:\/\/www.mondogrowkits.com\/es\/mexicana-magic-mushroom-grow-kit\/","title":{"rendered":"Mexicana - Kit de cultivo de setas m\u00e1gicas"},"content":{"rendered":"<h1 data-section-id=\"bre036\" data-start=\"276\" data-end=\"346\">Mexicana Kit de Cultivo de Setas M\u00e1gicas - Variedad cl\u00e1sica Psilocybe Cubensis<\/h1><p data-start=\"348\" data-end=\"676\">En <strong data-start=\"352\" data-end=\"388\">Mexicana Kit de cultivo de setas m\u00e1gicas<\/strong> se inspira en una de las variedades de hongos psicod\u00e9licos de mayor importancia hist\u00f3rica. Originaria de M\u00e9xico, esta cepa est\u00e1 estrechamente asociada con las antiguas tradiciones de las culturas ind\u00edgenas que han utilizado hongos psicod\u00e9licos con fines espirituales y ceremoniales durante siglos.<\/p><p data-start=\"678\" data-end=\"948\">En <strong data-start=\"682\" data-end=\"720\">Mexicana Cepa de Psilocybe cubensis<\/strong> es conocida por su crecimiento fiable, su proceso de cultivo manejable y sus efectos psicod\u00e9licos equilibrados. Estas setas suelen desarrollarse <strong data-start=\"855\" data-end=\"895\">tallos delgados con capuchones de color dorado claro<\/strong>, formando racimos sanos durante la fase de fructificaci\u00f3n.<\/p><p data-start=\"950\" data-end=\"1199\">En condiciones adecuadas, los primeros brotes de setas suelen aparecer en el plazo de <strong data-start=\"1024\" data-end=\"1041\">De 10 a 14 d\u00edas<\/strong>. Gracias a su gen\u00e9tica estable y a su rendimiento constante, el <strong data-start=\"1105\" data-end=\"1126\">Kit de cultivo Mexicana<\/strong> se considera una gran opci\u00f3n tanto para <a href=\"https:\/\/www.mondogrowkits.com\/es\/mondo-growkits-mejores-variedades-principiantes-avanzados\/\">principiantes<\/a> y cultivadores experimentados.<\/p><p data-start=\"1201\" data-end=\"1361\">Cada kit de cultivo llega <strong data-start=\"1223\" data-end=\"1260\">totalmente colonizado y listo para crecer<\/strong>, lo que significa que el <a href=\"https:\/\/www.mondogrowkits.com\/es\/sustrato-esterilizado\/\">sustrato<\/a> ya est\u00e1 lleno de micelio activo y el cultivo puede comenzar inmediatamente.<\/p><hr data-start=\"1363\" data-end=\"1366\" \/><h1 data-section-id=\"dd6u8k\" data-start=\"1368\" data-end=\"1403\">\u00bfPor qu\u00e9 elegir el kit de cultivo Mexicana?<\/h1><p data-start=\"1405\" data-end=\"1773\">\u2714 Inspirado en uno de los <strong data-start=\"1430\" data-end=\"1487\">variedades de setas m\u00e1gicas m\u00e1s reconocidas hist\u00f3ricamente<\/strong><br data-start=\"1487\" data-end=\"1490\" \/>\u2714 Fiable <strong data-start=\"1501\" data-end=\"1530\">Cepa de Psilocybe cubensis<\/strong> con un crecimiento estable<br data-start=\"1549\" data-end=\"1552\" \/>\u2714 Efectos psicod\u00e9licos equilibrados a menudo adecuados para principiantes.<br data-start=\"1611\" data-end=\"1614\" \/>\u2714 Produce m\u00faltiples descargas con los cuidados adecuados<br data-start=\"1658\" data-end=\"1661\" \/>\u2714 Sustrato totalmente colonizado - listo para crecer inmediatamente.<br data-start=\"1716\" data-end=\"1719\" \/>\u2714 Sustrato de cultivo natural con micelio activo<\/p><p data-start=\"1775\" data-end=\"1927\">En <a href=\"https:\/\/www.mondogrowkits.com\/es\/trufas-magicas-mexicana\/\">Mexicana<\/a> cepa es apreciada por su <strong data-start=\"1818\" data-end=\"1862\">crecimiento previsible y efectos agradables<\/strong>, lo que la convierte en una de las opciones m\u00e1s populares para el cultivo dom\u00e9stico.<\/p><hr data-start=\"1929\" data-end=\"1932\" \/><h1 data-section-id=\"1o7u9te\" data-start=\"1934\" data-end=\"1960\">Tama\u00f1os disponibles del kit de cultivo<\/h1><p data-start=\"1962\" data-end=\"2097\">En <strong data-start=\"1966\" data-end=\"2002\">Mexicana Kit de cultivo de setas m\u00e1gicas<\/strong> est\u00e1 disponible en varios tama\u00f1os para que pueda seleccionar el kit que mejor se adapte a su configuraci\u00f3n de cultivo.<\/p><p data-start=\"2099\" data-end=\"2115\">Tallas disponibles:<\/p><p data-start=\"2117\" data-end=\"2201\">\u2022 <strong data-start=\"2119\" data-end=\"2129\">280 cc<\/strong><br data-start=\"2129\" data-end=\"2132\" \/>\u2022 <strong data-start=\"2134\" data-end=\"2144\">750 cc<\/strong><br data-start=\"2144\" data-end=\"2147\" \/>\u2022 <strong data-start=\"2149\" data-end=\"2160\">1200 cc<\/strong> (se muestra en la foto del producto)<br data-start=\"2185\" data-end=\"2188\" \/>\u2022 <strong data-start=\"2190\" data-end=\"2201\">2100 cc<\/strong><\/p><p data-start=\"2203\" data-end=\"2349\">M\u00e1s grande <a href=\"https:\/\/www.mondogrowkits.com\/es\/kits-de-cultivo\/\">kits de cultivo<\/a> generalmente producen <strong data-start=\"2238\" data-end=\"2274\">mayores cosechas y m\u00e1s descargas<\/strong>, mientras que los kits m\u00e1s peque\u00f1os son ideales para principiantes o cultivadores con poco espacio.<\/p><hr data-start=\"2351\" data-end=\"2354\" \/><h1 data-section-id=\"2t1372\" data-start=\"2356\" data-end=\"2382\">Condiciones ideales de cultivo<\/h1><p data-start=\"2384\" data-end=\"2464\">Los hongos Mexicana crecen mejor en ambientes c\u00e1lidos y h\u00famedos con luz indirecta.<\/p><p data-start=\"2466\" data-end=\"2497\">Condiciones de cultivo recomendadas:<\/p><p data-start=\"2499\" data-end=\"2678\"><strong data-start=\"2499\" data-end=\"2515\">Temperatura:<\/strong> 18-27 \u00b0C<br data-start=\"2524\" data-end=\"2527\" \/><strong data-start=\"2527\" data-end=\"2551\">Temperatura \u00f3ptima:<\/strong> 22-25 \u00b0C<br data-start=\"2560\" data-end=\"2563\" \/><strong data-start=\"2563\" data-end=\"2576\">Iluminaci\u00f3n:<\/strong> Luz diurna indirecta o luz ambiente<br data-start=\"2616\" data-end=\"2619\" \/><strong data-start=\"2619\" data-end=\"2632\">Humedad:<\/strong> Humedad elevada con intercambio regular de aire fresco<\/p><p data-start=\"2680\" data-end=\"2806\">La condensaci\u00f3n en el interior del saco de cultivo ayuda a mantener los niveles de humedad correctos. Evite rociar agua directamente sobre el sustrato.<\/p><p data-start=\"2808\" data-end=\"2922\">Los peque\u00f1os hongos suelen empezar a aparecer en <strong data-start=\"2859\" data-end=\"2873\">10-14 d\u00edas<\/strong>, seguido de un r\u00e1pido crecimiento hasta convertirse en setas maduras.<\/p><hr data-start=\"2924\" data-end=\"2927\" \/><h1 data-section-id=\"178v1ox\" data-start=\"2929\" data-end=\"2966\">Efectos de las setas m\u00e1gicas Mexicana<\/h1><p data-start=\"2968\" data-end=\"3095\">En <strong data-start=\"2972\" data-end=\"3010\">Mexicana Cepa de Psilocybe cubensis<\/strong> a menudo se describe como <strong data-start=\"3045\" data-end=\"3094\">experiencia psicod\u00e9lica equilibrada y edificante<\/strong>.<\/p><p data-start=\"3097\" data-end=\"3131\">Los efectos m\u00e1s comunes son:<\/p><p data-start=\"3133\" data-end=\"3310\">- Mejora de los colores y la percepci\u00f3n visual<br data-start=\"3173\" data-end=\"3176\" \/>- Patrones visuales leves y aumento sensorial<br data-start=\"3222\" data-end=\"3225\" \/>- Estado de \u00e1nimo positivo y sensaci\u00f3n de euforia<br data-start=\"3265\" data-end=\"3268\" \/>- Mayor creatividad e introspecci\u00f3n<\/p><p data-start=\"3312\" data-end=\"3439\">La cepa Mexicana suele considerarse un <strong data-start=\"3354\" data-end=\"3402\">introducci\u00f3n suave a los hongos psicod\u00e9licos<\/strong>, lo que la hace popular entre muchos usuarios.<\/p><hr data-start=\"3441\" data-end=\"3444\" \/><h1 data-section-id=\"ljcc7e\" data-start=\"3446\" data-end=\"3485\">Kit completo de cultivo de setas todo en uno<\/h1><p data-start=\"3487\" data-end=\"3588\">Cada <strong data-start=\"3492\" data-end=\"3528\">Mexicana Kit de cultivo de setas m\u00e1gicas<\/strong> contiene todo lo necesario para empezar a cultivar de inmediato.<\/p><p data-start=\"3590\" data-end=\"3608\">Su kit incluye:<\/p><p data-start=\"3610\" data-end=\"3825\">\u2714 Sustrato totalmente colonizado con micelio activo<br data-start=\"3658\" data-end=\"3661\" \/>\u2714 Componentes del sustrato que retienen la humedad<br data-start=\"3702\" data-end=\"3705\" \/>\u2714 Bolsa de cultivo con filtros de aire integrados<br data-start=\"3743\" data-end=\"3746\" \/>\u2714 Dos clips para sellar la bolsa de cultivo<br data-start=\"3787\" data-end=\"3790\" \/>\u2714 Instrucciones detalladas de cultivo<\/p><p data-start=\"3827\" data-end=\"3937\">El kit est\u00e1 dise\u00f1ado para hacer <strong data-start=\"3855\" data-end=\"3907\">cultivo de setas m\u00e1gicas sencillo y accesible<\/strong>, incluso para los cultivadores noveles.<\/p><hr data-start=\"3939\" data-end=\"3942\" \/><h1 data-section-id=\"3kfd2k\" data-start=\"3944\" data-end=\"3977\">C\u00f3mo cultivar - Gu\u00eda de inicio r\u00e1pido<\/h1><p data-start=\"3979\" data-end=\"4066\">Cultivo de setas con el <strong data-start=\"4006\" data-end=\"4027\">Kit de cultivo Mexicana<\/strong> es f\u00e1cil y s\u00f3lo requiere unos pocos pasos.<\/p><ol data-start=\"4068\" data-end=\"4408\">\n<li data-section-id=\"x1d9t\" data-start=\"4068\" data-end=\"4127\">\n<p data-start=\"4071\" data-end=\"4127\">L\u00e1vate las manos y limpia el exterior del kit de cultivo.<\/p>\n<\/li>\n<li data-section-id=\"hci7ne\" data-start=\"4128\" data-end=\"4191\">\n<p data-start=\"4131\" data-end=\"4191\">Retire la tapa y llene el recipiente con agua tibia.<\/p>\n<\/li>\n<li data-section-id=\"owtwed\" data-start=\"4192\" data-end=\"4239\">\n<p data-start=\"4195\" data-end=\"4239\">Deje el sustrato en remojo durante <strong data-start=\"4222\" data-end=\"4236\">8-12 horas<\/strong>.<\/p>\n<\/li>\n<li data-section-id=\"5aqy5l\" data-start=\"4240\" data-end=\"4278\">\n<p data-start=\"4243\" data-end=\"4278\">Escurrir el exceso de agua con cuidado.<\/p>\n<\/li>\n<li data-section-id=\"9asdz4\" data-start=\"4279\" data-end=\"4355\">\n<p data-start=\"4282\" data-end=\"4355\">Coloca el kit de cultivo dentro de la bolsa de cultivo y ci\u00e9rrala con los clips.<\/p>\n<\/li>\n<li data-section-id=\"xqjcs7\" data-start=\"4356\" data-end=\"4408\">\n<p data-start=\"4359\" data-end=\"4408\">Mantenga la bolsa en un lugar c\u00e1lido con luz indirecta.<\/p>\n<\/li>\n<\/ol><p data-start=\"4410\" data-end=\"4538\">En <strong data-start=\"4417\" data-end=\"4431\">10-14 d\u00edas<\/strong>, comenzar\u00e1n a formarse peque\u00f1as espigas. Coseche las setas cuando <strong data-start=\"4495\" data-end=\"4537\">velo debajo de la tapa comienza a rasgarse<\/strong>.<\/p><p data-start=\"4540\" data-end=\"4622\">Tras la cosecha, el kit de cultivo puede <strong data-start=\"4578\" data-end=\"4591\">re-soaked<\/strong> para producir enjuagues adicionales.<\/p><p data-start=\"4624\" data-end=\"4690\">Con los cuidados adecuados, un kit de cultivo puede producir <strong data-start=\"4667\" data-end=\"4689\">hasta cuatro descargas<\/strong>.<\/p><hr data-start=\"4692\" data-end=\"4695\" \/><h1 data-section-id=\"ybm8az\" data-start=\"4697\" data-end=\"4719\">Almacenamiento y caducidad<\/h1><p data-start=\"4721\" data-end=\"4783\">Guarde el kit de cultivo sin abrir en el <strong data-start=\"4756\" data-end=\"4782\">frigor\u00edfico a 2-8 \u00b0C<\/strong>.<\/p><p data-start=\"4785\" data-end=\"4825\">Caducidad: <strong data-start=\"4797\" data-end=\"4825\">3-6 meses sin abrir<\/strong><\/p><p data-start=\"4827\" data-end=\"4926\">Para obtener los mejores resultados, se recomienda iniciar el cultivo <strong data-start=\"4888\" data-end=\"4925\">poco despu\u00e9s de recibir el kit de cultivo<\/strong>.<\/p><hr data-start=\"4928\" data-end=\"4931\" \/><h1 data-section-id=\"1qgfiv8\" data-start=\"4933\" data-end=\"4958\">Uso legal y responsable<\/h1><p data-start=\"4960\" data-end=\"5115\">Las setas m\u00e1gicas est\u00e1n reguladas en muchos pa\u00edses. En algunas regiones, <strong data-start=\"5026\" data-end=\"5074\">los kits de cultivo y las trufas siguen siendo productos legales<\/strong>, mientras que en otros pueden estar restringidas.<\/p><p data-start=\"5117\" data-end=\"5194\">Compruebe siempre <strong data-start=\"5130\" data-end=\"5160\">leyes y normativas locales<\/strong> antes de comprar o cultivar.<\/p><p data-start=\"5196\" data-end=\"5355\"><a href=\"https:\/\/www.mondogrowkits.com\/es\/que-es-la-psilocibina\/\">Psilocibina<\/a> las setas se consideran <strong data-start=\"5232\" data-end=\"5249\">no adictivo<\/strong>, pero pueden producir fuertes efectos psicol\u00f3gicos. Se recomienda un uso responsable en un entorno seguro.<\/p><hr data-start=\"5357\" data-end=\"5360\" \/><h1 data-section-id=\"1xrdfkc\" data-start=\"5362\" data-end=\"5413\">Pida hoy mismo su kit de cultivo de setas m\u00e1gicas Mexicana<\/h1><p data-start=\"5415\" data-end=\"5668\">En <strong data-start=\"5419\" data-end=\"5455\">Mexicana Kit de cultivo de setas m\u00e1gicas<\/strong> ofrece una experiencia de cultivo gratificante y fiable. Con una gen\u00e9tica estable, efectos equilibrados y m\u00faltiples cosechas, esta cepa sigue siendo una de las <strong data-start=\"5606\" data-end=\"5667\">kits de cultivo de Psilocybe cubensis m\u00e1s populares disponibles en la actualidad<\/strong>.<\/p><p data-start=\"5670\" data-end=\"5769\">Pida su <strong data-start=\"5681\" data-end=\"5723\">Mexicana Kit de cultivo de setas m\u00e1gicas hoy<\/strong> y empiece a cultivar sus propias setas en casa.<\/p>","protected":false},"excerpt":{"rendered":"<p>El kit de cultivo de setas m\u00e1gicas Mexicana es una cepa cl\u00e1sica de Psilocybe cubensis con un largo historial de cultivo y un comportamiento de fructificaci\u00f3n constante y predecible. Disponible en 280cc, 750cc, 1200cc y 2100cc. Una variedad fiable para principiantes que ha superado la prueba del tiempo.<\/p>","protected":false},"featured_media":4663,"comment_status":"open","ping_status":"closed","template":"","meta":[],"product_brand":[32],"product_cat":[17],"product_tag":[],"class_list":{"0":"post-718","1":"product","2":"type-product","3":"status-publish","4":"has-post-thumbnail","6":"product_brand-mondo","7":"product_cat-magic-mushroom-grow-kits","9":"first","10":"instock","11":"taxable","12":"shipping-taxable","13":"purchasable","14":"product-type-variable"},"jetpack_sharing_enabled":true,"_links":{"self":[{"href":"https:\/\/www.mondogrowkits.com\/es\/wp-json\/wp\/v2\/product\/718","targetHints":{"allow":["GET"]}}],"collection":[{"href":"https:\/\/www.mondogrowkits.com\/es\/wp-json\/wp\/v2\/product"}],"about":[{"href":"https:\/\/www.mondogrowkits.com\/es\/wp-json\/wp\/v2\/types\/product"}],"replies":[{"embeddable":true,"href":"https:\/\/www.mondogrowkits.com\/es\/wp-json\/wp\/v2\/comments?post=718"}],"wp:featuredmedia":[{"embeddable":true,"href":"https:\/\/www.mondogrowkits.com\/es\/wp-json\/wp\/v2\/media\/4663"}],"wp:attachment":[{"href":"https:\/\/www.mondogrowkits.com\/es\/wp-json\/wp\/v2\/media?parent=718"}],"wp:term":[{"taxonomy":"product_brand","embeddable":true,"href":"https:\/\/www.mondogrowkits.com\/es\/wp-json\/wp\/v2\/product_brand?post=718"},{"taxonomy":"product_cat","embeddable":true,"href":"https:\/\/www.mondogrowkits.com\/es\/wp-json\/wp\/v2\/product_cat?post=718"},{"taxonomy":"product_tag","embeddable":true,"href":"https:\/\/www.mondogrowkits.com\/es\/wp-json\/wp\/v2\/product_tag?post=718"}],"curies":[{"name":"wp","href":"https:\/\/api.w.org\/{rel}","templated":true}]}}