{"id":916,"date":"2025-07-23T15:49:53","date_gmt":"2025-07-23T15:49:53","guid":{"rendered":"https:\/\/staging.mondogrowkits.com\/?post_type=product&#038;p=916"},"modified":"2026-04-08T13:11:53","modified_gmt":"2026-04-08T12:11:53","slug":"vial-de-esporas-ban-hai-thai","status":"publish","type":"product","link":"https:\/\/www.mondogrowkits.com\/es\/spore-vial-ban-hai-thai\/","title":{"rendered":"Thai - Ampolla de esporas de Psilocybe Cubensis"},"content":{"rendered":"","protected":false},"excerpt":{"rendered":"<p>Los viales de esporas son recipientes herm\u00e9ticos f\u00e1ciles de usar con esporas f\u00fangicas en su interior.<\/p>\n<p>Simplemente agitando el vial e inyectando el l\u00edquido en el sustrato, puede activar el micelio para que colonice y germine.<\/p>\n<p><span lang=\"EN-US\">Para obtener directrices, instrucciones y protocolos de activaci\u00f3n detallados, visite nuestra Gu\u00eda de cultivo.<\/span><\/p>","protected":false},"featured_media":4643,"comment_status":"open","ping_status":"closed","template":"","meta":[],"product_brand":[32],"product_cat":[67],"product_tag":[],"class_list":{"0":"post-916","1":"product","2":"type-product","3":"status-publish","4":"has-post-thumbnail","6":"product_brand-mondo","7":"product_cat-spore-vials","9":"first","10":"instock","11":"taxable","12":"shipping-taxable","13":"purchasable","14":"product-type-simple"},"jetpack_sharing_enabled":true,"_links":{"self":[{"href":"https:\/\/www.mondogrowkits.com\/es\/wp-json\/wp\/v2\/product\/916","targetHints":{"allow":["GET"]}}],"collection":[{"href":"https:\/\/www.mondogrowkits.com\/es\/wp-json\/wp\/v2\/product"}],"about":[{"href":"https:\/\/www.mondogrowkits.com\/es\/wp-json\/wp\/v2\/types\/product"}],"replies":[{"embeddable":true,"href":"https:\/\/www.mondogrowkits.com\/es\/wp-json\/wp\/v2\/comments?post=916"}],"wp:featuredmedia":[{"embeddable":true,"href":"https:\/\/www.mondogrowkits.com\/es\/wp-json\/wp\/v2\/media\/4643"}],"wp:attachment":[{"href":"https:\/\/www.mondogrowkits.com\/es\/wp-json\/wp\/v2\/media?parent=916"}],"wp:term":[{"taxonomy":"product_brand","embeddable":true,"href":"https:\/\/www.mondogrowkits.com\/es\/wp-json\/wp\/v2\/product_brand?post=916"},{"taxonomy":"product_cat","embeddable":true,"href":"https:\/\/www.mondogrowkits.com\/es\/wp-json\/wp\/v2\/product_cat?post=916"},{"taxonomy":"product_tag","embeddable":true,"href":"https:\/\/www.mondogrowkits.com\/es\/wp-json\/wp\/v2\/product_tag?post=916"}],"curies":[{"name":"wp","href":"https:\/\/api.w.org\/{rel}","templated":true}]}}