{"id":219,"date":"2025-04-19T09:31:11","date_gmt":"2025-04-19T09:31:11","guid":{"rendered":"https:\/\/staging.mondogrowkits.com\/?page_id=219"},"modified":"2026-05-12T12:16:38","modified_gmt":"2026-05-12T11:16:38","slug":"a-propos-de-mondo","status":"publish","type":"page","link":"https:\/\/www.mondogrowkits.com\/fr\/about-mondo\/","title":{"rendered":"\u00c0 propos de Mondo"},"content":{"rendered":"<section class=\"section\" id=\"section_1590728199\">\t\t<div class=\"section-bg fill\" >\t\t\t\t\t\t\t\t\t\t\t\t\t\t<\/div>\t\t\t<div class=\"ux-shape-divider ux-shape-divider--top ux-shape-divider--style-waves\">\t\t<svg viewbox=\"0 0 1200 120\" xmlns=\"http:\/\/www.w3.org\/2000\/svg\" preserveaspectratio=\"none\">  <path class=\"ux-shape-fill\" d=\"M321.39 63.56c58 10.79 114.16 30.13 172 41.86 82.39 16.72 168.19 17.73 250.45.39C823.78 89 906.67 48 985.66 27.17c70.05-18.48 146.53-26.09 214.34-3V120H0V92.65a600.21 600.21 0 01321.39-29.09z\"\/><\/svg>\t<\/div>\t\t<div class=\"section-content relative\">\t\t\t<div class=\"row\"  id=\"row-1133802370\">\t<div id=\"col-1110171282\" class=\"col small-12 large-12\"  >\t\t\t\t<div class=\"col-inner\" style=\"background-color:rgb(255,255,255);\" >\t\t\t\t<div class=\"is-border\"\n\t\tstyle=\"border-color:rgb(213, 90, 70);border-radius:10px;border-width:2px 2px 2px 2px;\">\t<\/div>\t\t\t\t<div id=\"text-92685057\" class=\"text\">\t\t<h1 style=\"text-align: left;\">\u00c0 propos de Mondo<\/h1>\t\t<style>\n#text-92685057 {\n  font-size: 1.55rem;\n  color: #1c4882;\n}\n#text-92685057 > * {\n  color: #1c4882;\n}\n@media (min-width:550px) {\n  #text-92685057 {\n    font-size: 1.9rem;\n  }\n}\n<\/style>\t<\/div>\t\t<div id=\"text-2138470926\" class=\"text\">\t\t<p style=\"text-align: left;\"><strong data-start=\"215\" data-end=\"224\">Mondo<\/strong> est plus qu'un simple nom : c'est une marque de confiance reconnue dans le monde entier pour sa qualit\u00e9, son innovation et sa croissance naturelle. Depuis des ann\u00e9es, les deux <a href=\"https:\/\/www.mondogrowkits.com\/fr\/mondo-growkits-best-strains-beginners-advanced\/\">d\u00e9butants<\/a> et les utilisateurs exp\u00e9riment\u00e9s se sont tourn\u00e9s vers nos produits pour explorer le monde des champignons magiques et du microdosage d'une mani\u00e8re s\u00fbre, responsable et accessible.<\/p><h3 class=\"\" data-start=\"510\" data-end=\"535\">Ce que Mondo repr\u00e9sente<\/h3><p class=\"\" data-start=\"537\" data-end=\"866\">Ce qui a commenc\u00e9 comme une simple ligne de <a href=\"https:\/\/www.mondogrowkits.com\/fr\/grow-kits\/\">kits de culture<\/a> est devenue une marque internationale offrant une gamme compl\u00e8te de produits naturels \u00e0 base de champignons. Mondo allie une profonde passion pour la mycologie \u00e0 des ann\u00e9es d'exp\u00e9rience dans le d\u00e9veloppement d'outils fiables et faciles \u00e0 utiliser. Aujourd'hui, nous sommes fiers de servir des clients dans toute l'Europe et aux \u00c9tats-Unis.<\/p><p class=\"\" data-start=\"868\" data-end=\"1123\">Notre mission ? Offrir aux gens la possibilit\u00e9 d'explorer le pouvoir des champignons et des extraits botaniques de mani\u00e8re s\u00fbre, honn\u00eate et \u00e9tay\u00e9e par des connaissances. Chaque produit est soigneusement con\u00e7u, test\u00e9 et perfectionn\u00e9, afin que vous puissiez vous concentrer pleinement sur votre propre parcours.<\/p>\t\t<style>\n#text-2138470926 {\n  color: rgb(0,0,0);\n}\n#text-2138470926 > * {\n  color: rgb(0,0,0);\n}\n<\/style>\t<\/div>\t\t\t<\/div>\t\t\t\t<style>\n#col-1110171282 > .col-inner {\n  padding: 20px 20px 20px 20px;\n  border-radius: 10px;\n}\n<\/style>\t<\/div>\t<\/div><div class=\"row align-equal\"  id=\"row-838583824\">\t<div id=\"col-1410975833\" class=\"col medium-6 small-12 large-6\"  >\t\t\t\t<div class=\"col-inner\" style=\"background-color:rgb(255,255,255);\" >\t\t\t\t<div class=\"is-border\"\n\t\tstyle=\"border-color:rgb(213, 90, 70);border-radius:10px;border-width:2px 2px 2px 2px;\">\t<\/div>\t\t\t\t<div id=\"text-2341070260\" class=\"text\">\t\t<h2>Ce que nous proposons<\/h2>\t\t<style>\n#text-2341070260 {\n  color: #1c4882;\n}\n#text-2341070260 > * {\n  color: #1c4882;\n}\n<\/style>\t<\/div>\t<p class=\"\" data-start=\"1144\" data-end=\"1216\">Sous le nom Mondo, vous trouverez une large gamme de produits de haute qualit\u00e9 :<\/p><ul data-start=\"1218\" data-end=\"1719\">\n<li class=\"\" data-start=\"1218\" data-end=\"1303\">\n<p class=\"\" data-start=\"1220\" data-end=\"1303\"><strong data-start=\"1220\" data-end=\"1242\">Kits de culture de champignons magiques<\/strong> \u2013 kits faciles \u00e0 utiliser et pr\u00eats \u00e0 l'emploi pour la culture \u00e0 domicile<\/p>\n<\/li>\n<li class=\"\" data-start=\"1304\" data-end=\"1367\">\n<p class=\"\" data-start=\"1306\" data-end=\"1367\"><strong data-start=\"1306\" data-end=\"1333\">Spores et seringues<\/strong> \u2013 pour les cultivateurs plus avanc\u00e9s<\/p>\n<\/li>\n<li class=\"\" data-start=\"1368\" data-end=\"1440\">\n<p class=\"\" data-start=\"1370\" data-end=\"1440\"><strong data-start=\"1370\" data-end=\"1388\">Truffes magiques fra\u00eeches<\/strong> \u2013 puissant, frais et d'une qualit\u00e9 constante<\/p>\n<\/li>\n<li class=\"\" data-start=\"1441\" data-end=\"1529\">\n<p class=\"\" data-start=\"1443\" data-end=\"1529\"><strong data-start=\"1443\" data-end=\"1467\">Produits de microdosage<\/strong> \u2013 soutien naturel pour la concentration, la cr\u00e9ativit\u00e9 et la clart\u00e9 mentale<\/p>\n<\/li>\n<li class=\"\" data-start=\"1530\" data-end=\"1627\">\n<p class=\"\" data-start=\"1532\" data-end=\"1627\"><strong data-start=\"1532\" data-end=\"1556\">Teintures et extraits<\/strong> \u2013 formules liquides concentr\u00e9es \u00e0 base de puissants compos\u00e9s de champignons<\/p>\n<\/li>\n<li class=\"\" data-start=\"1628\" data-end=\"1719\">\n<p class=\"\" data-start=\"1630\" data-end=\"1719\"><strong data-start=\"1630\" data-end=\"1638\">SWBS<\/strong> \u2013 Compl\u00e9ments alimentaires sp\u00e9cialis\u00e9s dans le bien-\u00eatre et \u00e0 base de plantes qui soutiennent \u00e0 la fois le corps et l'esprit<\/p>\n<\/li>\n<\/ul>\t\t<\/div>\t\t\t\t<style>\n#col-1410975833 > .col-inner {\n  padding: 20px 20px 20px 20px;\n  border-radius: 10px;\n}\n<\/style>\t<\/div>\t\t<div id=\"col-1439470870\" class=\"col medium-6 small-12 large-6\"  >\t\t\t\t<div class=\"col-inner\" style=\"background-color:rgb(255,255,255);\" >\t\t\t\t<div class=\"is-border\"\n\t\tstyle=\"border-color:rgb(213, 90, 70);border-radius:10px;border-width:2px 2px 2px 2px;\">\t<\/div>\t\t\t\t<div id=\"text-1980281694\" class=\"text\">\t\t<h2>Pourquoi choisir Mondo ?<\/h2>\t\t<style>\n#text-1980281694 {\n  color: #1c4882;\n}\n#text-1980281694 > * {\n  color: #1c4882;\n}\n<\/style>\t<\/div>\t<p class=\"\" data-start=\"1744\" data-end=\"1767\">Avec Mondo, c'est vous qui choisissez :<\/p><ul data-start=\"1769\" data-end=\"2026\">\n<li class=\"\" data-start=\"1769\" data-end=\"1827\">\n<p class=\"\" data-start=\"1771\" data-end=\"1827\">Des produits de haute qualit\u00e9 soutenus par la recherche et l'expertise<\/p>\n<\/li>\n<li class=\"\" data-start=\"1828\" data-end=\"1882\">\n<p class=\"\" data-start=\"1830\" data-end=\"1882\">Exp\u00e9dition vers la plupart des pays de l'UE<\/p>\n<\/li>\n<li class=\"\" data-start=\"1883\" data-end=\"1945\">\n<p class=\"\" data-start=\"1885\" data-end=\"1945\">Communication claire et honn\u00eate, et service client d\u00e9di\u00e9<\/p>\n<\/li>\n<li class=\"\" data-start=\"1946\" data-end=\"1976\">\n<p class=\"\" data-start=\"1948\" data-end=\"1976\">Livraison rapide et discr\u00e8te<\/p>\n<\/li>\n<li class=\"\" data-start=\"1977\" data-end=\"2026\">\n<p class=\"\" data-start=\"1979\" data-end=\"2026\">Une communaut\u00e9 mondiale croissante d'utilisateurs conscients<\/p>\n<\/li>\n<\/ul><a href=\"\/fr\/boutique\/\" class=\"button secondary\" style=\"border-radius:99px;\">\n\t\t<span>Boutique<\/span>\n\t<\/a><a href=\"https:\/\/www.mondogrowkits.com\/fr\/apercu-des-frais-dexpedition\/\" class=\"button primary is-outline\" style=\"border-radius:99px;\">\n\t\t<span>Exp\u00e9dition<\/span>\n\t<\/a><a href=\"https:\/\/www.mondogrowkits.com\/fr\/contact\/\" class=\"button primary is-outline\" style=\"border-radius:99px;\">\n\t\t<span>Contact<\/span>\n\t<\/a>\t\t<\/div>\t\t\t\t<style>\n#col-1439470870 > .col-inner {\n  padding: 20px 20px 20px 20px;\n  border-radius: 10px;\n}\n<\/style>\t<\/div>\t\t<div id=\"col-1073814854\" class=\"col small-12 large-12\"  >\t\t\t\t<div class=\"col-inner\" style=\"background-color:rgb(255,255,255);\" >\t\t\t\t<div class=\"is-border\"\n\t\tstyle=\"border-color:rgb(213, 90, 70);border-radius:10px;border-width:2px 2px 2px 2px;\">\t<\/div>\t\t\t\t<div id=\"text-4294142781\" class=\"text\">\t\t<h2>Une marque qui grandit avec vous<\/h2>\t\t<style>\n#text-4294142781 {\n  color: #1c4882;\n}\n#text-4294142781 > * {\n  color: #1c4882;\n}\n<\/style>\t<\/div>\t<p>Que vous soyez d\u00e9butant ou que vous ayez des ann\u00e9es d'exp\u00e9rience, Mondo est l\u00e0 pour vous accompagner \u00e0 chaque \u00e9tape de votre parcours. Nous sommes fiers d'\u00eatre une marque digne de confiance, ancr\u00e9e dans la nature, soutenue par la science et engag\u00e9e dans votre d\u00e9veloppement.<\/p>\t\t<\/div>\t\t\t\t<style>\n#col-1073814854 > .col-inner {\n  padding: 20px 20px 20px 20px;\n  border-radius: 10px;\n}\n<\/style>\t<\/div>\t<\/div>\t\t<\/div>\t\t<style>\n#section_1590728199 {\n  padding-top: 60px;\n  padding-bottom: 60px;\n}\n#section_1590728199 .ux-shape-divider--top svg {\n  height: 30px;\n  --divider-top-width: 111%;\n}\n<\/style>\t<\/section>","protected":false},"excerpt":{"rendered":"","protected":false},"author":1,"featured_media":0,"parent":0,"menu_order":0,"comment_status":"closed","ping_status":"closed","template":"page-blank.php","meta":{"footnotes":""},"class_list":["post-219","page","type-page","status-publish","hentry"],"jetpack_sharing_enabled":true,"_links":{"self":[{"href":"https:\/\/www.mondogrowkits.com\/fr\/wp-json\/wp\/v2\/pages\/219","targetHints":{"allow":["GET"]}}],"collection":[{"href":"https:\/\/www.mondogrowkits.com\/fr\/wp-json\/wp\/v2\/pages"}],"about":[{"href":"https:\/\/www.mondogrowkits.com\/fr\/wp-json\/wp\/v2\/types\/page"}],"author":[{"embeddable":true,"href":"https:\/\/www.mondogrowkits.com\/fr\/wp-json\/wp\/v2\/users\/1"}],"replies":[{"embeddable":true,"href":"https:\/\/www.mondogrowkits.com\/fr\/wp-json\/wp\/v2\/comments?post=219"}],"version-history":[{"count":19,"href":"https:\/\/www.mondogrowkits.com\/fr\/wp-json\/wp\/v2\/pages\/219\/revisions"}],"predecessor-version":[{"id":5337,"href":"https:\/\/www.mondogrowkits.com\/fr\/wp-json\/wp\/v2\/pages\/219\/revisions\/5337"}],"wp:attachment":[{"href":"https:\/\/www.mondogrowkits.com\/fr\/wp-json\/wp\/v2\/media?parent=219"}],"curies":[{"name":"wp","href":"https:\/\/api.w.org\/{rel}","templated":true}]}}