{"id":2244,"date":"2025-11-03T14:16:00","date_gmt":"2025-11-03T14:16:00","guid":{"rendered":"https:\/\/www.mondogrowkits.com\/?page_id=2244"},"modified":"2026-03-11T14:39:33","modified_gmt":"2026-03-11T13:39:33","slug":"options-de-paiement","status":"publish","type":"page","link":"https:\/\/www.mondogrowkits.com\/fr\/payment-options\/","title":{"rendered":"Options de paiement"},"content":{"rendered":"<section class=\"section\" id=\"section_859997540\">\n\t\t<div class=\"section-bg fill\" >\n\t\t\t\t\t\t\t\t\t\n\t\t\t\n\n\t\t<\/div>\n\n\t\t\n\n\t\t<div class=\"section-content relative\">\n\t\t\t\n\n<div class=\"row align-equal\"  id=\"row-1366908461\">\n\n\n\t<div id=\"col-270192765\" class=\"col small-12 large-12\"  >\n\t\t\t\t<div class=\"col-inner\" style=\"background-color:rgb(255,255,255);\" >\n\t\t\t\n\t<div class=\"is-border\"\n\t\tstyle=\"border-color:rgb(213, 90, 70);border-radius:10px;border-width:0px 0px 0px 0px;\">\n\t<\/div>\n\t\t\t\n\n\t<div id=\"text-3464401775\" class=\"text\">\n\t\t\n\n<h1>Options de paiement s\u00e9curis\u00e9es chez Mondo Growkits<\/h1>\n\t\t\n<style>\n#text-3464401775 {\n  font-size: 1.25rem;\n  color: #1c4882;\n}\n#text-3464401775 > * {\n  color: #1c4882;\n}\n<\/style>\n\t<\/div>\n\t\n\n\t\t<\/div>\n\t\t\t\t\n<style>\n#col-270192765 > .col-inner {\n  padding: 20px 20px 20px 20px;\n  border-radius: 10px;\n}\n<\/style>\n\t<\/div>\n\n\t\n\n<\/div>\n<div class=\"row align-equal\"  id=\"row-786537555\">\n\n\n\t<div id=\"col-226461392\" class=\"col medium-4 small-12 large-4\"  >\n\t\t\t\t<div class=\"col-inner\"  >\n\t\t\t\n\t<div class=\"is-border\"\n\t\tstyle=\"border-color:rgb(219, 219, 219);border-radius:5px;border-width:1px 1px 1px 1px;\">\n\t<\/div>\n\t\t\t\n\n\n\t\t<div class=\"icon-box featured-box icon-box-top text-left\"  >\n\t\t\t\t\t<div class=\"icon-box-img\" style=\"width: 106px\">\n\t\t\t\t<div class=\"icon\">\n\t\t\t\t\t<div class=\"icon-inner\" >\n\t\t\t\t\t\t<img decoding=\"async\" width=\"692\" height=\"215\" src=\"https:\/\/www.mondogrowkits.com\/wp-content\/uploads\/2026\/02\/visa-mastercard.jpg\" class=\"attachment-medium size-medium\" alt=\"\" srcset=\"https:\/\/www.mondogrowkits.com\/wp-content\/uploads\/2026\/02\/visa-mastercard.jpg 692w, https:\/\/www.mondogrowkits.com\/wp-content\/uploads\/2026\/02\/visa-mastercard-18x6.jpg 18w, https:\/\/www.mondogrowkits.com\/wp-content\/uploads\/2026\/02\/visa-mastercard-510x158.jpg 510w\" sizes=\"(max-width: 692px) 100vw, 692px\" title=\"\">\t\t\t\t\t<\/div>\n\t\t\t\t<\/div>\n\t\t\t<\/div>\n\t\t\t\t<div class=\"icon-box-text last-reset\">\n\t\t\t\t\t\t\t\t\t\n\n<h4 data-section-id=\"169n0d\" data-start=\"493\" data-end=\"528\">Carte de cr\u00e9dit (Visa et Mastercard)<\/h4>\n<p data-start=\"529\" data-end=\"712\">Vous pouvez payer rapidement et en toute s\u00e9curit\u00e9 en utilisant votre <strong data-start=\"573\" data-end=\"607\">Carte de cr\u00e9dit Visa ou Mastercard<\/strong>. Les paiements par carte de cr\u00e9dit sont trait\u00e9s instantan\u00e9ment, ce qui nous permet de traiter et d'exp\u00e9dier votre commande sans d\u00e9lai.<\/p>\n\n\t\t<\/div>\n\t<\/div>\n\t\n\t\n\n\t\t<\/div>\n\t\t\t\t\n<style>\n#col-226461392 > .col-inner {\n  padding: 20px 20px 20px 20px;\n}\n<\/style>\n\t<\/div>\n\n\t\n\n\t<div id=\"col-384031427\" class=\"col medium-4 small-12 large-4\"  >\n\t\t\t\t<div class=\"col-inner\"  >\n\t\t\t\n\t<div class=\"is-border\"\n\t\tstyle=\"border-color:rgb(219, 219, 219);border-radius:5px;border-width:1px 1px 1px 1px;\">\n\t<\/div>\n\t\t\t\n\n\n\t\t<div class=\"icon-box featured-box icon-box-top text-left\"  >\n\t\t\t\t\t<div class=\"icon-box-img\" style=\"width: 68px\">\n\t\t\t\t<div class=\"icon\">\n\t\t\t\t\t<div class=\"icon-inner\" >\n\t\t\t\t\t\t<img decoding=\"async\" width=\"381\" height=\"132\" src=\"https:\/\/www.mondogrowkits.com\/wp-content\/uploads\/2026\/03\/sepa-bank-transfer.png\" class=\"attachment-medium size-medium\" alt=\"\" srcset=\"https:\/\/www.mondogrowkits.com\/wp-content\/uploads\/2026\/03\/sepa-bank-transfer.png 381w, https:\/\/www.mondogrowkits.com\/wp-content\/uploads\/2026\/03\/sepa-bank-transfer-18x6.png 18w\" sizes=\"(max-width: 381px) 100vw, 381px\" title=\"\">\t\t\t\t\t<\/div>\n\t\t\t\t<\/div>\n\t\t\t<\/div>\n\t\t\t\t<div class=\"icon-box-text last-reset\">\n\t\t\t\t\t\t\t\t\t\n\n<h4 data-section-id=\"s3b8kd\" data-start=\"961\" data-end=\"988\">Virement bancaire SEPA<\/h4>\n<p data-start=\"989\" data-end=\"1267\">Avec <strong data-start=\"994\" data-end=\"1016\">Virement bancaire SEPA<\/strong>, Les clients de l'UE peuvent transf\u00e9rer le paiement directement de leur compte bancaire. Une fois le paiement re\u00e7u et confirm\u00e9, votre commande sera pr\u00e9par\u00e9e pour l'exp\u00e9dition. En fonction de votre banque, les virements SEPA prennent g\u00e9n\u00e9ralement <strong data-start=\"1245\" data-end=\"1266\">1-2 jours ouvrables<\/strong>.<\/p>\n\n\t\t<\/div>\n\t<\/div>\n\t\n\t\n\n\t\t<\/div>\n\t\t\t\t\n<style>\n#col-384031427 > .col-inner {\n  padding: 20px 20px 20px 20px;\n}\n<\/style>\n\t<\/div>\n\n\t\n\n\t<div id=\"col-327925681\" class=\"col medium-4 small-12 large-4\"  >\n\t\t\t\t<div class=\"col-inner\"  >\n\t\t\t\n\t<div class=\"is-border\"\n\t\tstyle=\"border-color:rgb(219, 219, 219);border-radius:5px;border-width:1px 1px 1px 1px;\">\n\t<\/div>\n\t\t\t\n\n\n\t\t<div class=\"icon-box featured-box icon-box-top text-left\"  >\n\t\t\t\t\t<div class=\"icon-box-img\" style=\"width: 31px\">\n\t\t\t\t<div class=\"icon\">\n\t\t\t\t\t<div class=\"icon-inner\" >\n\t\t\t\t\t\t<img decoding=\"async\" width=\"400\" height=\"400\" src=\"https:\/\/www.mondogrowkits.com\/wp-content\/uploads\/2026\/02\/international-banktransfer-400x400.jpg\" class=\"attachment-medium size-medium\" alt=\"\" srcset=\"https:\/\/www.mondogrowkits.com\/wp-content\/uploads\/2026\/02\/international-banktransfer-400x400.jpg 400w, https:\/\/www.mondogrowkits.com\/wp-content\/uploads\/2026\/02\/international-banktransfer-100x100.jpg 100w, https:\/\/www.mondogrowkits.com\/wp-content\/uploads\/2026\/02\/international-banktransfer-280x280.jpg 280w, https:\/\/www.mondogrowkits.com\/wp-content\/uploads\/2026\/02\/international-banktransfer-12x12.jpg 12w, https:\/\/www.mondogrowkits.com\/wp-content\/uploads\/2026\/02\/international-banktransfer-510x510.jpg 510w, https:\/\/www.mondogrowkits.com\/wp-content\/uploads\/2026\/02\/international-banktransfer.jpg 612w\" sizes=\"(max-width: 400px) 100vw, 400px\" title=\"\">\t\t\t\t\t<\/div>\n\t\t\t\t<\/div>\n\t\t\t<\/div>\n\t\t\t\t<div class=\"icon-box-text last-reset\">\n\t\t\t\t\t\t\t\t\t\n\n<h4 data-section-id=\"14064u2\" data-start=\"1269\" data-end=\"1314\">Virement bancaire international (Royaume-Uni et pays tiers)<\/h4>\n<p data-start=\"1315\" data-end=\"1595\">Les clients de la <strong data-start=\"1334\" data-end=\"1381\">Royaume-Uni et certains pays non membres de l'UE<\/strong> peuvent payer par virement bancaire international. Apr\u00e8s avoir pass\u00e9 votre commande, vous recevrez les coordonn\u00e9es bancaires n\u00e9cessaires pour effectuer le paiement. Le d\u00e9lai de traitement d\u00e9pend de votre banque et peut prendre <strong data-start=\"1573\" data-end=\"1594\">1-3 jours ouvrables<\/strong>.<\/p>\n\n\n\t\t<\/div>\n\t<\/div>\n\t\n\t\n\n\t\t<\/div>\n\t\t\t\t\n<style>\n#col-327925681 > .col-inner {\n  padding: 20px 20px 20px 20px;\n}\n<\/style>\n\t<\/div>\n\n\t\n\n<\/div>\n<div class=\"row align-equal\"  id=\"row-1744803039\">\n\n\n\t<div id=\"col-136242245\" class=\"col medium-4 small-12 large-4\"  >\n\t\t\t\t<div class=\"col-inner\"  >\n\t\t\t\n\t<div class=\"is-border\"\n\t\tstyle=\"border-color:rgb(219, 219, 219);border-radius:5px;border-width:1px 1px 1px 1px;\">\n\t<\/div>\n\t\t\t\n\n\n\t\t<div class=\"icon-box featured-box icon-box-top text-left\"  >\n\t\t\t\t\t<div class=\"icon-box-img\" style=\"width: 61px\">\n\t\t\t\t<div class=\"icon\">\n\t\t\t\t\t<div class=\"icon-inner\" >\n\t\t\t\t\t\t<img decoding=\"async\" width=\"400\" height=\"400\" src=\"https:\/\/www.mondogrowkits.com\/wp-content\/uploads\/2026\/02\/bank_transfer-512-400x400.png\" class=\"attachment-medium size-medium\" alt=\"\" srcset=\"https:\/\/www.mondogrowkits.com\/wp-content\/uploads\/2026\/02\/bank_transfer-512-400x400.png 400w, https:\/\/www.mondogrowkits.com\/wp-content\/uploads\/2026\/02\/bank_transfer-512-e1772294500944-100x100.png 100w, https:\/\/www.mondogrowkits.com\/wp-content\/uploads\/2026\/02\/bank_transfer-512-e1772294500944-280x280.png 280w\" sizes=\"(max-width: 400px) 100vw, 400px\" title=\"\">\t\t\t\t\t<\/div>\n\t\t\t\t<\/div>\n\t\t\t<\/div>\n\t\t\t\t<div class=\"icon-box-text last-reset\">\n\t\t\t\t\t\t\t\t\t\n\n<h4 data-section-id=\"o4mss0\" data-start=\"714\" data-end=\"743\">Paiement bancaire instantan\u00e9 (UE)<\/h4>\n<p data-start=\"744\" data-end=\"959\">Les clients de l'Union europ\u00e9enne <strong data-start=\"765\" data-end=\"783\">Union europ\u00e9enne<\/strong> peuvent utiliser le paiement bancaire instantan\u00e9 pour effectuer leur paiement directement dans leur environnement bancaire en ligne. Les paiements sont trait\u00e9s imm\u00e9diatement, ce qui permet d'acc\u00e9l\u00e9rer le traitement des commandes.<\/p>\n\n\t\t<\/div>\n\t<\/div>\n\t\n\t\n\n\t\t<\/div>\n\t\t\t\t\n<style>\n#col-136242245 > .col-inner {\n  padding: 20px 20px 20px 20px;\n}\n<\/style>\n\t<\/div>\n\n\t\n\n\t<div id=\"col-1737116866\" class=\"col medium-4 small-12 large-4\"  >\n\t\t\t\t<div class=\"col-inner\"  >\n\t\t\t\n\t<div class=\"is-border\"\n\t\tstyle=\"border-color:rgb(219, 219, 219);border-radius:5px;border-width:1px 1px 1px 1px;\">\n\t<\/div>\n\t\t\t\n\n\n\t\t<div class=\"icon-box featured-box icon-box-top text-left\"  >\n\t\t\t\t\t<div class=\"icon-box-img\" style=\"width: 54px\">\n\t\t\t\t<div class=\"icon\">\n\t\t\t\t\t<div class=\"icon-inner\" >\n\t\t\t\t\t\t<img decoding=\"async\" width=\"400\" height=\"400\" src=\"https:\/\/www.mondogrowkits.com\/wp-content\/uploads\/2026\/03\/IDEAL_logo-400x400.webp\" class=\"attachment-medium size-medium\" alt=\"\" srcset=\"https:\/\/www.mondogrowkits.com\/wp-content\/uploads\/2026\/03\/IDEAL_logo-400x400.webp 400w, https:\/\/www.mondogrowkits.com\/wp-content\/uploads\/2026\/03\/IDEAL_logo-100x100.webp 100w, https:\/\/www.mondogrowkits.com\/wp-content\/uploads\/2026\/03\/IDEAL_logo-1000x1000.webp 1000w, https:\/\/www.mondogrowkits.com\/wp-content\/uploads\/2026\/03\/IDEAL_logo-800x800.webp 800w, https:\/\/www.mondogrowkits.com\/wp-content\/uploads\/2026\/03\/IDEAL_logo-280x280.webp 280w, https:\/\/www.mondogrowkits.com\/wp-content\/uploads\/2026\/03\/IDEAL_logo-768x768.webp 768w, https:\/\/www.mondogrowkits.com\/wp-content\/uploads\/2026\/03\/IDEAL_logo-12x12.webp 12w, https:\/\/www.mondogrowkits.com\/wp-content\/uploads\/2026\/03\/IDEAL_logo.webp 1040w\" sizes=\"(max-width: 400px) 100vw, 400px\" title=\"\">\t\t\t\t\t<\/div>\n\t\t\t\t<\/div>\n\t\t\t<\/div>\n\t\t\t\t<div class=\"icon-box-text last-reset\">\n\t\t\t\t\t\t\t\t\t\n\n<h4 data-section-id=\"7qo9c3\" data-start=\"1597\" data-end=\"1606\">iDEAL<\/h4>\n<p data-start=\"1607\" data-end=\"1794\">Pour les clients de l <strong data-start=\"1628\" data-end=\"1643\">Pays-Bas<\/strong>, Nous offrons <strong data-start=\"1654\" data-end=\"1663\">iDEAL<\/strong>, Le paiement en ligne est la m\u00e9thode de paiement la plus utilis\u00e9e dans le pays. Les paiements sont effectu\u00e9s instantan\u00e9ment par l'interm\u00e9diaire de votre propre environnement bancaire.<\/p>\n\n\t\t<\/div>\n\t<\/div>\n\t\n\t\n\n\t\t<\/div>\n\t\t\t\t\n<style>\n#col-1737116866 > .col-inner {\n  padding: 20px 20px 20px 20px;\n}\n<\/style>\n\t<\/div>\n\n\t\n\n\t<div id=\"col-166306658\" class=\"col medium-4 small-12 large-4\"  >\n\t\t\t\t<div class=\"col-inner\"  >\n\t\t\t\n\t<div class=\"is-border\"\n\t\tstyle=\"border-color:rgb(219, 219, 219);border-radius:5px;border-width:1px 1px 1px 1px;\">\n\t<\/div>\n\t\t\t\n\n\n\t\t<div class=\"icon-box featured-box icon-box-top text-left\"  >\n\t\t\t\t\t<div class=\"icon-box-img\" style=\"width: 83px\">\n\t\t\t\t<div class=\"icon\">\n\t\t\t\t\t<div class=\"icon-inner\" >\n\t\t\t\t\t\t<img decoding=\"async\" width=\"302\" height=\"223\" src=\"https:\/\/www.mondogrowkits.com\/wp-content\/uploads\/2026\/03\/bancontact_logo-302x223-1.jpg\" class=\"attachment-medium size-medium\" alt=\"\" srcset=\"https:\/\/www.mondogrowkits.com\/wp-content\/uploads\/2026\/03\/bancontact_logo-302x223-1.jpg 302w, https:\/\/www.mondogrowkits.com\/wp-content\/uploads\/2026\/03\/bancontact_logo-302x223-1-16x12.jpg 16w\" sizes=\"(max-width: 302px) 100vw, 302px\" title=\"\">\t\t\t\t\t<\/div>\n\t\t\t\t<\/div>\n\t\t\t<\/div>\n\t\t\t\t<div class=\"icon-box-text last-reset\">\n\t\t\t\t\t\t\t\t\t\n\n<h4 data-section-id=\"43zw6j\" data-start=\"1796\" data-end=\"1810\">Bancontact<\/h4>\n<p data-start=\"1811\" data-end=\"1954\">Clients en <strong data-start=\"1824\" data-end=\"1835\">Belgique<\/strong> peut utiliser <strong data-start=\"1844\" data-end=\"1858\">Bancontact<\/strong>, Le paiement par carte bancaire est une m\u00e9thode de paiement s\u00fbre et fiable qui permet d'effectuer des paiements directs par l'interm\u00e9diaire de comptes bancaires belges.<\/p>\n\n\t\t<\/div>\n\t<\/div>\n\t\n\t\n\n\t\t<\/div>\n\t\t\t\t\n<style>\n#col-166306658 > .col-inner {\n  padding: 20px 20px 20px 20px;\n}\n<\/style>\n\t<\/div>\n\n\t\n\n<\/div>\n<div class=\"row align-equal\"  id=\"row-1933639174\">\n\n\n\t<div id=\"col-278002520\" class=\"col medium-4 small-12 large-4\"  >\n\t\t\t\t<div class=\"col-inner\"  >\n\t\t\t\n\t<div class=\"is-border\"\n\t\tstyle=\"border-color:rgb(219, 219, 219);border-radius:5px;border-width:1px 1px 1px 1px;\">\n\t<\/div>\n\t\t\t\n\n\n\t\t<div class=\"icon-box featured-box icon-box-top text-left\"  >\n\t\t\t\t\t<div class=\"icon-box-img\" style=\"width: 46px\">\n\t\t\t\t<div class=\"icon\">\n\t\t\t\t\t<div class=\"icon-inner\" >\n\t\t\t\t\t\t<img decoding=\"async\" width=\"286\" height=\"176\" src=\"https:\/\/www.mondogrowkits.com\/wp-content\/uploads\/2026\/03\/images.png\" class=\"attachment-medium size-medium\" alt=\"\" srcset=\"https:\/\/www.mondogrowkits.com\/wp-content\/uploads\/2026\/03\/images.png 286w, https:\/\/www.mondogrowkits.com\/wp-content\/uploads\/2026\/03\/images-18x12.png 18w\" sizes=\"(max-width: 286px) 100vw, 286px\" title=\"\">\t\t\t\t\t<\/div>\n\t\t\t\t<\/div>\n\t\t\t<\/div>\n\t\t\t\t<div class=\"icon-box-text last-reset\">\n\t\t\t\t\t\t\t\t\t\n\n<h4 data-section-id=\"1xxfaf4\" data-start=\"1956\" data-end=\"1963\">EPS<\/h4>\n<p data-start=\"1964\" data-end=\"2122\"><strong data-start=\"1964\" data-end=\"1971\">EPS<\/strong> est une m\u00e9thode de paiement en ligne s\u00e9curis\u00e9e couramment utilis\u00e9e dans les <strong data-start=\"2023\" data-end=\"2034\">Autriche<\/strong>. Les clients peuvent effectuer leur paiement directement via leur propre syst\u00e8me bancaire en ligne.<\/p>\n\n\t\t<\/div>\n\t<\/div>\n\t\n\t\n\n\t\t<\/div>\n\t\t\t\t\n<style>\n#col-278002520 > .col-inner {\n  padding: 20px 20px 20px 20px;\n}\n<\/style>\n\t<\/div>\n\n\t\n\n\t<div id=\"col-1235079947\" class=\"col medium-4 small-12 large-4\"  >\n\t\t\t\t<div class=\"col-inner\"  >\n\t\t\t\n\t<div class=\"is-border\"\n\t\tstyle=\"border-color:rgb(219, 219, 219);border-radius:5px;border-width:1px 1px 1px 1px;\">\n\t<\/div>\n\t\t\t\n\n\n\t\t<div class=\"icon-box featured-box icon-box-top text-left\"  >\n\t\t\t\t\t<div class=\"icon-box-img\" style=\"width: 68px\">\n\t\t\t\t<div class=\"icon\">\n\t\t\t\t\t<div class=\"icon-inner\" >\n\t\t\t\t\t\t<img decoding=\"async\" width=\"302\" height=\"110\" src=\"https:\/\/www.mondogrowkits.com\/wp-content\/uploads\/2026\/03\/onlineuberweisen-302x110-1.png\" class=\"attachment-medium size-medium\" alt=\"\" srcset=\"https:\/\/www.mondogrowkits.com\/wp-content\/uploads\/2026\/03\/onlineuberweisen-302x110-1.png 302w, https:\/\/www.mondogrowkits.com\/wp-content\/uploads\/2026\/03\/onlineuberweisen-302x110-1-18x7.png 18w\" sizes=\"(max-width: 302px) 100vw, 302px\" title=\"\">\t\t\t\t\t<\/div>\n\t\t\t\t<\/div>\n\t\t\t<\/div>\n\t\t\t\t<div class=\"icon-box-text last-reset\">\n\t\t\t\t\t\t\t\t\t\n\n<h4 data-section-id=\"4dzag3\" data-start=\"2124\" data-end=\"2144\">Virement en ligne<\/h4>\n<p data-start=\"2145\" data-end=\"2302\">Clients en <strong data-start=\"2158\" data-end=\"2169\">Allemagne<\/strong> peut utiliser <strong data-start=\"2178\" data-end=\"2198\">Virement en ligne<\/strong>, La banque en ligne est une m\u00e9thode de paiement rapide et s\u00fbre qui permet des paiements directs par l'interm\u00e9diaire de leur environnement bancaire en ligne.<\/p>\n\n\t\t<\/div>\n\t<\/div>\n\t\n\t\n\n\t\t<\/div>\n\t\t\t\t\n<style>\n#col-1235079947 > .col-inner {\n  padding: 20px 20px 20px 20px;\n}\n<\/style>\n\t<\/div>\n\n\t\n\n\t<div id=\"col-1400560410\" class=\"col medium-4 small-12 large-4\"  >\n\t\t\t\t<div class=\"col-inner\"  >\n\t\t\t\n\t<div class=\"is-border\"\n\t\tstyle=\"border-color:rgb(219, 219, 219);border-radius:5px;border-width:1px 1px 1px 1px;\">\n\t<\/div>\n\t\t\t\n\n\n\t\t<div class=\"icon-box featured-box icon-box-top text-left\"  >\n\t\t\t\t\t<div class=\"icon-box-img\" style=\"width: 31px\">\n\t\t\t\t<div class=\"icon\">\n\t\t\t\t\t<div class=\"icon-inner\" >\n\t\t\t\t\t\t<img decoding=\"async\" width=\"250\" height=\"250\" src=\"https:\/\/www.mondogrowkits.com\/wp-content\/uploads\/2026\/03\/Bitcoin.svg-1.webp\" class=\"attachment-medium size-medium\" alt=\"\" srcset=\"https:\/\/www.mondogrowkits.com\/wp-content\/uploads\/2026\/03\/Bitcoin.svg-1.webp 250w, https:\/\/www.mondogrowkits.com\/wp-content\/uploads\/2026\/03\/Bitcoin.svg-1-100x100.webp 100w, https:\/\/www.mondogrowkits.com\/wp-content\/uploads\/2026\/03\/Bitcoin.svg-1-12x12.webp 12w, https:\/\/www.mondogrowkits.com\/wp-content\/uploads\/2026\/03\/Bitcoin.svg-1-247x247.webp 247w\" sizes=\"(max-width: 250px) 100vw, 250px\" title=\"\">\t\t\t\t\t<\/div>\n\t\t\t\t<\/div>\n\t\t\t<\/div>\n\t\t\t\t<div class=\"icon-box-text last-reset\">\n\t\t\t\t\t\t\t\t\t\n\n<h4 data-section-id=\"c4ymk2\" data-start=\"2462\" data-end=\"2473\">Bitcoin<\/h4>\n<p data-start=\"2474\" data-end=\"2651\">Nous acceptons \u00e9galement <strong data-start=\"2489\" data-end=\"2509\">Paiements en bitcoins<\/strong> pour les clients qui pr\u00e9f\u00e8rent payer avec des crypto-monnaies. Une fois la transaction confirm\u00e9e sur la blockchain, votre commande sera trait\u00e9e.<\/p>\n\n\t\t<\/div>\n\t<\/div>\n\t\n\t\n\n\t\t<\/div>\n\t\t\t\t\n<style>\n#col-1400560410 > .col-inner {\n  padding: 20px 20px 20px 20px;\n}\n<\/style>\n\t<\/div>\n\n\t\n\n<\/div>\n\n\t\t<\/div>\n\n\t\t\n<style>\n#section_859997540 {\n  padding-top: 30px;\n  padding-bottom: 30px;\n}\n<\/style>\n\t<\/section>","protected":false},"excerpt":{"rendered":"","protected":false},"author":1,"featured_media":0,"parent":0,"menu_order":0,"comment_status":"closed","ping_status":"closed","template":"page-blank.php","meta":{"footnotes":""},"class_list":["post-2244","page","type-page","status-publish","hentry"],"jetpack_sharing_enabled":true,"_links":{"self":[{"href":"https:\/\/www.mondogrowkits.com\/fr\/wp-json\/wp\/v2\/pages\/2244","targetHints":{"allow":["GET"]}}],"collection":[{"href":"https:\/\/www.mondogrowkits.com\/fr\/wp-json\/wp\/v2\/pages"}],"about":[{"href":"https:\/\/www.mondogrowkits.com\/fr\/wp-json\/wp\/v2\/types\/page"}],"author":[{"embeddable":true,"href":"https:\/\/www.mondogrowkits.com\/fr\/wp-json\/wp\/v2\/users\/1"}],"replies":[{"embeddable":true,"href":"https:\/\/www.mondogrowkits.com\/fr\/wp-json\/wp\/v2\/comments?post=2244"}],"version-history":[{"count":8,"href":"https:\/\/www.mondogrowkits.com\/fr\/wp-json\/wp\/v2\/pages\/2244\/revisions"}],"predecessor-version":[{"id":4302,"href":"https:\/\/www.mondogrowkits.com\/fr\/wp-json\/wp\/v2\/pages\/2244\/revisions\/4302"}],"wp:attachment":[{"href":"https:\/\/www.mondogrowkits.com\/fr\/wp-json\/wp\/v2\/media?parent=2244"}],"curies":[{"name":"wp","href":"https:\/\/api.w.org\/{rel}","templated":true}]}}