{"id":386,"date":"2025-04-19T17:55:37","date_gmt":"2025-04-19T17:55:37","guid":{"rendered":"https:\/\/staging.mondogrowkits.com\/?page_id=386"},"modified":"2026-03-11T11:24:40","modified_gmt":"2026-03-11T10:24:40","slug":"apercu-des-frais-dexpedition","status":"publish","type":"page","link":"https:\/\/www.mondogrowkits.com\/fr\/shipping-overview\/","title":{"rendered":"Aper\u00e7u des frais d'exp\u00e9dition"},"content":{"rendered":"<section class=\"section\" id=\"section_87927066\">\n\t\t<div class=\"section-bg fill\" >\n\t\t\t\t\t\t\t\t\t\n\t\t\t\n\n\t\t<\/div>\n\n\t\t\n\n\t\t<div class=\"section-content relative\">\n\t\t\t\n\n<div class=\"row\"  id=\"row-842051056\">\n\n\n\t<div id=\"col-816406393\" class=\"col small-12 large-12\"  >\n\t\t\t\t<div class=\"col-inner\"  >\n\t\t\t\n\t\t\t\n\n\t<div id=\"text-4092169006\" class=\"text\">\n\t\t\n\n<h1>Informations sur l'exp\u00e9dition<\/h1>\n\t\t\n<style>\n#text-4092169006 {\n  font-size: 1.25rem;\n}\n@media (min-width:550px) {\n  #text-4092169006 {\n    font-size: 1.55rem;\n  }\n}\n<\/style>\n\t<\/div>\n\t\n\n\t\t<\/div>\n\t\t\t\t\t<\/div>\n\n\t\n\n<\/div>\n<div class=\"row\"  id=\"row-1093479205\">\n\n\n\t<div id=\"col-1185049562\" class=\"col small-12 large-12\"  >\n\t\t\t\t<div class=\"col-inner\"  >\n\t\t\t\n\t<div class=\"is-border\"\n\t\tstyle=\"border-color:rgb(199, 38, 38);border-radius:5px;border-width:1px 1px 1px 1px;\">\n\t<\/div>\n\t\t\t\n\n\n\t\t<div class=\"icon-box featured-box icon-box-top text-left\"  >\n\t\t\t\t<div class=\"icon-box-text last-reset\">\n\t\t\t\t\t\t\t\t\t\n\n\t<div id=\"text-2061929961\" class=\"text\">\n\t\t\n\n<h2 data-section-id=\"1fsslyh\" data-start=\"318\" data-end=\"346\">Exp\u00e9dition rapide et discr\u00e8te<\/h2>\n<p data-start=\"347\" data-end=\"432\">Les commandes pass\u00e9es et pay\u00e9es les jours ouvrables avant <strong data-start=\"393\" data-end=\"402\">14:00<\/strong> sont exp\u00e9di\u00e9s <strong data-start=\"415\" data-end=\"431\">le m\u00eame jour<\/strong>.<\/p>\n<p data-start=\"434\" data-end=\"643\">Toutes les commandes sont emball\u00e9es et exp\u00e9di\u00e9es <strong data-start=\"468\" data-end=\"495\">en toute s\u00e9curit\u00e9 et en toute discr\u00e9tion<\/strong>. Nous accordons une grande importance \u00e0 la protection de votre vie priv\u00e9e. Les colis sont envoy\u00e9s en <strong data-start=\"551\" data-end=\"577\">bo\u00eetes simples, sans marque<\/strong> sans logos, images, marques ou r\u00e9f\u00e9rences au contenu.<\/p>\n<p data-start=\"645\" data-end=\"747\">Chaque envoi comprend un <strong data-start=\"671\" data-end=\"693\">Code Track &amp; Trace<\/strong>, Vous pouvez ainsi suivre facilement votre commande pendant la livraison.<\/p>\n<p data-start=\"749\" data-end=\"867\">Si vous ne recevez pas votre code de suivi par courrier \u00e9lectronique, veuillez v\u00e9rifier votre dossier de courrier ind\u00e9sirable ou nous contacter et nous vous aiderons.<\/p>\n<hr data-start=\"869\" data-end=\"872\" \/>\n<h2 data-section-id=\"1jcr5op\" data-start=\"874\" data-end=\"900\">Exp\u00e9dition en Europe<\/h2>\n<p data-start=\"901\" data-end=\"993\">Nous exp\u00e9dions <strong data-start=\"909\" data-end=\"947\">rapidement et de mani\u00e8re fiable dans toute l'Europe<\/strong> en utilisant des services de courrier international de confiance.<\/p>\n<p data-start=\"995\" data-end=\"1081\">La plupart des commandes sont livr\u00e9es dans un d\u00e9lai de <strong data-start=\"1021\" data-end=\"1042\">2-7 jours ouvrables<\/strong>, selon le pays de destination.<\/p>\n<p data-start=\"1083\" data-end=\"1178\">Les commandes sont trait\u00e9es avec soin afin de garantir que votre colis arrive \u00e0 destination. <strong data-start=\"1143\" data-end=\"1177\">en toute s\u00e9curit\u00e9, discr\u00e8tement et \u00e0 temps<\/strong>.<\/p>\n<p data-start=\"1180\" data-end=\"1264\"><strong data-start=\"1180\" data-end=\"1264\">Les frais de port sont gratuits \u00e0 partir de 75 euros pour tous les pays de l'UE et le Royaume-Uni.<\/strong><\/p>\n<hr data-start=\"1266\" data-end=\"1269\" \/>\n<h2 data-section-id=\"1ug4ukz\" data-start=\"1271\" data-end=\"1296\">Restrictions d'exp\u00e9dition<\/h2>\n<p data-start=\"1297\" data-end=\"1346\">Malheureusement, nous ne <strong data-start=\"1318\" data-end=\"1345\">pas de livraison en dehors de l'Europe<\/strong>.<\/p>\n<p data-start=\"1348\" data-end=\"1417\">Nous avons \u00e9galement <strong data-start=\"1356\" data-end=\"1416\">ne sont pas exp\u00e9di\u00e9s en Suisse, en Islande ou aux \u00c9tats-Unis<\/strong>.<\/p>\n<hr data-start=\"1419\" data-end=\"1422\" \/>\n<h2 data-section-id=\"t6quc0\" data-start=\"1424\" data-end=\"1459\">Frais d'exp\u00e9dition et d\u00e9lais de livraison<\/h2>\n<p data-start=\"1460\" data-end=\"1559\">Les frais d'exp\u00e9dition d\u00e9pendent du pays de destination et sont les suivants <strong data-start=\"1521\" data-end=\"1558\">clairement affich\u00e9e lors du paiement<\/strong>.<\/p>\n<p data-start=\"1561\" data-end=\"1670\">Les d\u00e9lais de livraison estim\u00e9s varient d'un pays \u00e0 l'autre mais se situent g\u00e9n\u00e9ralement entre <strong data-start=\"1631\" data-end=\"1669\">2 et 7 jours ouvrables en Europe<\/strong>.<\/p>\n<p data-start=\"1672\" data-end=\"1776\">Pour <strong data-start=\"1676\" data-end=\"1712\">commandes group\u00e9es ou sup\u00e9rieures \u00e0 550 euros<\/strong>, Veuillez nous contacter afin que nous puissions organiser les meilleures options d'exp\u00e9dition.<\/p>\n<p data-start=\"1778\" data-end=\"1803\">\ud83d\udce7 <a class=\"decorated-link cursor-pointer\" rel=\"noopener\" data-start=\"1781\" data-end=\"1803\">info@mondogrowkits.com<\/a><\/p>\n<hr data-start=\"1805\" data-end=\"1808\" \/>\n<h2 data-section-id=\"tecq26\" data-start=\"1810\" data-end=\"1827\">Suivre et tracer<\/h2>\n<p data-start=\"1828\" data-end=\"1874\">Toutes les commandes sont exp\u00e9di\u00e9es avec <strong data-start=\"1856\" data-end=\"1873\">Suivre et tracer<\/strong>.<\/p>\n<p data-start=\"1876\" data-end=\"2040\">D\u00e8s que votre colis a \u00e9t\u00e9 pris en charge par le transporteur, vous recevez automatiquement un code de suivi par courrier \u00e9lectronique afin que vous puissiez suivre l'\u00e9volution de votre livraison.<\/p>\n\t\t\n<style>\n#text-2061929961 {\n  text-align: left;\n}\n<\/style>\n\t<\/div>\n\t\n\n\t\t<\/div>\n\t<\/div>\n\t\n\t\n\n\n<table style=\"width:100%; border-collapse:collapse; font-family:Arial, sans-serif;\">\n<thead>\n<tr style=\"background:#f5f5f5;\">\n<th style=\"padding:10px;border:1px solid #ddd;text-align:left;\">Pays<\/th>\n<th style=\"padding:10px;border:1px solid #ddd;text-align:left;\">Frais d'exp\u00e9dition<\/th>\n<th style=\"padding:10px;border:1px solid #ddd;text-align:left;\">D\u00e9lai de livraison<\/th>\n<th style=\"padding:10px;border:1px solid #ddd;text-align:left;\">Livraison gratuite<\/th>\n<\/tr>\n<\/thead>\n\n<tbody>\n\n<tr><td style=\"border:1px solid #ddd;padding:8px;\">Pays-Bas<\/td><td style=\"border:1px solid #ddd;\">\u20ac6.95<\/td><td style=\"border:1px solid #ddd;\">1-3 jours ouvrables<\/td><td style=\"border:1px solid #ddd;\">\u00c0 partir de 75 euros<\/td><\/tr>\n\n<tr><td style=\"border:1px solid #ddd;padding:8px;\">Belgique<\/td><td style=\"border:1px solid #ddd;\">\u20ac7.95<\/td><td style=\"border:1px solid #ddd;\">2-4 jours ouvrables<\/td><td style=\"border:1px solid #ddd;\">\u00c0 partir de 75 euros<\/td><\/tr>\n\n<tr><td style=\"border:1px solid #ddd;padding:8px;\">Luxembourg<\/td><td style=\"border:1px solid #ddd;\">\u20ac7.95<\/td><td style=\"border:1px solid #ddd;\">2-4 jours ouvrables<\/td><td style=\"border:1px solid #ddd;\">\u00c0 partir de 75 euros<\/td><\/tr>\n\n<tr><td style=\"border:1px solid #ddd;padding:8px;\">Allemagne<\/td><td style=\"border:1px solid #ddd;\">\u20ac6.95<\/td><td style=\"border:1px solid #ddd;\">3-5 jours ouvrables<\/td><td style=\"border:1px solid #ddd;\">\u00c0 partir de 75 euros<\/td><\/tr>\n\n<tr><td style=\"border:1px solid #ddd;padding:8px;\">Autriche<\/td><td style=\"border:1px solid #ddd;\">\u20ac12.95<\/td><td style=\"border:1px solid #ddd;\">4-6 jours ouvrables<\/td><td style=\"border:1px solid #ddd;\">\u00c0 partir de 75 euros<\/td><\/tr>\n\n<tr><td style=\"border:1px solid #ddd;padding:8px;\">Andorre<\/td><td style=\"border:1px solid #ddd;\">\u20ac12.95<\/td><td style=\"border:1px solid #ddd;\">5-7 jours ouvrables<\/td><td style=\"border:1px solid #ddd;\">\u00c0 partir de 75 euros<\/td><\/tr>\n\n<tr><td style=\"border:1px solid #ddd;padding:8px;\">Danemark<\/td><td style=\"border:1px solid #ddd;\">\u20ac12.95<\/td><td style=\"border:1px solid #ddd;\">4-6 jours ouvrables<\/td><td style=\"border:1px solid #ddd;\">\u00c0 partir de 75 euros<\/td><\/tr>\n\n<tr><td style=\"border:1px solid #ddd;padding:8px;\">France<\/td><td style=\"border:1px solid #ddd;\">\u20ac12.95<\/td><td style=\"border:1px solid #ddd;\">4-6 jours ouvrables<\/td><td style=\"border:1px solid #ddd;\">\u00c0 partir de 75 euros<\/td><\/tr>\n\n<tr><td style=\"border:1px solid #ddd;padding:8px;\">Irlande<\/td><td style=\"border:1px solid #ddd;\">\u20ac12.95<\/td><td style=\"border:1px solid #ddd;\">5-7 jours ouvrables<\/td><td style=\"border:1px solid #ddd;\">\u00c0 partir de 75 euros<\/td><\/tr>\n\n<tr><td style=\"border:1px solid #ddd;padding:8px;\">Italie<\/td><td style=\"border:1px solid #ddd;\">\u20ac12.95<\/td><td style=\"border:1px solid #ddd;\">4-6 jours ouvrables<\/td><td style=\"border:1px solid #ddd;\">\u00c0 partir de 75 euros<\/td><\/tr>\n\n<tr><td style=\"border:1px solid #ddd;padding:8px;\">Espagne<\/td><td style=\"border:1px solid #ddd;\">\u20ac12.95<\/td><td style=\"border:1px solid #ddd;\">4-6 jours ouvrables<\/td><td style=\"border:1px solid #ddd;\">\u00c0 partir de 75 euros<\/td><\/tr>\n\n<tr><td style=\"border:1px solid #ddd;padding:8px;\">Croatie<\/td><td style=\"border:1px solid #ddd;\">\u20ac16.95<\/td><td style=\"border:1px solid #ddd;\">6-8 jours ouvrables<\/td><td style=\"border:1px solid #ddd;\">\u00c0 partir de 75 euros<\/td><\/tr>\n\n<tr><td style=\"border:1px solid #ddd;padding:8px;\">R\u00e9publique tch\u00e8que<\/td><td style=\"border:1px solid #ddd;\">\u20ac16.95<\/td><td style=\"border:1px solid #ddd;\">4-6 jours ouvrables<\/td><td style=\"border:1px solid #ddd;\">\u00c0 partir de 75 euros<\/td><\/tr>\n\n<tr><td style=\"border:1px solid #ddd;padding:8px;\">Estonie<\/td><td style=\"border:1px solid #ddd;\">\u20ac16.95<\/td><td style=\"border:1px solid #ddd;\">5-7 jours ouvrables<\/td><td style=\"border:1px solid #ddd;\">\u00c0 partir de 75 euros<\/td><\/tr>\n\n<tr><td style=\"border:1px solid #ddd;padding:8px;\">Finlande<\/td><td style=\"border:1px solid #ddd;\">\u20ac16.95<\/td><td style=\"border:1px solid #ddd;\">5-7 jours ouvrables<\/td><td style=\"border:1px solid #ddd;\">\u00c0 partir de 75 euros<\/td><\/tr>\n\n<tr><td style=\"border:1px solid #ddd;padding:8px;\">Gr\u00e8ce<\/td><td style=\"border:1px solid #ddd;\">\u20ac16.95<\/td><td style=\"border:1px solid #ddd;\">7-9 jours ouvrables<\/td><td style=\"border:1px solid #ddd;\">\u00c0 partir de 75 euros<\/td><\/tr>\n\n<tr><td style=\"border:1px solid #ddd;padding:8px;\">Hongrie<\/td><td style=\"border:1px solid #ddd;\">\u20ac16.95<\/td><td style=\"border:1px solid #ddd;\">4-6 jours ouvrables<\/td><td style=\"border:1px solid #ddd;\">\u00c0 partir de 75 euros<\/td><\/tr>\n\n<tr><td style=\"border:1px solid #ddd;padding:8px;\">Liechtenstein<\/td><td style=\"border:1px solid #ddd;\">\u20ac16.95<\/td><td style=\"border:1px solid #ddd;\">4-6 jours ouvrables<\/td><td style=\"border:1px solid #ddd;\">\u00c0 partir de 75 euros<\/td><\/tr>\n\n<tr><td style=\"border:1px solid #ddd;padding:8px;\">Pologne<\/td><td style=\"border:1px solid #ddd;\">\u20ac16.95<\/td><td style=\"border:1px solid #ddd;\">4-6 jours ouvrables<\/td><td style=\"border:1px solid #ddd;\">\u00c0 partir de 75 euros<\/td><\/tr>\n\n<tr><td style=\"border:1px solid #ddd;padding:8px;\">Portugal<\/td><td style=\"border:1px solid #ddd;\">\u20ac16.95<\/td><td style=\"border:1px solid #ddd;\">5-7 jours ouvrables<\/td><td style=\"border:1px solid #ddd;\">\u00c0 partir de 75 euros<\/td><\/tr>\n\n<tr><td style=\"border:1px solid #ddd;padding:8px;\">Slovaquie<\/td><td style=\"border:1px solid #ddd;\">\u20ac16.95<\/td><td style=\"border:1px solid #ddd;\">4-6 jours ouvrables<\/td><td style=\"border:1px solid #ddd;\">\u00c0 partir de 75 euros<\/td><\/tr>\n\n<tr><td style=\"border:1px solid #ddd;padding:8px;\">Bulgarie<\/td><td style=\"border:1px solid #ddd;\">\u20ac16.95<\/td><td style=\"border:1px solid #ddd;\">6-8 jours ouvrables<\/td><td style=\"border:1px solid #ddd;\">\u00c0 partir de 75 euros<\/td><\/tr>\n\n<tr><td style=\"border:1px solid #ddd;padding:8px;\">Slov\u00e9nie<\/td><td style=\"border:1px solid #ddd;\">\u20ac16.95<\/td><td style=\"border:1px solid #ddd;\">5-7 jours ouvrables<\/td><td style=\"border:1px solid #ddd;\">\u00c0 partir de 75 euros<\/td><\/tr>\n\n<tr><td style=\"border:1px solid #ddd;padding:8px;\">Roumanie<\/td><td style=\"border:1px solid #ddd;\">\u20ac16.95<\/td><td style=\"border:1px solid #ddd;\">6-8 jours ouvrables<\/td><td style=\"border:1px solid #ddd;\">\u00c0 partir de 75 euros<\/td><\/tr>\n\n<tr><td style=\"border:1px solid #ddd;padding:8px;\">Lettonie<\/td><td style=\"border:1px solid #ddd;\">\u20ac16.95<\/td><td style=\"border:1px solid #ddd;\">5-7 jours ouvrables<\/td><td style=\"border:1px solid #ddd;\">\u00c0 partir de 75 euros<\/td><\/tr>\n\n<tr>\n<td style=\"border:1px solid #ddd;padding:8px;\">Royaume-Uni<\/td>\n<td style=\"border:1px solid #ddd;\">\u20ac11.95<\/td>\n<td style=\"border:1px solid #ddd;\">5-7 jours ouvrables<\/td>\n<td style=\"border:1px solid #ddd;\">\u00c0 partir de 75 euros<\/td>\n<\/tr>\n\n<tr><td style=\"border:1px solid #ddd;padding:8px;\">Malte<\/td><td style=\"border:1px solid #ddd;\">\u20ac24.50<\/td><td style=\"border:1px solid #ddd;\">5-7 jours ouvrables<\/td><td style=\"border:1px solid #ddd;\">\u00c0 partir de 75 euros<\/td><\/tr>\n\n<tr><td style=\"border:1px solid #ddd;padding:8px;\">Suisse<\/td><td style=\"border:1px solid #ddd;\">Pas d'exp\u00e9dition disponible<\/td><td style=\"border:1px solid #ddd;\">\u2014<\/td><td style=\"border:1px solid #ddd;\">\u2014<\/td><\/tr>\n\n<tr><td style=\"border:1px solid #ddd;padding:8px;\">Islande<\/td><td style=\"border:1px solid #ddd;\">Pas d'exp\u00e9dition disponible<\/td><td style=\"border:1px solid #ddd;\">\u2014<\/td><td style=\"border:1px solid #ddd;\">\u2014<\/td><\/tr>\n\n<tr><td style=\"border:1px solid #ddd;padding:8px;\">\u00c9tats-Unis<\/td><td style=\"border:1px solid #ddd;\">Pas d'exp\u00e9dition disponible<\/td><td style=\"border:1px solid #ddd;\">\u2014<\/td><td style=\"border:1px solid #ddd;\">\u2014<\/td><\/tr>\n\n<\/tbody>\n<\/table>\n\n\n\t\t<\/div>\n\t\t\t\t\n<style>\n#col-1185049562 > .col-inner {\n  padding: 20px 20px 20px 20px;\n  border-radius: 5px;\n}\n<\/style>\n\t<\/div>\n\n\t\n\n<\/div>\n<div class=\"row\"  id=\"row-1671742337\">\n\n\n\t<div id=\"col-1506944915\" class=\"col small-12 large-12\"  >\n\t\t\t\t<div class=\"col-inner\" style=\"background-color:rgb(255,255,255);\" >\n\t\t\t\n\t<div class=\"is-border\"\n\t\tstyle=\"border-color:rgb(213, 90, 70);border-radius:10px;border-width:2px 2px 2px 2px;\">\n\t<\/div>\n\t\t\t\n\n\t<div id=\"text-1660280347\" class=\"text\">\n\t\t\n\n<h2 style=\"text-align: left;\"><b>Avertissement important \u2013 Exp\u00e9ditions aux \u00c9tats-Unis<\/b><\/h2>\n\t\t\n<style>\n#text-1660280347 {\n  font-size: 1.55rem;\n  color: #1c4882;\n}\n#text-1660280347 > * {\n  color: #1c4882;\n}\n@media (min-width:550px) {\n  #text-1660280347 {\n    font-size: 1rem;\n  }\n}\n<\/style>\n\t<\/div>\n\t\n\t<div id=\"text-982435816\" class=\"text\">\n\t\t\n\n<p>Nous avons remarqu\u00e9 qu'il existe de nombreux sites web et boutiques en ligne frauduleux aux \u00c9tats-Unis qui vendent nos produits. Nous recevons beaucoup d'e-mails de consommateurs am\u00e9ricains qui ont achet\u00e9 nos produits sur une boutique en ligne et ne les ont jamais re\u00e7us. Ces sites web am\u00e9ricains sont des arnaques !<\/p>\n<p><strong>Sites Web frauduleux :<\/strong><br \/>\u2013 https:\/\/magicshroomshopusa.com<br \/>\u2013 https:\/\/premiummagicmushrooms.com<br \/>\u2013 https:\/\/buy-magic-mushrooms.com\/<br \/>\u2013 https:\/\/magicmushroomshopusa.org<br \/>\u2013 https:\/\/the-magic-shrooms.com<br \/>\u2013 https:\/\/bestspores.org\/<\/p>\n<p><b>Veuillez noter<\/b>\u00a0\u2013 N'achetez pas dans ces boutiques en ligne, elles ne vendent pas de produits MONDO, mais uniquement des contrefa\u00e7ons.<br \/>- Nous n'avons pas de revendeurs aux Etats-Unis. Les produits Mondo ne peuvent \u00eatre achet\u00e9s qu'aupr\u00e8s de revendeurs n\u00e9erlandais.<br \/>\u2013 Les produits \u00e0 base de truffes ne peuvent pas \u00eatre exp\u00e9di\u00e9s en dehors de l'Union europ\u00e9enne en raison de restrictions l\u00e9gales.<\/p>\n\t\t\n<style>\n#text-982435816 {\n  color: rgb(0,0,0);\n}\n#text-982435816 > * {\n  color: rgb(0,0,0);\n}\n<\/style>\n\t<\/div>\n\t\n\n\t\t<\/div>\n\t\t\t\t\n<style>\n#col-1506944915 > .col-inner {\n  padding: 20px 20px 20px 20px;\n  border-radius: 10px;\n}\n<\/style>\n\t<\/div>\n\n\t\n\n<\/div>\n\n\t\t<\/div>\n\n\t\t\n<style>\n#section_87927066 {\n  padding-top: 30px;\n  padding-bottom: 30px;\n}\n<\/style>\n\t<\/section>","protected":false},"excerpt":{"rendered":"","protected":false},"author":1,"featured_media":0,"parent":0,"menu_order":0,"comment_status":"closed","ping_status":"closed","template":"page-blank.php","meta":{"footnotes":""},"class_list":["post-386","page","type-page","status-publish","hentry"],"jetpack_sharing_enabled":true,"_links":{"self":[{"href":"https:\/\/www.mondogrowkits.com\/fr\/wp-json\/wp\/v2\/pages\/386","targetHints":{"allow":["GET"]}}],"collection":[{"href":"https:\/\/www.mondogrowkits.com\/fr\/wp-json\/wp\/v2\/pages"}],"about":[{"href":"https:\/\/www.mondogrowkits.com\/fr\/wp-json\/wp\/v2\/types\/page"}],"author":[{"embeddable":true,"href":"https:\/\/www.mondogrowkits.com\/fr\/wp-json\/wp\/v2\/users\/1"}],"replies":[{"embeddable":true,"href":"https:\/\/www.mondogrowkits.com\/fr\/wp-json\/wp\/v2\/comments?post=386"}],"version-history":[{"count":18,"href":"https:\/\/www.mondogrowkits.com\/fr\/wp-json\/wp\/v2\/pages\/386\/revisions"}],"predecessor-version":[{"id":4286,"href":"https:\/\/www.mondogrowkits.com\/fr\/wp-json\/wp\/v2\/pages\/386\/revisions\/4286"}],"wp:attachment":[{"href":"https:\/\/www.mondogrowkits.com\/fr\/wp-json\/wp\/v2\/media?parent=386"}],"curies":[{"name":"wp","href":"https:\/\/api.w.org\/{rel}","templated":true}]}}