{"id":4139,"date":"2026-03-05T18:45:24","date_gmt":"2026-03-05T17:45:24","guid":{"rendered":"https:\/\/www.mondogrowkits.com\/?page_id=4139"},"modified":"2026-04-01T08:31:42","modified_gmt":"2026-04-01T07:31:42","slug":"golden-teacher-psilocybe-cubensis-variete","status":"publish","type":"page","link":"https:\/\/www.mondogrowkits.com\/fr\/magic-mushroom-strain-library\/golden-teacher-psilocybe-cubensis-strain\/","title":{"rendered":"Golden Teacher (Psilocybe cubensis) Souche"},"content":{"rendered":"<section class=\"section\" id=\"section_1666510422\">\t\t<div class=\"section-bg fill\" >\t\t\t\t\t\t\t\t\t<div class=\"section-bg-overlay absolute fill\"><\/div>\t\t\t\t\t<\/div>\t\t\t\t<div class=\"section-content relative\">\t\t\t<div class=\"row row-large align-middle\"  id=\"row-518437697\">\t<div id=\"col-1346004604\" class=\"col medium-6 small-12 large-6\"  >\t\t\t\t<div class=\"col-inner text-left\"  >\t\t\t\t\t\t<h1 data-start=\"1054\" data-end=\"1098\">Golden Teacher (Psilocybe cubensis) Souche<\/h1><p data-start=\"1100\" data-end=\"1343\">Golden Teacher est l'un des plus c\u00e9l\u00e8bres. <strong data-start=\"1141\" data-end=\"1171\">Souches de Psilocybe cubensis<\/strong> du monde et est largement cultiv\u00e9e depuis des d\u00e9cennies. Cette vari\u00e9t\u00e9 est connue pour ses caract\u00e9ristiques <strong data-start=\"1269\" data-end=\"1342\">capsules de couleur dor\u00e9e, croissance fiable et effets psych\u00e9d\u00e9liques \u00e9quilibr\u00e9s<\/strong>.<\/p><p data-start=\"1345\" data-end=\"1504\">En raison de son <strong data-start=\"1360\" data-end=\"1401\">puissance mod\u00e9r\u00e9e et culture facile<\/strong>, Golden Teacher est devenue l'une des souches les plus populaires \u00e0 la fois pour l'\u00e9levage et pour l'agriculture. <a href=\"https:\/\/www.mondogrowkits.com\/fr\/mondo-growkits-best-strains-beginners-advanced\/\">d\u00e9butants<\/a> et des cultivateurs exp\u00e9riment\u00e9s.<\/p><p data-start=\"1506\" data-end=\"1709\">De nombreux cultivateurs d\u00e9butants commencent par un <strong data-start=\"1547\" data-end=\"1589\">Golden Teacher Kit de culture de champignons magiques<\/strong>, Les cultivateurs plus exp\u00e9riment\u00e9s peuvent cultiver la souche \u00e0 l'aide d'un <strong data-start=\"1655\" data-end=\"1708\">Golden Teacher - Seringue \u00e0 spores Psilocybe Cubensis<\/strong>.<\/p><p data-start=\"1711\" data-end=\"1860\">Les champignons Golden Teacher sont souvent associ\u00e9s \u00e0 <strong data-start=\"1762\" data-end=\"1818\">des exp\u00e9riences psych\u00e9d\u00e9liques introspectives et perspicaces<\/strong>, C'est d'ailleurs de l\u00e0 que vient le nom de la souche.<\/p>\t\t<\/div>\t\t\t\t\t<\/div>\t\t<div id=\"col-61982665\" class=\"col medium-6 small-12 large-6\"  >\t\t\t\t<div class=\"col-inner\"  >\t\t\t\t\t\t\t<div class=\"img has-hover x md-x lg-x y md-y lg-y\" id=\"image_1585538808\">\t\t\t\t\t\t\t\t<div class=\"img-inner image-cover dark\" style=\"padding-top:75%;\">\t\t\t<img decoding=\"async\" width=\"800\" height=\"800\" src=\"https:\/\/www.mondogrowkits.com\/wp-content\/uploads\/2025\/05\/ChatGPT-Image-23-mrt-2026-17_18_03-800x800.png\" class=\"attachment-large size-large\" alt=\"Golden Teacher - Kit de culture de champignons magiques\" srcset=\"https:\/\/www.mondogrowkits.com\/wp-content\/uploads\/2025\/05\/ChatGPT-Image-23-mrt-2026-17_18_03-800x800.png 800w, https:\/\/www.mondogrowkits.com\/wp-content\/uploads\/2025\/05\/ChatGPT-Image-23-mrt-2026-17_18_03-400x400.png 400w, https:\/\/www.mondogrowkits.com\/wp-content\/uploads\/2025\/05\/ChatGPT-Image-23-mrt-2026-17_18_03-100x100.png 100w, https:\/\/www.mondogrowkits.com\/wp-content\/uploads\/2025\/05\/ChatGPT-Image-23-mrt-2026-17_18_03-1000x1000.png 1000w, https:\/\/www.mondogrowkits.com\/wp-content\/uploads\/2025\/05\/ChatGPT-Image-23-mrt-2026-17_18_03-280x280.png 280w, https:\/\/www.mondogrowkits.com\/wp-content\/uploads\/2025\/05\/ChatGPT-Image-23-mrt-2026-17_18_03-768x768.png 768w, https:\/\/www.mondogrowkits.com\/wp-content\/uploads\/2025\/05\/ChatGPT-Image-23-mrt-2026-17_18_03-12x12.png 12w, https:\/\/www.mondogrowkits.com\/wp-content\/uploads\/2025\/05\/ChatGPT-Image-23-mrt-2026-17_18_03.png 1024w\" sizes=\"(max-width: 800px) 100vw, 800px\" title=\"\">\t\t\t\t\t\t\t\t\t\t\t<\/div>\t\t\t\t\t\t\t\t<style>\n#image_1585538808 {\n  width: 100%;\n}\n<\/style>\t<\/div>\t\t\t<\/div>\t\t\t\t\t<\/div>\t<\/div><div class=\"row\"  id=\"row-102216625\">\t<div id=\"col-1681629452\" class=\"col small-12 large-12\"  >\t\t\t\t<div class=\"col-inner\"  >\t\t\t\t\t\t<h2 data-start=\"1867\" data-end=\"1898\">Profil de la souche Golden Teacher<\/h2><div class=\"TyagGW_tableContainer\"><div class=\"group TyagGW_tableWrapper flex flex-col-reverse w-fit\" tabindex=\"-1\"><table class=\"w-fit min-w-(--thread-content-width)\" data-start=\"1900\" data-end=\"2100\">\n<thead data-start=\"1900\" data-end=\"1921\">\n<tr data-start=\"1900\" data-end=\"1921\">\n<th class=\"\" data-start=\"1900\" data-end=\"1911\" data-col-size=\"sm\">Propri\u00e9t\u00e9<\/th>\n<th class=\"\" data-start=\"1911\" data-end=\"1921\" data-col-size=\"sm\">Evaluation<\/th>\n<\/tr>\n<\/thead>\n<tbody data-start=\"1932\" data-end=\"2100\">\n<tr data-start=\"1932\" data-end=\"1951\">\n<td data-start=\"1932\" data-end=\"1942\" data-col-size=\"sm\">Puissance<\/td>\n<td data-col-size=\"sm\" data-start=\"1942\" data-end=\"1951\">\u2b50\u2b50\u2b50\u2606\u2606<\/td>\n<\/tr>\n<tr data-start=\"1952\" data-end=\"1978\">\n<td data-start=\"1952\" data-end=\"1969\" data-col-size=\"sm\">Effets visuels<\/td>\n<td data-col-size=\"sm\" data-start=\"1969\" data-end=\"1978\">\u2b50\u2b50\u2b50\u2b50\u2606<\/td>\n<\/tr>\n<tr data-start=\"1979\" data-end=\"2011\">\n<td data-start=\"1979\" data-end=\"2002\" data-col-size=\"sm\">Exp\u00e9rience spirituelle<\/td>\n<td data-col-size=\"sm\" data-start=\"2002\" data-end=\"2011\">\u2b50\u2b50\u2b50\u2b50\u2606<\/td>\n<\/tr>\n<tr data-start=\"2012\" data-end=\"2041\">\n<td data-start=\"2012\" data-end=\"2032\" data-col-size=\"sm\">Pour les d\u00e9butants<\/td>\n<td data-start=\"2032\" data-end=\"2041\" data-col-size=\"sm\">\u2b50\u2b50\u2b50\u2b50\u2b50<\/td>\n<\/tr>\n<tr data-start=\"2042\" data-end=\"2072\">\n<td data-start=\"2042\" data-end=\"2063\" data-col-size=\"sm\">Difficult\u00e9s croissantes<\/td>\n<td data-start=\"2063\" data-end=\"2072\" data-col-size=\"sm\">\u2b50\u2b50\u2606\u2606\u2606<\/td>\n<\/tr>\n<tr data-start=\"2073\" data-end=\"2100\">\n<td data-start=\"2073\" data-end=\"2091\" data-col-size=\"sm\">Potentiel de rendement<\/td>\n<td data-start=\"2091\" data-end=\"2100\" data-col-size=\"sm\">\u2b50\u2b50\u2b50\u2b50\u2606<\/td>\n<\/tr>\n<\/tbody>\n<\/table><\/div><\/div><hr data-start=\"2102\" data-end=\"2105\"><h2 data-start=\"2107\" data-end=\"2127\">Quelques faits sur la vari\u00e9t\u00e9<\/h2><div class=\"TyagGW_tableContainer\"><div class=\"group TyagGW_tableWrapper flex flex-col-reverse w-fit\" tabindex=\"-1\"><table class=\"w-fit min-w-(--thread-content-width)\" data-start=\"2129\" data-end=\"2423\">\n<thead data-start=\"2129\" data-end=\"2151\">\n<tr data-start=\"2129\" data-end=\"2151\">\n<th class=\"\" data-start=\"2129\" data-end=\"2140\" data-col-size=\"sm\">Propri\u00e9t\u00e9<\/th>\n<th class=\"\" data-start=\"2140\" data-end=\"2151\" data-col-size=\"sm\">D\u00e9tails<\/th>\n<\/tr>\n<\/thead>\n<tbody data-start=\"2162\" data-end=\"2423\">\n<tr data-start=\"2162\" data-end=\"2194\">\n<td data-start=\"2162\" data-end=\"2172\" data-col-size=\"sm\">Esp\u00e8ces<\/td>\n<td data-start=\"2172\" data-end=\"2194\" data-col-size=\"sm\">Psilocybe cubensis<\/td>\n<\/tr>\n<tr data-start=\"2195\" data-end=\"2222\">\n<td data-start=\"2195\" data-end=\"2204\" data-col-size=\"sm\">Souche<\/td>\n<td data-start=\"2204\" data-end=\"2222\" data-col-size=\"sm\">Golden Teacher<\/td>\n<\/tr>\n<tr data-start=\"2223\" data-end=\"2243\">\n<td data-start=\"2223\" data-end=\"2233\" data-col-size=\"sm\">Puissance<\/td>\n<td data-start=\"2233\" data-end=\"2243\" data-col-size=\"sm\">Moyen<\/td>\n<\/tr>\n<tr data-start=\"2244\" data-end=\"2265\">\n<td data-start=\"2244\" data-end=\"2257\" data-col-size=\"sm\">Difficult\u00e9<\/td>\n<td data-col-size=\"sm\" data-start=\"2257\" data-end=\"2265\">Facile<\/td>\n<\/tr>\n<tr data-start=\"2266\" data-end=\"2303\">\n<td data-start=\"2266\" data-end=\"2275\" data-col-size=\"sm\">Origine<\/td>\n<td data-start=\"2275\" data-end=\"2303\" data-col-size=\"sm\">Am\u00e9rique du Sud (cru)<\/td>\n<\/tr>\n<tr data-start=\"2304\" data-end=\"2335\">\n<td data-start=\"2304\" data-end=\"2320\" data-col-size=\"sm\">Dur\u00e9e du voyage<\/td>\n<td data-col-size=\"sm\" data-start=\"2320\" data-end=\"2335\">4 - 6 heures<\/td>\n<\/tr>\n<tr data-start=\"2336\" data-end=\"2372\">\n<td data-start=\"2336\" data-end=\"2356\" data-col-size=\"sm\">Temps de colonisation<\/td>\n<td data-col-size=\"sm\" data-start=\"2356\" data-end=\"2372\">10 - 20 jours<\/td>\n<\/tr>\n<tr data-start=\"2373\" data-end=\"2403\">\n<td data-start=\"2373\" data-end=\"2388\" data-col-size=\"sm\">Le temps des r\u00e9coltes<\/td>\n<td data-col-size=\"sm\" data-start=\"2388\" data-end=\"2403\">2 - 3 semaines<\/td>\n<\/tr>\n<tr data-start=\"2404\" data-end=\"2423\">\n<td data-start=\"2404\" data-end=\"2414\" data-col-size=\"sm\">Chasse d'eau<\/td>\n<td data-col-size=\"sm\" data-start=\"2414\" data-end=\"2423\">2 - 4<\/td>\n<\/tr>\n<\/tbody>\n<\/table><\/div><\/div><hr data-start=\"2425\" data-end=\"2428\"><h2 data-start=\"2430\" data-end=\"2470\">Apparence des champignons Golden Teacher<\/h2><p data-start=\"2472\" data-end=\"2593\">Les champignons Golden Teacher sont facilement reconnaissables gr\u00e2ce \u00e0 leurs <strong data-start=\"2534\" data-end=\"2565\">bouchons de couleur caramel dor\u00e9<\/strong> et des tiges relativement \u00e9paisses.<\/p><h3 data-start=\"2595\" data-end=\"2602\">Capuchon<\/h3><ul data-start=\"2604\" data-end=\"2711\">\n<li data-start=\"2604\" data-end=\"2637\">\n<p data-start=\"2606\" data-end=\"2637\">Couleur : brun dor\u00e9 \u00e0 jaune<\/p>\n<\/li>\n<li data-start=\"2638\" data-end=\"2658\">\n<p data-start=\"2640\" data-end=\"2658\">Diam\u00e8tre : 2-8 cm<\/p>\n<\/li>\n<li data-start=\"2659\" data-end=\"2711\">\n<p data-start=\"2661\" data-end=\"2711\">Forme : convexe \u00e0 l'\u00e9tat jeune, s'aplatissant \u00e0 l'\u00e9tat adulte<\/p>\n<\/li>\n<\/ul><h3 data-start=\"2713\" data-end=\"2721\">Tige<\/h3><ul data-start=\"2723\" data-end=\"2802\">\n<li data-start=\"2723\" data-end=\"2753\">\n<p data-start=\"2725\" data-end=\"2753\">Couleur : blanc \u00e0 cr\u00e8me p\u00e2le<\/p>\n<\/li>\n<li data-start=\"2754\" data-end=\"2774\">\n<p data-start=\"2756\" data-end=\"2774\">\u00c9pais et robuste<\/p>\n<\/li>\n<li data-start=\"2775\" data-end=\"2802\">\n<p data-start=\"2777\" data-end=\"2802\">Les bleus sont bleus lorsqu'ils sont endommag\u00e9s<\/p>\n<\/li>\n<\/ul><h3 data-start=\"2804\" data-end=\"2814\">Spores<\/h3><ul data-start=\"2816\" data-end=\"2896\">\n<li data-start=\"2816\" data-end=\"2853\">\n<p data-start=\"2818\" data-end=\"2853\">Couleur des spores : violet fonc\u00e9 \u00e0 noir<\/p>\n<\/li>\n<li data-start=\"2854\" data-end=\"2896\">\n<p data-start=\"2856\" data-end=\"2896\">Convient pour les empreintes de spores et la microscopie<\/p>\n<\/li>\n<\/ul><hr data-start=\"2898\" data-end=\"2901\"><h2 data-start=\"2903\" data-end=\"2939\">Golden Teacher Puissance et effets<\/h2><p data-start=\"2941\" data-end=\"3140\">Golden Teacher est g\u00e9n\u00e9ralement consid\u00e9r\u00e9 comme un <strong data-start=\"2982\" data-end=\"3029\">souche mod\u00e9r\u00e9ment puissante de Psilocybe cubensis<\/strong>. L'exp\u00e9rience est souvent d\u00e9crite comme \u00e9quilibr\u00e9e, combinant une stimulation visuelle et des pens\u00e9es introspectives profondes.<\/p><p data-start=\"3142\" data-end=\"3174\">Les effets fr\u00e9quemment rapport\u00e9s sont les suivants<\/p><ul data-start=\"3176\" data-end=\"3282\">\n<li data-start=\"3176\" data-end=\"3195\">\n<p data-start=\"3178\" data-end=\"3195\">couleurs am\u00e9lior\u00e9es<\/p>\n<\/li>\n<li data-start=\"3196\" data-end=\"3215\">\n<p data-start=\"3198\" data-end=\"3215\">mod\u00e8les visuels<\/p>\n<\/li>\n<li data-start=\"3216\" data-end=\"3233\">\n<p data-start=\"3218\" data-end=\"3233\">introspection<\/p>\n<\/li>\n<li data-start=\"3234\" data-end=\"3246\">\n<p data-start=\"3236\" data-end=\"3246\">euphorie<\/p>\n<\/li>\n<li data-start=\"3247\" data-end=\"3261\">\n<p data-start=\"3249\" data-end=\"3261\">la cr\u00e9ativit\u00e9<\/p>\n<\/li>\n<li data-start=\"3262\" data-end=\"3282\">\n<p data-start=\"3264\" data-end=\"3282\">id\u00e9es spirituelles<\/p>\n<\/li>\n<\/ul><p data-start=\"3284\" data-end=\"3418\">Par rapport \u00e0 des <a href=\"https:\/\/www.mondogrowkits.com\/fr\/magic-mushroom-strain-library\/\">souches<\/a> comme <strong data-start=\"3318\" data-end=\"3332\">Penis Envy<\/strong>, Golden Teacher tend \u00e0 produire une exp\u00e9rience psych\u00e9d\u00e9lique plus facile \u00e0 g\u00e9rer et plus douce.<\/p><hr data-start=\"3420\" data-end=\"3423\"><h2 data-start=\"3425\" data-end=\"3455\">Golden Teacher Dur\u00e9e du voyage<\/h2><p data-start=\"3457\" data-end=\"3519\">Les effets commencent g\u00e9n\u00e9ralement <strong data-start=\"3483\" data-end=\"3518\">20-60 minutes apr\u00e8s la consommation<\/strong>.<\/p><div class=\"TyagGW_tableContainer\"><div class=\"group TyagGW_tableWrapper flex flex-col-reverse w-fit\" tabindex=\"-1\"><table class=\"w-fit min-w-(--thread-content-width)\" data-start=\"3521\" data-end=\"3665\">\n<thead data-start=\"3521\" data-end=\"3541\">\n<tr data-start=\"3521\" data-end=\"3541\">\n<th class=\"\" data-start=\"3521\" data-end=\"3529\" data-col-size=\"sm\">Phase<\/th>\n<th class=\"\" data-start=\"3529\" data-end=\"3541\" data-col-size=\"sm\">Dur\u00e9e de l'accord<\/th>\n<\/tr>\n<\/thead>\n<tbody data-start=\"3552\" data-end=\"3665\">\n<tr data-start=\"3552\" data-end=\"3579\">\n<td data-start=\"3552\" data-end=\"3560\" data-col-size=\"sm\">D\u00e9but<\/td>\n<td data-col-size=\"sm\" data-start=\"3560\" data-end=\"3579\">20 - 60 minutes<\/td>\n<\/tr>\n<tr data-start=\"3580\" data-end=\"3602\">\n<td data-start=\"3580\" data-end=\"3587\" data-col-size=\"sm\">Pic<\/td>\n<td data-start=\"3587\" data-end=\"3602\" data-col-size=\"sm\">2 - 3 heures<\/td>\n<\/tr>\n<tr data-start=\"3603\" data-end=\"3630\">\n<td data-start=\"3603\" data-end=\"3615\" data-col-size=\"sm\">Descendez<\/td>\n<td data-col-size=\"sm\" data-start=\"3615\" data-end=\"3630\">2 - 3 heures<\/td>\n<\/tr>\n<tr data-start=\"3631\" data-end=\"3665\">\n<td data-start=\"3631\" data-end=\"3650\" data-col-size=\"sm\">Exp\u00e9rience totale<\/td>\n<td data-col-size=\"sm\" data-start=\"3650\" data-end=\"3665\">4 - 6 heures<\/td>\n<\/tr>\n<\/tbody>\n<\/table><\/div><\/div><hr data-start=\"3667\" data-end=\"3670\"><h2 data-start=\"3672\" data-end=\"3701\">Golden Teacher Guide posologique<\/h2><p data-start=\"3703\" data-end=\"3763\">Le dosage varie en fonction du niveau d'exp\u00e9rience et de la sensibilit\u00e9.<\/p><div class=\"TyagGW_tableContainer\"><div class=\"group TyagGW_tableWrapper flex flex-col-reverse w-fit\" tabindex=\"-1\"><table class=\"w-fit min-w-(--thread-content-width)\" data-start=\"3765\" data-end=\"3976\">\n<thead data-start=\"3765\" data-end=\"3783\">\n<tr data-start=\"3765\" data-end=\"3783\">\n<th class=\"\" data-start=\"3765\" data-end=\"3772\" data-col-size=\"sm\">Dose<\/th>\n<th class=\"\" data-start=\"3772\" data-end=\"3783\" data-col-size=\"sm\">Effets<\/th>\n<\/tr>\n<\/thead>\n<tbody data-start=\"3794\" data-end=\"3976\">\n<tr data-start=\"3794\" data-end=\"3825\">\n<td data-start=\"3794\" data-end=\"3806\" data-col-size=\"sm\">0.5 - 1 g<\/td>\n<td data-col-size=\"sm\" data-start=\"3806\" data-end=\"3825\">L\u00e9ger coup de fouet \u00e0 l'humeur<\/td>\n<\/tr>\n<tr data-start=\"3826\" data-end=\"3865\">\n<td data-start=\"3826\" data-end=\"3836\" data-col-size=\"sm\">1 - 2 g<\/td>\n<td data-start=\"3836\" data-end=\"3865\" data-col-size=\"sm\">Effets psych\u00e9d\u00e9liques l\u00e9gers<\/td>\n<\/tr>\n<tr data-start=\"3866\" data-end=\"3907\">\n<td data-start=\"3866\" data-end=\"3876\" data-col-size=\"sm\">2 - 3 g<\/td>\n<td data-col-size=\"sm\" data-start=\"3876\" data-end=\"3907\">Exp\u00e9rience psych\u00e9d\u00e9lique compl\u00e8te<\/td>\n<\/tr>\n<tr data-start=\"3908\" data-end=\"3936\">\n<td data-start=\"3908\" data-end=\"3918\" data-col-size=\"sm\">3 - 5 g<\/td>\n<td data-start=\"3918\" data-end=\"3936\" data-col-size=\"sm\">Des visuels forts<\/td>\n<\/tr>\n<tr data-start=\"3937\" data-end=\"3976\">\n<td data-start=\"3937\" data-end=\"3944\" data-col-size=\"sm\">5 g+<\/td>\n<td data-start=\"3944\" data-end=\"3976\" data-col-size=\"sm\">Exp\u00e9rience spirituelle intense<\/td>\n<\/tr>\n<\/tbody>\n<\/table><\/div><\/div><p data-start=\"3978\" data-end=\"4014\">Les valeurs se r\u00e9f\u00e8rent \u00e0 <strong data-start=\"3994\" data-end=\"4013\">champignons s\u00e9ch\u00e9s<\/strong>.<\/p><hr data-start=\"4016\" data-end=\"4019\"><h2 data-start=\"4021\" data-end=\"4045\">Croissance Golden Teacher<\/h2><p data-start=\"4047\" data-end=\"4141\">Golden Teacher est largement consid\u00e9r\u00e9 comme <strong data-start=\"4083\" data-end=\"4140\">une des vari\u00e9t\u00e9s de Psilocybe cubensis les plus faciles \u00e0 cultiver<\/strong>.<\/p><p data-start=\"4143\" data-end=\"4298\">C'est pourquoi cette souche est couramment utilis\u00e9e dans une <strong data-start=\"4188\" data-end=\"4230\">Golden Teacher Kit de culture de champignons magiques<\/strong>, qui permet aux d\u00e9butants de cultiver des champignons avec un minimum de pr\u00e9paration.<\/p><p data-start=\"4300\" data-end=\"4452\">Les cultivateurs exp\u00e9riment\u00e9s peuvent cultiver Golden Teacher \u00e0 partir de spores \u00e0 l'aide d'un syst\u00e8me d'irrigation. <strong data-start=\"4366\" data-end=\"4419\">Golden Teacher - Seringue \u00e0 spores Psilocybe Cubensis<\/strong> pour inoculer des c\u00e9r\u00e9ales ou <a href=\"https:\/\/www.mondogrowkits.com\/fr\/sterilised-substrate\/\">substrat<\/a>.<\/p><hr data-start=\"4454\" data-end=\"4457\"><h2 data-start=\"4459\" data-end=\"4485\">Conditions de croissance id\u00e9ales<\/h2><div class=\"TyagGW_tableContainer\"><div class=\"group TyagGW_tableWrapper flex flex-col-reverse w-fit\" tabindex=\"-1\"><table class=\"w-fit min-w-(--thread-content-width)\" data-start=\"4487\" data-end=\"4672\">\n<thead data-start=\"4487\" data-end=\"4511\">\n<tr data-start=\"4487\" data-end=\"4511\">\n<th class=\"\" data-start=\"4487\" data-end=\"4496\" data-col-size=\"sm\">Facteur<\/th>\n<th class=\"\" data-start=\"4496\" data-end=\"4511\" data-col-size=\"sm\">Gamme id\u00e9ale<\/th>\n<\/tr>\n<\/thead>\n<tbody data-start=\"4522\" data-end=\"4672\">\n<tr data-start=\"4522\" data-end=\"4549\">\n<td data-start=\"4522\" data-end=\"4536\" data-col-size=\"sm\">Temp\u00e9rature<\/td>\n<td data-start=\"4536\" data-end=\"4549\" data-col-size=\"sm\">20 - 24\u00b0C<\/td>\n<\/tr>\n<tr data-start=\"4550\" data-end=\"4573\">\n<td data-start=\"4550\" data-end=\"4561\" data-col-size=\"sm\">Humidit\u00e9<\/td>\n<td data-start=\"4561\" data-end=\"4573\" data-col-size=\"sm\">85 - 95%<\/td>\n<\/tr>\n<tr data-start=\"4574\" data-end=\"4607\">\n<td data-start=\"4574\" data-end=\"4595\" data-col-size=\"sm\">\u00c9change d'air frais<\/td>\n<td data-col-size=\"sm\" data-start=\"4595\" data-end=\"4607\">Mod\u00e9r\u00e9<\/td>\n<\/tr>\n<tr data-start=\"4608\" data-end=\"4640\">\n<td data-start=\"4608\" data-end=\"4619\" data-col-size=\"sm\">Eclairage<\/td>\n<td data-col-size=\"sm\" data-start=\"4619\" data-end=\"4640\">Lumi\u00e8re du jour indirecte<\/td>\n<\/tr>\n<tr data-start=\"4641\" data-end=\"4672\">\n<td data-start=\"4641\" data-end=\"4656\" data-col-size=\"sm\">Colonisation<\/td>\n<td data-col-size=\"sm\" data-start=\"4656\" data-end=\"4672\">10 - 20 jours<\/td>\n<\/tr>\n<\/tbody>\n<\/table><\/div><\/div><hr data-start=\"4674\" data-end=\"4677\"><h2 data-start=\"4679\" data-end=\"4696\">Potentiel de rendement<\/h2><p data-start=\"4698\" data-end=\"4761\">Golden Teacher est connu pour <strong data-start=\"4726\" data-end=\"4760\">des rendements constants et fiables<\/strong>.<\/p><p data-start=\"4763\" data-end=\"4787\">R\u00e9sultats typiques de la r\u00e9colte :<\/p><ul data-start=\"4789\" data-end=\"4870\">\n<li data-start=\"4789\" data-end=\"4830\">\n<p data-start=\"4791\" data-end=\"4830\">150 - 300 g de champignons frais par pouss\u00e9e<\/p>\n<\/li>\n<li data-start=\"4831\" data-end=\"4870\">\n<p data-start=\"4833\" data-end=\"4870\">15 - 30 g de champignons s\u00e9ch\u00e9s par chasse d'eau<\/p>\n<\/li>\n<\/ul><p data-start=\"4872\" data-end=\"4914\"><a href=\"https:\/\/www.mondogrowkits.com\/fr\/grow-kits\/\">Kits de culture<\/a> produisent g\u00e9n\u00e9ralement <strong data-start=\"4898\" data-end=\"4913\">2 \u00e0 4 rin\u00e7ages<\/strong>.<\/p><hr data-start=\"4916\" data-end=\"4919\"><h2 data-start=\"4921\" data-end=\"4958\">Origine de la souche Golden Teacher<\/h2><p data-start=\"4960\" data-end=\"5090\">L'origine exacte du Golden Teacher est incertaine, mais la plupart des sources sugg\u00e8rent qu'il est apparu pour la premi\u00e8re fois dans les pays suivants <strong data-start=\"5055\" data-end=\"5089\">L'Am\u00e9rique du Sud dans les ann\u00e9es 1980<\/strong>.<\/p><p data-start=\"5092\" data-end=\"5201\">Depuis lors, cette souche est devenue l'une des plus largement cultiv\u00e9es <strong data-start=\"5160\" data-end=\"5200\">Souches de Psilocybe cubensis dans le monde<\/strong>.<\/p><hr data-start=\"5203\" data-end=\"5206\"><h2 data-start=\"5208\" data-end=\"5242\">Pourquoi Golden Teacher est si populaire<\/h2><p data-start=\"5244\" data-end=\"5301\">Golden Teacher reste populaire en raison de sa combinaison de :<\/p><ul data-start=\"5303\" data-end=\"5432\">\n<li data-start=\"5303\" data-end=\"5336\">\n<p data-start=\"5305\" data-end=\"5336\">culture pour d\u00e9butants<\/p>\n<\/li>\n<li data-start=\"5337\" data-end=\"5369\">\n<p data-start=\"5339\" data-end=\"5369\">effets psych\u00e9d\u00e9liques \u00e9quilibr\u00e9s<\/p>\n<\/li>\n<li data-start=\"5370\" data-end=\"5391\">\n<p data-start=\"5372\" data-end=\"5391\">fructification fiable<\/p>\n<\/li>\n<li data-start=\"5392\" data-end=\"5411\">\n<p data-start=\"5394\" data-end=\"5411\">g\u00e9n\u00e9tique stable<\/p>\n<\/li>\n<li data-start=\"5412\" data-end=\"5432\">\n<p data-start=\"5414\" data-end=\"5432\">casquettes dor\u00e9es embl\u00e9matiques<\/p>\n<\/li>\n<\/ul><p data-start=\"5434\" data-end=\"5554\">En raison de ces qualit\u00e9s, le Golden Teacher est souvent recommand\u00e9 comme <strong data-start=\"5501\" data-end=\"5553\">l'introduction classique aux champignons psilocybins<\/strong>.<\/p><h2>Golden Teacher FAQ<\/h2><div class=\"accordion\">\t<div id=\"accordion-2724393352\" class=\"accordion-item\">\t\t<a id=\"accordion-2724393352-label\" class=\"accordion-title plain\" href=\"#accordion-item-is-golden-teacher-good-for-beginners?\" aria-expanded=\"false\" aria-controls=\"accordion-2724393352-content\">\n\t\t\t<button class=\"toggle\" aria-label=\"Basculer\"><i class=\"icon-angle-down\" aria-hidden=\"true\"><\/i><\/button>\n\t\t\t<span>Golden Teacher est-il bon pour les d\u00e9butants ?<\/span>\n\t\t<\/a>\t\t<div id=\"accordion-2724393352-content\" class=\"accordion-inner\" aria-labelledby=\"accordion-2724393352-label\">\t\t\t<p>Oui. La Golden Teacher est consid\u00e9r\u00e9e comme l'une des vari\u00e9t\u00e9s de champignons \u00e0 psilocybine les plus faciles \u00e0 utiliser pour les d\u00e9butants.<\/p>\t\t<\/div>\t<\/div>\t\t<div id=\"accordion-3325665289\" class=\"accordion-item\">\t\t<a id=\"accordion-3325665289-label\" class=\"accordion-title plain\" href=\"#accordion-item-how-strong-is-golden-teacher?\" aria-expanded=\"false\" aria-controls=\"accordion-3325665289-content\">\n\t\t\t<button class=\"toggle\" aria-label=\"Basculer\"><i class=\"icon-angle-down\" aria-hidden=\"true\"><\/i><\/button>\n\t\t\t<span>Quelle est la force de Golden Teacher ?<\/span>\n\t\t<\/a>\t\t<div id=\"accordion-3325665289-content\" class=\"accordion-inner\" aria-labelledby=\"accordion-3325665289-label\">\t\t\t<p>Le Golden Teacher a une puissance mod\u00e9r\u00e9e, ce qui le rend g\u00e9rable pour la plupart des utilisateurs.<\/p>\t\t<\/div>\t<\/div>\t\t<div id=\"accordion-739227637\" class=\"accordion-item\">\t\t<a id=\"accordion-739227637-label\" class=\"accordion-title plain\" href=\"#accordion-item-how-long-does-a-golden-teacher-trip-last?\" aria-expanded=\"false\" aria-controls=\"accordion-739227637-content\">\n\t\t\t<button class=\"toggle\" aria-label=\"Basculer\"><i class=\"icon-angle-down\" aria-hidden=\"true\"><\/i><\/button>\n\t\t\t<span>Quelle est la dur\u00e9e d'un voyage Golden Teacher ?<\/span>\n\t\t<\/a>\t\t<div id=\"accordion-739227637-content\" class=\"accordion-inner\" aria-labelledby=\"accordion-739227637-label\">\t\t\t<p>La plupart des exp\u00e9riences durent <strong data-start=\"5907\" data-end=\"5920\">4-6 heures<\/strong>.<\/p>\t\t<\/div>\t<\/div>\t\t<div id=\"accordion-4222863625\" class=\"accordion-item\">\t\t<a id=\"accordion-4222863625-label\" class=\"accordion-title plain\" href=\"#accordion-item-is-golden-teacher-easy-to-grow?\" aria-expanded=\"false\" aria-controls=\"accordion-4222863625-content\">\n\t\t\t<button class=\"toggle\" aria-label=\"Basculer\"><i class=\"icon-angle-down\" aria-hidden=\"true\"><\/i><\/button>\n\t\t\t<span>Le Golden Teacher est-il facile \u00e0 cultiver ?<\/span>\n\t\t<\/a>\t\t<div id=\"accordion-4222863625-content\" class=\"accordion-inner\" aria-labelledby=\"accordion-4222863625-label\">\t\t\t<p data-start=\"5960\" data-end=\"6065\">Oui. Golden Teacher est largement consid\u00e9r\u00e9 comme l'un des programmes les plus faciles \u00e0 mettre en \u0153uvre. <strong data-start=\"6021\" data-end=\"6064\">Souches de Psilocybe cubensis \u00e0 cultiver<\/strong>.<\/p>\t\t<\/div>\t<\/div>\t<\/div>\t\t<\/div>\t\t\t\t\t<\/div>\t<\/div>\t\t<\/div>\t\t<style>\n#section_1666510422 {\n  padding-top: 60px;\n  padding-bottom: 60px;\n}\n#section_1666510422 .section-bg-overlay {\n  background-color: rgba(255, 255, 255, 0.85);\n}\n<\/style>\t<\/section>\t<p><\/p>","protected":false},"excerpt":{"rendered":"","protected":false},"author":1,"featured_media":4633,"parent":4137,"menu_order":0,"comment_status":"closed","ping_status":"closed","template":"page-blank.php","meta":{"footnotes":""},"class_list":["post-4139","page","type-page","status-publish","has-post-thumbnail","hentry"],"jetpack_sharing_enabled":true,"_links":{"self":[{"href":"https:\/\/www.mondogrowkits.com\/fr\/wp-json\/wp\/v2\/pages\/4139","targetHints":{"allow":["GET"]}}],"collection":[{"href":"https:\/\/www.mondogrowkits.com\/fr\/wp-json\/wp\/v2\/pages"}],"about":[{"href":"https:\/\/www.mondogrowkits.com\/fr\/wp-json\/wp\/v2\/types\/page"}],"author":[{"embeddable":true,"href":"https:\/\/www.mondogrowkits.com\/fr\/wp-json\/wp\/v2\/users\/1"}],"replies":[{"embeddable":true,"href":"https:\/\/www.mondogrowkits.com\/fr\/wp-json\/wp\/v2\/comments?post=4139"}],"version-history":[{"count":5,"href":"https:\/\/www.mondogrowkits.com\/fr\/wp-json\/wp\/v2\/pages\/4139\/revisions"}],"predecessor-version":[{"id":4886,"href":"https:\/\/www.mondogrowkits.com\/fr\/wp-json\/wp\/v2\/pages\/4139\/revisions\/4886"}],"up":[{"embeddable":true,"href":"https:\/\/www.mondogrowkits.com\/fr\/wp-json\/wp\/v2\/pages\/4137"}],"wp:featuredmedia":[{"embeddable":true,"href":"https:\/\/www.mondogrowkits.com\/fr\/wp-json\/wp\/v2\/media\/4633"}],"wp:attachment":[{"href":"https:\/\/www.mondogrowkits.com\/fr\/wp-json\/wp\/v2\/media?parent=4139"}],"curies":[{"name":"wp","href":"https:\/\/api.w.org\/{rel}","templated":true}]}}