{"id":4210,"date":"2026-03-06T15:44:05","date_gmt":"2026-03-06T14:44:05","guid":{"rendered":"https:\/\/www.mondogrowkits.com\/?page_id=4210"},"modified":"2026-03-06T15:49:32","modified_gmt":"2026-03-06T14:49:32","slug":"procedure-de-reclamation","status":"publish","type":"page","link":"https:\/\/www.mondogrowkits.com\/fr\/complaints-procedure\/","title":{"rendered":"Proc\u00e9dure de plainte"},"content":{"rendered":"<section class=\"section\" id=\"section_1157938612\">\n\t\t<div class=\"section-bg fill\" >\n\t\t\t\t\t\t\t\t\t\n\t\t\t\n\n\t\t<\/div>\n\n\t\t\n\n\t\t<div class=\"section-content relative\">\n\t\t\t\n\n<div class=\"row\"  id=\"row-678398635\">\n\n\n\t<div id=\"col-2001827121\" class=\"col small-12 large-12\"  >\n\t\t\t\t<div class=\"col-inner\"  >\n\t\t\t\n\t\t\t\n\n<h1>Proc\u00e9dure de plainte<\/strong><\/h1>\n<p data-start=\"79\" data-end=\"258\">Il est toujours possible que quelque chose ne se passe pas exactement comme pr\u00e9vu. Nous vous recommandons d'abord de nous faire part de toute r\u00e9clamation en envoyant un courriel \u00e0 l'adresse suivante <strong data-start=\"231\" data-end=\"257\"><a class=\"decorated-link cursor-pointer\" href=\"mailto:info@mondogrowkits.com\" rel=\"noopener\" data-start=\"233\" data-end=\"255\">info@mondogrowkits.com<\/a><\/strong>.<\/p>\n<p data-start=\"260\" data-end=\"441\">Si cette d\u00e9marche n'aboutit pas \u00e0 une solution, il est possible de soumettre votre litige \u00e0 la m\u00e9diation par l'interm\u00e9diaire de <strong data-start=\"357\" data-end=\"374\">WebwinkelKeur<\/strong> via :<br data-start=\"379\" data-end=\"382\" \/><a class=\"decorated-link\" href=\"https:\/\/www.webwinkelkeur.nl\/kennisbank\/consumenten\/geschil\" target=\"_new\" rel=\"noopener\" data-start=\"382\" data-end=\"441\">https:\/\/www.webwinkelkeur.nl\/kennisbank\/consumenten\/geschil<\/a><\/p>\n\n\n\t\t<\/div>\n\t\t\t\t\t<\/div>\n\n\t\n\n<\/div>\n\n\t\t<\/div>\n\n\t\t\n<style>\n#section_1157938612 {\n  padding-top: 30px;\n  padding-bottom: 30px;\n}\n<\/style>\n\t<\/section>","protected":false},"excerpt":{"rendered":"","protected":false},"author":1,"featured_media":0,"parent":0,"menu_order":0,"comment_status":"closed","ping_status":"closed","template":"","meta":{"footnotes":""},"class_list":["post-4210","page","type-page","status-publish","hentry"],"jetpack_sharing_enabled":true,"_links":{"self":[{"href":"https:\/\/www.mondogrowkits.com\/fr\/wp-json\/wp\/v2\/pages\/4210","targetHints":{"allow":["GET"]}}],"collection":[{"href":"https:\/\/www.mondogrowkits.com\/fr\/wp-json\/wp\/v2\/pages"}],"about":[{"href":"https:\/\/www.mondogrowkits.com\/fr\/wp-json\/wp\/v2\/types\/page"}],"author":[{"embeddable":true,"href":"https:\/\/www.mondogrowkits.com\/fr\/wp-json\/wp\/v2\/users\/1"}],"replies":[{"embeddable":true,"href":"https:\/\/www.mondogrowkits.com\/fr\/wp-json\/wp\/v2\/comments?post=4210"}],"version-history":[{"count":3,"href":"https:\/\/www.mondogrowkits.com\/fr\/wp-json\/wp\/v2\/pages\/4210\/revisions"}],"predecessor-version":[{"id":4213,"href":"https:\/\/www.mondogrowkits.com\/fr\/wp-json\/wp\/v2\/pages\/4210\/revisions\/4213"}],"wp:attachment":[{"href":"https:\/\/www.mondogrowkits.com\/fr\/wp-json\/wp\/v2\/media?parent=4210"}],"curies":[{"name":"wp","href":"https:\/\/api.w.org\/{rel}","templated":true}]}}