{"id":4355,"date":"2026-03-12T16:54:15","date_gmt":"2026-03-12T15:54:15","guid":{"rendered":"https:\/\/www.mondogrowkits.com\/?page_id=4355"},"modified":"2026-03-12T17:01:25","modified_gmt":"2026-03-12T16:01:25","slug":"lauthenticite-des-examens","status":"publish","type":"page","link":"https:\/\/www.mondogrowkits.com\/fr\/authenticity-of-reviews\/","title":{"rendered":"Authenticit\u00e9 des examens"},"content":{"rendered":"<section class=\"section\" id=\"section_1429635\">\n\t\t<div class=\"section-bg fill\" >\n\t\t\t\t\t\t\t\t\t\n\t\t\t\n\n\t\t<\/div>\n\n\t\t\n\n\t\t<div class=\"section-content relative\">\n\t\t\t\n\n<div class=\"row\"  id=\"row-1974045249\">\n\n\n\t<div id=\"col-1217769359\" class=\"col small-12 large-12\"  >\n\t\t\t\t<div class=\"col-inner\"  >\n\t\t\t\n\t\t\t\n\n<h1>Examens de l'authenticit\u00e9<\/h1>\n\n<p>Nous pensons qu'il est important que les commentaires donnent une image pr\u00e9cise et honn\u00eate de nos produits et services. Nos \u00e9valuations sont donc g\u00e9r\u00e9es de mani\u00e8re ind\u00e9pendante par <a href=\"https:\/\/www.webwinkelkeur.nl\/\" target=\"_blank\" rel=\"noopener\">WebwinkelKeur<\/a>.<\/p>\n<p>WebwinkelKeur a mis en place des mesures pour garantir l'authenticit\u00e9 des commentaires. Vous pouvez en savoir plus sur ces mesures <a href=\"https:\/\/www.webwinkelkeur.nl\/kennisbank\/consumenten\/waarom-webwinkelkeur\/klantbeoordelingen\/\" target=\"_blank\" rel=\"noopener\">ici<\/a>.<\/p>\n<p>Nos clients ne sont pas r\u00e9compens\u00e9s pour leurs commentaires. Nous n'offrons pas de remises, de cadeaux ou d'autres incitations en \u00e9change d'avis.<\/p>\n\n\t\t<\/div>\n\t\t\t\t\t<\/div>\n\n\t\n\n<\/div>\n\n\t\t<\/div>\n\n\t\t\n<style>\n#section_1429635 {\n  padding-top: 30px;\n  padding-bottom: 30px;\n}\n<\/style>\n\t<\/section>\n\t\n\n\n\n<p><\/p>","protected":false},"excerpt":{"rendered":"","protected":false},"author":1,"featured_media":0,"parent":0,"menu_order":0,"comment_status":"closed","ping_status":"closed","template":"page-blank.php","meta":{"footnotes":""},"class_list":["post-4355","page","type-page","status-publish","hentry"],"jetpack_sharing_enabled":true,"_links":{"self":[{"href":"https:\/\/www.mondogrowkits.com\/fr\/wp-json\/wp\/v2\/pages\/4355","targetHints":{"allow":["GET"]}}],"collection":[{"href":"https:\/\/www.mondogrowkits.com\/fr\/wp-json\/wp\/v2\/pages"}],"about":[{"href":"https:\/\/www.mondogrowkits.com\/fr\/wp-json\/wp\/v2\/types\/page"}],"author":[{"embeddable":true,"href":"https:\/\/www.mondogrowkits.com\/fr\/wp-json\/wp\/v2\/users\/1"}],"replies":[{"embeddable":true,"href":"https:\/\/www.mondogrowkits.com\/fr\/wp-json\/wp\/v2\/comments?post=4355"}],"version-history":[{"count":3,"href":"https:\/\/www.mondogrowkits.com\/fr\/wp-json\/wp\/v2\/pages\/4355\/revisions"}],"predecessor-version":[{"id":4358,"href":"https:\/\/www.mondogrowkits.com\/fr\/wp-json\/wp\/v2\/pages\/4355\/revisions\/4358"}],"wp:attachment":[{"href":"https:\/\/www.mondogrowkits.com\/fr\/wp-json\/wp\/v2\/media?parent=4355"}],"curies":[{"name":"wp","href":"https:\/\/api.w.org\/{rel}","templated":true}]}}