{"id":739,"date":"2025-05-13T07:51:02","date_gmt":"2025-05-13T07:51:02","guid":{"rendered":"https:\/\/staging.mondogrowkits.com\/?page_id=739"},"modified":"2026-02-09T13:07:08","modified_gmt":"2026-02-09T12:07:08","slug":"guide-de-culture","status":"publish","type":"page","link":"https:\/\/www.mondogrowkits.com\/fr\/grow-guide\/","title":{"rendered":"Guide de culture"},"content":{"rendered":"<section class=\"section\" id=\"section_1365453817\">\n\t\t<div class=\"section-bg fill\" >\n\t\t\t\t\t\t\t\t\t\n\t\t\t\n\n\t\t<\/div>\n\n\t\t\n\n\t\t<div class=\"section-content relative\">\n\t\t\t\n\n<div class=\"row\"  id=\"row-1299073107\">\n\n\n\t<div id=\"col-730051475\" class=\"col small-12 large-12\"  >\n\t\t\t\t<div class=\"col-inner text-center\"  >\n\t\t\t\n\t\t\t\n\n\t<div id=\"text-3727196298\" class=\"text\">\n\t\t\n\n<h1>Guide de culture<\/h1>\n\t\t\n<style>\n#text-3727196298 {\n  font-size: 1.95rem;\n  text-align: center;\n  color: #1c4882;\n}\n#text-3727196298 > * {\n  color: #1c4882;\n}\n<\/style>\n\t<\/div>\n\t\n\t<div id=\"text-2859669142\" class=\"text\">\n\t\t\n\n<p>Notre mission est d'\u00e9lever le niveau de s\u00e9curit\u00e9 dans la culture des champignons magiques en rendant accessibles les connaissances d'experts gr\u00e2ce \u00e0 des manuels clairs, des guides d'utilisation, des vid\u00e9os, des infographies et des tutoriels \u00e9tape par \u00e9tape, tous disponibles ici m\u00eame pour chaque produit Mondo.<\/p>\n\t\t\n<style>\n#text-2859669142 {\n  font-size: 0.85rem;\n  text-align: center;\n}\n@media (min-width:550px) {\n  #text-2859669142 {\n    font-size: 1.35rem;\n  }\n}\n<\/style>\n\t<\/div>\n\t\n<a href=\"https:\/\/www.mondogrowkits.com\/fr\/manuel-du-kit-de-culture\/\" class=\"button primary is-outline is-larger\" style=\"border-radius:99px;\">\n\t\t<span>Kit de culture<\/span>\n\t<\/a>\n\n\n<a href=\"https:\/\/www.mondogrowkits.com\/fr\/seringue-de-culture-liquide-manuel-2\/\" class=\"button primary is-outline is-larger\" style=\"border-radius:99px;\">\n\t\t<span>Seringue de Culture Liquide<\/span>\n\t<\/a>\n\n\n<a href=\"\/fr\/seringue-a-spores-manuel-2\/\" class=\"button primary is-outline is-larger\" style=\"border-radius:99px;\">\n\t\t<span>Seringue \u00e0 spores<\/span>\n\t<\/a>\n\n\n<a class=\"button primary is-outline is-larger\" style=\"border-radius:99px;\">\n\t\t<span>Fiole de spores<\/span>\n\t<\/a>\n\n\n<a class=\"button primary is-outline is-larger\" style=\"border-radius:99px;\">\n\t\t<span>Sac de culture inocul\u00e9<\/span>\n\t<\/a>\n\n\n<a class=\"button primary is-outline is-larger\" style=\"border-radius:99px;\">\n\t\t<span>Lampe de culture<\/span>\n\t<\/a>\n\n\n<a href=\"https:\/\/www.mondogrowkits.com\/fr\/heat-mat-heat-guard-manual-2\/\" class=\"button primary is-outline is-larger\" style=\"border-radius:99px;\">\n\t\t<span>Tapis chauffant et protection thermique<\/span>\n\t<\/a>\n\n\n<a class=\"button primary is-outline is-larger\" style=\"border-radius:99px;\">\n\t\t<span>Sac de substrat st\u00e9rilis\u00e9<\/span>\n\t<\/a>\n\n\n<a class=\"button primary is-outline is-larger\" style=\"border-radius:99px;\">\n\t\t<span>Bo\u00eete de substrat st\u00e9rilis\u00e9<\/span>\n\t<\/a>\n\n\n\n\t\t<\/div>\n\t\t\t\t\t<\/div>\n\n\t\n\n<\/div>\n\n\t\t<\/div>\n\n\t\t\n<style>\n#section_1365453817 {\n  padding-top: 30px;\n  padding-bottom: 30px;\n}\n<\/style>\n\t<\/section>","protected":false},"excerpt":{"rendered":"","protected":false},"author":1,"featured_media":0,"parent":0,"menu_order":0,"comment_status":"closed","ping_status":"closed","template":"page-blank.php","meta":{"footnotes":""},"class_list":["post-739","page","type-page","status-publish","hentry"],"jetpack_sharing_enabled":true,"_links":{"self":[{"href":"https:\/\/www.mondogrowkits.com\/fr\/wp-json\/wp\/v2\/pages\/739","targetHints":{"allow":["GET"]}}],"collection":[{"href":"https:\/\/www.mondogrowkits.com\/fr\/wp-json\/wp\/v2\/pages"}],"about":[{"href":"https:\/\/www.mondogrowkits.com\/fr\/wp-json\/wp\/v2\/types\/page"}],"author":[{"embeddable":true,"href":"https:\/\/www.mondogrowkits.com\/fr\/wp-json\/wp\/v2\/users\/1"}],"replies":[{"embeddable":true,"href":"https:\/\/www.mondogrowkits.com\/fr\/wp-json\/wp\/v2\/comments?post=739"}],"version-history":[{"count":11,"href":"https:\/\/www.mondogrowkits.com\/fr\/wp-json\/wp\/v2\/pages\/739\/revisions"}],"predecessor-version":[{"id":3346,"href":"https:\/\/www.mondogrowkits.com\/fr\/wp-json\/wp\/v2\/pages\/739\/revisions\/3346"}],"wp:attachment":[{"href":"https:\/\/www.mondogrowkits.com\/fr\/wp-json\/wp\/v2\/media?parent=739"}],"curies":[{"name":"wp","href":"https:\/\/api.w.org\/{rel}","templated":true}]}}