{"id":1000,"date":"2025-07-23T16:06:27","date_gmt":"2025-07-23T16:06:27","guid":{"rendered":"https:\/\/staging.mondogrowkits.com\/?post_type=product&#038;p=1000"},"modified":"2026-05-07T18:56:20","modified_gmt":"2026-05-07T17:56:20","slug":"seringue-a-spores-a","status":"publish","type":"product","link":"https:\/\/www.mondogrowkits.com\/fr\/spore-syringe-a\/","title":{"rendered":"A+ - Seringue \u00e0 spores Psilocybe Cubensis"},"content":{"rendered":"<h2 data-section-id=\"7w21ak\" data-start=\"532\" data-end=\"594\">Seringue \u00e0 spores A+ - Psilocybe cubensis Premium Spores<\/h2><p data-start=\"596\" data-end=\"872\">Le A+ - <a href=\"https:\/\/www.mondogrowkits.com\/fr\/quest-ce-que-la-psilocybine\/\">Psilocybe cubensis<\/a> Spore Syringe est une solution de spores de premi\u00e8re qualit\u00e9 connue pour sa composition propre, son potentiel de germination fiable et sa qualit\u00e9 constante. Cette variante albinos distinctive est appr\u00e9ci\u00e9e pour son profil g\u00e9n\u00e9tique stable et ses caract\u00e9ristiques pr\u00e9visibles.<\/p><p data-start=\"874\" data-end=\"1164\">A+ est reconnu pour son d\u00e9veloppement r\u00e9gulier et son comportement fiable en conditions contr\u00f4l\u00e9es, ce qui en fait un choix populaire pour les personnes int\u00e9ress\u00e9es par l'\u00e9tude des spores de Psilocybe cubensis. Ses caract\u00e9ristiques albinos uniques la rendent particuli\u00e8rement attrayante pour la microscopie et l'observation.<\/p><p data-start=\"1166\" data-end=\"1394\">Contrairement \u00e0 <a href=\"https:\/\/www.mondogrowkits.com\/fr\/seringue-pour-culture-liquide\/\">culture liquide<\/a>, Ce produit contient des spores plut\u00f4t que du myc\u00e9lium actif. Les spores doivent d'abord germer avant que le myc\u00e9lium ne commence \u00e0 se d\u00e9velopper, ce qui signifie que le processus prend g\u00e9n\u00e9ralement plus de temps que les solutions de culture liquide.<\/p><p data-start=\"1396\" data-end=\"1512\">Dans des conditions optimales, la germination des spores peut commencer en quelques jours, suivie d'un d\u00e9veloppement progressif du myc\u00e9lium.<\/p><hr data-start=\"1514\" data-end=\"1517\" \/><h3 data-section-id=\"1bipeqv\" data-start=\"1519\" data-end=\"1562\">Qu'est-ce que A+ (Psilocybe cubensis) ?<\/h3><p data-start=\"1564\" data-end=\"1801\">A+ est une variante de la c\u00e9l\u00e8bre souche A+ Psilocybe cubensis, qui se distingue par ses caract\u00e9ristiques albinos et son profil g\u00e9n\u00e9tique stable. Elle est largement \u00e9tudi\u00e9e et appr\u00e9ci\u00e9e pour son comportement constant dans des conditions contr\u00f4l\u00e9es.<\/p><p data-start=\"1803\" data-end=\"1901\">Sa nature pr\u00e9visible le rend adapt\u00e9 \u00e0 une large gamme d'applications de microscopie et de recherche.<\/p><hr data-start=\"1903\" data-end=\"1906\" \/><h3 data-section-id=\"knd65l\" data-start=\"1908\" data-end=\"1947\">Pourquoi choisir la seringue A+Spore ?<\/h3><ul data-start=\"1949\" data-end=\"2215\">\n<li data-section-id=\"joyacz\" data-start=\"1949\" data-end=\"2003\">Variante albinos de la souche A+ Psilocybe cubensis<\/li>\n<li data-section-id=\"130p6a2\" data-start=\"2004\" data-end=\"2045\">Solution de spores propre et de haute qualit\u00e9<\/li>\n<li data-section-id=\"1cqmpiq\" data-start=\"2046\" data-end=\"2078\">Une g\u00e9n\u00e9tique stable et fiable<\/li>\n<li data-section-id=\"5pyesc\" data-start=\"2079\" data-end=\"2127\">Convient aux d\u00e9butants et aux utilisateurs exp\u00e9riment\u00e9s<\/li>\n<li data-section-id=\"l2iwrs\" data-start=\"2128\" data-end=\"2165\">Id\u00e9al pour la microscopie et la recherche<\/li>\n<li data-section-id=\"2ai7u3\" data-start=\"2166\" data-end=\"2215\">Caract\u00e9ristiques albinos uniques \u00e0 observer<\/li>\n<\/ul><p data-start=\"2217\" data-end=\"2325\">La seringue de spores A+ est id\u00e9ale pour ceux qui recherchent une souche distinctive et fiable pour leurs \u00e9tudes.<\/p><hr data-start=\"2327\" data-end=\"2330\" \/><h3 data-section-id=\"1swr0f2\" data-start=\"2332\" data-end=\"2362\">Avantages des seringues \u00e0 spores<\/h3><p data-start=\"2364\" data-end=\"2451\">Les seringues \u00e0 spores sont une m\u00e9thode largement utilis\u00e9e pour \u00e9tudier la g\u00e9n\u00e9tique et le d\u00e9veloppement des champignons.<\/p><p data-start=\"2453\" data-end=\"2571\">Les spores \u00e9tant le point de d\u00e9part du cycle de vie des champignons, elles permettent de conna\u00eetre les premiers stades de la croissance.<\/p><p data-start=\"2573\" data-end=\"2594\">Les principaux avantages sont les suivants :<\/p><ul data-start=\"2596\" data-end=\"2791\">\n<li data-section-id=\"1wtlhpj\" data-start=\"2596\" data-end=\"2639\">Convient \u00e0 la microscopie et \u00e0 l'observation<\/li>\n<li data-section-id=\"5o38hs\" data-start=\"2640\" data-end=\"2680\">Longue dur\u00e9e de conservation lorsque le produit est stock\u00e9 correctement<\/li>\n<li data-section-id=\"14gjei0\" data-start=\"2681\" data-end=\"2709\">Facile \u00e0 manipuler et \u00e0 appliquer<\/li>\n<li data-section-id=\"80duo5\" data-start=\"2710\" data-end=\"2762\">Id\u00e9al pour \u00e9tudier la structure et le comportement des spores<\/li>\n<li data-section-id=\"15use0o\" data-start=\"2763\" data-end=\"2791\">Accessible aux d\u00e9butants<\/li>\n<\/ul><p data-start=\"2793\" data-end=\"2889\">Les seringues \u00e0 spores sont un excellent choix pour ceux qui s'int\u00e9ressent \u00e0 la recherche et aux applications \u00e9ducatives.<\/p><hr data-start=\"2891\" data-end=\"2894\" \/><h3 data-section-id=\"1ltc4xe\" data-start=\"2896\" data-end=\"2921\">Utilisation et application<\/h3><p data-start=\"2923\" data-end=\"3010\">La seringue \u00e0 spores A+ est facile \u00e0 manipuler et destin\u00e9e \u00e0 la microscopie et \u00e0 la recherche.<\/p><p data-start=\"3012\" data-end=\"3147\">Avant utilisation, agiter doucement la seringue pour r\u00e9partir uniform\u00e9ment les spores. Une petite goutte peut \u00eatre plac\u00e9e sur une lame de microscope pour observation.<\/p><p data-start=\"3149\" data-end=\"3233\">Travaillez toujours dans un environnement propre afin d'\u00e9viter toute contamination lors de la manipulation de la seringue.<\/p><p data-start=\"3235\" data-end=\"3320\">Note : Ce produit est destin\u00e9 uniquement \u00e0 la microscopie et \u00e0 des fins \u00e9ducatives.<\/p><hr data-start=\"3322\" data-end=\"3325\" \/><h3 data-section-id=\"1w10lnv\" data-start=\"3327\" data-end=\"3351\">Stockage et dur\u00e9e de conservation<\/h3><p data-start=\"3353\" data-end=\"3405\">Conserver la seringue \u00e0 spores au r\u00e9frig\u00e9rateur \u00e0 2-8 \u00b0C.<\/p><p data-start=\"3407\" data-end=\"3459\">Dur\u00e9e de conservation : Jusqu'\u00e0 6-12 mois en cas de stockage ad\u00e9quat<\/p><p data-start=\"3461\" data-end=\"3548\">\u00c9viter la lumi\u00e8re directe du soleil et la chaleur. Laisser la seringue atteindre la temp\u00e9rature ambiante avant de l'utiliser.<\/p><hr data-start=\"3550\" data-end=\"3553\" \/><h3 data-section-id=\"4l73nt\" data-start=\"3555\" data-end=\"3597\">A+ - G\u00e9n\u00e9tique stable et unique<\/h3><p data-start=\"3599\" data-end=\"3738\">A+ est appr\u00e9ci\u00e9 pour son profil g\u00e9n\u00e9tique coh\u00e9rent et ses traits albinos distinctifs, ce qui en fait un choix fiable pour l'\u00e9tude et l'observation.<\/p><p data-start=\"3740\" data-end=\"3830\">Ses caract\u00e9ristiques fiables le rendent adapt\u00e9 \u00e0 une large gamme d'applications de microscopie.<\/p><hr data-start=\"3832\" data-end=\"3835\" \/><h3 data-section-id=\"1taklbp\" data-start=\"3837\" data-end=\"3881\">Commandez d\u00e8s aujourd'hui votre seringue A+ Spore<\/h3><p data-start=\"3883\" data-end=\"4002\">Le A+ - <a href=\"https:\/\/www.mondogrowkits.com\/fr\/seringues-a-spores-psilocybe-cubensis\/\">Seringue \u00e0 spores Psilocybe cubensis<\/a> offre une excellente combinaison de qualit\u00e9, de stabilit\u00e9 et d'originalit\u00e9.<\/p><p data-start=\"4004\" data-end=\"4100\">Avec des spores propres et une g\u00e9n\u00e9tique \u00e9prouv\u00e9e, cette seringue est id\u00e9ale pour la microscopie et l'enseignement.<\/p><p data-start=\"4102\" data-end=\"4159\" data-is-last-node=\"\" data-is-only-node=\"\">Commandez d\u00e8s aujourd'hui et d\u00e9couvrez la qualit\u00e9 sup\u00e9rieure des seringues \u00e0 spores.<\/p>","protected":false},"excerpt":{"rendered":"<p data-start=\"95\" data-end=\"407\">A+ - Psilocybe cubensis Spore Syringe est une solution de spores de haute qualit\u00e9 connue pour sa germination fiable et ses performances constantes. Cette variante albinos unique de la populaire souche A+ est appr\u00e9ci\u00e9e pour sa g\u00e9n\u00e9tique stable et sa facilit\u00e9 d'\u00e9tude, ce qui la rend adapt\u00e9e aux d\u00e9butants comme aux amateurs exp\u00e9riment\u00e9s.<\/p>\n<p data-start=\"409\" data-end=\"525\">La seringue contient des spores microscopiques en suspension dans une solution st\u00e9rile, id\u00e9ale pour la microscopie et la recherche.<\/p>","protected":false},"featured_media":4641,"comment_status":"open","ping_status":"closed","template":"","meta":[],"product_brand":[32],"product_cat":[66],"product_tag":[],"class_list":{"0":"post-1000","1":"product","2":"type-product","3":"status-publish","4":"has-post-thumbnail","6":"product_brand-mondo","7":"product_cat-psilocybe-cubensis-spore-syringes","9":"first","10":"instock","11":"taxable","12":"shipping-taxable","13":"purchasable","14":"product-type-simple"},"jetpack_sharing_enabled":true,"_links":{"self":[{"href":"https:\/\/www.mondogrowkits.com\/fr\/wp-json\/wp\/v2\/product\/1000","targetHints":{"allow":["GET"]}}],"collection":[{"href":"https:\/\/www.mondogrowkits.com\/fr\/wp-json\/wp\/v2\/product"}],"about":[{"href":"https:\/\/www.mondogrowkits.com\/fr\/wp-json\/wp\/v2\/types\/product"}],"replies":[{"embeddable":true,"href":"https:\/\/www.mondogrowkits.com\/fr\/wp-json\/wp\/v2\/comments?post=1000"}],"wp:featuredmedia":[{"embeddable":true,"href":"https:\/\/www.mondogrowkits.com\/fr\/wp-json\/wp\/v2\/media\/4641"}],"wp:attachment":[{"href":"https:\/\/www.mondogrowkits.com\/fr\/wp-json\/wp\/v2\/media?parent=1000"}],"wp:term":[{"taxonomy":"product_brand","embeddable":true,"href":"https:\/\/www.mondogrowkits.com\/fr\/wp-json\/wp\/v2\/product_brand?post=1000"},{"taxonomy":"product_cat","embeddable":true,"href":"https:\/\/www.mondogrowkits.com\/fr\/wp-json\/wp\/v2\/product_cat?post=1000"},{"taxonomy":"product_tag","embeddable":true,"href":"https:\/\/www.mondogrowkits.com\/fr\/wp-json\/wp\/v2\/product_tag?post=1000"}],"curies":[{"name":"wp","href":"https:\/\/api.w.org\/{rel}","templated":true}]}}