{"id":1343,"date":"2026-03-31T09:42:48","date_gmt":"2026-03-31T08:42:48","guid":{"rendered":"https:\/\/www.mondogrowkits.com\/?post_type=product&#038;p=1343"},"modified":"2026-04-28T13:26:09","modified_gmt":"2026-04-28T12:26:09","slug":"culture-liquide-pfo","status":"publish","type":"product","link":"https:\/\/www.mondogrowkits.com\/fr\/liquid-culture-pfo\/","title":{"rendered":"PFO - Seringue pour culture liquide de Psilocybe Cubensis"},"content":{"rendered":"<h2 data-section-id=\"1lcrje7\" data-start=\"563\" data-end=\"630\">PFO Liquid Culture Syringe - Psilocybe cubensis Premium Genetics<\/h2><p data-start=\"632\" data-end=\"937\">Le FOP - <a href=\"https:\/\/www.mondogrowkits.com\/it\/cose-la-psilocibina\/\">Psilocybe cubensis<\/a> Liquid Culture Syringe est une culture de haute qualit\u00e9 connue pour sa g\u00e9n\u00e9tique forte, sa colonisation rapide et son d\u00e9veloppement constant du myc\u00e9lium. Cette souche unique est appr\u00e9ci\u00e9e pour ses sch\u00e9mas de croissance pr\u00e9visibles et ses performances fiables dans une large gamme de configurations de culture.<\/p><p data-start=\"939\" data-end=\"1166\">PFO est reconnu pour son myc\u00e9lium dense et vigoureux, permettant une colonisation rapide et homog\u00e8ne de divers substrats. Ses caract\u00e9ristiques stables en font un excellent choix pour les cultivateurs \u00e0 la recherche d'efficacit\u00e9 et de r\u00e9sultats constants.<\/p><p data-start=\"1168\" data-end=\"1413\">Ce produit \u00e9tant fourni sous forme de culture liquide, il contient du myc\u00e9lium actif en suspension dans une solution riche en nutriments. Cela permet une colonisation beaucoup plus rapide que les cultures traditionnelles. <a href=\"https:\/\/www.mondogrowkits.com\/it\/siringhe-di-spore-di-psilocybe-cubensis\/\">seringues \u00e0 spores<\/a> et am\u00e9liore les taux de r\u00e9ussite globaux.<\/p><p data-start=\"1415\" data-end=\"1520\">Dans des conditions optimales, la croissance du myc\u00e9lium peut souvent \u00eatre observ\u00e9e quelques jours seulement apr\u00e8s l'inoculation.<\/p><hr data-start=\"1522\" data-end=\"1525\" \/><h3 data-section-id=\"1qp3npv\" data-start=\"1527\" data-end=\"1564\">Qu'est-ce que la FOP (Psilocybe cubensis) ?<\/h3><p data-start=\"1566\" data-end=\"1805\">PFO est une souche de Psilocybe cubensis appr\u00e9ci\u00e9e pour sa croissance fiable et son comportement coh\u00e9rent dans des conditions contr\u00f4l\u00e9es. Comme d'autres vari\u00e9t\u00e9s de cubensis, elle est largement \u00e9tudi\u00e9e et appr\u00e9ci\u00e9e pour son d\u00e9veloppement stable et sa facilit\u00e9 de culture.<\/p><p data-start=\"1807\" data-end=\"1890\">Gr\u00e2ce \u00e0 sa fiabilit\u00e9, il convient \u00e0 la fois aux <a href=\"https:\/\/www.mondogrowkits.com\/it\/mondo-growkit-migliori-ceppi-principianti-avanzati\/\">d\u00e9butants<\/a> et des cultivateurs exp\u00e9riment\u00e9s.<\/p><hr data-start=\"1892\" data-end=\"1895\" \/><h3 data-section-id=\"371n23\" data-start=\"1897\" data-end=\"1931\">Pourquoi choisir PFO Liquid Culture ?<\/h3><ul data-start=\"1933\" data-end=\"2218\">\n<li data-section-id=\"b11ssq\" data-start=\"1933\" data-end=\"1969\">Souche unique de Psilocybe cubensis<\/li>\n<li data-section-id=\"1nqqo5y\" data-start=\"1970\" data-end=\"2008\">Une colonisation forte et coh\u00e9rente<\/li>\n<li data-section-id=\"1hxpfjl\" data-start=\"2009\" data-end=\"2046\">Croissance rapide et vigoureuse du myc\u00e9lium<\/li>\n<li data-section-id=\"vs2jta\" data-start=\"2047\" data-end=\"2082\">Des performances fiables et stables<\/li>\n<li data-section-id=\"fix0if\" data-start=\"2083\" data-end=\"2133\">Convient aux d\u00e9butants et aux cultivateurs exp\u00e9riment\u00e9s<\/li>\n<li data-section-id=\"19zbuxr\" data-start=\"2134\" data-end=\"2177\">Colonisation plus rapide qu'avec les seringues \u00e0 spores<\/li>\n<li data-section-id=\"16w25lw\" data-start=\"2178\" data-end=\"2218\">Culture liquide active - pr\u00eate \u00e0 l'emploi<\/li>\n<\/ul><p data-start=\"2220\" data-end=\"2322\">La culture liquide PFO est id\u00e9ale pour les cultivateurs qui recherchent une exp\u00e9rience de culture fiable et efficace.<\/p><hr data-start=\"2324\" data-end=\"2327\" \/><h3 data-section-id=\"1edg1fv\" data-start=\"2329\" data-end=\"2359\">Avantages de Liquid Culture<\/h3><p data-start=\"2361\" data-end=\"2450\">Les seringues de culture liquide pr\u00e9sentent plusieurs avantages par rapport aux produits traditionnels \u00e0 base de spores.<\/p><p data-start=\"2452\" data-end=\"2540\">Le myc\u00e9lium \u00e9tant d\u00e9j\u00e0 actif, la colonisation commence imm\u00e9diatement apr\u00e8s l'inoculation.<\/p><p data-start=\"2542\" data-end=\"2563\">Les principaux avantages sont les suivants :<\/p><ul data-start=\"2565\" data-end=\"2722\">\n<li data-section-id=\"5at1tr\" data-start=\"2565\" data-end=\"2594\">Une colonisation plus rapide<\/li>\n<li data-section-id=\"cqwl0j\" data-start=\"2595\" data-end=\"2619\">Des taux de r\u00e9ussite plus \u00e9lev\u00e9s<\/li>\n<li data-section-id=\"ur01ho\" data-start=\"2620\" data-end=\"2653\">R\u00e9partition uniforme du myc\u00e9lium<\/li>\n<li data-section-id=\"nuiwlo\" data-start=\"2654\" data-end=\"2686\">Application facile et pr\u00e9cise<\/li>\n<li data-section-id=\"s8uau9\" data-start=\"2687\" data-end=\"2722\">Des r\u00e9sultats coh\u00e9rents et fiables<\/li>\n<\/ul><p data-start=\"2724\" data-end=\"2807\">La culture en milieu liquide est le choix pr\u00e9f\u00e9r\u00e9 des cultivateurs qui privil\u00e9gient la rapidit\u00e9 et la coh\u00e9rence.<\/p><hr data-start=\"2809\" data-end=\"2812\" \/><h3 data-section-id=\"1ltc4xe\" data-start=\"2814\" data-end=\"2839\">Utilisation et application<\/h3><p data-start=\"2841\" data-end=\"2923\">Le PFO <a href=\"https:\/\/www.mondogrowkits.com\/it\/siringa-per-coltura-liquida\/\">seringue pour culture liquide<\/a> est facile \u00e0 utiliser et convient \u00e0 diff\u00e9rents substrats.<\/p><p data-start=\"2925\" data-end=\"3063\">Avant utilisation, agiter doucement la seringue pour r\u00e9partir uniform\u00e9ment le myc\u00e9lium. Injectez la solution dans votre <a href=\"https:\/\/www.mondogrowkits.com\/it\/substrato-sterilizzato\/\">substrat st\u00e9rile<\/a> ou un milieu de culture.<\/p><p data-start=\"3065\" data-end=\"3165\">Comme la culture contient du myc\u00e9lium actif, la colonisation commence g\u00e9n\u00e9ralement plus rapidement qu'avec les spores.<\/p><p data-start=\"3167\" data-end=\"3246\">Travaillez toujours dans un environnement propre et st\u00e9rile afin de minimiser les risques de contamination.<\/p><p data-start=\"3248\" data-end=\"3333\">Note : Ce produit est destin\u00e9 uniquement \u00e0 la microscopie et \u00e0 des fins \u00e9ducatives.<\/p><hr data-start=\"3335\" data-end=\"3338\" \/><h3 data-section-id=\"1w10lnv\" data-start=\"3340\" data-end=\"3364\">Stockage et dur\u00e9e de conservation<\/h3><p data-start=\"3366\" data-end=\"3427\">Conserver la seringue de culture liquide au r\u00e9frig\u00e9rateur \u00e0 2-8 \u00b0C.<\/p><p data-start=\"3429\" data-end=\"3480\">Dur\u00e9e de conservation : Jusqu'\u00e0 2 \u00e0 3 mois en cas de stockage ad\u00e9quat<\/p><p data-start=\"3482\" data-end=\"3569\">\u00c9viter la lumi\u00e8re directe du soleil et la chaleur. Laisser la seringue atteindre la temp\u00e9rature ambiante avant de l'utiliser.<\/p><hr data-start=\"3571\" data-end=\"3574\" \/><h3 data-section-id=\"7j9pm0\" data-start=\"3576\" data-end=\"3614\">FOP - Une g\u00e9n\u00e9tique forte et fiable<\/h3><p data-start=\"3616\" data-end=\"3725\">PFO est appr\u00e9ci\u00e9 pour sa colonisation rapide et ses performances constantes, ce qui en fait un choix de confiance parmi les cultivateurs.<\/p><p data-start=\"3727\" data-end=\"3835\">Ses caract\u00e9ristiques de croissance fiables et sa facilit\u00e9 d'utilisation en font un produit adapt\u00e9 \u00e0 un large \u00e9ventail de cultures.<\/p><hr data-start=\"3837\" data-end=\"3840\" \/><h3 data-section-id=\"jwqaka\" data-start=\"3842\" data-end=\"3889\">Commandez votre seringue PFO Liquid Culture d\u00e8s aujourd'hui<\/h3><p data-start=\"3891\" data-end=\"4014\">La seringue PFO - Psilocybe cubensis Liquid Culture offre une excellente combinaison de vitesse, de fiabilit\u00e9 et de performance.<\/p><p data-start=\"4016\" data-end=\"4134\">Avec un myc\u00e9lium actif et une g\u00e9n\u00e9tique \u00e9prouv\u00e9e, cette culture liquide est id\u00e9ale pour obtenir une colonisation rapide et coh\u00e9rente.<\/p><p data-start=\"4136\" data-end=\"4194\" data-is-last-node=\"\" data-is-only-node=\"\">Commandez d\u00e8s aujourd'hui et faites l'exp\u00e9rience d'une culture liquide de qualit\u00e9 sup\u00e9rieure.<\/p>","protected":false},"excerpt":{"rendered":"<p data-start=\"95\" data-end=\"385\">PFO - Psilocybe cubensis Liquid Culture Syringe est une culture liquide de qualit\u00e9 sup\u00e9rieure connue pour sa colonisation rapide et sa croissance forte et uniforme du myc\u00e9lium. Cette vari\u00e9t\u00e9 distinctive est appr\u00e9ci\u00e9e pour sa g\u00e9n\u00e9tique stable et ses performances fiables, ce qui la rend adapt\u00e9e aux cultivateurs d\u00e9butants et exp\u00e9riment\u00e9s.<\/p>\n<p data-start=\"387\" data-end=\"556\">La seringue contient du myc\u00e9lium actif en suspension dans une solution riche en nutriments, ce qui garantit une colonisation plus rapide et des taux de r\u00e9ussite plus \u00e9lev\u00e9s que les seringues \u00e0 spores traditionnelles.<\/p>","protected":false},"featured_media":3139,"comment_status":"open","ping_status":"closed","template":"","meta":[],"product_brand":[32],"product_cat":[68],"product_tag":[],"class_list":{"0":"post-1343","1":"product","2":"type-product","3":"status-publish","4":"has-post-thumbnail","6":"product_brand-mondo","7":"product_cat-liquid-culture-syringe","9":"first","10":"instock","11":"taxable","12":"shipping-taxable","13":"purchasable","14":"product-type-simple"},"jetpack_sharing_enabled":true,"_links":{"self":[{"href":"https:\/\/www.mondogrowkits.com\/fr\/wp-json\/wp\/v2\/product\/1343","targetHints":{"allow":["GET"]}}],"collection":[{"href":"https:\/\/www.mondogrowkits.com\/fr\/wp-json\/wp\/v2\/product"}],"about":[{"href":"https:\/\/www.mondogrowkits.com\/fr\/wp-json\/wp\/v2\/types\/product"}],"replies":[{"embeddable":true,"href":"https:\/\/www.mondogrowkits.com\/fr\/wp-json\/wp\/v2\/comments?post=1343"}],"wp:featuredmedia":[{"embeddable":true,"href":"https:\/\/www.mondogrowkits.com\/fr\/wp-json\/wp\/v2\/media\/3139"}],"wp:attachment":[{"href":"https:\/\/www.mondogrowkits.com\/fr\/wp-json\/wp\/v2\/media?parent=1343"}],"wp:term":[{"taxonomy":"product_brand","embeddable":true,"href":"https:\/\/www.mondogrowkits.com\/fr\/wp-json\/wp\/v2\/product_brand?post=1343"},{"taxonomy":"product_cat","embeddable":true,"href":"https:\/\/www.mondogrowkits.com\/fr\/wp-json\/wp\/v2\/product_cat?post=1343"},{"taxonomy":"product_tag","embeddable":true,"href":"https:\/\/www.mondogrowkits.com\/fr\/wp-json\/wp\/v2\/product_tag?post=1343"}],"curies":[{"name":"wp","href":"https:\/\/api.w.org\/{rel}","templated":true}]}}