{"id":1363,"date":"2025-09-11T16:49:52","date_gmt":"2025-09-11T16:49:52","guid":{"rendered":"https:\/\/www.mondogrowkits.com\/?post_type=product&#038;p=1363"},"modified":"2026-04-28T12:37:19","modified_gmt":"2026-04-28T11:37:19","slug":"culture-liquide-pajaritos","status":"publish","type":"product","link":"https:\/\/www.mondogrowkits.com\/fr\/liquid-culture-pajaritos\/","title":{"rendered":"Pajaritos - Seringue de culture liquide de Psilocybe Cubensis"},"content":{"rendered":"<h2 data-section-id=\"ai9npb\" data-start=\"587\" data-end=\"660\">Pajaritos Liquid Culture Syringe \u2013 Psilocybe cubensis Premium Genetics<\/h2><p data-start=\"662\" data-end=\"968\">Le <a href=\"https:\/\/www.mondogrowkits.com\/fr\/microdosage-pajaritos\/\">Pajaritos<\/a> \u2013 Psilocybe cubensis Liquid Culture Syringe is a high-quality culture known for its strong genetics, rapid colonisation, and consistent mycelium development. This unique strain is appreciated for its dependable growth patterns and stable performance across a wide range of cultivation setups.<\/p><p data-start=\"970\" data-end=\"1208\">Pajaritos is recognised for its dense and vigorous mycelium, allowing for fast and even colonisation of various substrates. Its consistent characteristics make it an excellent choice for growers seeking efficiency and predictable results.<\/p><p data-start=\"1210\" data-end=\"1455\">Ce produit \u00e9tant fourni sous forme de culture liquide, il contient du myc\u00e9lium actif en suspension dans une solution riche en nutriments. Cela permet une colonisation beaucoup plus rapide que les cultures traditionnelles. <a href=\"https:\/\/www.mondogrowkits.com\/fr\/seringues-a-spores-psilocybe-cubensis\/\">seringues \u00e0 spores<\/a> et am\u00e9liore les taux de r\u00e9ussite globaux.<\/p><p data-start=\"1457\" data-end=\"1562\">Dans des conditions optimales, la croissance du myc\u00e9lium peut souvent \u00eatre observ\u00e9e quelques jours seulement apr\u00e8s l'inoculation.<\/p><hr data-start=\"1564\" data-end=\"1567\" \/><h3 data-section-id=\"1n54ern\" data-start=\"1569\" data-end=\"1612\">What is Pajaritos (Psilocybe cubensis)?<\/h3><p data-start=\"1614\" data-end=\"1864\">Pajaritos is a lesser-known but reliable <a href=\"https:\/\/www.mondogrowkits.com\/fr\/quest-ce-que-la-psilocybine\/\">Psilocybe cubensis<\/a> strain valued for its stable growth and consistent behaviour under controlled conditions. Like other cubensis varieties, it is widely studied and appreciated for its predictable development.<\/p><p data-start=\"1866\" data-end=\"1949\">Gr\u00e2ce \u00e0 sa fiabilit\u00e9, il convient \u00e0 la fois aux <a href=\"https:\/\/www.mondogrowkits.com\/fr\/mondo-growkits-meilleures-varietes-debutants-avances\/\">d\u00e9butants<\/a> et des cultivateurs exp\u00e9riment\u00e9s.<\/p><hr data-start=\"1951\" data-end=\"1954\" \/><h3 data-section-id=\"1r070yz\" data-start=\"1956\" data-end=\"1996\">Why Choose Pajaritos Liquid Culture?<\/h3><ul data-start=\"1998\" data-end=\"2283\">\n<li data-section-id=\"b11ssq\" data-start=\"1998\" data-end=\"2034\">Souche unique de Psilocybe cubensis<\/li>\n<li data-section-id=\"1nqqo5y\" data-start=\"2035\" data-end=\"2073\">Une colonisation forte et coh\u00e9rente<\/li>\n<li data-section-id=\"1hxpfjl\" data-start=\"2074\" data-end=\"2111\">Croissance rapide et vigoureuse du myc\u00e9lium<\/li>\n<li data-section-id=\"vs2jta\" data-start=\"2112\" data-end=\"2147\">Des performances fiables et stables<\/li>\n<li data-section-id=\"fix0if\" data-start=\"2148\" data-end=\"2198\">Convient aux d\u00e9butants et aux cultivateurs exp\u00e9riment\u00e9s<\/li>\n<li data-section-id=\"19zbuxr\" data-start=\"2199\" data-end=\"2242\">Colonisation plus rapide qu'avec les seringues \u00e0 spores<\/li>\n<li data-section-id=\"16w25lw\" data-start=\"2243\" data-end=\"2283\">Culture liquide active - pr\u00eate \u00e0 l'emploi<\/li>\n<\/ul><p data-start=\"2285\" data-end=\"2393\">Pajaritos liquid culture is ideal for growers looking for a dependable and efficient cultivation experience.<\/p><hr data-start=\"2395\" data-end=\"2398\" \/><h3 data-section-id=\"1edg1fv\" data-start=\"2400\" data-end=\"2430\">Avantages de Liquid Culture<\/h3><p data-start=\"2432\" data-end=\"2521\">Les seringues de culture liquide pr\u00e9sentent plusieurs avantages par rapport aux produits traditionnels \u00e0 base de spores.<\/p><p data-start=\"2523\" data-end=\"2611\">Le myc\u00e9lium \u00e9tant d\u00e9j\u00e0 actif, la colonisation commence imm\u00e9diatement apr\u00e8s l'inoculation.<\/p><p data-start=\"2613\" data-end=\"2634\">Les principaux avantages sont les suivants :<\/p><ul data-start=\"2636\" data-end=\"2793\">\n<li data-section-id=\"5at1tr\" data-start=\"2636\" data-end=\"2665\">Une colonisation plus rapide<\/li>\n<li data-section-id=\"cqwl0j\" data-start=\"2666\" data-end=\"2690\">Des taux de r\u00e9ussite plus \u00e9lev\u00e9s<\/li>\n<li data-section-id=\"ur01ho\" data-start=\"2691\" data-end=\"2724\">R\u00e9partition uniforme du myc\u00e9lium<\/li>\n<li data-section-id=\"nuiwlo\" data-start=\"2725\" data-end=\"2757\">Application facile et pr\u00e9cise<\/li>\n<li data-section-id=\"s8uau9\" data-start=\"2758\" data-end=\"2793\">Des r\u00e9sultats coh\u00e9rents et fiables<\/li>\n<\/ul><p data-start=\"2795\" data-end=\"2878\">La culture en milieu liquide est le choix pr\u00e9f\u00e9r\u00e9 des cultivateurs qui privil\u00e9gient la rapidit\u00e9 et la coh\u00e9rence.<\/p><hr data-start=\"2880\" data-end=\"2883\" \/><h3 data-section-id=\"1ltc4xe\" data-start=\"2885\" data-end=\"2910\">Utilisation et application<\/h3><p data-start=\"2912\" data-end=\"3000\">The Pajaritos <a href=\"https:\/\/www.mondogrowkits.com\/fr\/seringue-pour-culture-liquide\/\">seringue pour culture liquide<\/a> est facile \u00e0 utiliser et convient \u00e0 diff\u00e9rents substrats.<\/p><p data-start=\"3002\" data-end=\"3140\">Avant utilisation, agiter doucement la seringue pour r\u00e9partir uniform\u00e9ment le myc\u00e9lium. Injectez la solution dans votre <a href=\"https:\/\/www.mondogrowkits.com\/fr\/substrat-sterilise\/\">substrat st\u00e9rile<\/a> ou un milieu de culture.<\/p><p data-start=\"3142\" data-end=\"3242\">Comme la culture contient du myc\u00e9lium actif, la colonisation commence g\u00e9n\u00e9ralement plus rapidement qu'avec les spores.<\/p><p data-start=\"3244\" data-end=\"3323\">Travaillez toujours dans un environnement propre et st\u00e9rile afin de minimiser les risques de contamination.<\/p><p data-start=\"3325\" data-end=\"3410\">Note : Ce produit est destin\u00e9 uniquement \u00e0 la microscopie et \u00e0 des fins \u00e9ducatives.<\/p><hr data-start=\"3412\" data-end=\"3415\" \/><h3 data-section-id=\"1w10lnv\" data-start=\"3417\" data-end=\"3441\">Stockage et dur\u00e9e de conservation<\/h3><p data-start=\"3443\" data-end=\"3504\">Conserver la seringue de culture liquide au r\u00e9frig\u00e9rateur \u00e0 2-8 \u00b0C.<\/p><p data-start=\"3506\" data-end=\"3557\">Dur\u00e9e de conservation : Jusqu'\u00e0 2 \u00e0 3 mois en cas de stockage ad\u00e9quat<\/p><p data-start=\"3559\" data-end=\"3646\">\u00c9viter la lumi\u00e8re directe du soleil et la chaleur. Laisser la seringue atteindre la temp\u00e9rature ambiante avant de l'utiliser.<\/p><hr data-start=\"3648\" data-end=\"3651\" \/><h3 data-section-id=\"qlujnc\" data-start=\"3653\" data-end=\"3697\">Pajaritos \u2013 Strong and Reliable Genetics<\/h3><p data-start=\"3699\" data-end=\"3814\">Pajaritos is valued for its fast colonisation and consistent performance, making it a trusted choice among growers.<\/p><p data-start=\"3816\" data-end=\"3924\">Ses caract\u00e9ristiques de croissance fiables et sa facilit\u00e9 d'utilisation en font un produit adapt\u00e9 \u00e0 un large \u00e9ventail de cultures.<\/p><hr data-start=\"3926\" data-end=\"3929\" \/><h3 data-section-id=\"ahhvoq\" data-start=\"3931\" data-end=\"3984\">Order Your Pajaritos Liquid Culture Syringe Today<\/h3><p data-start=\"3986\" data-end=\"4115\">The Pajaritos \u2013 Psilocybe cubensis Liquid Culture Syringe offers an excellent combination of speed, reliability, and performance.<\/p><p data-start=\"4117\" data-end=\"4235\">Avec un myc\u00e9lium actif et une g\u00e9n\u00e9tique \u00e9prouv\u00e9e, cette culture liquide est id\u00e9ale pour obtenir une colonisation rapide et coh\u00e9rente.<\/p><p data-start=\"4237\" data-end=\"4295\" data-is-last-node=\"\" data-is-only-node=\"\">Commandez d\u00e8s aujourd'hui et faites l'exp\u00e9rience d'une culture liquide de qualit\u00e9 sup\u00e9rieure.<\/p>","protected":false},"excerpt":{"rendered":"<p data-start=\"113\" data-end=\"409\">Pajaritos \u2013 Psilocybe cubensis Liquid Culture Syringe is a premium liquid culture known for its fast colonisation and strong, uniform mycelium growth. This distinctive strain is valued for its stable genetics and reliable performance, making it suitable for both beginner and experienced growers.<\/p>\n<p data-start=\"411\" data-end=\"580\">La seringue contient du myc\u00e9lium actif en suspension dans une solution riche en nutriments, ce qui garantit une colonisation plus rapide et des taux de r\u00e9ussite plus \u00e9lev\u00e9s que les seringues \u00e0 spores traditionnelles.<\/p>","protected":false},"featured_media":3139,"comment_status":"open","ping_status":"closed","template":"","meta":[],"product_brand":[32],"product_cat":[68],"product_tag":[],"class_list":{"0":"post-1363","1":"product","2":"type-product","3":"status-publish","4":"has-post-thumbnail","6":"product_brand-mondo","7":"product_cat-liquid-culture-syringe","9":"first","10":"instock","11":"taxable","12":"shipping-taxable","13":"purchasable","14":"product-type-simple"},"jetpack_sharing_enabled":true,"_links":{"self":[{"href":"https:\/\/www.mondogrowkits.com\/fr\/wp-json\/wp\/v2\/product\/1363","targetHints":{"allow":["GET"]}}],"collection":[{"href":"https:\/\/www.mondogrowkits.com\/fr\/wp-json\/wp\/v2\/product"}],"about":[{"href":"https:\/\/www.mondogrowkits.com\/fr\/wp-json\/wp\/v2\/types\/product"}],"replies":[{"embeddable":true,"href":"https:\/\/www.mondogrowkits.com\/fr\/wp-json\/wp\/v2\/comments?post=1363"}],"wp:featuredmedia":[{"embeddable":true,"href":"https:\/\/www.mondogrowkits.com\/fr\/wp-json\/wp\/v2\/media\/3139"}],"wp:attachment":[{"href":"https:\/\/www.mondogrowkits.com\/fr\/wp-json\/wp\/v2\/media?parent=1363"}],"wp:term":[{"taxonomy":"product_brand","embeddable":true,"href":"https:\/\/www.mondogrowkits.com\/fr\/wp-json\/wp\/v2\/product_brand?post=1363"},{"taxonomy":"product_cat","embeddable":true,"href":"https:\/\/www.mondogrowkits.com\/fr\/wp-json\/wp\/v2\/product_cat?post=1363"},{"taxonomy":"product_tag","embeddable":true,"href":"https:\/\/www.mondogrowkits.com\/fr\/wp-json\/wp\/v2\/product_tag?post=1363"}],"curies":[{"name":"wp","href":"https:\/\/api.w.org\/{rel}","templated":true}]}}