{"id":1371,"date":"2025-09-11T16:49:43","date_gmt":"2025-09-11T16:49:43","guid":{"rendered":"https:\/\/www.mondogrowkits.com\/?post_type=product&#038;p=1371"},"modified":"2026-04-22T10:49:38","modified_gmt":"2026-04-22T09:49:38","slug":"culture-liquide-jack-frost","status":"publish","type":"product","link":"https:\/\/www.mondogrowkits.com\/fr\/liquid-culture-jack-frost\/","title":{"rendered":"Jack Frost - Seringue de culture liquide Psilocybe Cubensis"},"content":{"rendered":"<h2 data-section-id=\"f9xt8h\" data-start=\"602\" data-end=\"675\">Jack Frost Liquid Culture Seringue - Unique Psilocybe Cubensis Genetics<\/h2><p data-start=\"677\" data-end=\"986\">Le <strong data-start=\"681\" data-end=\"739\">Jack Frost - Seringue de culture liquide Psilocybe Cubensis<\/strong> est une vari\u00e9t\u00e9 distinctive et tr\u00e8s recherch\u00e9e, connue pour sa forte g\u00e9n\u00e9tique, sa colonisation fiable et son d\u00e9veloppement constant du myc\u00e9lium. Cette vari\u00e9t\u00e9 a gagn\u00e9 en popularit\u00e9 parmi les cultivateurs en raison de ses performances stables et de ses caract\u00e9ristiques uniques.<\/p><p data-start=\"988\" data-end=\"1233\">Jack Frost est reconnu pour son myc\u00e9lium dense et vigoureux, permettant une colonisation rapide et uniforme sur une large gamme de substrats. Sa nature fiable en fait un excellent choix pour les cultivateurs \u00e0 la recherche de r\u00e9sultats pr\u00e9visibles et efficaces.<\/p><p data-start=\"1235\" data-end=\"1480\">\u00c9tant donn\u00e9 que ce produit est fourni en tant que <a href=\"https:\/\/www.mondogrowkits.com\/fr\/liquid-culture-syringe\/\">culture liquide<\/a>, Elle contient du myc\u00e9lium actif en suspension dans une solution riche en nutriments. Cela permet une colonisation beaucoup plus rapide qu'avec les seringues \u00e0 spores traditionnelles et am\u00e9liore les taux de r\u00e9ussite globaux.<\/p><p data-start=\"1482\" data-end=\"1587\">Dans des conditions optimales, la croissance du myc\u00e9lium peut souvent \u00eatre observ\u00e9e quelques jours seulement apr\u00e8s l'inoculation.<\/p><hr data-start=\"1589\" data-end=\"1592\" \/><h3 data-section-id=\"2tmyn1\" data-start=\"1594\" data-end=\"1635\">Pourquoi choisir Jack Frost Liquid Culture ?<\/h3><p data-start=\"1637\" data-end=\"1891\">\u2714 Souche unique et populaire de Psilocybe cubensis<br data-start=\"1683\" data-end=\"1686\" \/>\u2714 Une colonisation forte et coh\u00e9rente<br data-start=\"1722\" data-end=\"1725\" \/>\u2714 Une croissance fiable et stable<br data-start=\"1753\" data-end=\"1756\" \/>\u2714 Convient pour <a href=\"https:\/\/www.mondogrowkits.com\/fr\/mondo-growkits-best-strains-beginners-advanced\/\">d\u00e9butants<\/a> et des cultivateurs exp\u00e9riment\u00e9s<br data-start=\"1804\" data-end=\"1807\" \/>\u2714 Colonisation plus rapide qu'avec les seringues \u00e0 spores<br data-start=\"1848\" data-end=\"1851\" \/>\u2714 Culture liquide active - pr\u00eate \u00e0 l'emploi<\/p><p data-start=\"1893\" data-end=\"1987\">Le Jack Frost est id\u00e9al pour les cultivateurs \u00e0 la recherche d'une exp\u00e9rience de culture fiable et efficace.<\/p><hr data-start=\"1989\" data-end=\"1992\" \/><h3 data-section-id=\"1edg1fv\" data-start=\"1994\" data-end=\"2024\">Avantages de Liquid Culture<\/h3><p data-start=\"2026\" data-end=\"2115\">Les seringues de culture liquide pr\u00e9sentent plusieurs avantages par rapport aux produits traditionnels \u00e0 base de spores.<\/p><p data-start=\"2117\" data-end=\"2205\">Le myc\u00e9lium \u00e9tant d\u00e9j\u00e0 actif, la colonisation commence imm\u00e9diatement apr\u00e8s l'inoculation.<\/p><p data-start=\"2207\" data-end=\"2228\">Les principaux avantages sont les suivants :<\/p><p data-start=\"2230\" data-end=\"2387\">- Une colonisation plus rapide<br data-start=\"2257\" data-end=\"2260\" \/>- Des taux de r\u00e9ussite plus \u00e9lev\u00e9s<br data-start=\"2282\" data-end=\"2285\" \/>- R\u00e9partition uniforme du myc\u00e9lium<br data-start=\"2316\" data-end=\"2319\" \/>- Application facile et pr\u00e9cise<br data-start=\"2349\" data-end=\"2352\" \/>- Des r\u00e9sultats coh\u00e9rents et fiables<\/p><p data-start=\"2389\" data-end=\"2471\">La culture en milieu liquide est le choix pr\u00e9f\u00e9r\u00e9 des cultivateurs qui veulent de la rapidit\u00e9 et de la constance.<\/p><hr data-start=\"2473\" data-end=\"2476\" \/><h3 data-section-id=\"1ltc4xe\" data-start=\"2478\" data-end=\"2503\">Utilisation et application<\/h3><p data-start=\"2505\" data-end=\"2594\">La seringue de culture liquide Jack Frost est facile \u00e0 utiliser et convient \u00e0 diff\u00e9rents substrats.<\/p><p data-start=\"2596\" data-end=\"2732\">Avant utilisation, agiter doucement la seringue pour r\u00e9partir uniform\u00e9ment le myc\u00e9lium. Injectez le liquide dans votre <a href=\"https:\/\/www.mondogrowkits.com\/fr\/sterilised-substrate\/\">substrat st\u00e9rile<\/a> ou un milieu de culture.<\/p><p data-start=\"2734\" data-end=\"2834\">Comme la culture contient du myc\u00e9lium actif, la colonisation commence g\u00e9n\u00e9ralement plus rapidement qu'avec les spores.<\/p><p data-start=\"2836\" data-end=\"2915\">Travaillez toujours dans un environnement propre et st\u00e9rile afin de minimiser les risques de contamination.<\/p><p data-start=\"2917\" data-end=\"3006\"><strong data-start=\"2917\" data-end=\"2926\">Remarque :<\/strong> Ce produit est destin\u00e9 uniquement \u00e0 la microscopie et \u00e0 des fins \u00e9ducatives.<\/p><hr data-start=\"3008\" data-end=\"3011\" \/><h3 data-section-id=\"1w10lnv\" data-start=\"3013\" data-end=\"3037\">Stockage et dur\u00e9e de conservation<\/h3><p data-start=\"3039\" data-end=\"3100\">Conserver la seringue de culture liquide au r\u00e9frig\u00e9rateur \u00e0 2-8 \u00b0C.<\/p><p data-start=\"3102\" data-end=\"3151\">Dur\u00e9e de conservation : Jusqu'\u00e0 2 \u00e0 3 mois en cas de stockage ad\u00e9quat<\/p><p data-start=\"3153\" data-end=\"3240\">\u00c9viter la lumi\u00e8re directe du soleil et la chaleur. Laisser la seringue atteindre la temp\u00e9rature ambiante avant de l'utiliser.<\/p><hr data-start=\"3242\" data-end=\"3245\" \/><h3 data-section-id=\"1ndk1rc\" data-start=\"3247\" data-end=\"3295\">Jack Frost - G\u00e9n\u00e9tique stable et distinctive<\/h3><p data-start=\"3297\" data-end=\"3415\">Jack Frost est appr\u00e9ci\u00e9 pour sa forte colonisation et ses performances constantes, ce qui en fait un choix de confiance pour les producteurs.<\/p><p data-start=\"3417\" data-end=\"3525\">Ses caract\u00e9ristiques de croissance fiables et sa facilit\u00e9 d'utilisation en font un produit adapt\u00e9 \u00e0 un large \u00e9ventail de cultures.<\/p><hr data-start=\"3527\" data-end=\"3530\" \/><h3 data-section-id=\"1rp5fmk\" data-start=\"3532\" data-end=\"3586\">Commandez votre seringue Jack Frost Liquid Culture d\u00e8s aujourd'hui<\/h3><p data-start=\"3588\" data-end=\"3721\">Le <strong data-start=\"3592\" data-end=\"3650\">Jack Frost - Seringue de culture liquide Psilocybe Cubensis<\/strong> offre une combinaison parfaite de r\u00e9sistance, de fiabilit\u00e9 et d'efficacit\u00e9.<\/p><p data-start=\"3723\" data-end=\"3841\">Avec un myc\u00e9lium actif et une g\u00e9n\u00e9tique \u00e9prouv\u00e9e, cette culture liquide est id\u00e9ale pour obtenir une colonisation rapide et coh\u00e9rente.<\/p><p data-start=\"3843\" data-end=\"3901\" data-is-last-node=\"\" data-is-only-node=\"\">Commandez d\u00e8s aujourd'hui et faites l'exp\u00e9rience d'une culture liquide de qualit\u00e9 sup\u00e9rieure.<\/p>","protected":false},"excerpt":{"rendered":"<p data-start=\"146\" data-end=\"434\"><strong data-start=\"146\" data-end=\"204\">Jack Frost - Seringue de culture liquide Psilocybe Cubensis<\/strong> est une culture liquide de qualit\u00e9 sup\u00e9rieure connue pour sa colonisation rapide et sa forte croissance du myc\u00e9lium. Cette souche unique est appr\u00e9ci\u00e9e pour sa stabilit\u00e9 et ses performances constantes, ce qui la rend adapt\u00e9e aux cultivateurs d\u00e9butants et exp\u00e9riment\u00e9s.<\/p>\n<p data-start=\"436\" data-end=\"595\">La seringue contient du myc\u00e9lium actif dans une solution riche en nutriments, ce qui garantit une colonisation plus rapide et des taux de r\u00e9ussite plus \u00e9lev\u00e9s que les seringues \u00e0 spores traditionnelles.<\/p>","protected":false},"featured_media":3139,"comment_status":"open","ping_status":"closed","template":"","meta":[],"product_brand":[32],"product_cat":[68],"product_tag":[],"class_list":{"0":"post-1371","1":"product","2":"type-product","3":"status-publish","4":"has-post-thumbnail","6":"product_brand-mondo","7":"product_cat-liquid-culture-syringe","9":"first","10":"instock","11":"taxable","12":"shipping-taxable","13":"purchasable","14":"product-type-simple"},"jetpack_sharing_enabled":true,"_links":{"self":[{"href":"https:\/\/www.mondogrowkits.com\/fr\/wp-json\/wp\/v2\/product\/1371","targetHints":{"allow":["GET"]}}],"collection":[{"href":"https:\/\/www.mondogrowkits.com\/fr\/wp-json\/wp\/v2\/product"}],"about":[{"href":"https:\/\/www.mondogrowkits.com\/fr\/wp-json\/wp\/v2\/types\/product"}],"replies":[{"embeddable":true,"href":"https:\/\/www.mondogrowkits.com\/fr\/wp-json\/wp\/v2\/comments?post=1371"}],"wp:featuredmedia":[{"embeddable":true,"href":"https:\/\/www.mondogrowkits.com\/fr\/wp-json\/wp\/v2\/media\/3139"}],"wp:attachment":[{"href":"https:\/\/www.mondogrowkits.com\/fr\/wp-json\/wp\/v2\/media?parent=1371"}],"wp:term":[{"taxonomy":"product_brand","embeddable":true,"href":"https:\/\/www.mondogrowkits.com\/fr\/wp-json\/wp\/v2\/product_brand?post=1371"},{"taxonomy":"product_cat","embeddable":true,"href":"https:\/\/www.mondogrowkits.com\/fr\/wp-json\/wp\/v2\/product_cat?post=1371"},{"taxonomy":"product_tag","embeddable":true,"href":"https:\/\/www.mondogrowkits.com\/fr\/wp-json\/wp\/v2\/product_tag?post=1371"}],"curies":[{"name":"wp","href":"https:\/\/api.w.org\/{rel}","templated":true}]}}