{"id":3555,"date":"2026-03-17T14:12:05","date_gmt":"2026-03-17T13:12:05","guid":{"rendered":"https:\/\/www.mondogrowkits.com\/?post_type=product&#038;p=3555"},"modified":"2026-05-07T09:54:58","modified_gmt":"2026-05-07T08:54:58","slug":"mondotub-grow-box-simple-bundle","status":"publish","type":"product","link":"https:\/\/www.mondogrowkits.com\/fr\/mondotub-grow-box-simple-bundle\/","title":{"rendered":"Mondotub Simple Bundle - Bo\u00eete de culture de champignons magiques"},"content":{"rendered":"<h2 data-section-id=\"16jrrcm\" data-start=\"760\" data-end=\"807\">Mondotub Simple Bundle<\/h2><p data-start=\"809\" data-end=\"1081\">Le <strong data-start=\"813\" data-end=\"861\">Mondotub Simple Bundle<\/strong>\u00a0est un ensemble pratique con\u00e7u pour la culture de champignons \u00e0 domicile. Ce kit combine les \u00e9l\u00e9ments suivants <strong data-start=\"952\" data-end=\"973\">Bo\u00eete de culture Mondotub<\/strong> avec un <strong data-start=\"981\" data-end=\"1009\">Kit de culture moyenne (1200cc)<\/strong>, La culture des champignons est une activit\u00e9 qui se d\u00e9roule dans le cadre d'une installation simple, suffisante pour commencer \u00e0 cultiver des champignons.<\/p><p data-start=\"1083\" data-end=\"1329\">La Mondotub <a href=\"https:\/\/www.mondogrowkits.com\/it\/coltivare-funghi-magici-in-scatola\/\">Bo\u00eete de culture<\/a> est bas\u00e9 sur le c\u00e9l\u00e8bre <strong data-start=\"1132\" data-end=\"1158\">m\u00e9thode de culture monotubulaire<\/strong>, qui utilise un conteneur pour cr\u00e9er un environnement stable avec une circulation d'air et une humidit\u00e9 \u00e9quilibr\u00e9es. Ces conditions favorisent le d\u00e9veloppement sain du myc\u00e9lium et la croissance des champignons.<\/p><h3 data-section-id=\"o5ytor\" data-start=\"1331\" data-end=\"1365\">Que comprend cette offre group\u00e9e ?<\/h3><p data-start=\"1367\" data-end=\"1388\">Ce lot contient :<\/p><ul data-start=\"1390\" data-end=\"1456\">\n<li data-section-id=\"1vlthjm\" data-start=\"1390\" data-end=\"1419\">\n<p data-start=\"1392\" data-end=\"1419\">1 \u00d7 <strong data-start=\"1396\" data-end=\"1417\">Bo\u00eete de culture Mondotub<\/strong><\/p>\n<\/li>\n<li data-section-id=\"132wqtm\" data-start=\"1420\" data-end=\"1456\">\n<p data-start=\"1422\" data-end=\"1456\">1 \u00d7 <strong data-start=\"1426\" data-end=\"1454\">Kit de culture moyenne (1200cc)<\/strong><\/p>\n<\/li>\n<\/ul><p data-start=\"1458\" data-end=\"1625\">Le kit de culture contient un <a href=\"https:\/\/www.mondogrowkits.com\/it\/substrato-sterilizzato\/\">substrat<\/a> Le Mondotub aide \u00e0 maintenir des conditions environnementales ad\u00e9quates pendant le processus de croissance.<\/p><h3 data-section-id=\"rewuix\" data-start=\"1627\" data-end=\"1658\">La m\u00e9thode de culture Mondotub<\/h3><p data-start=\"1660\" data-end=\"1890\">La m\u00e9thode du monotube est largement utilis\u00e9e par les producteurs de champignons car elle permet de cr\u00e9er un environnement contr\u00f4l\u00e9. La conception de notre Mondotub permet un \u00e9change d'air passif tout en maintenant les niveaux d'humidit\u00e9 n\u00e9cessaires \u00e0 la croissance des champignons.<\/p><p data-start=\"1892\" data-end=\"1915\">Les principaux avantages sont les suivants :<\/p><ul data-start=\"1917\" data-end=\"2055\">\n<li data-section-id=\"p51ey0\" data-start=\"1917\" data-end=\"1946\">\n<p data-start=\"1919\" data-end=\"1946\">Des conditions de croissance stables<\/p>\n<\/li>\n<li data-section-id=\"1va4t88\" data-start=\"1947\" data-end=\"1982\">\n<p data-start=\"1949\" data-end=\"1982\">Contr\u00f4le du flux d'air et de l'humidit\u00e9<\/p>\n<\/li>\n<li data-section-id=\"1kbqghl\" data-start=\"1983\" data-end=\"2004\">\n<p data-start=\"1985\" data-end=\"2004\">Configuration facile \u00e0 utiliser<\/p>\n<\/li>\n<li data-section-id=\"fix0if\" data-start=\"2005\" data-end=\"2055\">\n<p data-start=\"2007\" data-end=\"2055\">Convient aux d\u00e9butants et aux cultivateurs exp\u00e9riment\u00e9s<\/p>\n<\/li>\n<\/ul><h3 data-section-id=\"1ykyodt\" data-start=\"2057\" data-end=\"2097\">Une installation de culture simple et efficace<\/h3><p data-start=\"2099\" data-end=\"2296\">Bien que cette offre group\u00e9e ne soit pas un kit de d\u00e9marrage complet, la combinaison des \u00e9l\u00e9ments suivants <strong data-start=\"2170\" data-end=\"2224\">Bo\u00eete de culture Mondotub et kit de culture moyenne (1200cc)<\/strong> fournit une installation pratique suffisante pour la culture des champignons.<\/p><p data-start=\"2298\" data-end=\"2462\">En utilisant le Mondotub comme environnement de culture pour le kit de culture, vous pouvez cr\u00e9er des conditions stables qui favorisent un d\u00e9veloppement sain des champignons et des r\u00e9coltes multiples.<\/p>","protected":false},"excerpt":{"rendered":"<p data-start=\"244\" data-end=\"440\">Le <strong data-start=\"248\" data-end=\"295\">Mondotub Simple Bundle (1200 cc)<\/strong> est un ensemble pratique pour la culture de champignons \u00e0 domicile. Ce kit comprend les \u00e9l\u00e9ments suivants <strong data-start=\"374\" data-end=\"395\">Bo\u00eete de culture Mondotub<\/strong> avec un <strong data-start=\"412\" data-end=\"439\">Kit de culture moyenne (1200 cc)<\/strong>.<\/p>\n<p data-start=\"442\" data-end=\"682\">Le Mondotub fournit un environnement appropri\u00e9 pour maintenir le flux d'air et l'humidit\u00e9, tandis que le kit de culture contient le substrat n\u00e9cessaire au d\u00e9veloppement des champignons. Ensemble, ils forment une installation simple et suffisante pour commencer \u00e0 cultiver des champignons.<\/p>\n<p data-start=\"684\" data-end=\"816\">Ce paquet est id\u00e9al pour les cultivateurs qui veulent un produit de qualit\u00e9. <strong data-start=\"728\" data-end=\"774\">une installation de culture pratique et efficace<\/strong> en utilisant la m\u00e9thode populaire de culture en monotubes.<\/p>\n<p><strong>S\u00e9lectionner la souche<\/strong> que vous souhaitez avant d'ajouter l'offre au panier.<\/p>","protected":false},"featured_media":2919,"comment_status":"open","ping_status":"closed","template":"","meta":[],"product_brand":[32],"product_cat":[57,62],"product_tag":[],"class_list":{"0":"post-3555","1":"product","2":"type-product","3":"status-publish","4":"has-post-thumbnail","6":"product_brand-mondo","7":"product_cat-grow-box-magic-mushrooms","8":"product_cat-grow-tools","10":"first","11":"instock","12":"sale","13":"taxable","14":"shipping-taxable","15":"purchasable","16":"product-type-composite"},"jetpack_sharing_enabled":true,"_links":{"self":[{"href":"https:\/\/www.mondogrowkits.com\/fr\/wp-json\/wp\/v2\/product\/3555","targetHints":{"allow":["GET"]}}],"collection":[{"href":"https:\/\/www.mondogrowkits.com\/fr\/wp-json\/wp\/v2\/product"}],"about":[{"href":"https:\/\/www.mondogrowkits.com\/fr\/wp-json\/wp\/v2\/types\/product"}],"replies":[{"embeddable":true,"href":"https:\/\/www.mondogrowkits.com\/fr\/wp-json\/wp\/v2\/comments?post=3555"}],"wp:featuredmedia":[{"embeddable":true,"href":"https:\/\/www.mondogrowkits.com\/fr\/wp-json\/wp\/v2\/media\/2919"}],"wp:attachment":[{"href":"https:\/\/www.mondogrowkits.com\/fr\/wp-json\/wp\/v2\/media?parent=3555"}],"wp:term":[{"taxonomy":"product_brand","embeddable":true,"href":"https:\/\/www.mondogrowkits.com\/fr\/wp-json\/wp\/v2\/product_brand?post=3555"},{"taxonomy":"product_cat","embeddable":true,"href":"https:\/\/www.mondogrowkits.com\/fr\/wp-json\/wp\/v2\/product_cat?post=3555"},{"taxonomy":"product_tag","embeddable":true,"href":"https:\/\/www.mondogrowkits.com\/fr\/wp-json\/wp\/v2\/product_tag?post=3555"}],"curies":[{"name":"wp","href":"https:\/\/api.w.org\/{rel}","templated":true}]}}