{"id":702,"date":"2025-05-12T08:39:54","date_gmt":"2025-05-12T08:39:54","guid":{"rendered":"https:\/\/staging.mondogrowkits.com\/?post_type=product&#038;p=702"},"modified":"2026-05-16T18:56:06","modified_gmt":"2026-05-16T17:56:06","slug":"kit-de-culture-de-champignons-magiques-pes-hawaii","status":"publish","type":"product","link":"https:\/\/www.mondogrowkits.com\/fr\/pes-hawaii-magic-mushroom-grow-kit\/","title":{"rendered":"PES Hawaii - Kit de culture de champignons magiques"},"content":{"rendered":"<h1 data-section-id=\"94d9yd\" data-start=\"284\" data-end=\"357\">Kit de culture de champignons magiques PES Hawaii - Psilocybe Cubensis Tropical<\/h1><p data-start=\"359\" data-end=\"683\">Le <strong data-start=\"363\" data-end=\"401\">Kit de culture de champignons magiques PES Hawaii<\/strong> est un programme populaire de <strong data-start=\"415\" data-end=\"444\">Souche Psilocybe cubensis<\/strong> connue pour sa forte croissance, la taille impressionnante de ses champignons et la fiabilit\u00e9 de ses r\u00e9coltes. Malgr\u00e9 son nom, cette vari\u00e9t\u00e9 a \u00e9t\u00e9 d\u00e9velopp\u00e9e et distribu\u00e9e par <strong data-start=\"585\" data-end=\"616\">Pacific Exotica Spora (PES)<\/strong> et a acquis une grande notori\u00e9t\u00e9 dans le milieu de la culture des champignons.<\/p><p data-start=\"685\" data-end=\"950\">Les champignons PES Hawaii sont reconnus par leur <strong data-start=\"730\" data-end=\"777\">des tiges \u00e9paisses, de grands chapeaux et des grappes denses<\/strong>, Cette vari\u00e9t\u00e9 est \u00e9galement tr\u00e8s appr\u00e9ci\u00e9e pour sa capacit\u00e9 \u00e0 produire des flushs visuellement impressionnants lors de la phase de fructification. Gr\u00e2ce \u00e0 sa g\u00e9n\u00e9tique vigoureuse, cette vari\u00e9t\u00e9 est appr\u00e9ci\u00e9e pour son <strong data-start=\"912\" data-end=\"949\">une croissance rapide et des rendements constants<\/strong>.<\/p><p data-start=\"952\" data-end=\"1130\">Dans de bonnes conditions de croissance, les premiers champignons apparaissent g\u00e9n\u00e9ralement dans les mois suivants <strong data-start=\"1036\" data-end=\"1053\">10 \u00e0 14 jours<\/strong>, ce qui fait que le <strong data-start=\"1066\" data-end=\"1089\">Kit de culture PES Hawaii<\/strong> un choix gratifiant pour la culture domestique.<\/p><p data-start=\"1132\" data-end=\"1316\">Chaque kit de culture est livr\u00e9 <strong data-start=\"1154\" data-end=\"1191\">enti\u00e8rement colonis\u00e9 et pr\u00eat \u00e0 se d\u00e9velopper<\/strong>, ce qui signifie que le <a href=\"https:\/\/www.mondogrowkits.com\/it\/sterilised-substrate\/\">substrat<\/a> contient d\u00e9j\u00e0 du myc\u00e9lium actif et la culture peut commencer imm\u00e9diatement avec une pr\u00e9paration minimale.<\/p><hr data-start=\"1318\" data-end=\"1321\" \/><h1 data-section-id=\"1h5r7o9\" data-start=\"1323\" data-end=\"1360\">Pourquoi choisir le kit de culture PES Hawaii ?<\/h1><p data-start=\"1362\" data-end=\"1707\">\u2714 Bien connu <strong data-start=\"1375\" data-end=\"1441\">Psilocybe cubensis souche distribu\u00e9e par Pacific Exotica Spora<\/strong><br data-start=\"1441\" data-end=\"1444\" \/>\u2714 Produit de grands champignons avec des tiges \u00e9paisses et des chapeaux larges<br data-start=\"1501\" data-end=\"1504\" \/>\u2714 Une croissance forte et fiable<br data-start=\"1544\" data-end=\"1547\" \/>\u2714 Possibilit\u00e9 d'effectuer plusieurs rin\u00e7ages \u00e0 partir d'un seul kit<br data-start=\"1592\" data-end=\"1595\" \/>\u2714 Substrat enti\u00e8rement colonis\u00e9 - pr\u00eat \u00e0 se d\u00e9velopper imm\u00e9diatement<br data-start=\"1650\" data-end=\"1653\" \/>\u2714 Substrat de culture naturel avec myc\u00e9lium actif<\/p><p data-start=\"1709\" data-end=\"1822\">La vari\u00e9t\u00e9 PES Hawaii est tr\u00e8s appr\u00e9ci\u00e9e des cultivateurs qui aiment <strong data-start=\"1771\" data-end=\"1821\">une forte croissance des champignons et des r\u00e9coltes impressionnantes<\/strong>.<\/p><hr data-start=\"1824\" data-end=\"1827\" \/><h1 data-section-id=\"1o7u9te\" data-start=\"1829\" data-end=\"1855\">Tailles des kits de culture disponibles<\/h1><p data-start=\"1857\" data-end=\"1995\">Le <strong data-start=\"1861\" data-end=\"1899\">Kit de culture de champignons magiques PES Hawaii<\/strong> est disponible en plusieurs tailles afin que vous puissiez choisir le kit qui convient le mieux \u00e0 votre installation de culture.<\/p><p data-start=\"1997\" data-end=\"2013\">Tailles disponibles :<\/p><p data-start=\"2015\" data-end=\"2099\">\u2022 <strong data-start=\"2017\" data-end=\"2027\">280 cm\u00b3<\/strong><br data-start=\"2027\" data-end=\"2030\" \/>\u2022 <strong data-start=\"2032\" data-end=\"2042\">750 cm\u00b3<\/strong><br data-start=\"2042\" data-end=\"2045\" \/>\u2022 <strong data-start=\"2047\" data-end=\"2058\">1200 cm\u00b3<\/strong> (montr\u00e9 dans la photo du produit)<br data-start=\"2083\" data-end=\"2086\" \/>\u2022 <strong data-start=\"2088\" data-end=\"2099\">2100 cm\u00b3<\/strong><\/p><p data-start=\"2101\" data-end=\"2245\">Les kits de culture plus importants produisent g\u00e9n\u00e9ralement <strong data-start=\"2136\" data-end=\"2170\">des rendements plus \u00e9lev\u00e9s et des rin\u00e7ages plus nombreux<\/strong>, tandis que les kits plus petits sont id\u00e9aux pour <a href=\"https:\/\/www.mondogrowkits.com\/it\/mondo-growkits-best-strains-beginners-advanced\/\">d\u00e9butants<\/a> ou les producteurs disposant d'un espace limit\u00e9.<\/p><hr data-start=\"2247\" data-end=\"2250\" \/><h1 data-section-id=\"2t1372\" data-start=\"2252\" data-end=\"2278\">Conditions de croissance id\u00e9ales<\/h1><p data-start=\"2280\" data-end=\"2359\">Les champignons PES Hawaii se d\u00e9veloppent dans des environnements chauds et humides avec une lumi\u00e8re indirecte.<\/p><p data-start=\"2361\" data-end=\"2392\">Conditions de culture recommand\u00e9es :<\/p><p data-start=\"2394\" data-end=\"2573\"><strong data-start=\"2394\" data-end=\"2410\">Temp\u00e9rature :<\/strong> 18\u201327 \u00b0C<br data-start=\"2419\" data-end=\"2422\" \/><strong data-start=\"2422\" data-end=\"2446\">Temp\u00e9rature optimale :<\/strong> 22-25 \u00b0C<br data-start=\"2455\" data-end=\"2458\" \/><strong data-start=\"2458\" data-end=\"2471\">\u00c9clairage :<\/strong> Lumi\u00e8re indirecte du jour ou lumi\u00e8re ambiante de la pi\u00e8ce<br data-start=\"2511\" data-end=\"2514\" \/><strong data-start=\"2514\" data-end=\"2527\">Humidit\u00e9 :<\/strong> Humidit\u00e9 \u00e9lev\u00e9e avec renouvellement r\u00e9gulier de l'air frais<\/p><p data-start=\"2575\" data-end=\"2700\">La condensation \u00e0 l'int\u00e9rieur du sac de culture permet de maintenir un taux d'humidit\u00e9 ad\u00e9quat. \u00c9vitez de vaporiser de l'eau directement sur le substrat.<\/p><p data-start=\"2702\" data-end=\"2798\">De petits champignons apparaissent g\u00e9n\u00e9ralement \u00e0 l'int\u00e9rieur des <strong data-start=\"2744\" data-end=\"2758\">10 \u00e0 14 jours<\/strong>, en fonction des conditions environnementales.<\/p><hr data-start=\"2800\" data-end=\"2803\" \/><h1 data-section-id=\"src3bw\" data-start=\"2805\" data-end=\"2844\">Effets des champignons magiques PES Hawaii<\/h1><p data-start=\"2846\" data-end=\"2976\">Le <strong data-start=\"2850\" data-end=\"2890\">PES Hawaii Psilocybe cubensis souche<\/strong> est r\u00e9put\u00e9 pour sa capacit\u00e9 \u00e0 fournir une <strong data-start=\"2917\" data-end=\"2975\">exp\u00e9rience psych\u00e9d\u00e9lique forte et visuellement stimulante<\/strong>.<\/p><p data-start=\"2978\" data-end=\"3012\">Les effets couramment rapport\u00e9s sont les suivants<\/p><p data-start=\"3014\" data-end=\"3178\">- Am\u00e9lioration des couleurs et de la perception visuelle<br data-start=\"3054\" data-end=\"3057\" \/>- Mod\u00e8les visuels et am\u00e9lioration sensorielle<br data-start=\"3098\" data-end=\"3101\" \/>- Am\u00e9lioration de l'humeur et de l'\u00e9nergie positive<br data-start=\"3136\" data-end=\"3139\" \/>- Pens\u00e9e cr\u00e9ative et introspection<\/p><p data-start=\"3180\" data-end=\"3265\">De nombreux utilisateurs d\u00e9crivent l'exp\u00e9rience comme <strong data-start=\"3218\" data-end=\"3264\">\u00e9quilibr\u00e9, stimulant et visuellement attrayant<\/strong>.<\/p><hr data-start=\"3267\" data-end=\"3270\" \/><h1 data-section-id=\"ljcc7e\" data-start=\"3272\" data-end=\"3311\">Kit complet de culture de champignons tout-en-un<\/h1><p data-start=\"3313\" data-end=\"3417\">Chacun <strong data-start=\"3318\" data-end=\"3356\">Kit de culture de champignons magiques PES Hawaii<\/strong> contient tout ce qu'il faut pour commencer \u00e0 cultiver imm\u00e9diatement.<\/p><p data-start=\"3419\" data-end=\"3437\">Votre kit comprend<\/p><p data-start=\"3439\" data-end=\"3654\">\u2714 Substrat enti\u00e8rement colonis\u00e9 avec myc\u00e9lium actif<br data-start=\"3487\" data-end=\"3490\" \/>\u2714 Composants de substrat retenant l'humidit\u00e9<br data-start=\"3531\" data-end=\"3534\" \/>\u2714 Sac de culture avec filtres \u00e0 air int\u00e9gr\u00e9s<br data-start=\"3572\" data-end=\"3575\" \/>\u2714 Deux trombones pour fermer le sac de culture<br data-start=\"3616\" data-end=\"3619\" \/>\u2714 Instructions de culture d\u00e9taill\u00e9es<\/p><p data-start=\"3656\" data-end=\"3756\">Le kit est con\u00e7u pour faire <strong data-start=\"3684\" data-end=\"3755\">la culture des champignons magiques est simple, efficace et accessible aux d\u00e9butants<\/strong>.<\/p><hr data-start=\"3758\" data-end=\"3761\" \/><h1 data-section-id=\"3kfd2k\" data-start=\"3763\" data-end=\"3796\">Comment cultiver - Guide de d\u00e9marrage rapide<\/h1><p data-start=\"3798\" data-end=\"3889\">Cultiver des champignons avec le <strong data-start=\"3825\" data-end=\"3848\">Kit de culture PES Hawaii<\/strong> est simple et ne n\u00e9cessite que quelques \u00e9tapes.<\/p><ol data-start=\"3891\" data-end=\"4236\">\n<li data-section-id=\"x1d9t\" data-start=\"3891\" data-end=\"3950\">\n<p data-start=\"3894\" data-end=\"3950\">Lavez-vous les mains et nettoyez l'ext\u00e9rieur du kit de culture.<\/p>\n<\/li>\n<li data-section-id=\"hci7ne\" data-start=\"3951\" data-end=\"4014\">\n<p data-start=\"3954\" data-end=\"4014\">Retirez le couvercle et remplissez le r\u00e9cipient d'eau ti\u00e8de.<\/p>\n<\/li>\n<li data-section-id=\"owtwed\" data-start=\"4015\" data-end=\"4062\">\n<p data-start=\"4018\" data-end=\"4062\">Laisser tremper le substrat pendant <strong data-start=\"4045\" data-end=\"4059\">8-12 heures<\/strong>.<\/p>\n<\/li>\n<li data-section-id=\"5aqy5l\" data-start=\"4063\" data-end=\"4101\">\n<p data-start=\"4066\" data-end=\"4101\">Egoutter soigneusement l'exc\u00e9dent d'eau.<\/p>\n<\/li>\n<li data-section-id=\"9asdz4\" data-start=\"4102\" data-end=\"4178\">\n<p data-start=\"4105\" data-end=\"4178\">Placez le kit de culture dans le sac de culture et fermez-le avec les trombones.<\/p>\n<\/li>\n<li data-section-id=\"1fhyrkq\" data-start=\"4179\" data-end=\"4236\">\n<p data-start=\"4182\" data-end=\"4236\">Gardez le sac de culture dans un endroit chaud avec une lumi\u00e8re indirecte.<\/p>\n<\/li>\n<\/ol><p data-start=\"4238\" data-end=\"4377\">A l'int\u00e9rieur <strong data-start=\"4245\" data-end=\"4259\">10 \u00e0 14 jours<\/strong>, De petites \u00e9pingles \u00e0 champignons commenceront \u00e0 appara\u00eetre. R\u00e9coltez les champignons lorsque les <strong data-start=\"4334\" data-end=\"4376\">le voile sous la coiffe commence \u00e0 se d\u00e9chirer<\/strong>.<\/p><p data-start=\"4379\" data-end=\"4461\">Apr\u00e8s la r\u00e9colte, le kit de culture peut \u00eatre <strong data-start=\"4417\" data-end=\"4430\">retremp\u00e9<\/strong> pour produire d'autres rin\u00e7ages.<\/p><p data-start=\"4463\" data-end=\"4529\">Avec des soins appropri\u00e9s, un kit de culture peut produire <strong data-start=\"4506\" data-end=\"4528\">jusqu'\u00e0 quatre chasses d'eau<\/strong>.<\/p><hr data-start=\"4531\" data-end=\"4534\" \/><h1 data-section-id=\"ybm8az\" data-start=\"4536\" data-end=\"4558\">Stockage et dur\u00e9e de conservation<\/h1><p data-start=\"4560\" data-end=\"4622\">Conservez le kit de culture non ouvert dans le <strong data-start=\"4595\" data-end=\"4621\">r\u00e9frig\u00e9rateur \u00e0 2-8 \u00b0C<\/strong>.<\/p><p data-start=\"4624\" data-end=\"4664\">Dur\u00e9e de conservation : <strong data-start=\"4636\" data-end=\"4664\">3-6 mois en l'absence d'ouverture<\/strong><\/p><p data-start=\"4666\" data-end=\"4765\">Pour obtenir les meilleurs r\u00e9sultats, il est recommand\u00e9 de commencer la culture <strong data-start=\"4727\" data-end=\"4764\">peu de temps apr\u00e8s avoir re\u00e7u le kit de culture<\/strong>.<\/p><hr data-start=\"4767\" data-end=\"4770\" \/><h1 data-section-id=\"1qgfiv8\" data-start=\"4772\" data-end=\"4797\">Utilisation l\u00e9gale et responsable<\/h1><p data-start=\"4799\" data-end=\"4954\">Les champignons magiques sont r\u00e9glement\u00e9s dans de nombreux pays. Dans certaines r\u00e9gions, <strong data-start=\"4865\" data-end=\"4913\">les kits de culture et les truffes restent des produits l\u00e9gaux<\/strong>, Dans d'autres, ils peuvent \u00eatre limit\u00e9s.<\/p><p data-start=\"4956\" data-end=\"5033\">Toujours v\u00e9rifier <strong data-start=\"4969\" data-end=\"4999\">lois et r\u00e9glementations locales<\/strong> avant d'acheter ou de cultiver.<\/p><p data-start=\"5035\" data-end=\"5194\"><a href=\"https:\/\/www.mondogrowkits.com\/it\/what-is-psilocybin\/\">Psilocybine<\/a> les champignons sont consid\u00e9r\u00e9s comme <strong data-start=\"5071\" data-end=\"5088\">sans accoutumance<\/strong>, Ils peuvent cependant avoir des effets psychologiques importants. Il est recommand\u00e9 d'en faire un usage responsable dans un environnement s\u00fbr.<\/p><hr data-start=\"5196\" data-end=\"5199\" \/><h1 data-section-id=\"110zr5\" data-start=\"5201\" data-end=\"5254\">Commandez d\u00e8s aujourd'hui votre kit de culture de champignons magiques PES Hawaii<\/h1><p data-start=\"5256\" data-end=\"5402\">Le <strong data-start=\"5260\" data-end=\"5298\">Kit de culture de champignons magiques PES Hawaii<\/strong> offre une exp\u00e9rience de culture fiable avec une croissance forte, des pouss\u00e9es impressionnantes et des r\u00e9coltes multiples.<\/p><p data-start=\"5404\" data-end=\"5552\">Gr\u00e2ce \u00e0 sa g\u00e9n\u00e9tique vigoureuse et \u00e0 ses rendements constants, cette vari\u00e9t\u00e9 reste l'une des plus populaires. <strong data-start=\"5490\" data-end=\"5551\">kits de culture Psilocybe cubensis les plus populaires disponibles aujourd'hui<\/strong>.<\/p><p data-start=\"5554\" data-end=\"5655\">Commandez votre <strong data-start=\"5565\" data-end=\"5609\">PES Hawaii Kit de culture de champignons magiques aujourd'hui<\/strong> et commencez \u00e0 cultiver vos propres champignons \u00e0 la maison.<\/p>","protected":false},"excerpt":{"rendered":"<p>Le kit de culture de champignons magiques PES Hawaii est une souche fiable de Psilocybe cubensis avec une colonisation r\u00e9guli\u00e8re et des performances constantes en int\u00e9rieur. Disponible en 280cc, 750cc, 1200cc et 2100cc. Enti\u00e8rement colonis\u00e9 et pr\u00eat \u00e0 fructifier - pas besoin de seringue \u00e0 spores ou d'\u00e9quipement suppl\u00e9mentaire.<\/p>","protected":false},"featured_media":4637,"comment_status":"open","ping_status":"closed","template":"","meta":[],"product_brand":[32],"product_cat":[17],"product_tag":[],"class_list":{"0":"post-702","1":"product","2":"type-product","3":"status-publish","4":"has-post-thumbnail","6":"product_brand-mondo","7":"product_cat-magic-mushroom-grow-kits","9":"first","10":"instock","11":"taxable","12":"shipping-taxable","13":"purchasable","14":"product-type-variable"},"jetpack_sharing_enabled":true,"_links":{"self":[{"href":"https:\/\/www.mondogrowkits.com\/fr\/wp-json\/wp\/v2\/product\/702","targetHints":{"allow":["GET"]}}],"collection":[{"href":"https:\/\/www.mondogrowkits.com\/fr\/wp-json\/wp\/v2\/product"}],"about":[{"href":"https:\/\/www.mondogrowkits.com\/fr\/wp-json\/wp\/v2\/types\/product"}],"replies":[{"embeddable":true,"href":"https:\/\/www.mondogrowkits.com\/fr\/wp-json\/wp\/v2\/comments?post=702"}],"wp:featuredmedia":[{"embeddable":true,"href":"https:\/\/www.mondogrowkits.com\/fr\/wp-json\/wp\/v2\/media\/4637"}],"wp:attachment":[{"href":"https:\/\/www.mondogrowkits.com\/fr\/wp-json\/wp\/v2\/media?parent=702"}],"wp:term":[{"taxonomy":"product_brand","embeddable":true,"href":"https:\/\/www.mondogrowkits.com\/fr\/wp-json\/wp\/v2\/product_brand?post=702"},{"taxonomy":"product_cat","embeddable":true,"href":"https:\/\/www.mondogrowkits.com\/fr\/wp-json\/wp\/v2\/product_cat?post=702"},{"taxonomy":"product_tag","embeddable":true,"href":"https:\/\/www.mondogrowkits.com\/fr\/wp-json\/wp\/v2\/product_tag?post=702"}],"curies":[{"name":"wp","href":"https:\/\/api.w.org\/{rel}","templated":true}]}}