{"id":219,"date":"2025-04-19T09:31:11","date_gmt":"2025-04-19T09:31:11","guid":{"rendered":"https:\/\/staging.mondogrowkits.com\/?page_id=219"},"modified":"2026-02-03T17:21:24","modified_gmt":"2026-02-03T16:21:24","slug":"su-mondo","status":"publish","type":"page","link":"https:\/\/www.mondogrowkits.com\/it\/about-mondo\/","title":{"rendered":"Informazioni su Mondo"},"content":{"rendered":"<section class=\"section\" id=\"section_108863978\">\t\t<div class=\"section-bg fill\" >\t\t\t\t\t\t\t\t\t\t\t\t\t\t<\/div>\t\t\t<div class=\"ux-shape-divider ux-shape-divider--top ux-shape-divider--style-waves\">\t\t<svg viewbox=\"0 0 1200 120\" xmlns=\"http:\/\/www.w3.org\/2000\/svg\" preserveaspectratio=\"none\">  <path class=\"ux-shape-fill\" d=\"M321.39 63.56c58 10.79 114.16 30.13 172 41.86 82.39 16.72 168.19 17.73 250.45.39C823.78 89 906.67 48 985.66 27.17c70.05-18.48 146.53-26.09 214.34-3V120H0V92.65a600.21 600.21 0 01321.39-29.09z\"\/><\/svg>\t<\/div>\t\t<div class=\"section-content relative\">\t\t\t<div class=\"row\"  id=\"row-1041447894\">\t<div id=\"col-206310683\" class=\"col small-12 large-12\"  >\t\t\t\t<div class=\"col-inner\" style=\"background-color:rgb(255,255,255);\" >\t\t\t\t<div class=\"is-border\"\n\t\tstyle=\"border-color:rgb(213, 90, 70);border-radius:10px;border-width:2px 2px 2px 2px;\">\t<\/div>\t\t\t\t<div id=\"text-4086257437\" class=\"text\">\t\t<h1 style=\"text-align: left;\">Informazioni su Mondo<\/h1>\t\t<style>\n#text-4086257437 {\n  font-size: 1.55rem;\n  color: #1c4882;\n}\n#text-4086257437 > * {\n  color: #1c4882;\n}\n@media (min-width:550px) {\n  #text-4086257437 {\n    font-size: 1.9rem;\n  }\n}\n<\/style>\t<\/div>\t\t<div id=\"text-3252703861\" class=\"text\">\t\t<p style=\"text-align: left;\"><strong data-start=\"215\" data-end=\"224\">Mondo<\/strong> \u00e8 pi\u00f9 di un semplice nome: \u00e8 un marchio di fiducia riconosciuto in tutto il mondo per la qualit\u00e0, l'innovazione e la crescita naturale. Per anni, sia <a href=\"https:\/\/www.mondogrowkits.com\/it\/mondo-growkits-best-strains-beginners-advanced\/\">principianti<\/a> e utenti esperti si sono rivolti ai nostri prodotti per esplorare il mondo dei funghi magici e del microdosaggio in modo sicuro, responsabile e accessibile.<\/p><h3 class=\"\" data-start=\"510\" data-end=\"535\">Cosa significa Mondo<\/h3><p class=\"\" data-start=\"537\" data-end=\"866\">Quello che era iniziato come una semplice linea di <a href=\"https:\/\/www.mondogrowkits.com\/it\/grow-kits\/\">kit di coltivazione<\/a> \u00e8 cresciuto fino a diventare un marchio internazionale che offre una gamma completa di prodotti naturali legati ai funghi. Mondo unisce una profonda passione per la micologia ad anni di esperienza nello sviluppo di strumenti affidabili e facili da usare. Oggi serviamo con orgoglio clienti in tutta Europa e negli Stati Uniti.<\/p><p class=\"\" data-start=\"868\" data-end=\"1123\">La nostra missione? Dare alle persone l'opportunit\u00e0 di esplorare il potere dei funghi e degli estratti botanici in un modo sicuro, onesto e supportato dalla conoscenza. Ogni prodotto \u00e8 progettato, testato e perfezionato con cura, in modo che possiate concentrarvi completamente sul vostro viaggio.<\/p>\t\t<style>\n#text-3252703861 {\n  color: rgb(0,0,0);\n}\n#text-3252703861 > * {\n  color: rgb(0,0,0);\n}\n<\/style>\t<\/div>\t\t\t<\/div>\t\t\t\t<style>\n#col-206310683 > .col-inner {\n  padding: 20px 20px 20px 20px;\n  border-radius: 10px;\n}\n<\/style>\t<\/div>\t<\/div><div class=\"row align-equal\"  id=\"row-1308534189\">\t<div id=\"col-1494603142\" class=\"col medium-6 small-12 large-6\"  >\t\t\t\t<div class=\"col-inner\" style=\"background-color:rgb(255,255,255);\" >\t\t\t\t<div class=\"is-border\"\n\t\tstyle=\"border-color:rgb(213, 90, 70);border-radius:10px;border-width:2px 2px 2px 2px;\">\t<\/div>\t\t\t\t<div id=\"text-4279730553\" class=\"text\">\t\t<h2>Cosa offriamo<\/h2>\t\t<style>\n#text-4279730553 {\n  color: #1c4882;\n}\n#text-4279730553 > * {\n  color: #1c4882;\n}\n<\/style>\t<\/div>\t<p class=\"\" data-start=\"1144\" data-end=\"1216\">Con il nome Mondo, troverete un'ampia gamma di prodotti di alta qualit\u00e0:<\/p><ul data-start=\"1218\" data-end=\"1719\">\n<li class=\"\" data-start=\"1218\" data-end=\"1303\">\n<p class=\"\" data-start=\"1220\" data-end=\"1303\"><strong data-start=\"1220\" data-end=\"1242\">Kit per la coltivazione di funghi magici<\/strong> - kit di facile utilizzo e pronti all'uso per la coltivazione domestica<\/p>\n<\/li>\n<li class=\"\" data-start=\"1304\" data-end=\"1367\">\n<p class=\"\" data-start=\"1306\" data-end=\"1367\"><strong data-start=\"1306\" data-end=\"1333\">Stampe di spore e siringhe<\/strong> - per i coltivatori pi\u00f9 esperti<\/p>\n<\/li>\n<li class=\"\" data-start=\"1368\" data-end=\"1440\">\n<p class=\"\" data-start=\"1370\" data-end=\"1440\"><strong data-start=\"1370\" data-end=\"1388\">Tartufi magici freschi<\/strong> - potenti, freschi e di qualit\u00e0 costante<\/p>\n<\/li>\n<li class=\"\" data-start=\"1441\" data-end=\"1529\">\n<p class=\"\" data-start=\"1443\" data-end=\"1529\"><strong data-start=\"1443\" data-end=\"1467\">Prodotti per il microdosaggio<\/strong> - supporto naturale per la concentrazione, la creativit\u00e0 e la chiarezza mentale<\/p>\n<\/li>\n<li class=\"\" data-start=\"1530\" data-end=\"1627\">\n<p class=\"\" data-start=\"1532\" data-end=\"1627\"><strong data-start=\"1532\" data-end=\"1556\">Tinture ed estratti<\/strong> - formule liquide concentrate a base di potenti composti di funghi<\/p>\n<\/li>\n<li class=\"\" data-start=\"1628\" data-end=\"1719\">\n<p class=\"\" data-start=\"1630\" data-end=\"1719\"><strong data-start=\"1630\" data-end=\"1638\">SWBS<\/strong> - Integratori botanici e per il benessere specializzati che sostengono il corpo e la mente<\/p>\n<\/li>\n<\/ul>\t\t<\/div>\t\t\t\t<style>\n#col-1494603142 > .col-inner {\n  padding: 20px 20px 20px 20px;\n  border-radius: 10px;\n}\n<\/style>\t<\/div>\t\t<div id=\"col-1883738218\" class=\"col medium-6 small-12 large-6\"  >\t\t\t\t<div class=\"col-inner\" style=\"background-color:rgb(255,255,255);\" >\t\t\t\t<div class=\"is-border\"\n\t\tstyle=\"border-color:rgb(213, 90, 70);border-radius:10px;border-width:2px 2px 2px 2px;\">\t<\/div>\t\t\t\t<div id=\"text-2039136580\" class=\"text\">\t\t<h2>Perch\u00e9 scegliere Mondo?<\/h2>\t\t<style>\n#text-2039136580 {\n  color: #1c4882;\n}\n#text-2039136580 > * {\n  color: #1c4882;\n}\n<\/style>\t<\/div>\t<p class=\"\" data-start=\"1744\" data-end=\"1767\">Con Mondo, siete voi a scegliere:<\/p><ul data-start=\"1769\" data-end=\"2026\">\n<li class=\"\" data-start=\"1769\" data-end=\"1827\">\n<p class=\"\" data-start=\"1771\" data-end=\"1827\">Prodotti di alta qualit\u00e0 supportati da ricerca e competenza<\/p>\n<\/li>\n<li class=\"\" data-start=\"1828\" data-end=\"1882\">\n<p class=\"\" data-start=\"1830\" data-end=\"1882\">Spedizione in tutto il mondo, anche negli Stati Uniti<\/p>\n<\/li>\n<li class=\"\" data-start=\"1883\" data-end=\"1945\">\n<p class=\"\" data-start=\"1885\" data-end=\"1945\">Comunicazione chiara e onesta e assistenza clienti dedicata<\/p>\n<\/li>\n<li class=\"\" data-start=\"1946\" data-end=\"1976\">\n<p class=\"\" data-start=\"1948\" data-end=\"1976\">Consegna rapida e discreta<\/p>\n<\/li>\n<li class=\"\" data-start=\"1977\" data-end=\"2026\">\n<p class=\"\" data-start=\"1979\" data-end=\"2026\">Una comunit\u00e0 globale di utenti consapevoli in continua crescita<\/p>\n<\/li>\n<\/ul><a href=\"\/it\/negozio\/\" class=\"button secondary\" style=\"border-radius:99px;\">\n\t\t<span>Negozio<\/span>\n\t<\/a><a href=\"https:\/\/www.mondogrowkits.com\/it\/panoramica-delle-spedizioni\/\" class=\"button primary is-outline\" style=\"border-radius:99px;\">\n\t\t<span>Spedizione<\/span>\n\t<\/a><a href=\"https:\/\/www.mondogrowkits.com\/it\/contatto\/\" class=\"button primary is-outline\" style=\"border-radius:99px;\">\n\t\t<span>Contatto<\/span>\n\t<\/a>\t\t<\/div>\t\t\t\t<style>\n#col-1883738218 > .col-inner {\n  padding: 20px 20px 20px 20px;\n  border-radius: 10px;\n}\n<\/style>\t<\/div>\t\t<div id=\"col-831337110\" class=\"col small-12 large-12\"  >\t\t\t\t<div class=\"col-inner\" style=\"background-color:rgb(255,255,255);\" >\t\t\t\t<div class=\"is-border\"\n\t\tstyle=\"border-color:rgb(213, 90, 70);border-radius:10px;border-width:2px 2px 2px 2px;\">\t<\/div>\t\t\t\t<div id=\"text-3634712687\" class=\"text\">\t\t<h2>Un marchio che cresce con voi<\/h2>\t\t<style>\n#text-3634712687 {\n  color: #d55a46;\n}\n#text-3634712687 > * {\n  color: #d55a46;\n}\n<\/style>\t<\/div>\t<p>Sia che abbiate appena iniziato o che abbiate anni di esperienza, Mondo \u00e8 qui per sostenervi in ogni fase del vostro percorso. Siamo orgogliosi di essere un marchio di cui potete fidarvi: radicato nella natura, sostenuto dalla scienza e impegnato nella vostra crescita.<\/p>\t\t<\/div>\t\t\t\t<style>\n#col-831337110 > .col-inner {\n  padding: 20px 20px 20px 20px;\n  border-radius: 10px;\n}\n<\/style>\t<\/div>\t<\/div>\t\t<\/div>\t\t<style>\n#section_108863978 {\n  padding-top: 60px;\n  padding-bottom: 60px;\n}\n#section_108863978 .ux-shape-divider--top svg {\n  height: 30px;\n  --divider-top-width: 111%;\n}\n<\/style>\t<\/section>","protected":false},"excerpt":{"rendered":"","protected":false},"author":1,"featured_media":0,"parent":0,"menu_order":0,"comment_status":"closed","ping_status":"closed","template":"page-blank.php","meta":{"footnotes":""},"class_list":["post-219","page","type-page","status-publish","hentry"],"jetpack_sharing_enabled":true,"_links":{"self":[{"href":"https:\/\/www.mondogrowkits.com\/it\/wp-json\/wp\/v2\/pages\/219","targetHints":{"allow":["GET"]}}],"collection":[{"href":"https:\/\/www.mondogrowkits.com\/it\/wp-json\/wp\/v2\/pages"}],"about":[{"href":"https:\/\/www.mondogrowkits.com\/it\/wp-json\/wp\/v2\/types\/page"}],"author":[{"embeddable":true,"href":"https:\/\/www.mondogrowkits.com\/it\/wp-json\/wp\/v2\/users\/1"}],"replies":[{"embeddable":true,"href":"https:\/\/www.mondogrowkits.com\/it\/wp-json\/wp\/v2\/comments?post=219"}],"version-history":[{"count":18,"href":"https:\/\/www.mondogrowkits.com\/it\/wp-json\/wp\/v2\/pages\/219\/revisions"}],"predecessor-version":[{"id":3515,"href":"https:\/\/www.mondogrowkits.com\/it\/wp-json\/wp\/v2\/pages\/219\/revisions\/3515"}],"wp:attachment":[{"href":"https:\/\/www.mondogrowkits.com\/it\/wp-json\/wp\/v2\/media?parent=219"}],"curies":[{"name":"wp","href":"https:\/\/api.w.org\/{rel}","templated":true}]}}