{"id":2811,"date":"2025-12-11T12:23:17","date_gmt":"2025-12-11T11:23:17","guid":{"rendered":"https:\/\/www.mondogrowkits.com\/?page_id=2811"},"modified":"2026-01-25T13:15:13","modified_gmt":"2026-01-25T12:15:13","slug":"manuale-del-kit-di-coltivazione","status":"publish","type":"page","link":"https:\/\/www.mondogrowkits.com\/it\/grow-kit-manual\/","title":{"rendered":"Manuale del kit di coltivazione"},"content":{"rendered":"<section class=\"section\" id=\"section_2062415968\">\n\t\t<div class=\"section-bg fill\" >\n\t\t\t\t\t\t\t\t\t\n\t\t\t\n\n\t\t<\/div>\n\n\t\t\n\n\t\t<div class=\"section-content relative\">\n\t\t\t\n\n\t<div id=\"gap-1682496058\" class=\"gap-element clearfix\" style=\"display:block; height:auto;\">\n\t\t\n<style>\n#gap-1682496058 {\n  padding-top: 30px;\n}\n<\/style>\n\t<\/div>\n\t\n\n<div class=\"row row-large\"  id=\"row-9417333\">\n\n\n\t<div id=\"col-551700595\" class=\"col medium-12 small-12 large-7\"  >\n\t\t\t\t<div class=\"col-inner\"  >\n\t\t\t\n\t\t\t\n\n\t<div id=\"text-4210532324\" class=\"text\">\n\t\t\n\n<h1>Mondo Growkit \u2013 Guida all'attivazione<\/h1>\n\t\t\n<style>\n#text-4210532324 {\n  font-size: 1.4rem;\n  color: #d55a46;\n}\n#text-4210532324 > * {\n  color: #d55a46;\n}\n<\/style>\n\t<\/div>\n\t\n\t<div id=\"text-3392530757\" class=\"text\">\n\t\t\n\n<h2>Come iniziare<\/h2>\n\t\t\n<style>\n#text-3392530757 {\n  font-size: 1.2rem;\n}\n<\/style>\n\t<\/div>\n\t\n<p data-start=\"127\" data-end=\"336\">Questa guida all'attivazione fornisce tutte le istruzioni essenziali per attivare e utilizzare correttamente il Mondo Growkit. Spiega i passaggi chiave dall'attivazione al raccolto, garantendo un ciclo di coltivazione fluido e di successo.<\/p>\n<p data-start=\"338\" data-end=\"495\">Troverai indicazioni chiare sulle condizioni ambientali, l'irrigazione, la manutenzione e le fasi di crescita per aiutarti a evitare errori comuni e ottenere risultati ottimali.<\/p>\n<p data-start=\"497\" data-end=\"607\">Segui attentamente ogni passaggio per attivare correttamente il tuo Mondo Growkit e garantire una crescita sana e costante.<\/p>\n<a href=\"https:\/\/www.mondogrowkits.com\/wp-content\/uploads\/2025\/12\/Grow-Kit-Manual.pdf\" target=\"_blank\" class=\"button primary is-large\" rel=\"noopener\" style=\"border-radius:99px;\">\n\t\t<span>Scarica il manuale<\/span>\n\t<\/a>\n\n\n<a href=\"https:\/\/www.youtube.com\/watch?v=xZMN5-o8_lo\" target=\"_blank\" class=\"button secondary is-large\" rel=\"noopener\" style=\"border-radius:99px;\">\n\t\t<span>Video didattico<\/span>\n\t<\/a>\n\n\n\n\t\t<\/div>\n\t\t\t\t\t<\/div>\n\n\t\n\n\t<div id=\"col-459348547\" class=\"col medium-12 small-12 large-5\"  >\n\t\t\t\t<div class=\"col-inner\"  >\n\t\t\t\n\t\t\t\n\n\t<div class=\"img has-hover x md-x lg-x y md-y lg-y\" id=\"image_377692633\">\n\t\t\t\t\t\t\t\t<div class=\"img-inner image-cover dark\" style=\"padding-top:100%;\">\n\t\t\t<img decoding=\"async\" width=\"800\" height=\"800\" src=\"https:\/\/www.mondogrowkits.com\/wp-content\/uploads\/2025\/04\/ChatGPT-Image-19-apr-2025-11_37_41-800x800.png\" class=\"attachment-large size-large\" alt=\"\" srcset=\"https:\/\/www.mondogrowkits.com\/wp-content\/uploads\/2025\/04\/ChatGPT-Image-19-apr-2025-11_37_41-800x800.png 800w, https:\/\/www.mondogrowkits.com\/wp-content\/uploads\/2025\/04\/ChatGPT-Image-19-apr-2025-11_37_41-400x400.png 400w, https:\/\/www.mondogrowkits.com\/wp-content\/uploads\/2025\/04\/ChatGPT-Image-19-apr-2025-11_37_41-100x100.png 100w, https:\/\/www.mondogrowkits.com\/wp-content\/uploads\/2025\/04\/ChatGPT-Image-19-apr-2025-11_37_41-1000x1000.png 1000w, https:\/\/www.mondogrowkits.com\/wp-content\/uploads\/2025\/04\/ChatGPT-Image-19-apr-2025-11_37_41-280x280.png 280w, https:\/\/www.mondogrowkits.com\/wp-content\/uploads\/2025\/04\/ChatGPT-Image-19-apr-2025-11_37_41-768x768.png 768w, https:\/\/www.mondogrowkits.com\/wp-content\/uploads\/2025\/04\/ChatGPT-Image-19-apr-2025-11_37_41.png 1024w\" sizes=\"(max-width: 800px) 100vw, 800px\" title=\"\">\t\t\t\t\t\t\n\t\t\t\t\t<\/div>\n\t\t\t\t\t\t\t\t\n<style>\n#image_377692633 {\n  width: 100%;\n}\n<\/style>\n\t<\/div>\n\t\n\n\n\t\t<\/div>\n\t\t\t\t\t<\/div>\n\n\t\n\n<\/div>\n<div class=\"row\"  id=\"row-1340692166\">\n\n\n\t<div id=\"col-361134039\" class=\"col small-12 large-12\"  >\n\t\t\t\t<div class=\"col-inner\"  >\n\t\t\t\n\t\t\t\n\n\n\n<iframe width=\"1200\" height=\"650\" src=\"https:\/\/www.youtube.com\/embed\/xZMN5-o8_lo?si=XEVvNLqkpAjH-avD\" title=\"Lettore video di YouTube\" frameborder=\"0\" allow=\"accelerometer; autoplay; clipboard-write; encrypted-media; gyroscope; picture-in-picture; web-share\" referrerpolicy=\"strict-origin-when-cross-origin\" allowfullscreen><\/iframe>\n\n\n\t\t<\/div>\n\t\t\t\t\t<\/div>\n\n\t\n\n<\/div>\n<div class=\"row\"  id=\"row-1531199008\">\n\n\n\t<div id=\"col-1312716124\" class=\"col small-12 large-12\"  >\n\t\t\t\t<div class=\"col-inner\"  >\n\t\t\t\n\t<div class=\"is-border\"\n\t\tstyle=\"border-width:0px 0px 0px 0px;\">\n\t<\/div>\n\t\t\t\n\n<h2>Manuale del kit di coltivazione<\/h2>\n<h3>Informazioni sul prodotto<\/h3>\n<p><strong>Prodotto:<\/strong> Kit di coltivazione con substrato<br \/>\n<strong>Descrizione:<\/strong> Un growkit di substrato pronto per l'attivazione e il processo di crescita.<br \/>\n<strong>Pubblico:<\/strong> Clienti principianti con o senza precedenti esperienze di coltivazione.<\/p>\n<h3>Componenti inclusi<\/h3>\n<ul>\n<li>Kit di crescita del substrato<\/li>\n<li>Sacchetto filtrante con adesivo di chiusura<\/li>\n<\/ul>\n<h3>Istruzioni passo per passo<\/h3>\n<h4>Fase 1: Preparazione<\/h4>\n<h5>Ispezione<\/h5>\n<ul>\n<li>Controllare che il kit di coltivazione non sia contaminato:\n<ul>\n<li><strong>Colori sicuri:<\/strong> Micelio bianco e bianco-giallastro<\/li>\n<li><strong>Colori non sicuri (contaminazione):<\/strong> Verde, nero, rosso, rosa<\/li>\n<\/ul>\n<\/li>\n<li>Ispezionare la scatola per verificare che sia intatta.<\/li>\n<li>Se la contaminazione \u00e8 presente o la scatola \u00e8 rotta, non attivare il kit. Contattare immediatamente l'assistenza clienti, poich\u00e9 i prodotti contaminati non possono essere salvati.<\/li>\n<\/ul>\n<h5>Disinfezione<\/h5>\n<ul>\n<li>Pulire accuratamente lo spazio di lavoro, le mani e gli avambracci con sapone antibatterico e spray disinfettante.<\/li>\n<li>Se si hanno i capelli lunghi, si consiglia di legarli.<\/li>\n<li>Per una maggiore sterilit\u00e0, \u00e8 possibile utilizzare guanti sterili e una maschera facciale.<\/li>\n<li>Lavorare in un ambiente a bassa corrente e completamente pulito.<\/li>\n<\/ul>\n<h4>Fase 2: idratazione<\/h4>\n<ul>\n<li>Aprire un lato del coperchio, riempire il kit con acqua potabile e chiudere il coperchio.<\/li>\n<li>Mettete il kit di coltivazione in frigorifero per 9-24 ore per lasciarlo in ammollo. La durata dipende dalle dimensioni del kit e dalla temperatura ambiente di casa vostra.<\/li>\n<\/ul>\n<h4>Fase 3: Attivazione<\/h4>\n<ul>\n<li>Ripetere le operazioni di disinfezione dal punto 1.<\/li>\n<li>Aprire il coperchio in un angolo e scaricare con cura l'acqua in eccesso.<\/li>\n<li>Aggiungere circa 150 ml di acqua potabile direttamente nel sacchetto di coltivazione fornito.<\/li>\n<li>Posizionare il kit di coltivazione all'interno del sacchetto di coltivazione.<\/li>\n<li>Rimuovere il coperchio dal kit di coltivazione (non gettarlo, servir\u00e0 in seguito).<\/li>\n<li>Spruzzare acqua all'interno del sacchetto per aumentare l'umidit\u00e0.<\/li>\n<li>Piegare bene la parte superiore del sacchetto e sigillarlo con l'adesivo in dotazione. Assicurarsi che il sacchetto sia gonfio e contenga molta aria fresca.<\/li>\n<li>Posizionare il kit di coltivazione in un luogo luminoso con luce solare indiretta.<\/li>\n<li>Mantenere una temperatura costante tra 23-27\u00b0C (non superare mai i 27\u00b0C).<\/li>\n<\/ul>\n<h4>Fase 4: fruttificazione<\/h4>\n<ul>\n<li>Se la condensa all'interno del sacchetto di coltivazione \u00e8 minima o assente, aprirlo, spruzzare acqua all'interno e richiuderlo.<\/li>\n<li>Quando compaiono i primi spilli, smettete di spruzzare acqua.<\/li>\n<li>Introdurre aria fresca aprendo il sacchetto, spremendo delicatamente l'aria vecchia (CO\u2082), facendo entrare aria fresca (O\u2082) e richiudendo il sacchetto gonfio.<\/li>\n<li>Ripetere questo ricambio d'aria fresca 1-3 volte al giorno.<\/li>\n<\/ul>\n<h4>Fase 5: Raccolta<\/h4>\n<ul>\n<li>Ripetere le operazioni di disinfezione dal punto 1.<\/li>\n<li>Raccogliere i funghi prima che i cappelli si aprano completamente per evitare la fuoriuscita di spore.<\/li>\n<li>Ruotare e tirare delicatamente i funghi dal substrato.<\/li>\n<\/ul>\n<h4>Fase 6: secondo risciacquo<\/h4>\n<ul>\n<li>Ripetere le fasi 2-5.<\/li>\n<li>Assicurarsi di disinfettare il coperchio prima di utilizzarlo nuovamente per chiudere il kit.<\/li>\n<\/ul>\n<h3>Suggerimenti e trucchi<\/h3>\n<ul>\n<li>La luce solare indiretta, le temperature comprese tra 24 e 27\u00b0C e l'aria fresca sono essenziali per una crescita sana.<\/li>\n<li>Se non \u00e8 disponibile la luce solare indiretta, utilizzare una lampada da coltivazione.<\/li>\n<li>Se \u00e8 difficile mantenere una temperatura costante, utilizzare dei tappetini termici.<\/li>\n<li>Per mantenere un microclima stabile, si consiglia di utilizzare un Mondotub.<\/li>\n<li>Raccogliere i funghi prima che i cappelli si aprano completamente per evitare la fuoriuscita di spore, che possono inibire la crescita futura.<\/li>\n<\/ul>\n<h3>Attenzione<\/h3>\n<ul>\n<li>La mancata disinfezione delle mani, delle superfici o degli strumenti pu\u00f2 provocare una contaminazione. I prodotti contaminati non possono essere salvati.<\/li>\n<li>Evitate la luce diretta del sole e gli ambienti troppo caldi, perch\u00e9 il calore eccessivo pu\u00f2 disidratare e uccidere il micelio.<\/li>\n<li>I kit di coltivazione possono produrre pi\u00f9 cicli di fioritura con una cura adeguata, ma per motivi di sicurezza si consiglia di non superare il secondo ciclo di fioritura.<\/li>\n<\/ul>\n<h3>Guida rapida alla risoluzione dei problemi<\/h3>\n<ul>\n<li><strong>Crescita lenta o nulla:<\/strong> Controllare la temperatura, l'umidit\u00e0 e garantire un sufficiente ricambio d'aria.<\/li>\n<li><strong>Deformazione dei funghi:<\/strong> Di solito \u00e8 causata da un insufficiente ricambio d'aria o da un'eccessiva umidit\u00e0.<\/li>\n<li><strong>Le spine si formano ma non maturano:<\/strong> Aumentare il ricambio d'aria, garantire un'illuminazione adeguata e verificare la temperatura della stanza.<\/li>\n<li><strong>Muffa o colori insoliti:<\/strong> Eliminare immediatamente se la contaminazione \u00e8 visibile e sanificare l'area.<\/li>\n<\/ul>\n<h3>Assistenza clienti<\/h3>\n<p>Per assistenza, contattare il nostro team di assistenza clienti tramite la pagina di contatto.<\/p>\n\n\n\t\t<\/div>\n\t\t\t\t\t<\/div>\n\n\t\n\n<\/div>\n\n\t\t<\/div>\n\n\t\t\n<style>\n#section_2062415968 {\n  padding-top: 30px;\n  padding-bottom: 30px;\n}\n<\/style>\n\t<\/section>","protected":false},"excerpt":{"rendered":"","protected":false},"author":1,"featured_media":674,"parent":0,"menu_order":0,"comment_status":"closed","ping_status":"closed","template":"page-blank.php","meta":{"footnotes":""},"class_list":["post-2811","page","type-page","status-publish","has-post-thumbnail","hentry"],"jetpack_sharing_enabled":true,"_links":{"self":[{"href":"https:\/\/www.mondogrowkits.com\/it\/wp-json\/wp\/v2\/pages\/2811","targetHints":{"allow":["GET"]}}],"collection":[{"href":"https:\/\/www.mondogrowkits.com\/it\/wp-json\/wp\/v2\/pages"}],"about":[{"href":"https:\/\/www.mondogrowkits.com\/it\/wp-json\/wp\/v2\/types\/page"}],"author":[{"embeddable":true,"href":"https:\/\/www.mondogrowkits.com\/it\/wp-json\/wp\/v2\/users\/1"}],"replies":[{"embeddable":true,"href":"https:\/\/www.mondogrowkits.com\/it\/wp-json\/wp\/v2\/comments?post=2811"}],"version-history":[{"count":7,"href":"https:\/\/www.mondogrowkits.com\/it\/wp-json\/wp\/v2\/pages\/2811\/revisions"}],"predecessor-version":[{"id":3312,"href":"https:\/\/www.mondogrowkits.com\/it\/wp-json\/wp\/v2\/pages\/2811\/revisions\/3312"}],"wp:featuredmedia":[{"embeddable":true,"href":"https:\/\/www.mondogrowkits.com\/it\/wp-json\/wp\/v2\/media\/674"}],"wp:attachment":[{"href":"https:\/\/www.mondogrowkits.com\/it\/wp-json\/wp\/v2\/media?parent=2811"}],"curies":[{"name":"wp","href":"https:\/\/api.w.org\/{rel}","templated":true}]}}