{"id":1022,"date":"2025-07-23T16:17:22","date_gmt":"2025-07-23T16:17:22","guid":{"rendered":"https:\/\/staging.mondogrowkits.com\/?post_type=product&#038;p=1022"},"modified":"2026-04-28T13:37:16","modified_gmt":"2026-04-28T12:37:16","slug":"siringa-per-spore-costa-rica","status":"publish","type":"product","link":"https:\/\/www.mondogrowkits.com\/it\/spore-syringe-costa-rica\/","title":{"rendered":"Costa Rica - Siringa di spore di Psilocybe Cubensis"},"content":{"rendered":"<h2 data-section-id=\"ja5p76\" data-start=\"501\" data-end=\"564\">Costa Rica Spore Syringe \u2013 Psilocybe cubensis Premium Spores<\/h2><p data-start=\"566\" data-end=\"834\">Il Costa Rica - <a href=\"https:\/\/www.mondogrowkits.com\/de\/was-ist-psilocybin\/\">Psilocybe cubensis<\/a> Spore Syringe \u00e8 una soluzione di spore premium nota per la sua composizione pulita, il potenziale di germinazione affidabile e la qualit\u00e0 costante. Questa nota variet\u00e0 \u00e8 ampiamente apprezzata per la sua genetica stabile e le sue caratteristiche prevedibili.<\/p><p data-start=\"836\" data-end=\"1086\">Costa Rica is recognised for its dependable nature and uniform development, making it a popular choice for those interested in studying Psilocybe cubensis spores. Its consistent profile makes it suitable for both <a href=\"https:\/\/www.mondogrowkits.com\/de\/mondo-growkits-beste-stamme-anfanger-fortgeschrittene\/\">principianti<\/a> e gli utenti pi\u00f9 esperti.<\/p><p data-start=\"1088\" data-end=\"1316\">A differenza di <a href=\"https:\/\/www.mondogrowkits.com\/de\/liquid-culture-spritze\/\">coltura liquida<\/a>, Questo prodotto contiene spore e non micelio attivo. Le spore devono prima germinare prima che il micelio inizi a svilupparsi, il che significa che il processo richiede pi\u00f9 tempo rispetto alle soluzioni di coltura liquide.<\/p><p data-start=\"1318\" data-end=\"1434\">In condizioni ottimali, la germinazione delle spore pu\u00f2 iniziare entro alcuni giorni, seguita da un graduale sviluppo del micelio.<\/p><hr data-start=\"1436\" data-end=\"1439\" \/><h3 data-section-id=\"1kfaas9\" data-start=\"1441\" data-end=\"1485\">Che cos'\u00e8 il Costa Rica (Psilocybe cubensis)?<\/h3><p data-start=\"1487\" data-end=\"1702\">Costa Rica is a well-known Psilocybe cubensis strain valued for its reliable characteristics and stable genetic profile. It is widely studied and appreciated for its consistent behaviour under controlled conditions.<\/p><p data-start=\"1704\" data-end=\"1812\">La sua natura equilibrata e prevedibile lo rende uno dei prodotti pi\u00f9 accessibili. <a href=\"https:\/\/www.mondogrowkits.com\/de\/magic-mushroom-sortenbibliothek\/\">ceppi<\/a> per la ricerca e la microscopia.<\/p><hr data-start=\"1814\" data-end=\"1817\" \/><h3 data-section-id=\"saw29j\" data-start=\"1819\" data-end=\"1859\">Why Choose Costa Rica Spore Syringe?<\/h3><ul data-start=\"1861\" data-end=\"2102\">\n<li data-section-id=\"uotoak\" data-start=\"1861\" data-end=\"1898\">Ceppo popolare di Psilocybe cubensis<\/li>\n<li data-section-id=\"130p6a2\" data-start=\"1899\" data-end=\"1940\">Soluzione di spore pulita e di alta qualit\u00e0<\/li>\n<li data-section-id=\"1cqmpiq\" data-start=\"1941\" data-end=\"1973\">Genetica stabile e affidabile<\/li>\n<li data-section-id=\"5pyesc\" data-start=\"1974\" data-end=\"2022\">Adatto a principianti e utenti esperti<\/li>\n<li data-section-id=\"l2iwrs\" data-start=\"2023\" data-end=\"2060\">Ideale per la microscopia e la ricerca<\/li>\n<li data-section-id=\"1dgjxxr\" data-start=\"2061\" data-end=\"2102\">Prestazioni costanti e affidabili<\/li>\n<\/ul><p data-start=\"2104\" data-end=\"2212\">Costa Rica spore syringe is ideal for those looking for a reliable and well-known strain for study purposes.<\/p><hr data-start=\"2214\" data-end=\"2217\" \/><h3 data-section-id=\"1swr0f2\" data-start=\"2219\" data-end=\"2249\">Vantaggi delle siringhe per spore<\/h3><p data-start=\"2251\" data-end=\"2338\">Le siringhe di spore sono un metodo ampiamente utilizzato per studiare la genetica e lo sviluppo dei funghi.<\/p><p data-start=\"2340\" data-end=\"2458\">Poich\u00e9 le spore sono il punto di partenza del ciclo vitale dei funghi, esse forniscono informazioni sulle prime fasi di crescita.<\/p><p data-start=\"2460\" data-end=\"2481\">I vantaggi principali includono:<\/p><ul data-start=\"2483\" data-end=\"2678\">\n<li data-section-id=\"1wtlhpj\" data-start=\"2483\" data-end=\"2526\">Adatto per la microscopia e l'osservazione<\/li>\n<li data-section-id=\"5o38hs\" data-start=\"2527\" data-end=\"2567\">Lunga durata di conservazione se conservato correttamente<\/li>\n<li data-section-id=\"14gjei0\" data-start=\"2568\" data-end=\"2596\">Facile da maneggiare e da applicare<\/li>\n<li data-section-id=\"80duo5\" data-start=\"2597\" data-end=\"2649\">Ideale per studiare la struttura e il comportamento delle spore<\/li>\n<li data-section-id=\"15use0o\" data-start=\"2650\" data-end=\"2678\">Accessibile ai principianti<\/li>\n<\/ul><p data-start=\"2680\" data-end=\"2776\">Le siringhe per spore sono un'ottima scelta per chi \u00e8 interessato alla ricerca e alle applicazioni didattiche.<\/p><hr data-start=\"2778\" data-end=\"2781\" \/><h3 data-section-id=\"1ltc4xe\" data-start=\"2783\" data-end=\"2808\">Uso e applicazione<\/h3><p data-start=\"2810\" data-end=\"2898\">The Costa Rica spore syringe is easy to handle and intended for microscopy and research.<\/p><p data-start=\"2900\" data-end=\"3035\">Prima dell'uso, agitare delicatamente la siringa per distribuire uniformemente le spore. Una piccola goccia pu\u00f2 essere posta su un vetrino da microscopio per l'osservazione.<\/p><p data-start=\"3037\" data-end=\"3121\">Lavorare sempre in un ambiente pulito per evitare contaminazioni quando si maneggia la siringa.<\/p><p data-start=\"3123\" data-end=\"3208\">Nota: questo prodotto \u00e8 destinato esclusivamente alla microscopia e a scopi didattici.<\/p><hr data-start=\"3210\" data-end=\"3213\" \/><h3 data-section-id=\"1w10lnv\" data-start=\"3215\" data-end=\"3239\">Conservazione e durata di conservazione<\/h3><p data-start=\"3241\" data-end=\"3293\">Conservare la siringa di spore in frigorifero a 2-8 \u00b0C.<\/p><p data-start=\"3295\" data-end=\"3347\">Durata di conservazione: Fino a 6-12 mesi se conservato correttamente<\/p><p data-start=\"3349\" data-end=\"3436\">Evitare la luce solare diretta e il calore. Lasciare che la siringa raggiunga la temperatura ambiente prima dell'uso.<\/p><hr data-start=\"3438\" data-end=\"3441\" \/><h3 data-section-id=\"1s6g1ss\" data-start=\"3443\" data-end=\"3488\">Costa Rica \u2013 Stable and Reliable Genetics<\/h3><p data-start=\"3490\" data-end=\"3616\">Costa Rica is valued for its consistency and dependable genetic profile, making it a trusted choice for study and observation.<\/p><p data-start=\"3618\" data-end=\"3711\">Le sue caratteristiche prevedibili lo rendono adatto a un'ampia gamma di applicazioni di microscopia.<\/p><hr data-start=\"3713\" data-end=\"3716\" \/><h3 data-section-id=\"fga7jf\" data-start=\"3718\" data-end=\"3763\">Order Your Costa Rica Spore Syringe Today<\/h3><p data-start=\"3765\" data-end=\"3886\">Il Costa Rica - <a href=\"https:\/\/www.mondogrowkits.com\/de\/psilocybe-cubensis-sporenspritzen\/\">Siringa di spore di Psilocybe cubensis<\/a> offre un'eccellente combinazione di qualit\u00e0, stabilit\u00e0 e affidabilit\u00e0.<\/p><p data-start=\"3888\" data-end=\"3984\">Con spore pulite e una genetica comprovata, questa siringa \u00e8 ideale per la microscopia e l'uso didattico.<\/p><p data-start=\"3986\" data-end=\"4043\" data-is-last-node=\"\" data-is-only-node=\"\">Ordinate oggi stesso e sperimentate la qualit\u00e0 premium delle siringhe per spore.<\/p>","protected":false},"excerpt":{"rendered":"<p data-start=\"95\" data-end=\"376\">Costa Rica \u2013 Psilocybe cubensis Spore Syringe is a high-quality spore solution known for its reliable germination and consistent performance. This popular strain is valued for its stable genetics and ease of study, making it suitable for both beginners and experienced enthusiasts.<\/p>\n<p data-start=\"378\" data-end=\"494\">La siringa contiene spore microscopiche sospese in una soluzione sterile, ideale per la microscopia e la ricerca.<\/p>","protected":false},"featured_media":3141,"comment_status":"open","ping_status":"closed","template":"","meta":[],"product_brand":[32],"product_cat":[66],"product_tag":[],"class_list":{"0":"post-1022","1":"product","2":"type-product","3":"status-publish","4":"has-post-thumbnail","6":"product_brand-mondo","7":"product_cat-psilocybe-cubensis-spore-syringes","9":"first","10":"instock","11":"taxable","12":"shipping-taxable","13":"purchasable","14":"product-type-simple"},"jetpack_sharing_enabled":true,"_links":{"self":[{"href":"https:\/\/www.mondogrowkits.com\/it\/wp-json\/wp\/v2\/product\/1022","targetHints":{"allow":["GET"]}}],"collection":[{"href":"https:\/\/www.mondogrowkits.com\/it\/wp-json\/wp\/v2\/product"}],"about":[{"href":"https:\/\/www.mondogrowkits.com\/it\/wp-json\/wp\/v2\/types\/product"}],"replies":[{"embeddable":true,"href":"https:\/\/www.mondogrowkits.com\/it\/wp-json\/wp\/v2\/comments?post=1022"}],"wp:featuredmedia":[{"embeddable":true,"href":"https:\/\/www.mondogrowkits.com\/it\/wp-json\/wp\/v2\/media\/3141"}],"wp:attachment":[{"href":"https:\/\/www.mondogrowkits.com\/it\/wp-json\/wp\/v2\/media?parent=1022"}],"wp:term":[{"taxonomy":"product_brand","embeddable":true,"href":"https:\/\/www.mondogrowkits.com\/it\/wp-json\/wp\/v2\/product_brand?post=1022"},{"taxonomy":"product_cat","embeddable":true,"href":"https:\/\/www.mondogrowkits.com\/it\/wp-json\/wp\/v2\/product_cat?post=1022"},{"taxonomy":"product_tag","embeddable":true,"href":"https:\/\/www.mondogrowkits.com\/it\/wp-json\/wp\/v2\/product_tag?post=1022"}],"curies":[{"name":"wp","href":"https:\/\/api.w.org\/{rel}","templated":true}]}}