{"id":1344,"date":"2025-09-11T16:50:42","date_gmt":"2025-09-11T16:50:42","guid":{"rendered":"https:\/\/www.mondogrowkits.com\/?post_type=product&#038;p=1344"},"modified":"2026-04-15T05:46:35","modified_gmt":"2026-04-15T04:46:35","slug":"cultura-liquida-red-boy","status":"publish","type":"product","link":"https:\/\/www.mondogrowkits.com\/it\/liquid-culture-red-boy\/","title":{"rendered":"Red Boy - Psilocybe Cubensis Siringa per coltura liquida"},"content":{"rendered":"","protected":false},"excerpt":{"rendered":"<p>Red Boy \u00e8 una variet\u00e0 cubensis unica nel suo genere, nota per la sua stabilit\u00e0 e produttivit\u00e0. Il suo micelio colonizza in modo efficiente, aiutando i coltivatori a ottenere risultati costanti in pi\u00f9 fasi.<\/p>","protected":false},"featured_media":3139,"comment_status":"open","ping_status":"closed","template":"","meta":[],"product_brand":[32],"product_cat":[68],"product_tag":[],"class_list":{"0":"post-1344","1":"product","2":"type-product","3":"status-publish","4":"has-post-thumbnail","6":"product_brand-mondo","7":"product_cat-liquid-culture-syringe","9":"first","10":"instock","11":"taxable","12":"shipping-taxable","13":"purchasable","14":"product-type-simple"},"jetpack_sharing_enabled":true,"_links":{"self":[{"href":"https:\/\/www.mondogrowkits.com\/it\/wp-json\/wp\/v2\/product\/1344","targetHints":{"allow":["GET"]}}],"collection":[{"href":"https:\/\/www.mondogrowkits.com\/it\/wp-json\/wp\/v2\/product"}],"about":[{"href":"https:\/\/www.mondogrowkits.com\/it\/wp-json\/wp\/v2\/types\/product"}],"replies":[{"embeddable":true,"href":"https:\/\/www.mondogrowkits.com\/it\/wp-json\/wp\/v2\/comments?post=1344"}],"wp:featuredmedia":[{"embeddable":true,"href":"https:\/\/www.mondogrowkits.com\/it\/wp-json\/wp\/v2\/media\/3139"}],"wp:attachment":[{"href":"https:\/\/www.mondogrowkits.com\/it\/wp-json\/wp\/v2\/media?parent=1344"}],"wp:term":[{"taxonomy":"product_brand","embeddable":true,"href":"https:\/\/www.mondogrowkits.com\/it\/wp-json\/wp\/v2\/product_brand?post=1344"},{"taxonomy":"product_cat","embeddable":true,"href":"https:\/\/www.mondogrowkits.com\/it\/wp-json\/wp\/v2\/product_cat?post=1344"},{"taxonomy":"product_tag","embeddable":true,"href":"https:\/\/www.mondogrowkits.com\/it\/wp-json\/wp\/v2\/product_tag?post=1344"}],"curies":[{"name":"wp","href":"https:\/\/api.w.org\/{rel}","templated":true}]}}