{"id":1349,"date":"2025-09-11T16:50:39","date_gmt":"2025-09-11T16:50:39","guid":{"rendered":"https:\/\/www.mondogrowkits.com\/?post_type=product&#038;p=1349"},"modified":"2026-04-28T13:23:59","modified_gmt":"2026-04-28T12:23:59","slug":"coltura-liquida-mazatapec","status":"publish","type":"product","link":"https:\/\/www.mondogrowkits.com\/it\/liquid-culture-mazatapec\/","title":{"rendered":"Mazatapec - Siringa per coltura liquida di Psilocybe Cubensis"},"content":{"rendered":"<h2 data-section-id=\"15p9qma\" data-start=\"567\" data-end=\"640\">Mazatapec Liquid Culture Siringa - Psilocybe cubensis Genetica Premium<\/h2><p data-start=\"642\" data-end=\"955\">Il modello Mazatapec - <a href=\"https:\/\/www.mondogrowkits.com\/it\/cose-la-psilocibina\/\">Psilocybe cubensis<\/a> Liquid Culture Syringe \u00e8 una coltura di alta qualit\u00e0 nota per la sua forte genetica, la colonizzazione costante e lo sviluppo affidabile del micelio. Questo noto ceppo \u00e8 apprezzato per i suoi modelli di crescita stabili e per le sue prestazioni affidabili in un'ampia gamma di setup colturali.<\/p><p data-start=\"957\" data-end=\"1199\">Mazatapec \u00e8 riconosciuto per il suo micelio denso e resistente, che consente una colonizzazione costante e uniforme di vari substrati. Le sue caratteristiche di crescita equilibrata lo rendono una scelta eccellente per i coltivatori che cercano coerenza e prevedibilit\u00e0.<\/p><p data-start=\"1201\" data-end=\"1432\">Poich\u00e9 questo prodotto viene fornito come coltura liquida, contiene micelio attivo sospeso in una soluzione ricca di sostanze nutritive. Ci\u00f2 consente una colonizzazione pi\u00f9 rapida rispetto alle colture tradizionali. <a href=\"https:\/\/www.mondogrowkits.com\/it\/siringhe-di-spore-di-psilocybe-cubensis\/\">siringhe per spore<\/a> e migliora i tassi di successo complessivi.<\/p><p data-start=\"1434\" data-end=\"1645\">In condizioni ottimali, la crescita del micelio pu\u00f2 spesso essere osservata entro pochi giorni dall'inoculo, anche se la Mazatapec \u00e8 tipicamente nota per uno sviluppo pi\u00f9 controllato e costante rispetto a quello pi\u00f9 rapido. <a href=\"https:\/\/www.mondogrowkits.com\/it\/libreria-varieta-funghi-magici\/\">ceppi<\/a>.<\/p><hr data-start=\"1647\" data-end=\"1650\" \/><h3 data-section-id=\"1xvnfha\" data-start=\"1652\" data-end=\"1695\">Che cos'\u00e8 Mazatapec (Psilocybe cubensis)?<\/h3><p data-start=\"1697\" data-end=\"1951\">Mazatapec \u00e8 un ceppo tradizionale di Psilocybe cubensis originario del Messico, apprezzato per la sua crescita stabile e il suo comportamento costante in condizioni controllate. \u00c8 ampiamente studiata e apprezzata per il suo sviluppo prevedibile e la facilit\u00e0 di coltivazione.<\/p><p data-start=\"1953\" data-end=\"2052\">Il suo modello di crescita costante la rende una scelta popolare per i coltivatori che preferiscono affidabilit\u00e0 e controllo.<\/p><hr data-start=\"2054\" data-end=\"2057\" \/><h3 data-section-id=\"19ok1i\" data-start=\"2059\" data-end=\"2099\">Perch\u00e9 scegliere Mazatapec Liquid Culture?<\/h3><ul data-start=\"2101\" data-end=\"2394\">\n<li data-section-id=\"1bpaevx\" data-start=\"2101\" data-end=\"2138\">Ceppo classico di Psilocybe cubensis<\/li>\n<li data-section-id=\"1nqqo5y\" data-start=\"2139\" data-end=\"2177\">Colonizzazione forte e costante<\/li>\n<li data-section-id=\"10o7zuj\" data-start=\"2178\" data-end=\"2217\">Crescita costante e affidabile del micelio<\/li>\n<li data-section-id=\"wq7hr9\" data-start=\"2218\" data-end=\"2258\">Sviluppo equilibrato e prevedibile<\/li>\n<li data-section-id=\"fix0if\" data-start=\"2259\" data-end=\"2309\">Adatto a principianti e coltivatori esperti<\/li>\n<li data-section-id=\"19zbuxr\" data-start=\"2310\" data-end=\"2353\">Colonizzazione pi\u00f9 rapida rispetto alle siringhe con spore<\/li>\n<li data-section-id=\"16w25lw\" data-start=\"2354\" data-end=\"2394\">Coltura liquida attiva - pronta all'uso<\/li>\n<\/ul><p data-start=\"2396\" data-end=\"2501\">La coltura liquida Mazatapec \u00e8 ideale per i coltivatori che cercano un'esperienza di coltivazione stabile e affidabile.<\/p><hr data-start=\"2503\" data-end=\"2506\" \/><h3 data-section-id=\"1edg1fv\" data-start=\"2508\" data-end=\"2538\">Vantaggi dell'Liquid Culture<\/h3><p data-start=\"2540\" data-end=\"2629\">Le siringhe per coltura liquida offrono diversi vantaggi rispetto ai prodotti tradizionali a base di spore.<\/p><p data-start=\"2631\" data-end=\"2719\">Poich\u00e9 il micelio \u00e8 gi\u00e0 attivo, la colonizzazione inizia subito dopo l'inoculazione.<\/p><p data-start=\"2721\" data-end=\"2742\">I vantaggi principali includono:<\/p><ul data-start=\"2744\" data-end=\"2901\">\n<li data-section-id=\"5at1tr\" data-start=\"2744\" data-end=\"2773\">Tempi di colonizzazione pi\u00f9 rapidi<\/li>\n<li data-section-id=\"cqwl0j\" data-start=\"2774\" data-end=\"2798\">Tassi di successo pi\u00f9 elevati<\/li>\n<li data-section-id=\"ur01ho\" data-start=\"2799\" data-end=\"2832\">Distribuzione uniforme del micelio<\/li>\n<li data-section-id=\"nuiwlo\" data-start=\"2833\" data-end=\"2865\">Applicazione facile e precisa<\/li>\n<li data-section-id=\"s8uau9\" data-start=\"2866\" data-end=\"2901\">Risultati coerenti e affidabili<\/li>\n<\/ul><p data-start=\"2903\" data-end=\"2991\">La coltura liquida \u00e8 la scelta preferita dai coltivatori che apprezzano l'efficienza e la coerenza.<\/p><hr data-start=\"2993\" data-end=\"2996\" \/><h3 data-section-id=\"1ltc4xe\" data-start=\"2998\" data-end=\"3023\">Uso e applicazione<\/h3><p data-start=\"3025\" data-end=\"3113\">L'Mazatapec <a href=\"https:\/\/www.mondogrowkits.com\/it\/siringa-per-coltura-liquida\/\">siringa per coltura liquida<\/a> \u00e8 facile da usare e adatto a diversi substrati.<\/p><p data-start=\"3115\" data-end=\"3253\">Prima dell'uso, agitare delicatamente la siringa per distribuire uniformemente il micelio. Iniettare la soluzione nel <a href=\"https:\/\/www.mondogrowkits.com\/it\/substrato-sterilizzato\/\">substrato sterile<\/a> o terreno di coltura.<\/p><p data-start=\"3255\" data-end=\"3355\">Poich\u00e9 la coltura contiene micelio attivo, la colonizzazione inizia in genere pi\u00f9 rapidamente rispetto alle spore.<\/p><p data-start=\"3357\" data-end=\"3436\">Lavorare sempre in un ambiente pulito e sterile per ridurre al minimo i rischi di contaminazione.<\/p><p data-start=\"3438\" data-end=\"3523\">Nota: questo prodotto \u00e8 destinato esclusivamente alla microscopia e a scopi didattici.<\/p><hr data-start=\"3525\" data-end=\"3528\" \/><h3 data-section-id=\"1w10lnv\" data-start=\"3530\" data-end=\"3554\">Conservazione e durata di conservazione<\/h3><p data-start=\"3556\" data-end=\"3617\">Conservare la siringa per coltura liquida in frigorifero a 2-8 \u00b0C.<\/p><p data-start=\"3619\" data-end=\"3670\">Durata di conservazione: Fino a 2-3 mesi se conservato correttamente<\/p><p data-start=\"3672\" data-end=\"3759\">Evitare la luce solare diretta e il calore. Lasciare che la siringa raggiunga la temperatura ambiente prima dell'uso.<\/p><hr data-start=\"3761\" data-end=\"3764\" \/><h3 data-section-id=\"1iviym3\" data-start=\"3766\" data-end=\"3810\">Mazatapec - Genetica stabile e affidabile<\/h3><p data-start=\"3812\" data-end=\"3933\">La Mazatapec \u00e8 apprezzata per la sua colonizzazione costante e le sue prestazioni affidabili, che la rendono una scelta affidabile tra i coltivatori.<\/p><p data-start=\"3935\" data-end=\"4043\">Le sue caratteristiche di crescita equilibrata e la facilit\u00e0 d'uso la rendono adatta a un'ampia gamma di setup colturali.<\/p><hr data-start=\"4045\" data-end=\"4048\" \/><h3 data-section-id=\"v57qtz\" data-start=\"4050\" data-end=\"4103\">Ordinate oggi la vostra siringa Mazatapec Liquid Culture<\/h3><p data-start=\"4105\" data-end=\"4240\">La siringa Mazatapec - Psilocybe cubensis Liquid Culture offre un'eccellente combinazione di affidabilit\u00e0, coerenza e prestazioni.<\/p><p data-start=\"4242\" data-end=\"4360\">Con un micelio attivo e una genetica comprovata, questa coltura liquida \u00e8 ideale per ottenere una colonizzazione rapida e costante.<\/p><p data-start=\"4362\" data-end=\"4420\" data-is-last-node=\"\" data-is-only-node=\"\">Ordinate oggi stesso e sperimentate la qualit\u00e0 della coltura liquida premium.<\/p>","protected":false},"excerpt":{"rendered":"<p data-start=\"95\" data-end=\"389\">Mazatapec - Psilocybe cubensis Liquid Culture Syringe \u00e8 una coltura liquida di prima qualit\u00e0 nota per la sua colonizzazione costante e la crescita forte e uniforme del micelio. Questa variet\u00e0 classica \u00e8 apprezzata per la sua genetica stabile e le sue prestazioni affidabili, che la rendono adatta sia ai coltivatori principianti che a quelli esperti.<\/p>\n<p data-start=\"391\" data-end=\"560\">La siringa contiene micelio attivo sospeso in una soluzione ricca di nutrienti, che garantisce una colonizzazione pi\u00f9 rapida e tassi di successo pi\u00f9 elevati rispetto alle siringhe di spore tradizionali.<\/p>","protected":false},"featured_media":3139,"comment_status":"open","ping_status":"closed","template":"","meta":[],"product_brand":[32],"product_cat":[68],"product_tag":[],"class_list":{"0":"post-1349","1":"product","2":"type-product","3":"status-publish","4":"has-post-thumbnail","6":"product_brand-mondo","7":"product_cat-liquid-culture-syringe","9":"first","10":"instock","11":"taxable","12":"shipping-taxable","13":"purchasable","14":"product-type-simple"},"jetpack_sharing_enabled":true,"_links":{"self":[{"href":"https:\/\/www.mondogrowkits.com\/it\/wp-json\/wp\/v2\/product\/1349","targetHints":{"allow":["GET"]}}],"collection":[{"href":"https:\/\/www.mondogrowkits.com\/it\/wp-json\/wp\/v2\/product"}],"about":[{"href":"https:\/\/www.mondogrowkits.com\/it\/wp-json\/wp\/v2\/types\/product"}],"replies":[{"embeddable":true,"href":"https:\/\/www.mondogrowkits.com\/it\/wp-json\/wp\/v2\/comments?post=1349"}],"wp:featuredmedia":[{"embeddable":true,"href":"https:\/\/www.mondogrowkits.com\/it\/wp-json\/wp\/v2\/media\/3139"}],"wp:attachment":[{"href":"https:\/\/www.mondogrowkits.com\/it\/wp-json\/wp\/v2\/media?parent=1349"}],"wp:term":[{"taxonomy":"product_brand","embeddable":true,"href":"https:\/\/www.mondogrowkits.com\/it\/wp-json\/wp\/v2\/product_brand?post=1349"},{"taxonomy":"product_cat","embeddable":true,"href":"https:\/\/www.mondogrowkits.com\/it\/wp-json\/wp\/v2\/product_cat?post=1349"},{"taxonomy":"product_tag","embeddable":true,"href":"https:\/\/www.mondogrowkits.com\/it\/wp-json\/wp\/v2\/product_tag?post=1349"}],"curies":[{"name":"wp","href":"https:\/\/api.w.org\/{rel}","templated":true}]}}