{"id":1362,"date":"2025-09-11T16:49:53","date_gmt":"2025-09-11T16:49:53","guid":{"rendered":"https:\/\/www.mondogrowkits.com\/?post_type=product&#038;p=1362"},"modified":"2026-04-28T12:38:56","modified_gmt":"2026-04-28T11:38:56","slug":"coltura-liquida-galindoi","status":"publish","type":"product","link":"https:\/\/www.mondogrowkits.com\/it\/liquid-culture-galindoi\/","title":{"rendered":"Galindoi - Siringa per coltura liquida di Psilocybe Cubensis"},"content":{"rendered":"<h2 data-section-id=\"ppzgxs\" data-start=\"603\" data-end=\"675\">Galindoi Liquid Culture Siringa - Psilocybe galindoi Genetica Premium<\/h2><p data-start=\"677\" data-end=\"981\">Il <a href=\"https:\/\/www.mondogrowkits.com\/it\/galindoi-magic-truffles\/\">Galindoi<\/a> - Psilocybe galindoi Liquid Culture Syringe \u00e8 una coltura di alta qualit\u00e0 nota per la colonizzazione costante, la densa formazione di micelio e i modelli di crescita affidabili. Questa specie particolare \u00e8 apprezzata per il suo sviluppo stabile e la sua adattabilit\u00e0 in diversi ambienti di coltivazione.<\/p><p data-start=\"983\" data-end=\"1240\">Psilocybe galindoi \u00e8 riconosciuta per la sua crescita costante e controllata del micelio, che consente una colonizzazione uniforme su una variet\u00e0 di substrati. Le sue caratteristiche prevedibili lo rendono una scelta eccellente per i coltivatori che cercano risultati costanti e ripetibili.<\/p><p data-start=\"1242\" data-end=\"1487\">Poich\u00e9 questo prodotto viene fornito come coltura liquida, contiene micelio attivo sospeso in una soluzione ricca di sostanze nutritive. Ci\u00f2 consente una colonizzazione molto pi\u00f9 rapida rispetto alle colture tradizionali. <a href=\"https:\/\/www.mondogrowkits.com\/it\/psilocybe-cubensis-spore-syringes\/\">siringhe per spore<\/a> e migliora i tassi di successo complessivi.<\/p><p data-start=\"1489\" data-end=\"1594\">In condizioni ottimali, la crescita del micelio pu\u00f2 spesso essere osservata entro pochi giorni dall'inoculazione.<\/p><hr data-start=\"1596\" data-end=\"1599\" \/><h3 data-section-id=\"z9nuik\" data-start=\"1601\" data-end=\"1643\">Che cos'\u00e8 il Galindoi (Psilocybe galindoi)?<\/h3><p data-start=\"1645\" data-end=\"1873\">Psilocybe galindoi \u00e8 una specie ben nota e apprezzata per il suo comportamento di crescita unico e le sue prestazioni costanti. \u00c8 ampiamente studiata e apprezzata per lo sviluppo stabile del micelio e l'adattabilit\u00e0 in condizioni controllate.<\/p><p data-start=\"1875\" data-end=\"1958\">La sua natura affidabile lo rende adatto sia per <a href=\"https:\/\/www.mondogrowkits.com\/it\/mondo-growkits-best-strains-beginners-advanced\/\">principianti<\/a> e coltivatori esperti.<\/p><hr data-start=\"1960\" data-end=\"1963\" \/><h3 data-section-id=\"f77fu5\" data-start=\"1965\" data-end=\"2004\">Perch\u00e9 scegliere Galindoi Liquid Culture?<\/h3><ul data-start=\"2006\" data-end=\"2295\">\n<li data-section-id=\"dx4iqi\" data-start=\"2006\" data-end=\"2043\">Specie unica di Psilocybe galindoi<\/li>\n<li data-section-id=\"1nqqo5y\" data-start=\"2044\" data-end=\"2082\">Colonizzazione forte e costante<\/li>\n<li data-section-id=\"p54dfs\" data-start=\"2083\" data-end=\"2116\">Crescita stabile e prevedibile<\/li>\n<li data-section-id=\"1hdl77p\" data-start=\"2117\" data-end=\"2159\">Prestazioni affidabili su tutti i substrati<\/li>\n<li data-section-id=\"fix0if\" data-start=\"2160\" data-end=\"2210\">Adatto a principianti e coltivatori esperti<\/li>\n<li data-section-id=\"19zbuxr\" data-start=\"2211\" data-end=\"2254\">Colonizzazione pi\u00f9 rapida rispetto alle siringhe con spore<\/li>\n<li data-section-id=\"16w25lw\" data-start=\"2255\" data-end=\"2295\">Coltura liquida attiva - pronta all'uso<\/li>\n<\/ul><p data-start=\"2297\" data-end=\"2404\">La coltura liquida Galindoi \u00e8 ideale per i coltivatori che cercano un'esperienza di coltivazione affidabile ed efficiente.<\/p><hr data-start=\"2406\" data-end=\"2409\" \/><h3 data-section-id=\"1edg1fv\" data-start=\"2411\" data-end=\"2441\">Vantaggi dell'Liquid Culture<\/h3><p data-start=\"2443\" data-end=\"2532\">Le siringhe per coltura liquida offrono diversi vantaggi rispetto ai prodotti tradizionali a base di spore.<\/p><p data-start=\"2534\" data-end=\"2622\">Poich\u00e9 il micelio \u00e8 gi\u00e0 attivo, la colonizzazione inizia subito dopo l'inoculazione.<\/p><p data-start=\"2624\" data-end=\"2645\">I vantaggi principali includono:<\/p><ul data-start=\"2647\" data-end=\"2804\">\n<li data-section-id=\"5at1tr\" data-start=\"2647\" data-end=\"2676\">Tempi di colonizzazione pi\u00f9 rapidi<\/li>\n<li data-section-id=\"cqwl0j\" data-start=\"2677\" data-end=\"2701\">Tassi di successo pi\u00f9 elevati<\/li>\n<li data-section-id=\"ur01ho\" data-start=\"2702\" data-end=\"2735\">Distribuzione uniforme del micelio<\/li>\n<li data-section-id=\"nuiwlo\" data-start=\"2736\" data-end=\"2768\">Applicazione facile e precisa<\/li>\n<li data-section-id=\"s8uau9\" data-start=\"2769\" data-end=\"2804\">Risultati coerenti e affidabili<\/li>\n<\/ul><p data-start=\"2806\" data-end=\"2889\">La coltura liquida \u00e8 la scelta preferita dai coltivatori che apprezzano la velocit\u00e0 e la coerenza.<\/p><hr data-start=\"2891\" data-end=\"2894\" \/><h3 data-section-id=\"1ltc4xe\" data-start=\"2896\" data-end=\"2921\">Uso e applicazione<\/h3><p data-start=\"2923\" data-end=\"3010\">I Galindoi <a href=\"https:\/\/www.mondogrowkits.com\/it\/liquid-culture-syringe\/\">siringa per coltura liquida<\/a> \u00e8 facile da usare e adatto a diversi substrati.<\/p><p data-start=\"3012\" data-end=\"3150\">Prima dell'uso, agitare delicatamente la siringa per distribuire uniformemente il micelio. Iniettare la soluzione nel <a href=\"https:\/\/www.mondogrowkits.com\/it\/sterilised-substrate\/\">substrato sterile<\/a> o terreno di coltura.<\/p><p data-start=\"3152\" data-end=\"3252\">Poich\u00e9 la coltura contiene micelio attivo, la colonizzazione inizia in genere pi\u00f9 rapidamente rispetto alle spore.<\/p><p data-start=\"3254\" data-end=\"3333\">Lavorare sempre in un ambiente pulito e sterile per ridurre al minimo i rischi di contaminazione.<\/p><p data-start=\"3335\" data-end=\"3420\">Nota: questo prodotto \u00e8 destinato esclusivamente alla microscopia e a scopi didattici.<\/p><hr data-start=\"3422\" data-end=\"3425\" \/><h3 data-section-id=\"1w10lnv\" data-start=\"3427\" data-end=\"3451\">Conservazione e durata di conservazione<\/h3><p data-start=\"3453\" data-end=\"3514\">Conservare la siringa per coltura liquida in frigorifero a 2-8 \u00b0C.<\/p><p data-start=\"3516\" data-end=\"3567\">Durata di conservazione: Fino a 2-3 mesi se conservato correttamente<\/p><p data-start=\"3569\" data-end=\"3656\">Evitare la luce solare diretta e il calore. Lasciare che la siringa raggiunga la temperatura ambiente prima dell'uso.<\/p><hr data-start=\"3658\" data-end=\"3661\" \/><h3 data-section-id=\"5evtzy\" data-start=\"3663\" data-end=\"3706\">Galindoi - Genetica forte e affidabile<\/h3><p data-start=\"3708\" data-end=\"3834\">La Psilocybe galindoi \u00e8 apprezzata per la sua colonizzazione costante e le sue prestazioni stabili, che la rendono una scelta affidabile tra i coltivatori.<\/p><p data-start=\"3836\" data-end=\"3944\">Le sue caratteristiche di crescita affidabile e la facilit\u00e0 d'uso la rendono adatta a un'ampia gamma di setup colturali.<\/p><hr data-start=\"3946\" data-end=\"3949\" \/><h3 data-section-id=\"750bho\" data-start=\"3951\" data-end=\"4003\">Ordinate oggi stesso la vostra siringa Liquid Culture di Galindoi<\/h3><p data-start=\"4005\" data-end=\"4139\">La siringa Galindoi - Psilocybe galindoi Liquid Culture offre un'eccellente combinazione di affidabilit\u00e0, consistenza e prestazioni.<\/p><p data-start=\"4141\" data-end=\"4259\">Con un micelio attivo e una genetica comprovata, questa coltura liquida \u00e8 ideale per ottenere una colonizzazione rapida e costante.<\/p><p data-start=\"4261\" data-end=\"4319\" data-is-last-node=\"\" data-is-only-node=\"\">Ordinate oggi stesso e sperimentate la qualit\u00e0 della coltura liquida premium.<\/p>","protected":false},"excerpt":{"rendered":"<p data-start=\"113\" data-end=\"425\">Galindoi - Psilocybe galindoi Liquid Culture Syringe \u00e8 una coltura liquida di prima qualit\u00e0 nota per la sua colonizzazione costante e la crescita di micelio forte e resistente. Questa specie unica e ricercata \u00e8 apprezzata per la sua genetica stabile e le sue prestazioni affidabili, che la rendono adatta sia ai coltivatori principianti che a quelli esperti.<\/p>\n<p data-start=\"427\" data-end=\"596\">La siringa contiene micelio attivo sospeso in una soluzione ricca di nutrienti, che garantisce una colonizzazione pi\u00f9 rapida e tassi di successo pi\u00f9 elevati rispetto alle siringhe di spore tradizionali.<\/p>","protected":false},"featured_media":3139,"comment_status":"open","ping_status":"closed","template":"","meta":[],"product_brand":[32],"product_cat":[68],"product_tag":[],"class_list":{"0":"post-1362","1":"product","2":"type-product","3":"status-publish","4":"has-post-thumbnail","6":"product_brand-mondo","7":"product_cat-liquid-culture-syringe","9":"first","10":"instock","11":"taxable","12":"shipping-taxable","13":"purchasable","14":"product-type-simple"},"jetpack_sharing_enabled":true,"_links":{"self":[{"href":"https:\/\/www.mondogrowkits.com\/it\/wp-json\/wp\/v2\/product\/1362","targetHints":{"allow":["GET"]}}],"collection":[{"href":"https:\/\/www.mondogrowkits.com\/it\/wp-json\/wp\/v2\/product"}],"about":[{"href":"https:\/\/www.mondogrowkits.com\/it\/wp-json\/wp\/v2\/types\/product"}],"replies":[{"embeddable":true,"href":"https:\/\/www.mondogrowkits.com\/it\/wp-json\/wp\/v2\/comments?post=1362"}],"wp:featuredmedia":[{"embeddable":true,"href":"https:\/\/www.mondogrowkits.com\/it\/wp-json\/wp\/v2\/media\/3139"}],"wp:attachment":[{"href":"https:\/\/www.mondogrowkits.com\/it\/wp-json\/wp\/v2\/media?parent=1362"}],"wp:term":[{"taxonomy":"product_brand","embeddable":true,"href":"https:\/\/www.mondogrowkits.com\/it\/wp-json\/wp\/v2\/product_brand?post=1362"},{"taxonomy":"product_cat","embeddable":true,"href":"https:\/\/www.mondogrowkits.com\/it\/wp-json\/wp\/v2\/product_cat?post=1362"},{"taxonomy":"product_tag","embeddable":true,"href":"https:\/\/www.mondogrowkits.com\/it\/wp-json\/wp\/v2\/product_tag?post=1362"}],"curies":[{"name":"wp","href":"https:\/\/api.w.org\/{rel}","templated":true}]}}