{"id":3164,"date":"2026-02-03T15:00:55","date_gmt":"2026-02-03T14:00:55","guid":{"rendered":"https:\/\/www.mondogrowkits.com\/?post_type=product&#038;p=3164"},"modified":"2026-04-12T10:52:43","modified_gmt":"2026-04-12T09:52:43","slug":"borsa-per-la-coltivazione-di-funghi-magici-golden-teacher","status":"publish","type":"product","link":"https:\/\/www.mondogrowkits.com\/it\/golden-teacher-magic-mushroom-growbag\/","title":{"rendered":"Golden Teacher - Borsa per la coltivazione di funghi magici"},"content":{"rendered":"<div class=\"text-base my-auto mx-auto [--thread-content-margin:var(--thread-content-margin-xs,calc(var(--spacing)*4))] @w-sm\/main:[--thread-content-margin:var(--thread-content-margin-sm,calc(var(--spacing)*6))] @w-lg\/main:[--thread-content-margin:var(--thread-content-margin-lg,calc(var(--spacing)*16))] px-(--thread-content-margin)\"><div class=\"[--thread-content-max-width:40rem] @w-lg\/main:[--thread-content-max-width:48rem] mx-auto max-w-(--thread-content-max-width) flex-1 group\/turn-messages focus-visible:outline-hidden relative flex w-full min-w-0 flex-col agent-turn\"><div class=\"flex max-w-full flex-col gap-4 grow\"><div class=\"min-h-8 text-message relative flex w-full flex-col items-end gap-2 text-start break-words whitespace-normal outline-none keyboard-focused:focus-ring [.text-message+&amp;]:mt-1\" dir=\"auto\" data-message-author-role=\"assistant\" data-message-id=\"c8b37e43-7cc8-402f-b428-0d0e4a578de9\" data-message-model-slug=\"gpt-5-3\"><div class=\"flex w-full flex-col gap-1 empty:hidden\"><div class=\"markdown prose dark:prose-invert w-full wrap-break-word light markdown-new-styling\"><h2 data-section-id=\"1vnbyxw\" data-start=\"696\" data-end=\"779\">Golden Teacher \u2013 Magic Mushroom Grow Bag | Stable, Forgiving &amp; Beginner Friendly<\/h2><p data-start=\"781\" data-end=\"1096\">The Golden Teacher Magic Mushroom Grow Bag is a professionally prepared cultivation system containing fully colonized <a href=\"https:\/\/www.mondogrowkits.com\/what-is-psilocybin\/\">psilocybe cubensis<\/a> substrate. The entire inoculation and incubation process has been completed under controlled conditions, allowing immediate fruiting once placed in a suitable indoor environment.<\/p><p data-start=\"1098\" data-end=\"1265\"><a href=\"https:\/\/www.mondogrowkits.com\/magic-mushroom-strain-library\/golden-teacher-psilocybe-cubensis-strain\/\">Golden Teacher<\/a> is globally recognized as one of the most <strong data-start=\"1155\" data-end=\"1196\">stable and forgiving cubensis strains<\/strong>, making it the benchmark for beginner-friendly mushroom cultivation.<\/p><hr data-start=\"1267\" data-end=\"1270\" \/><h2 data-section-id=\"1wd1v1l\" data-start=\"1272\" data-end=\"1327\">Grow Difficulty: Easy \u2013 Ideal for First-Time Growers<\/h2><p data-start=\"1329\" data-end=\"1485\">Golden Teacher is one of the easiest <a href=\"https:\/\/www.mondogrowkits.com\/magic-mushroom-strain-library\/\">strains<\/a> to cultivate. It tolerates small mistakes in temperature, humidity, and airflow better than most other strains.<\/p><p data-start=\"1487\" data-end=\"1633\">Compared to faster but slightly more sensitive strains like Thai, Golden Teacher develops more steadily, making it easier to manage for <a href=\"https:\/\/www.mondogrowkits.com\/mondo-growkits-best-strains-beginners-advanced\/\">beginners<\/a>.<\/p><p data-start=\"1635\" data-end=\"1663\">This strain is ideal if you:<\/p><ul data-start=\"1664\" data-end=\"1781\">\n<li data-section-id=\"1xr4rux\" data-start=\"1664\" data-end=\"1699\">Are new to mushroom cultivation<\/li>\n<li data-section-id=\"1vhlk8y\" data-start=\"1700\" data-end=\"1743\">Want predictable and consistent results<\/li>\n<li data-section-id=\"1nsr4kj\" data-start=\"1744\" data-end=\"1781\">Prefer a low-risk growing process<\/li>\n<\/ul><hr data-start=\"1783\" data-end=\"1786\" \/><h2 data-section-id=\"1yqmffc\" data-start=\"1788\" data-end=\"1838\">Growth Characteristics \u2013 Stable and Predictable<\/h2><p data-start=\"1840\" data-end=\"1918\">Golden Teacher stands out due to its <strong data-start=\"1877\" data-end=\"1917\">balanced and controlled growth cycle<\/strong>:<\/p><ul data-start=\"1920\" data-end=\"2141\">\n<li data-section-id=\"18iqx3o\" data-start=\"1920\" data-end=\"1993\">Moderate colonization speed (more stable than fast strains like Thai)<\/li>\n<li data-section-id=\"1eed185\" data-start=\"1994\" data-end=\"2043\">Very consistent pinning and flush development<\/li>\n<li data-section-id=\"qg3he3\" data-start=\"2044\" data-end=\"2083\">Uniform mushroom size and structure<\/li>\n<li data-section-id=\"2zcylb\" data-start=\"2084\" data-end=\"2141\">Strong resistance to minor environmental fluctuations<\/li>\n<\/ul><p data-start=\"2143\" data-end=\"2265\">While it may grow slightly slower than aggressive strains like Amazonian, it compensates with reliability and consistency.<\/p><hr data-start=\"2267\" data-end=\"2270\" \/><h2 data-section-id=\"1x9uz5o\" data-start=\"2272\" data-end=\"2318\">Yield Performance Compared to Other Strains<\/h2><p data-start=\"2320\" data-end=\"2404\">Golden Teacher typically produces <strong data-start=\"2354\" data-end=\"2379\">medium to high yields<\/strong> across multiple flushes.<\/p><p data-start=\"2406\" data-end=\"2432\">Compared to other strains:<\/p><ul data-start=\"2433\" data-end=\"2634\">\n<li data-section-id=\"qkupmi\" data-start=\"2433\" data-end=\"2496\">More consistent than Amazonian (which can be more variable)<\/li>\n<li data-section-id=\"1eua2cs\" data-start=\"2497\" data-end=\"2568\">More forgiving than Penis Envy (which is slower and more sensitive)<\/li>\n<li data-section-id=\"23oouz\" data-start=\"2569\" data-end=\"2634\">Slightly less aggressive than McKennaii, but easier to manage<\/li>\n<\/ul><p data-start=\"2636\" data-end=\"2708\">This makes it one of the most dependable strains for repeatable results.<\/p><hr data-start=\"2710\" data-end=\"2713\" \/><h2 data-section-id=\"w3mrr1\" data-start=\"2715\" data-end=\"2769\">Fully Colonized Substrate \u2013 No Risky Steps Required<\/h2><p data-start=\"2771\" data-end=\"2889\">Each grow bag contains nutrient-rich <a href=\"https:\/\/www.mondogrowkits.com\/sterilised-substrate\/\">substrate<\/a> that has been fully colonized with healthy psilocybe cubensis mycelium.<\/p><p data-start=\"2891\" data-end=\"2902\">This means:<\/p><ul data-start=\"2903\" data-end=\"3003\">\n<li data-section-id=\"1bwq18v\" data-start=\"2903\" data-end=\"2930\">No inoculation required<\/li>\n<li data-section-id=\"1nbh3a1\" data-start=\"2931\" data-end=\"2958\">No sterilization needed<\/li>\n<li data-section-id=\"3gtx3\" data-start=\"2959\" data-end=\"3003\">Significantly reduced contamination risk<\/li>\n<\/ul><p data-start=\"3005\" data-end=\"3052\">You skip the most failure-prone phase entirely.<\/p><hr data-start=\"3054\" data-end=\"3057\" \/><h2 data-section-id=\"eks98y\" data-start=\"3059\" data-end=\"3094\">Expected Flushes &amp; Growing Cycle<\/h2><p data-start=\"3096\" data-end=\"3191\">Under stable indoor conditions (20\u201324\u00b0C), Golden Teacher typically produces <strong data-start=\"3172\" data-end=\"3190\">2 to 4 flushes<\/strong>.<\/p><p data-start=\"3193\" data-end=\"3229\">Key factors for optimal performance:<\/p><ul data-start=\"3230\" data-end=\"3323\">\n<li data-section-id=\"sazju1\" data-start=\"3230\" data-end=\"3252\">Stable temperature<\/li>\n<li data-section-id=\"1jekqqj\" data-start=\"3253\" data-end=\"3272\">Proper humidity<\/li>\n<li data-section-id=\"1m6hfm\" data-start=\"3273\" data-end=\"3291\">Clean handling<\/li>\n<li data-section-id=\"zjyyil\" data-start=\"3292\" data-end=\"3323\">Rehydration between flushes<\/li>\n<\/ul><p data-start=\"3325\" data-end=\"3412\">Because of its stable genetics, flushes are usually evenly distributed and predictable.<\/p><hr data-start=\"3414\" data-end=\"3417\" \/><h2 data-section-id=\"1r7x7ne\" data-start=\"3419\" data-end=\"3461\">Why Golden Teacher Is the Safest Choice<\/h2><p data-start=\"3463\" data-end=\"3509\">Fully colonized psilocybe cubensis substrate<\/p><p data-start=\"3511\" data-end=\"3539\">Ready to fruit immediately<\/p><p data-start=\"3541\" data-end=\"3570\">Extremely beginner-friendly<\/p><p data-start=\"3572\" data-end=\"3603\">Stable and predictable growth<\/p><p data-start=\"3605\" data-end=\"3641\">Consistent multi-flush performance<\/p><p data-start=\"3643\" data-end=\"3687\">Lower failure risk than most other strains<\/p><hr data-start=\"3689\" data-end=\"3692\" \/><p data-start=\"3694\" data-end=\"3867\" data-is-last-node=\"\" data-is-only-node=\"\">Golden Teacher remains the <strong data-start=\"3721\" data-end=\"3776\">most reliable entry point into mushroom cultivation<\/strong>, offering a perfect balance between ease of use, consistency, and solid yield performance.<\/p><\/div><\/div><\/div><\/div><\/div><\/div>","protected":false},"excerpt":{"rendered":"<p data-start=\"136\" data-end=\"386\">La busta per la coltivazione di funghi Golden Teacher Magic Mushroom \u00e8 un sistema completamente colonizzato e pronto a fruttificare contenente micelio di psilocybe cubensis. Nota per la sua eccezionale stabilit\u00e0 e la crescita prevedibile, questa variet\u00e0 \u00e8 ampiamente considerata la scelta migliore per i principianti.<\/p>\n<ul data-start=\"388\" data-end=\"600\">\n<li data-section-id=\"aeimkw\" data-start=\"388\" data-end=\"417\">Substrato completamente colonizzato<\/li>\n<li data-section-id=\"1s6w1hc\" data-start=\"418\" data-end=\"448\">Subito pronto per la frutta<\/li>\n<li data-section-id=\"1k77gu8\" data-start=\"449\" data-end=\"495\">Non \u00e8 necessaria la siringa per le spore o la sterilizzazione<\/li>\n<li data-section-id=\"1heerd2\" data-start=\"496\" data-end=\"531\">Produce 2-4 sciacqui consistenti<\/li>\n<li data-section-id=\"necfc7\" data-start=\"532\" data-end=\"600\">Una delle variet\u00e0 pi\u00f9 affidabili e facili da usare per i principianti<\/li>\n<\/ul>","protected":false},"featured_media":3165,"comment_status":"open","ping_status":"closed","template":"","meta":[],"product_brand":[32],"product_cat":[58],"product_tag":[],"class_list":{"0":"post-3164","1":"product","2":"type-product","3":"status-publish","4":"has-post-thumbnail","6":"product_brand-mondo","7":"product_cat-magic-mushroom-grow-bags","9":"first","10":"instock","11":"taxable","12":"shipping-taxable","13":"purchasable","14":"product-type-simple"},"jetpack_sharing_enabled":true,"_links":{"self":[{"href":"https:\/\/www.mondogrowkits.com\/it\/wp-json\/wp\/v2\/product\/3164","targetHints":{"allow":["GET"]}}],"collection":[{"href":"https:\/\/www.mondogrowkits.com\/it\/wp-json\/wp\/v2\/product"}],"about":[{"href":"https:\/\/www.mondogrowkits.com\/it\/wp-json\/wp\/v2\/types\/product"}],"replies":[{"embeddable":true,"href":"https:\/\/www.mondogrowkits.com\/it\/wp-json\/wp\/v2\/comments?post=3164"}],"wp:featuredmedia":[{"embeddable":true,"href":"https:\/\/www.mondogrowkits.com\/it\/wp-json\/wp\/v2\/media\/3165"}],"wp:attachment":[{"href":"https:\/\/www.mondogrowkits.com\/it\/wp-json\/wp\/v2\/media?parent=3164"}],"wp:term":[{"taxonomy":"product_brand","embeddable":true,"href":"https:\/\/www.mondogrowkits.com\/it\/wp-json\/wp\/v2\/product_brand?post=3164"},{"taxonomy":"product_cat","embeddable":true,"href":"https:\/\/www.mondogrowkits.com\/it\/wp-json\/wp\/v2\/product_cat?post=3164"},{"taxonomy":"product_tag","embeddable":true,"href":"https:\/\/www.mondogrowkits.com\/it\/wp-json\/wp\/v2\/product_tag?post=3164"}],"curies":[{"name":"wp","href":"https:\/\/api.w.org\/{rel}","templated":true}]}}