{"id":3172,"date":"2026-02-03T15:00:48","date_gmt":"2026-02-03T14:00:48","guid":{"rendered":"https:\/\/www.mondogrowkits.com\/?post_type=product&#038;p=3172"},"modified":"2026-04-15T10:18:14","modified_gmt":"2026-04-15T09:18:14","slug":"mazatapec-magic-mushroom-growbag","status":"publish","type":"product","link":"https:\/\/www.mondogrowkits.com\/it\/mazatapec-magic-mushroom-growbag\/","title":{"rendered":"Mazatapec - Borsa per la coltivazione di funghi magici"},"content":{"rendered":"<h2 data-section-id=\"1s50yvi\" data-start=\"560\" data-end=\"633\">Mazatapec - Sacchetto per la coltivazione di funghi magici - Crescita stabile e alta affidabilit\u00e0<\/h2><p data-start=\"635\" data-end=\"962\">Il sacchetto per la coltivazione dei funghi Mazatapec Magic Mushroom \u00e8 un sistema di coltivazione preparato professionalmente che contiene funghi completamente colonizzati. <a href=\"https:\/\/www.mondogrowkits.com\/it\/cose-la-psilocibina\/\">psilocybe cubensis<\/a> substrato. Il processo di inoculazione e incubazione \u00e8 stato completato in condizioni controllate, consentendo alla busta di coltivazione di iniziare a fruttificare immediatamente una volta collocata in un ambiente interno adeguato.<\/p><p data-start=\"964\" data-end=\"1128\">L'Mazatapec \u00e8 noto per la sua <strong data-start=\"991\" data-end=\"1060\">sviluppo costante, forte resilienza e prestazioni coerenti<\/strong>, che lo rende uno dei pi\u00f9 affidabili <a href=\"https:\/\/www.mondogrowkits.com\/it\/libreria-varieta-funghi-magici\/\">ceppi<\/a> per i coltivatori principianti.<\/p><hr data-start=\"1130\" data-end=\"1133\" \/><h2 data-section-id=\"1bvmm7o\" data-start=\"1135\" data-end=\"1186\">Difficolt\u00e0 di crescita: Facile - Consistente e tollerante<\/h2><p data-start=\"1188\" data-end=\"1370\">La Mazatapec \u00e8 considerata una variet\u00e0 facile grazie al suo ciclo di crescita stabile e prevedibile. \u00c8 pi\u00f9 indulgente di molte altre variet\u00e0 e gestisce bene le piccole fluttuazioni ambientali.<\/p><p data-start=\"1372\" data-end=\"1463\">Rispetto all'Thai, l'Mazatapec cresce leggermente pi\u00f9 lentamente, ma \u00e8 pi\u00f9 stabile e facile da controllare.<\/p><p data-start=\"1465\" data-end=\"1475\">Ideale per:<\/p><ul data-start=\"1476\" data-end=\"1577\">\n<li data-section-id=\"fqj1mn\" data-start=\"1476\" data-end=\"1496\">Coltivatori principianti<\/li>\n<li data-section-id=\"1muveaw\" data-start=\"1497\" data-end=\"1533\">Utenti che cercano risultati costanti<\/li>\n<li data-section-id=\"1ipfg2\" data-start=\"1534\" data-end=\"1577\">Chi preferisce l'affidabilit\u00e0 alla velocit\u00e0<\/li>\n<\/ul><hr data-start=\"1579\" data-end=\"1582\" \/><h2 data-section-id=\"1afupiu\" data-start=\"1584\" data-end=\"1633\">Caratteristiche di crescita - Costante e controllata<\/h2><p data-start=\"1635\" data-end=\"1705\">L'Mazatapec \u00e8 caratterizzato da <strong data-start=\"1669\" data-end=\"1704\">comportamento di crescita calmo e stabile<\/strong>:<\/p><ul data-start=\"1707\" data-end=\"1854\">\n<li data-section-id=\"mmjidd\" data-start=\"1707\" data-end=\"1738\">Velocit\u00e0 di colonizzazione moderata<\/li>\n<li data-section-id=\"1r23oc5\" data-start=\"1739\" data-end=\"1771\">Prevedibile e uniforme<\/li>\n<li data-section-id=\"1at6v9b\" data-start=\"1772\" data-end=\"1804\">Sviluppo coerente del lavaggio<\/li>\n<li data-section-id=\"13485gl\" data-start=\"1805\" data-end=\"1854\">Funghi di medie dimensioni con struttura uniforme<\/li>\n<\/ul><p data-start=\"1856\" data-end=\"1939\">\u00c8 meno aggressivo di <a href=\"https:\/\/www.mondogrowkits.com\/it\/libreria-varieta-funghi-magici\/mckennaii-psilocybe-cubensis-varieta\/\">McKennaii<\/a> ma pi\u00f9 stabile rispetto a ceppi pi\u00f9 veloci come Thai.<\/p><hr data-start=\"1941\" data-end=\"1944\" \/><h2 data-section-id=\"1x9uz5o\" data-start=\"1946\" data-end=\"1992\">Prestazioni di resa rispetto ad altre variet\u00e0<\/h2><p data-start=\"1994\" data-end=\"2055\">Mazatapec fornisce <strong data-start=\"2013\" data-end=\"2054\">rese moderate con elevata consistenza<\/strong>.<\/p><p data-start=\"2057\" data-end=\"2083\">Rispetto ad altri ceppi:<\/p><ul data-start=\"2084\" data-end=\"2230\">\n<li data-section-id=\"6az3yr\" data-start=\"2084\" data-end=\"2114\">Pi\u00f9 stabile dell'Amazonian<\/li>\n<li data-section-id=\"8bh4rg\" data-start=\"2115\" data-end=\"2154\">Resa leggermente inferiore rispetto alla McKennaii<\/li>\n<li data-section-id=\"hmhdq8\" data-start=\"2155\" data-end=\"2191\">Pi\u00f9 prevedibile dell'Pes Hawaii<\/li>\n<li data-section-id=\"15lbx69\" data-start=\"2192\" data-end=\"2230\">Pi\u00f9 lento ma pi\u00f9 affidabile dell'Thai<\/li>\n<\/ul><p data-start=\"2232\" data-end=\"2303\">Questo la rende una scelta eccellente per i coltivatori che danno priorit\u00e0 alla stabilit\u00e0.<\/p><hr data-start=\"2305\" data-end=\"2308\" \/><h2 data-section-id=\"1mjkycd\" data-start=\"2310\" data-end=\"2362\">Substrato completamente colonizzato - non \u00e8 necessaria alcuna preparazione<\/h2><p data-start=\"2364\" data-end=\"2490\">Ogni sacchetto per la coltivazione contiene sostanze nutritive <a href=\"https:\/\/www.mondogrowkits.com\/it\/substrato-sterilizzato\/\">substrato<\/a> che \u00e8 gi\u00e0 stato completamente colonizzato con micelio sano di psilocybe cubensis.<\/p><p data-start=\"2492\" data-end=\"2503\">Questo significa che:<\/p><ul data-start=\"2504\" data-end=\"2590\">\n<li data-section-id=\"1bwq18v\" data-start=\"2504\" data-end=\"2531\">Non \u00e8 necessario l'inoculo<\/li>\n<li data-section-id=\"1nbh3a1\" data-start=\"2532\" data-end=\"2559\">Non \u00e8 necessaria la sterilizzazione<\/li>\n<li data-section-id=\"1i25w4v\" data-start=\"2560\" data-end=\"2590\">Riduzione del rischio di contaminazione<\/li>\n<\/ul><p data-start=\"2592\" data-end=\"2627\">La fruttificazione pu\u00f2 iniziare immediatamente.<\/p><hr data-start=\"2629\" data-end=\"2632\" \/><h2 data-section-id=\"eks98y\" data-start=\"2634\" data-end=\"2669\">Ciclo di crescita previsto e arrossamenti<\/h2><p data-start=\"2671\" data-end=\"2789\">In condizioni interne stabili (20-24\u00b0C), il modello Mazatapec <a href=\"https:\/\/www.mondogrowkits.com\/it\/sacchetti-coltivazione-magic-mushrooms\/\">Borsa per la coltivazione dei funghi magici<\/a> produce tipicamente <strong data-start=\"2770\" data-end=\"2788\">Da 2 a 4 sciacqui<\/strong>.<\/p><p data-start=\"2791\" data-end=\"2822\">Le prestazioni ottimali dipendono da:<\/p><ul data-start=\"2823\" data-end=\"2916\">\n<li data-section-id=\"sazju1\" data-start=\"2823\" data-end=\"2845\">Temperatura stabile<\/li>\n<li data-section-id=\"1jekqqj\" data-start=\"2846\" data-end=\"2865\">Umidit\u00e0 adeguata<\/li>\n<li data-section-id=\"1m6hfm\" data-start=\"2866\" data-end=\"2884\">Manipolazione pulita<\/li>\n<li data-section-id=\"zjyyil\" data-start=\"2885\" data-end=\"2916\">Reidratazione tra un lavaggio e l'altro<\/li>\n<\/ul><p data-start=\"2918\" data-end=\"2961\">I risciacqui sono in genere uniformi e prevedibili.<\/p><hr data-start=\"2963\" data-end=\"2966\" \/><h2 data-section-id=\"142ciat\" data-start=\"2968\" data-end=\"3005\">Perch\u00e9 scegliere il sacco di coltivazione Mazatapec?<\/h2><p data-start=\"3007\" data-end=\"3053\">Substrato di psilocybe cubensis completamente colonizzato<\/p><p data-start=\"3055\" data-end=\"3083\">Subito pronto per la frutta<\/p><p data-start=\"3085\" data-end=\"3113\">Ceppo stabile e affidabile<\/p><p data-start=\"3115\" data-end=\"3148\">Facile da usare per i principianti<\/p><p data-start=\"3150\" data-end=\"3186\">Prestazioni multi-flush costanti<\/p><p data-start=\"3188\" data-end=\"3222\">Minor rischio di errori di coltivazione<\/p><hr data-start=\"3224\" data-end=\"3227\" \/><p data-start=\"3229\" data-end=\"3409\" data-is-last-node=\"\" data-is-only-node=\"\">Il sacchetto per la coltivazione dei funghi Mazatapec Magic Mushroom \u00e8 ideale per i coltivatori che desiderano una <strong data-start=\"3299\" data-end=\"3359\">esperienza di coltivazione stabile, prevedibile e a basso rischio<\/strong>, che la rende una delle migliori opzioni per <a href=\"https:\/\/www.mondogrowkits.com\/it\/mondo-growkit-migliori-ceppi-principianti-avanzati\/\">principianti<\/a>.<\/p>","protected":false},"excerpt":{"rendered":"<p data-start=\"122\" data-end=\"370\">La busta per la coltivazione di funghi Mazatapec Magic Mushroom \u00e8 un sistema completamente colonizzato e pronto a fruttificare contenente micelio di psilocybe cubensis. Conosciuta per la sua crescita costante e la forte resistenza, questa variet\u00e0 \u00e8 ideale per i principianti che cercano risultati affidabili e costanti.<\/p>\n<ul data-start=\"372\" data-end=\"553\">\n<li data-section-id=\"aeimkw\" data-start=\"372\" data-end=\"401\">Substrato completamente colonizzato<\/li>\n<li data-section-id=\"1s6w1hc\" data-start=\"402\" data-end=\"432\">Subito pronto per la frutta<\/li>\n<li data-section-id=\"1k77gu8\" data-start=\"433\" data-end=\"479\">Non \u00e8 necessaria la siringa per le spore o la sterilizzazione<\/li>\n<li data-section-id=\"98wzrf\" data-start=\"480\" data-end=\"511\">Produce 2-4 vampate stabili<\/li>\n<li data-section-id=\"1tczi3g\" data-start=\"512\" data-end=\"553\">Ceppo affidabile e adatto ai principianti<\/li>\n<\/ul>","protected":false},"featured_media":3178,"comment_status":"open","ping_status":"closed","template":"","meta":[],"product_brand":[32],"product_cat":[58],"product_tag":[],"class_list":{"0":"post-3172","1":"product","2":"type-product","3":"status-publish","4":"has-post-thumbnail","6":"product_brand-mondo","7":"product_cat-magic-mushroom-grow-bags","9":"first","10":"instock","11":"taxable","12":"shipping-taxable","13":"purchasable","14":"product-type-simple"},"jetpack_sharing_enabled":true,"_links":{"self":[{"href":"https:\/\/www.mondogrowkits.com\/it\/wp-json\/wp\/v2\/product\/3172","targetHints":{"allow":["GET"]}}],"collection":[{"href":"https:\/\/www.mondogrowkits.com\/it\/wp-json\/wp\/v2\/product"}],"about":[{"href":"https:\/\/www.mondogrowkits.com\/it\/wp-json\/wp\/v2\/types\/product"}],"replies":[{"embeddable":true,"href":"https:\/\/www.mondogrowkits.com\/it\/wp-json\/wp\/v2\/comments?post=3172"}],"wp:featuredmedia":[{"embeddable":true,"href":"https:\/\/www.mondogrowkits.com\/it\/wp-json\/wp\/v2\/media\/3178"}],"wp:attachment":[{"href":"https:\/\/www.mondogrowkits.com\/it\/wp-json\/wp\/v2\/media?parent=3172"}],"wp:term":[{"taxonomy":"product_brand","embeddable":true,"href":"https:\/\/www.mondogrowkits.com\/it\/wp-json\/wp\/v2\/product_brand?post=3172"},{"taxonomy":"product_cat","embeddable":true,"href":"https:\/\/www.mondogrowkits.com\/it\/wp-json\/wp\/v2\/product_cat?post=3172"},{"taxonomy":"product_tag","embeddable":true,"href":"https:\/\/www.mondogrowkits.com\/it\/wp-json\/wp\/v2\/product_tag?post=3172"}],"curies":[{"name":"wp","href":"https:\/\/api.w.org\/{rel}","templated":true}]}}