{"id":3181,"date":"2026-02-03T15:00:53","date_gmt":"2026-02-03T14:00:53","guid":{"rendered":"https:\/\/www.mondogrowkits.com\/?post_type=product&#038;p=3181"},"modified":"2026-04-08T12:41:47","modified_gmt":"2026-04-08T11:41:47","slug":"borsa-per-la-coltivazione-di-funghi-magici-thai","status":"publish","type":"product","link":"https:\/\/www.mondogrowkits.com\/it\/thai-magic-mushroom-growbag\/","title":{"rendered":"Thai - Borsa per la coltivazione di funghi magici"},"content":{"rendered":"<h2 data-section-id=\"aq3dlv\" data-start=\"632\" data-end=\"704\">Thai - Borsa per la coltivazione di funghi magici | Veloce, efficiente e adatta ai principianti<\/h2><p data-start=\"706\" data-end=\"1040\">Il sacchetto per la coltivazione dei funghi Thai Magic Mushroom \u00e8 un sistema di coltivazione preparato professionalmente che contiene funghi completamente colonizzati. <a href=\"https:\/\/www.mondogrowkits.com\/it\/cose-la-psilocibina\/\">psilocybe cubensis<\/a> substrato. L'intero processo di inoculazione e incubazione \u00e8 gi\u00e0 stato completato in condizioni controllate, consentendo alla busta di coltivazione di iniziare a fruttificare immediatamente una volta collocata nel giusto ambiente interno.<\/p><p data-start=\"1042\" data-end=\"1192\">Thai <a href=\"https:\/\/www.mondogrowkits.com\/it\/libreria-varieta-funghi-magici\/\">ceppi<\/a> sono noti per la loro <strong data-start=\"1075\" data-end=\"1125\">velocit\u00e0 di colonizzazione e breve ciclo di crescita<\/strong>, rendendoli uno dei ceppi cubensis pi\u00f9 efficienti disponibili.<\/p><hr data-start=\"1194\" data-end=\"1197\" \/><h3 data-section-id=\"fz2t74\" data-start=\"1199\" data-end=\"1253\">Difficolt\u00e0 di coltivazione: Facile - Risultati rapidi a basso rischio<\/h3><p data-start=\"1255\" data-end=\"1414\">Thai \u00e8 considerato un ceppo facile grazie alla sua crescita rapida e aggressiva. Colonizza rapidamente e passa pi\u00f9 velocemente alla fruttificazione rispetto ai ceppi pi\u00f9 lenti.<\/p><p data-start=\"1416\" data-end=\"1529\">Rispetto a <a href=\"https:\/\/www.mondogrowkits.com\/it\/libreria-varieta-funghi-magici\/golden-teacher-psilocybe-cubensis-varieta\/\">Golden Teacher<\/a>, L'Thai cresce pi\u00f9 velocemente, ma pu\u00f2 essere leggermente meno indulgente se le condizioni sono molto variabili.<\/p><p data-start=\"1531\" data-end=\"1541\">Ideale per:<\/p><ul data-start=\"1542\" data-end=\"1658\">\n<li data-section-id=\"5bw0sm\" data-start=\"1542\" data-end=\"1578\">Principianti che vogliono risultati rapidi<\/li>\n<li data-section-id=\"13ixs5y\" data-start=\"1579\" data-end=\"1612\">Coltivatori con poca pazienza<\/li>\n<li data-section-id=\"p9m45r\" data-start=\"1613\" data-end=\"1658\">Chiunque desideri un ciclo di raccolta pi\u00f9 rapido<\/li>\n<\/ul><hr data-start=\"1660\" data-end=\"1663\" \/><h3 data-section-id=\"bdei9\" data-start=\"1665\" data-end=\"1714\">Caratteristiche di crescita - Velocit\u00e0 ed efficienza<\/h3><p data-start=\"1716\" data-end=\"1769\">L'Thai si distingue per la sua <strong data-start=\"1747\" data-end=\"1768\">sviluppo rapido<\/strong>:<\/p><ul data-start=\"1771\" data-end=\"1951\">\n<li data-section-id=\"193fyek\" data-start=\"1771\" data-end=\"1826\">Colonizzazione rapida rispetto alla maggior parte dei ceppi cubensis<\/li>\n<li data-section-id=\"yl2ni8\" data-start=\"1827\" data-end=\"1859\">Intervallo di tempo pi\u00f9 breve tra gli sciacqui<\/li>\n<li data-section-id=\"1v773d9\" data-start=\"1860\" data-end=\"1902\">Modelli di crescita coerenti e uniformi<\/li>\n<li data-section-id=\"odlsox\" data-start=\"1903\" data-end=\"1951\">Funghi di medie dimensioni con formazione costante<\/li>\n<\/ul><p data-start=\"1953\" data-end=\"2008\">\u00c8 una delle scelte migliori se la velocit\u00e0 \u00e8 una priorit\u00e0.<\/p><hr data-start=\"2010\" data-end=\"2013\" \/><h3 data-section-id=\"1gh4hhb\" data-start=\"2015\" data-end=\"2062\">Prestazioni di resa rispetto ad altre variet\u00e0<\/h3><p data-start=\"2064\" data-end=\"2150\">L'Thai fornisce tipicamente <strong data-start=\"2088\" data-end=\"2115\">rendimenti da moderati a elevati<\/strong> con cicli di lavaggio relativamente veloci.<\/p><p data-start=\"2152\" data-end=\"2178\">Rispetto ad altri ceppi:<\/p><ul data-start=\"2179\" data-end=\"2325\">\n<li data-section-id=\"17z5990\" data-start=\"2179\" data-end=\"2223\">Pi\u00f9 veloce di Golden Teacher e Mazatapec<\/li>\n<li data-section-id=\"1q2bt61\" data-start=\"2224\" data-end=\"2278\">Pi\u00f9 efficiente rispetto ai ceppi pi\u00f9 lenti come l'Penis Envy<\/li>\n<li data-section-id=\"la150g\" data-start=\"2279\" data-end=\"2325\">Sciacqui leggermente meno densi rispetto all'McKennaii<\/li>\n<\/ul><p data-start=\"2327\" data-end=\"2407\">Questo lo rende ideale per i coltivatori che desiderano un equilibrio tra velocit\u00e0 e produzione.<\/p><hr data-start=\"2409\" data-end=\"2412\" \/><h3 data-section-id=\"gpihsu\" data-start=\"2414\" data-end=\"2467\">Substrato completamente colonizzato - non \u00e8 necessaria alcuna preparazione<\/h3><p data-start=\"2469\" data-end=\"2595\">Ogni sacchetto per la coltivazione contiene sostanze nutritive <a href=\"https:\/\/www.mondogrowkits.com\/it\/substrato-sterilizzato\/\">substrato<\/a> che \u00e8 gi\u00e0 stato completamente colonizzato con micelio sano di psilocybe cubensis.<\/p><p data-start=\"2597\" data-end=\"2608\">Questo significa che:<\/p><ul data-start=\"2609\" data-end=\"2695\">\n<li data-section-id=\"1bwq18v\" data-start=\"2609\" data-end=\"2636\">Non \u00e8 necessario l'inoculo<\/li>\n<li data-section-id=\"1nbh3a1\" data-start=\"2637\" data-end=\"2664\">Non \u00e8 necessaria la sterilizzazione<\/li>\n<li data-section-id=\"1i25w4v\" data-start=\"2665\" data-end=\"2695\">Riduzione del rischio di contaminazione<\/li>\n<\/ul><p data-start=\"2697\" data-end=\"2731\">Potete iniziare a crescere immediatamente.<\/p><hr data-start=\"2733\" data-end=\"2736\" \/><h3 data-section-id=\"wkb9bl\" data-start=\"2738\" data-end=\"2774\">Ciclo di crescita previsto e arrossamenti<\/h3><p data-start=\"2776\" data-end=\"2889\">In condizioni interne stabili (20-24\u00b0C), l'Thai <a href=\"https:\/\/www.mondogrowkits.com\/it\/sacchetti-coltivazione-magic-mushrooms\/\">Borsa per la coltivazione dei funghi magici<\/a> produce tipicamente <strong data-start=\"2870\" data-end=\"2888\">Da 2 a 4 sciacqui<\/strong>.<\/p><p data-start=\"2891\" data-end=\"2914\">I risultati migliori dipendono da:<\/p><ul data-start=\"2915\" data-end=\"3008\">\n<li data-section-id=\"sazju1\" data-start=\"2915\" data-end=\"2937\">Temperatura stabile<\/li>\n<li data-section-id=\"1jekqqj\" data-start=\"2938\" data-end=\"2957\">Umidit\u00e0 adeguata<\/li>\n<li data-section-id=\"1m6hfm\" data-start=\"2958\" data-end=\"2976\">Manipolazione pulita<\/li>\n<li data-section-id=\"zjyyil\" data-start=\"2977\" data-end=\"3008\">Reidratazione tra un lavaggio e l'altro<\/li>\n<\/ul><p data-start=\"3010\" data-end=\"3093\">A causa della sua rapida crescita, le vampate possono comparire prima rispetto alla maggior parte delle altre variet\u00e0.<\/p><hr data-start=\"3095\" data-end=\"3098\" \/><h3 data-section-id=\"tnncna\" data-start=\"3100\" data-end=\"3133\">Perch\u00e9 scegliere il sacco di coltivazione Thai?<\/h3><p data-start=\"3135\" data-end=\"3181\">Substrato di psilocybe cubensis completamente colonizzato<\/p><p data-start=\"3183\" data-end=\"3211\">Subito pronto per la frutta<\/p><p data-start=\"3213\" data-end=\"3248\">Ceppo a crescita rapida ed efficiente<\/p><p data-start=\"3250\" data-end=\"3288\">Facile da usare per i principianti e con risultati rapidi<\/p><p data-start=\"3290\" data-end=\"3324\">Prestazioni affidabili in caso di risciacquo multiplo<\/p><p data-start=\"3326\" data-end=\"3364\">Rischio ridotto grazie alla rapida colonizzazione<\/p><hr data-start=\"3366\" data-end=\"3369\" \/><p data-start=\"3371\" data-end=\"3559\" data-is-last-node=\"\" data-is-only-node=\"\">Il sacchetto per la coltivazione dei funghi Thai Magic Mushroom \u00e8 perfetto per i coltivatori che desiderano una <strong data-start=\"3438\" data-end=\"3494\">esperienza di coltivazione veloce, efficiente e affidabile<\/strong>, e questo la rende una delle migliori opzioni per ottenere risultati in tempi brevi.<\/p>","protected":false},"excerpt":{"rendered":"<p data-start=\"130\" data-end=\"391\">Il Magic Mushroom Grow Bag Thai \u00e8 un sistema completamente colonizzato e pronto a fruttificare contenente micelio di psilocybe cubensis. Nota per la sua rapida colonizzazione e l'efficiente ciclo di crescita, questa variet\u00e0 \u00e8 ideale per i coltivatori che desiderano risultati pi\u00f9 rapidi e prestazioni affidabili.<\/p>\n<ul data-start=\"393\" data-end=\"602\">\n<li data-section-id=\"aeimkw\" data-start=\"393\" data-end=\"422\">Substrato completamente colonizzato<\/li>\n<li data-section-id=\"1s6w1hc\" data-start=\"423\" data-end=\"453\">Subito pronto per la frutta<\/li>\n<li data-section-id=\"1k77gu8\" data-start=\"454\" data-end=\"500\">Non \u00e8 necessaria la siringa per le spore o la sterilizzazione<\/li>\n<li data-section-id=\"z3h33m\" data-start=\"501\" data-end=\"556\">Produce 2-4 vampate in condizioni interne stabili<\/li>\n<li data-section-id=\"10os6dg\" data-start=\"557\" data-end=\"602\">Variet\u00e0 a crescita rapida e adatta ai principianti<\/li>\n<\/ul>","protected":false},"featured_media":3185,"comment_status":"open","ping_status":"closed","template":"","meta":[],"product_brand":[32],"product_cat":[58],"product_tag":[],"class_list":{"0":"post-3181","1":"product","2":"type-product","3":"status-publish","4":"has-post-thumbnail","6":"product_brand-mondo","7":"product_cat-magic-mushroom-grow-bags","9":"first","10":"instock","11":"taxable","12":"shipping-taxable","13":"purchasable","14":"product-type-simple"},"jetpack_sharing_enabled":true,"_links":{"self":[{"href":"https:\/\/www.mondogrowkits.com\/it\/wp-json\/wp\/v2\/product\/3181","targetHints":{"allow":["GET"]}}],"collection":[{"href":"https:\/\/www.mondogrowkits.com\/it\/wp-json\/wp\/v2\/product"}],"about":[{"href":"https:\/\/www.mondogrowkits.com\/it\/wp-json\/wp\/v2\/types\/product"}],"replies":[{"embeddable":true,"href":"https:\/\/www.mondogrowkits.com\/it\/wp-json\/wp\/v2\/comments?post=3181"}],"wp:featuredmedia":[{"embeddable":true,"href":"https:\/\/www.mondogrowkits.com\/it\/wp-json\/wp\/v2\/media\/3185"}],"wp:attachment":[{"href":"https:\/\/www.mondogrowkits.com\/it\/wp-json\/wp\/v2\/media?parent=3181"}],"wp:term":[{"taxonomy":"product_brand","embeddable":true,"href":"https:\/\/www.mondogrowkits.com\/it\/wp-json\/wp\/v2\/product_brand?post=3181"},{"taxonomy":"product_cat","embeddable":true,"href":"https:\/\/www.mondogrowkits.com\/it\/wp-json\/wp\/v2\/product_cat?post=3181"},{"taxonomy":"product_tag","embeddable":true,"href":"https:\/\/www.mondogrowkits.com\/it\/wp-json\/wp\/v2\/product_tag?post=3181"}],"curies":[{"name":"wp","href":"https:\/\/api.w.org\/{rel}","templated":true}]}}