{"id":3190,"date":"2026-02-03T15:00:56","date_gmt":"2026-02-03T14:00:56","guid":{"rendered":"https:\/\/www.mondogrowkits.com\/?post_type=product&#038;p=3190"},"modified":"2026-04-08T12:41:46","modified_gmt":"2026-04-08T11:41:46","slug":"fungo-magico-jedi-mind-fuck","status":"publish","type":"product","link":"https:\/\/www.mondogrowkits.com\/it\/jedi-mind-fuck-magic-mushroom-growbag\/","title":{"rendered":"Jedi Mind Fuck - Borsa magica per la coltivazione dei funghi"},"content":{"rendered":"<h2 data-section-id=\"136nthc\" data-start=\"611\" data-end=\"689\">Jedi Mind Fuck - Sacchetto per la coltivazione di funghi magici - Crescita aggressiva e frutti di grandi dimensioni<\/h2><p data-start=\"691\" data-end=\"1004\">Il sacchetto per la coltivazione dei funghi Jedi Mind Fuck Magic \u00e8 un sistema di coltivazione preparato professionalmente che contiene funghi completamente colonizzati. <a href=\"https:\/\/www.mondogrowkits.com\/it\/cose-la-psilocibina\/\">psilocybe cubensis<\/a> substrato. L'intero processo di inoculazione e incubazione \u00e8 stato completato in condizioni controllate, consentendo la fruttificazione immediata una volta collocata in un ambiente interno stabile.<\/p><p data-start=\"1006\" data-end=\"1190\">Jedi Mind Fuck (JMF) \u00e8 conosciuto per la sua <strong data-start=\"1044\" data-end=\"1126\">colonizzazione aggressiva, corpi fruttiferi di grandi dimensioni e ottime prestazioni complessive.<\/strong>, e questo la rende una scelta popolare per i coltivatori che puntano a una produzione elevata.<\/p><hr data-start=\"1192\" data-end=\"1195\" \/><h2 data-section-id=\"plbbvn\" data-start=\"1197\" data-end=\"1261\">Difficolt\u00e0 di crescita: Avanzato - Le alte prestazioni richiedono controllo<\/h2><p data-start=\"1263\" data-end=\"1394\">Jedi Mind Fuck \u00e8 considerato un <a href=\"https:\/\/www.mondogrowkits.com\/it\/mondo-growkit-migliori-ceppi-principianti-avanzati\/\">avanzato<\/a> per la sua crescita aggressiva e la sensibilit\u00e0 alle condizioni ambientali.<\/p><p data-start=\"1396\" data-end=\"1549\">Rispetto a <a href=\"https:\/\/www.mondogrowkits.com\/it\/libreria-varieta-funghi-magici\/golden-teacher-psilocybe-cubensis-varieta\/\">Golden Teacher<\/a>, La JMF cresce pi\u00f9 velocemente e produce frutti pi\u00f9 grandi, ma richiede un'umidit\u00e0 e un flusso d'aria pi\u00f9 stabili per evitare uno sviluppo incoerente.<\/p><p data-start=\"1551\" data-end=\"1561\">Ideale per:<\/p><ul data-start=\"1562\" data-end=\"1670\">\n<li data-section-id=\"ddumnv\" data-start=\"1562\" data-end=\"1585\">Coltivatori esperti<\/li>\n<li data-section-id=\"m99a1y\" data-start=\"1586\" data-end=\"1622\">Utenti che puntano a funghi di grandi dimensioni<\/li>\n<li data-section-id=\"6nnbpi\" data-start=\"1623\" data-end=\"1670\">Coltivatori in grado di mantenere condizioni ottimali<\/li>\n<\/ul><hr data-start=\"1672\" data-end=\"1675\" \/><h2 data-section-id=\"2rq8u6\" data-start=\"1677\" data-end=\"1727\">Caratteristiche di crescita - Veloce, grande e potente<\/h2><p data-start=\"1729\" data-end=\"1805\">L'Jedi Mind Fuck si distingue per la sua <strong data-start=\"1766\" data-end=\"1804\">comportamento di crescita forte e dinamico<\/strong>:<\/p><ul data-start=\"1807\" data-end=\"1970\">\n<li data-section-id=\"1hn88tc\" data-start=\"1807\" data-end=\"1843\">Colonizzazione rapida e aggressiva<\/li>\n<li data-section-id=\"g679fy\" data-start=\"1844\" data-end=\"1876\">Corpi fruttiferi grandi e spessi<\/li>\n<li data-section-id=\"8gz422\" data-start=\"1877\" data-end=\"1928\">Forte e rapido appuntamento in condizioni ideali<\/li>\n<li data-section-id=\"1u6cent\" data-start=\"1929\" data-end=\"1970\">Flussi densi ad alto impatto visivo<\/li>\n<\/ul><p data-start=\"1972\" data-end=\"2058\">\u00c8 pi\u00f9 aggressiva della Thai e produce frutti pi\u00f9 grandi rispetto alla maggior parte dei principianti. <a href=\"https:\/\/www.mondogrowkits.com\/it\/libreria-varieta-funghi-magici\/\">ceppi<\/a>.<\/p><hr data-start=\"2060\" data-end=\"2063\" \/><h2 data-section-id=\"1x9uz5o\" data-start=\"2065\" data-end=\"2111\">Prestazioni di resa rispetto ad altre variet\u00e0<\/h2><p data-start=\"2113\" data-end=\"2175\">Jedi Mind Fuck consegna <strong data-start=\"2137\" data-end=\"2174\">rese elevate con frutti di grandi dimensioni<\/strong>.<\/p><p data-start=\"2177\" data-end=\"2203\">Rispetto ad altri ceppi:<\/p><ul data-start=\"2204\" data-end=\"2383\">\n<li data-section-id=\"1jnstks\" data-start=\"2204\" data-end=\"2244\">Funghi pi\u00f9 grandi dell'Golden Teacher<\/li>\n<li data-section-id=\"y1u6wm\" data-start=\"2245\" data-end=\"2279\">Pi\u00f9 aggressivo dell'Mazatapec<\/li>\n<li data-section-id=\"1glza3v\" data-start=\"2280\" data-end=\"2338\">Prestazioni paragonabili a quelle dell'McKennaii, ma meno tolleranti<\/li>\n<li data-section-id=\"16y5r5y\" data-start=\"2339\" data-end=\"2383\">Produzione pi\u00f9 elevata rispetto alla maggior parte dei ceppi per principianti<\/li>\n<\/ul><p data-start=\"2385\" data-end=\"2448\">Questo lo rende ideale per i coltivatori che puntano al massimo rendimento.<\/p><hr data-start=\"2450\" data-end=\"2453\" \/><h2 data-section-id=\"1mjkycd\" data-start=\"2455\" data-end=\"2507\">Substrato completamente colonizzato - non \u00e8 necessaria alcuna preparazione<\/h2><p data-start=\"2509\" data-end=\"2635\">Ogni sacchetto per la coltivazione contiene sostanze nutritive <a href=\"https:\/\/www.mondogrowkits.com\/it\/substrato-sterilizzato\/\">substrato<\/a> che \u00e8 gi\u00e0 stato completamente colonizzato con micelio sano di psilocybe cubensis.<\/p><p data-start=\"2637\" data-end=\"2648\">Questo significa che:<\/p><ul data-start=\"2649\" data-end=\"2735\">\n<li data-section-id=\"1bwq18v\" data-start=\"2649\" data-end=\"2676\">Non \u00e8 necessario l'inoculo<\/li>\n<li data-section-id=\"1nbh3a1\" data-start=\"2677\" data-end=\"2704\">Non \u00e8 necessaria la sterilizzazione<\/li>\n<li data-section-id=\"1i25w4v\" data-start=\"2705\" data-end=\"2735\">Riduzione del rischio di contaminazione<\/li>\n<\/ul><p data-start=\"2737\" data-end=\"2772\">La fruttificazione pu\u00f2 iniziare immediatamente.<\/p><hr data-start=\"2774\" data-end=\"2777\" \/><h2 data-section-id=\"eks98y\" data-start=\"2779\" data-end=\"2814\">Ciclo di crescita previsto e arrossamenti<\/h2><p data-start=\"2816\" data-end=\"2939\">In condizioni interne stabili (20-24\u00b0C), l'Jedi Mind Fuck <a href=\"https:\/\/www.mondogrowkits.com\/it\/sacchetti-coltivazione-magic-mushrooms\/\">Borsa per la coltivazione dei funghi magici<\/a> produce tipicamente <strong data-start=\"2920\" data-end=\"2938\">Da 2 a 4 sciacqui<\/strong>.<\/p><p data-start=\"2941\" data-end=\"2964\">I risultati migliori dipendono da:<\/p><ul data-start=\"2965\" data-end=\"3058\">\n<li data-section-id=\"sazju1\" data-start=\"2965\" data-end=\"2987\">Temperatura stabile<\/li>\n<li data-section-id=\"1jekqqj\" data-start=\"2988\" data-end=\"3007\">Umidit\u00e0 adeguata<\/li>\n<li data-section-id=\"1m6hfm\" data-start=\"3008\" data-end=\"3026\">Manipolazione pulita<\/li>\n<li data-section-id=\"zjyyil\" data-start=\"3027\" data-end=\"3058\">Reidratazione tra un lavaggio e l'altro<\/li>\n<\/ul><p data-start=\"3060\" data-end=\"3149\">Grazie alla sua crescita aggressiva, quando le condizioni sono ottimali, i fiori possono essere grandi e densi.<\/p><hr data-start=\"3151\" data-end=\"3154\" \/><h2 data-section-id=\"116344m\" data-start=\"3156\" data-end=\"3198\">Perch\u00e9 scegliere la borsa di coltivazione Jedi Mind Fuck?<\/h2><p data-start=\"3200\" data-end=\"3246\">Substrato di psilocybe cubensis completamente colonizzato<\/p><p data-start=\"3248\" data-end=\"3276\">Subito pronto per la frutta<\/p><p data-start=\"3278\" data-end=\"3314\">Ceppo aggressivo e a crescita rapida<\/p><p data-start=\"3316\" data-end=\"3349\">Corpi fruttiferi grandi e densi<\/p><p data-start=\"3351\" data-end=\"3373\">Alto potenziale di rendimento<\/p><p data-start=\"3375\" data-end=\"3406\">Ideale per i coltivatori esperti<\/p><hr data-start=\"3408\" data-end=\"3411\" \/><p data-start=\"3413\" data-end=\"3621\" data-is-last-node=\"\" data-is-only-node=\"\">Il sacchetto per la coltivazione dei funghi Jedi Mind Fuck Magic Mushroom \u00e8 perfetto per i coltivatori che desiderano una <strong data-start=\"3490\" data-end=\"3562\">esperienza di coltivazione potente, ad alta resa e di grande impatto visivo<\/strong>, che richiedono un maggiore controllo, ma che offrono prestazioni elevate.<\/p>","protected":false},"excerpt":{"rendered":"<p data-start=\"127\" data-end=\"391\">Il Magic Mushroom Grow Bag Jedi Mind Fuck \u00e8 un sistema completamente colonizzato e pronto a fruttificare contenente micelio di psilocybe cubensis. Nota per la sua crescita aggressiva e i grandi corpi fruttiferi, questa variet\u00e0 \u00e8 ideale per i coltivatori che cercano prestazioni potenti e rese elevate.<\/p>\n<ul data-start=\"393\" data-end=\"604\">\n<li data-section-id=\"aeimkw\" data-start=\"393\" data-end=\"422\">Substrato completamente colonizzato<\/li>\n<li data-section-id=\"1s6w1hc\" data-start=\"423\" data-end=\"453\">Subito pronto per la frutta<\/li>\n<li data-section-id=\"1k77gu8\" data-start=\"454\" data-end=\"500\">Non \u00e8 necessaria la siringa per le spore o la sterilizzazione<\/li>\n<li data-section-id=\"1whxl2h\" data-start=\"501\" data-end=\"541\">Produce 2-4 getti grandi e densi<\/li>\n<li data-section-id=\"rluoby\" data-start=\"542\" data-end=\"604\">Ceppo ad alte prestazioni con forti caratteristiche di crescita<\/li>\n<\/ul>","protected":false},"featured_media":3197,"comment_status":"open","ping_status":"closed","template":"","meta":[],"product_brand":[32],"product_cat":[58],"product_tag":[],"class_list":{"0":"post-3190","1":"product","2":"type-product","3":"status-publish","4":"has-post-thumbnail","6":"product_brand-mondo","7":"product_cat-magic-mushroom-grow-bags","9":"first","10":"instock","11":"taxable","12":"shipping-taxable","13":"purchasable","14":"product-type-simple"},"jetpack_sharing_enabled":true,"_links":{"self":[{"href":"https:\/\/www.mondogrowkits.com\/it\/wp-json\/wp\/v2\/product\/3190","targetHints":{"allow":["GET"]}}],"collection":[{"href":"https:\/\/www.mondogrowkits.com\/it\/wp-json\/wp\/v2\/product"}],"about":[{"href":"https:\/\/www.mondogrowkits.com\/it\/wp-json\/wp\/v2\/types\/product"}],"replies":[{"embeddable":true,"href":"https:\/\/www.mondogrowkits.com\/it\/wp-json\/wp\/v2\/comments?post=3190"}],"wp:featuredmedia":[{"embeddable":true,"href":"https:\/\/www.mondogrowkits.com\/it\/wp-json\/wp\/v2\/media\/3197"}],"wp:attachment":[{"href":"https:\/\/www.mondogrowkits.com\/it\/wp-json\/wp\/v2\/media?parent=3190"}],"wp:term":[{"taxonomy":"product_brand","embeddable":true,"href":"https:\/\/www.mondogrowkits.com\/it\/wp-json\/wp\/v2\/product_brand?post=3190"},{"taxonomy":"product_cat","embeddable":true,"href":"https:\/\/www.mondogrowkits.com\/it\/wp-json\/wp\/v2\/product_cat?post=3190"},{"taxonomy":"product_tag","embeddable":true,"href":"https:\/\/www.mondogrowkits.com\/it\/wp-json\/wp\/v2\/product_tag?post=3190"}],"curies":[{"name":"wp","href":"https:\/\/api.w.org\/{rel}","templated":true}]}}