{"id":3193,"date":"2026-02-03T15:00:51","date_gmt":"2026-02-03T14:00:51","guid":{"rendered":"https:\/\/www.mondogrowkits.com\/?post_type=product&#038;p=3193"},"modified":"2026-04-08T12:41:47","modified_gmt":"2026-04-08T11:41:47","slug":"magnolia-blu-magic-mushroom-growbag-3","status":"publish","type":"product","link":"https:\/\/www.mondogrowkits.com\/it\/blue-magnolia-magic-mushroom-growbag-3\/","title":{"rendered":"Blue Magnolia - Borsa per la coltivazione di funghi magici"},"content":{"rendered":"<h2 data-section-id=\"ircyh8\" data-start=\"629\" data-end=\"707\">Blue Magnolia - Sacchetto per la coltivazione di funghi magici - Crescita equilibrata e forte genetica<\/h2><p data-start=\"709\" data-end=\"1014\">Il sacchetto per la coltivazione dei funghi Blue Magnolia Magic \u00e8 un sistema di coltivazione preparato professionalmente che contiene funghi completamente colonizzati. <a href=\"https:\/\/www.mondogrowkits.com\/it\/cose-la-psilocibina\/\">psilocybe cubensis<\/a> substrato. Il processo di inoculazione e incubazione \u00e8 stato completato in condizioni controllate, consentendo la fruttificazione immediata una volta collocata in un ambiente interno stabile.<\/p><p data-start=\"1016\" data-end=\"1208\">Blue Magnolia \u00e8 noto per la sua <strong data-start=\"1047\" data-end=\"1104\">comportamento di crescita equilibrato e forte stabilit\u00e0 genetica<\/strong>, che offre una combinazione di prestazioni affidabili e di un livello di prestazioni leggermente superiore. <a href=\"https:\/\/www.mondogrowkits.com\/it\/mondo-growkit-migliori-ceppi-principianti-avanzati\/\">avanzato<\/a> caratteristiche colturali.<\/p><hr data-start=\"1210\" data-end=\"1213\" \/><h2 data-section-id=\"13zb6pj\" data-start=\"1215\" data-end=\"1280\">Difficolt\u00e0 di crescita: Moderato - Stabile ma leggermente pi\u00f9 impegnativo<\/h2><p data-start=\"1282\" data-end=\"1411\">Blue Magnolia \u00e8 considerato un ceppo moderato. Cresce in modo affidabile, ma d\u00e0 il meglio quando le condizioni ambientali sono mantenute stabili.<\/p><p data-start=\"1413\" data-end=\"1532\">Rispetto all'Golden Teacher, \u00e8 leggermente pi\u00f9 sensibile, ma pi\u00f9 prevedibile rispetto all'aggressivo <a href=\"https:\/\/www.mondogrowkits.com\/it\/libreria-varieta-funghi-magici\/\">ceppi<\/a> come Amazonian.<\/p><p data-start=\"1534\" data-end=\"1544\">Ideale per:<\/p><ul data-start=\"1545\" data-end=\"1655\">\n<li data-section-id=\"1jxn174\" data-start=\"1545\" data-end=\"1569\">Coltivatori intermedi<\/li>\n<li data-section-id=\"unyfs8\" data-start=\"1570\" data-end=\"1601\">Principianti pronti a progredire<\/li>\n<li data-section-id=\"1fu1cfh\" data-start=\"1602\" data-end=\"1655\">Utenti alla ricerca di prestazioni costanti ma pi\u00f9 incisive<\/li>\n<\/ul><hr data-start=\"1657\" data-end=\"1660\" \/><h2 data-section-id=\"13supje\" data-start=\"1662\" data-end=\"1713\">Caratteristiche di crescita - Equilibrata e controllata<\/h2><p data-start=\"1715\" data-end=\"1779\">Blue Magnolia offre un <strong data-start=\"1738\" data-end=\"1778\">modello di crescita stabile e strutturato<\/strong>:<\/p><ul data-start=\"1781\" data-end=\"1925\">\n<li data-section-id=\"mmjidd\" data-start=\"1781\" data-end=\"1812\">Velocit\u00e0 di colonizzazione moderata<\/li>\n<li data-section-id=\"ca2pgi\" data-start=\"1813\" data-end=\"1844\">Appuntatura coerente e uniforme<\/li>\n<li data-section-id=\"1hm89wb\" data-start=\"1845\" data-end=\"1874\">Sviluppo uniforme del filo<\/li>\n<li data-section-id=\"ysnlee\" data-start=\"1875\" data-end=\"1925\">Funghi medio-grandi con struttura solida<\/li>\n<\/ul><p data-start=\"1927\" data-end=\"2014\">\u00c8 meno aggressivo di <a href=\"https:\/\/www.mondogrowkits.com\/it\/libreria-varieta-funghi-magici\/mckennaii-psilocybe-cubensis-varieta\/\">McKennaii<\/a> ma pi\u00f9 strutturato rispetto a ceppi pi\u00f9 veloci come Thai.<\/p><hr data-start=\"2016\" data-end=\"2019\" \/><h2 data-section-id=\"1x9uz5o\" data-start=\"2021\" data-end=\"2067\">Prestazioni di resa rispetto ad altre variet\u00e0<\/h2><p data-start=\"2069\" data-end=\"2142\">Blue Magnolia consegna <strong data-start=\"2092\" data-end=\"2141\">rese da moderate a elevate con buona consistenza<\/strong>.<\/p><p data-start=\"2144\" data-end=\"2170\">Rispetto ad altri ceppi:<\/p><ul data-start=\"2171\" data-end=\"2317\">\n<li data-section-id=\"6az3yr\" data-start=\"2171\" data-end=\"2201\">Pi\u00f9 stabile dell'Amazonian<\/li>\n<li data-section-id=\"1ss05bn\" data-start=\"2202\" data-end=\"2245\">Leggermente pi\u00f9 produttivo dell'Mazatapec<\/li>\n<li data-section-id=\"1rqa6nz\" data-start=\"2246\" data-end=\"2280\">Meno aggressivo dell'McKennaii<\/li>\n<li data-section-id=\"blvd3u\" data-start=\"2281\" data-end=\"2317\">Crescita pi\u00f9 strutturata rispetto all'Thai<\/li>\n<\/ul><p data-start=\"2319\" data-end=\"2400\">Questo lo rende ideale per i coltivatori che desiderano un equilibrio tra prestazioni e controllo.<\/p><hr data-start=\"2402\" data-end=\"2405\" \/><h2 data-section-id=\"1mjkycd\" data-start=\"2407\" data-end=\"2459\">Substrato completamente colonizzato - non \u00e8 necessaria alcuna preparazione<\/h2><p data-start=\"2461\" data-end=\"2587\">Ogni sacchetto per la coltivazione contiene sostanze nutritive <a href=\"https:\/\/www.mondogrowkits.com\/it\/substrato-sterilizzato\/\">substrato<\/a> che \u00e8 gi\u00e0 stato completamente colonizzato con micelio sano di psilocybe cubensis.<\/p><p data-start=\"2589\" data-end=\"2600\">Questo significa che:<\/p><ul data-start=\"2601\" data-end=\"2687\">\n<li data-section-id=\"1bwq18v\" data-start=\"2601\" data-end=\"2628\">Non \u00e8 necessario l'inoculo<\/li>\n<li data-section-id=\"1nbh3a1\" data-start=\"2629\" data-end=\"2656\">Non \u00e8 necessaria la sterilizzazione<\/li>\n<li data-section-id=\"1i25w4v\" data-start=\"2657\" data-end=\"2687\">Riduzione del rischio di contaminazione<\/li>\n<\/ul><p data-start=\"2689\" data-end=\"2724\">La fruttificazione pu\u00f2 iniziare immediatamente.<\/p><hr data-start=\"2726\" data-end=\"2729\" \/><h2 data-section-id=\"eks98y\" data-start=\"2731\" data-end=\"2766\">Ciclo di crescita previsto e arrossamenti<\/h2><p data-start=\"2768\" data-end=\"2890\">In condizioni interne stabili (20-24\u00b0C), l'Blue Magnolia <a href=\"https:\/\/www.mondogrowkits.com\/it\/sacchetti-coltivazione-magic-mushrooms\/\">Borsa per la coltivazione dei funghi magici<\/a> produce tipicamente <strong data-start=\"2871\" data-end=\"2889\">Da 2 a 4 sciacqui<\/strong>.<\/p><p data-start=\"2892\" data-end=\"2915\">I risultati migliori dipendono da:<\/p><ul data-start=\"2916\" data-end=\"3009\">\n<li data-section-id=\"sazju1\" data-start=\"2916\" data-end=\"2938\">Temperatura stabile<\/li>\n<li data-section-id=\"1jekqqj\" data-start=\"2939\" data-end=\"2958\">Umidit\u00e0 adeguata<\/li>\n<li data-section-id=\"1m6hfm\" data-start=\"2959\" data-end=\"2977\">Manipolazione pulita<\/li>\n<li data-section-id=\"zjyyil\" data-start=\"2978\" data-end=\"3009\">Reidratazione tra un lavaggio e l'altro<\/li>\n<\/ul><p data-start=\"3011\" data-end=\"3063\">Le vampate di calore sono in genere consistenti e ben sviluppate.<\/p><hr data-start=\"3065\" data-end=\"3068\" \/><h2 data-section-id=\"k3g7s1\" data-start=\"3070\" data-end=\"3111\">Perch\u00e9 scegliere la borsa di coltivazione Blue Magnolia?<\/h2><p data-start=\"3113\" data-end=\"3159\">Substrato di psilocybe cubensis completamente colonizzato<\/p><p data-start=\"3161\" data-end=\"3189\">Subito pronto per la frutta<\/p><p data-start=\"3191\" data-end=\"3219\">Ceppo equilibrato e stabile<\/p><p data-start=\"3221\" data-end=\"3257\">Prestazioni multi-flush costanti<\/p><p data-start=\"3259\" data-end=\"3302\">Difficolt\u00e0 moderata con risultati affidabili<\/p><p data-start=\"3304\" data-end=\"3339\">Adatto a coltivatori intermedi<\/p><hr data-start=\"3341\" data-end=\"3344\" \/><p data-start=\"3346\" data-end=\"3550\" data-is-last-node=\"\" data-is-only-node=\"\">Il sacchetto per la coltivazione dei funghi Blue Magnolia Magic Mushroom \u00e8 ideale per i coltivatori che desiderano una <strong data-start=\"3420\" data-end=\"3493\">esperienza di coltivazione equilibrata, affidabile e leggermente pi\u00f9 avanzata<\/strong>, che offre prestazioni elevate senza difficolt\u00e0 estreme.<\/p>","protected":false},"excerpt":{"rendered":"<p data-start=\"126\" data-end=\"411\">Il Magic Mushroom Grow Bag Blue Magnolia \u00e8 un sistema completamente colonizzato e pronto a fruttificare contenente micelio di psilocybe cubensis. Conosciuta per la sua forte genetica e le sue prestazioni equilibrate, questa variet\u00e0 \u00e8 ideale per i coltivatori che cercano raccolti costanti con caratteristiche leggermente pi\u00f9 avanzate.<\/p>\n<ul data-start=\"413\" data-end=\"622\">\n<li data-section-id=\"aeimkw\" data-start=\"413\" data-end=\"442\">Substrato completamente colonizzato<\/li>\n<li data-section-id=\"1s6w1hc\" data-start=\"443\" data-end=\"473\">Subito pronto per la frutta<\/li>\n<li data-section-id=\"1k77gu8\" data-start=\"474\" data-end=\"520\">Non \u00e8 necessaria la siringa per le spore o la sterilizzazione<\/li>\n<li data-section-id=\"vvhw42\" data-start=\"521\" data-end=\"575\">Produce 2-4 vampate consistenti e ben sviluppate<\/li>\n<li data-section-id=\"8ywwiz\" data-start=\"576\" data-end=\"622\">Ceppo equilibrato con un solido potenziale di rendimento<\/li>\n<\/ul>","protected":false},"featured_media":3194,"comment_status":"open","ping_status":"closed","template":"","meta":[],"product_brand":[32],"product_cat":[58],"product_tag":[],"class_list":{"0":"post-3193","1":"product","2":"type-product","3":"status-publish","4":"has-post-thumbnail","6":"product_brand-mondo","7":"product_cat-magic-mushroom-grow-bags","9":"first","10":"instock","11":"taxable","12":"shipping-taxable","13":"purchasable","14":"product-type-simple"},"jetpack_sharing_enabled":true,"_links":{"self":[{"href":"https:\/\/www.mondogrowkits.com\/it\/wp-json\/wp\/v2\/product\/3193","targetHints":{"allow":["GET"]}}],"collection":[{"href":"https:\/\/www.mondogrowkits.com\/it\/wp-json\/wp\/v2\/product"}],"about":[{"href":"https:\/\/www.mondogrowkits.com\/it\/wp-json\/wp\/v2\/types\/product"}],"replies":[{"embeddable":true,"href":"https:\/\/www.mondogrowkits.com\/it\/wp-json\/wp\/v2\/comments?post=3193"}],"wp:featuredmedia":[{"embeddable":true,"href":"https:\/\/www.mondogrowkits.com\/it\/wp-json\/wp\/v2\/media\/3194"}],"wp:attachment":[{"href":"https:\/\/www.mondogrowkits.com\/it\/wp-json\/wp\/v2\/media?parent=3193"}],"wp:term":[{"taxonomy":"product_brand","embeddable":true,"href":"https:\/\/www.mondogrowkits.com\/it\/wp-json\/wp\/v2\/product_brand?post=3193"},{"taxonomy":"product_cat","embeddable":true,"href":"https:\/\/www.mondogrowkits.com\/it\/wp-json\/wp\/v2\/product_cat?post=3193"},{"taxonomy":"product_tag","embeddable":true,"href":"https:\/\/www.mondogrowkits.com\/it\/wp-json\/wp\/v2\/product_tag?post=3193"}],"curies":[{"name":"wp","href":"https:\/\/api.w.org\/{rel}","templated":true}]}}