{"id":4844,"date":"2026-03-30T15:20:18","date_gmt":"2026-03-30T14:20:18","guid":{"rendered":"https:\/\/www.mondogrowkits.com\/?post_type=product&#038;p=4844"},"modified":"2026-04-07T14:43:24","modified_gmt":"2026-04-07T13:43:24","slug":"siringa-per-coltura-liquida-di-psilocybe-cubensis-albino-averys","status":"publish","type":"product","link":"https:\/\/www.mondogrowkits.com\/it\/averys-albino-psilocybe-cubensis-liquid-culture-syringe\/","title":{"rendered":"Albino di Avery - Psilocybe Cubensis Liquid Culture Siringa"},"content":{"rendered":"","protected":false},"excerpt":{"rendered":"<p>La variet\u00e0 Avery's Albino \u00e8 una variet\u00e0 stabile riconosciuta per la forte colonizzazione e i risultati costanti. La sua genetica la rende un'opzione affidabile per la coltivazione di una bella albina.<\/p>","protected":false},"featured_media":3139,"comment_status":"open","ping_status":"closed","template":"","meta":[],"product_brand":[32],"product_cat":[68],"product_tag":[],"class_list":{"0":"post-4844","1":"product","2":"type-product","3":"status-publish","4":"has-post-thumbnail","6":"product_brand-mondo","7":"product_cat-liquid-culture-syringe","9":"first","10":"instock","11":"taxable","12":"shipping-taxable","13":"purchasable","14":"product-type-simple"},"jetpack_sharing_enabled":true,"_links":{"self":[{"href":"https:\/\/www.mondogrowkits.com\/it\/wp-json\/wp\/v2\/product\/4844","targetHints":{"allow":["GET"]}}],"collection":[{"href":"https:\/\/www.mondogrowkits.com\/it\/wp-json\/wp\/v2\/product"}],"about":[{"href":"https:\/\/www.mondogrowkits.com\/it\/wp-json\/wp\/v2\/types\/product"}],"replies":[{"embeddable":true,"href":"https:\/\/www.mondogrowkits.com\/it\/wp-json\/wp\/v2\/comments?post=4844"}],"wp:featuredmedia":[{"embeddable":true,"href":"https:\/\/www.mondogrowkits.com\/it\/wp-json\/wp\/v2\/media\/3139"}],"wp:attachment":[{"href":"https:\/\/www.mondogrowkits.com\/it\/wp-json\/wp\/v2\/media?parent=4844"}],"wp:term":[{"taxonomy":"product_brand","embeddable":true,"href":"https:\/\/www.mondogrowkits.com\/it\/wp-json\/wp\/v2\/product_brand?post=4844"},{"taxonomy":"product_cat","embeddable":true,"href":"https:\/\/www.mondogrowkits.com\/it\/wp-json\/wp\/v2\/product_cat?post=4844"},{"taxonomy":"product_tag","embeddable":true,"href":"https:\/\/www.mondogrowkits.com\/it\/wp-json\/wp\/v2\/product_tag?post=4844"}],"curies":[{"name":"wp","href":"https:\/\/api.w.org\/{rel}","templated":true}]}}