{"id":598,"date":"2025-05-06T12:58:21","date_gmt":"2025-05-06T12:58:21","guid":{"rendered":"https:\/\/staging.mondogrowkits.com\/?post_type=product&#038;p=598"},"modified":"2026-04-09T18:56:16","modified_gmt":"2026-04-09T17:56:16","slug":"tintura-di-reishi","status":"publish","type":"product","link":"https:\/\/www.mondogrowkits.com\/it\/reishi-tincture\/","title":{"rendered":"Tintura di Reishi"},"content":{"rendered":"","protected":false},"excerpt":{"rendered":"<p><span style=\"font-weight: 400;\">Siamo orgogliosi di presentare i nostri nuovi estratti!<\/span><\/p>\n<p><span style=\"font-weight: 400;\">Da un capo all'altro, prodotto ed estratto da Mondo Mycologicals nei Paesi Bassi. Estratti doppi a spettro completo.\u00a0<\/span><span style=\"font-weight: 400;\">Il fungo Reishi (<\/span><b><i>Ganoderma lucidum<\/i><\/b><span style=\"font-weight: 400;\">), soprannominato anche \"Re dei funghi\", ha un ruolo di lunga data nella storia della medicina cinese e giapponese. In cinese \u00e8 chiamato \"Lingzhi\", che si traduce in \"Fungo dell'immortalit\u00e0\".\u00a0<\/span><\/p>\n<p><span style=\"font-weight: 400;\">Il Reishi cresce nelle foreste temperate e tropicali di latifoglie in Asia ed \u00e8 eccezionalmente raro nella sua forma selvatica. \u00c8 cos\u00ec raro che si credeva che il fungo crescesse solo nella casa degli immortali, nelle \"tre navate dei beati\".\u00a0<\/span><span style=\"font-weight: 400;\">al largo delle coste cinesi.<\/span><\/p>","protected":false},"featured_media":3125,"comment_status":"open","ping_status":"closed","template":"","meta":[],"product_brand":[32],"product_cat":[22],"product_tag":[],"class_list":{"0":"post-598","1":"product","2":"type-product","3":"status-publish","4":"has-post-thumbnail","6":"product_brand-mondo","7":"product_cat-mushroom-tinctures","9":"first","10":"instock","11":"taxable","12":"shipping-taxable","13":"purchasable","14":"product-type-variable"},"jetpack_sharing_enabled":true,"_links":{"self":[{"href":"https:\/\/www.mondogrowkits.com\/it\/wp-json\/wp\/v2\/product\/598","targetHints":{"allow":["GET"]}}],"collection":[{"href":"https:\/\/www.mondogrowkits.com\/it\/wp-json\/wp\/v2\/product"}],"about":[{"href":"https:\/\/www.mondogrowkits.com\/it\/wp-json\/wp\/v2\/types\/product"}],"replies":[{"embeddable":true,"href":"https:\/\/www.mondogrowkits.com\/it\/wp-json\/wp\/v2\/comments?post=598"}],"wp:featuredmedia":[{"embeddable":true,"href":"https:\/\/www.mondogrowkits.com\/it\/wp-json\/wp\/v2\/media\/3125"}],"wp:attachment":[{"href":"https:\/\/www.mondogrowkits.com\/it\/wp-json\/wp\/v2\/media?parent=598"}],"wp:term":[{"taxonomy":"product_brand","embeddable":true,"href":"https:\/\/www.mondogrowkits.com\/it\/wp-json\/wp\/v2\/product_brand?post=598"},{"taxonomy":"product_cat","embeddable":true,"href":"https:\/\/www.mondogrowkits.com\/it\/wp-json\/wp\/v2\/product_cat?post=598"},{"taxonomy":"product_tag","embeddable":true,"href":"https:\/\/www.mondogrowkits.com\/it\/wp-json\/wp\/v2\/product_tag?post=598"}],"curies":[{"name":"wp","href":"https:\/\/api.w.org\/{rel}","templated":true}]}}