{"id":702,"date":"2025-05-12T08:39:54","date_gmt":"2025-05-12T08:39:54","guid":{"rendered":"https:\/\/staging.mondogrowkits.com\/?post_type=product&#038;p=702"},"modified":"2026-05-16T18:56:06","modified_gmt":"2026-05-16T17:56:06","slug":"kit-per-la-coltivazione-di-funghi-magici-pes-hawaii","status":"publish","type":"product","link":"https:\/\/www.mondogrowkits.com\/it\/pes-hawaii-magic-mushroom-grow-kit\/","title":{"rendered":"PES Hawaii - Kit per la coltivazione di funghi magici"},"content":{"rendered":"<h1 data-section-id=\"94d9yd\" data-start=\"284\" data-end=\"357\">PES Hawaii Kit per la coltivazione di funghi magici - variet\u00e0 Tropical Psilocybe Cubensis<\/h1><p data-start=\"359\" data-end=\"683\">Il <strong data-start=\"363\" data-end=\"401\">PES Hawaii Kit per la coltivazione di funghi magici<\/strong> \u00e8 un popolare <strong data-start=\"415\" data-end=\"444\">Ceppo di Psilocybe cubensis<\/strong> nota per la sua forte crescita, le dimensioni impressionanti dei funghi e i raccolti affidabili. Nonostante il nome, la variet\u00e0 \u00e8 stata sviluppata e distribuita da <strong data-start=\"585\" data-end=\"616\">Pacific Exotica Spora (PES)<\/strong> ed \u00e8 diventato molto conosciuto nella comunit\u00e0 dei coltivatori di funghi.<\/p><p data-start=\"685\" data-end=\"950\">I funghi PES Hawaii si riconoscono per i loro <strong data-start=\"730\" data-end=\"777\">steli spessi, cappelli grandi e grappoli densi<\/strong>, producendo vampate visivamente impressionanti durante la fase di fruttificazione. Grazie alla sua genetica vigorosa, questa variet\u00e0 \u00e8 apprezzata per la sua <strong data-start=\"912\" data-end=\"949\">Crescita rapida e rendimenti costanti<\/strong>.<\/p><p data-start=\"952\" data-end=\"1130\">Nelle giuste condizioni di coltivazione, le prime spine dei funghi compaiono tipicamente entro <strong data-start=\"1036\" data-end=\"1053\">Da 10 a 14 giorni<\/strong>, rendendo il <strong data-start=\"1066\" data-end=\"1089\">Kit di coltivazione PES Hawaii<\/strong> una scelta gratificante per la coltivazione domestica.<\/p><p data-start=\"1132\" data-end=\"1316\">Ogni kit di coltivazione arriva <strong data-start=\"1154\" data-end=\"1191\">completamente colonizzato e pronto a crescere<\/strong>, cio\u00e8 il <a href=\"https:\/\/www.mondogrowkits.com\/it\/sterilised-substrate\/\">substrato<\/a> contiene gi\u00e0 micelio attivo e la coltivazione pu\u00f2 iniziare immediatamente con una preparazione minima.<\/p><hr data-start=\"1318\" data-end=\"1321\" \/><h1 data-section-id=\"1h5r7o9\" data-start=\"1323\" data-end=\"1360\">Perch\u00e9 scegliere il kit di coltivazione PES Hawaii?<\/h1><p data-start=\"1362\" data-end=\"1707\">Ben noto <strong data-start=\"1375\" data-end=\"1441\">Ceppo di Psilocybe cubensis distribuito da Pacific Exotica Spora<\/strong><br data-start=\"1441\" data-end=\"1444\" \/>Produce funghi di grandi dimensioni con gambi spessi e cappelli larghi.<br data-start=\"1501\" data-end=\"1504\" \/>Una crescita forte e affidabile<br data-start=\"1544\" data-end=\"1547\" \/>\u00c8 possibile effettuare pi\u00f9 risciacqui con un unico kit.<br data-start=\"1592\" data-end=\"1595\" \/>Substrato completamente colonizzato - pronto a crescere immediatamente<br data-start=\"1650\" data-end=\"1653\" \/>Substrato di coltivazione naturale con micelio attivo<\/p><p data-start=\"1709\" data-end=\"1822\">La variet\u00e0 PES Hawaii \u00e8 popolare tra i coltivatori che apprezzano <strong data-start=\"1771\" data-end=\"1821\">forte crescita dei funghi e raccolti impressionanti<\/strong>.<\/p><hr data-start=\"1824\" data-end=\"1827\" \/><h1 data-section-id=\"1o7u9te\" data-start=\"1829\" data-end=\"1855\">Dimensioni dei kit di coltivazione disponibili<\/h1><p data-start=\"1857\" data-end=\"1995\">Il <strong data-start=\"1861\" data-end=\"1899\">PES Hawaii Kit per la coltivazione di funghi magici<\/strong> \u00e8 disponibile in diverse misure, in modo da poter scegliere il kit pi\u00f9 adatto alla vostra coltivazione.<\/p><p data-start=\"1997\" data-end=\"2013\">Taglie disponibili:<\/p><p data-start=\"2015\" data-end=\"2099\">\u2022 <strong data-start=\"2017\" data-end=\"2027\">280 cc<\/strong><br data-start=\"2027\" data-end=\"2030\" \/>\u2022 <strong data-start=\"2032\" data-end=\"2042\">750 cc<\/strong><br data-start=\"2042\" data-end=\"2045\" \/>\u2022 <strong data-start=\"2047\" data-end=\"2058\">1200 cc<\/strong> (mostrato nella foto del prodotto)<br data-start=\"2083\" data-end=\"2086\" \/>\u2022 <strong data-start=\"2088\" data-end=\"2099\">2100 cc<\/strong><\/p><p data-start=\"2101\" data-end=\"2245\">I kit di coltivazione pi\u00f9 grandi producono in genere <strong data-start=\"2136\" data-end=\"2170\">rendimenti pi\u00f9 elevati e un maggior numero di sciacqui<\/strong>, mentre i kit pi\u00f9 piccoli sono ideali per <a href=\"https:\/\/www.mondogrowkits.com\/it\/mondo-growkits-best-strains-beginners-advanced\/\">principianti<\/a> o per i coltivatori con spazio limitato.<\/p><hr data-start=\"2247\" data-end=\"2250\" \/><h1 data-section-id=\"2t1372\" data-start=\"2252\" data-end=\"2278\">Condizioni di coltivazione ideali<\/h1><p data-start=\"2280\" data-end=\"2359\">I funghi PES Hawaii crescono in ambienti caldi e umidi con luce indiretta.<\/p><p data-start=\"2361\" data-end=\"2392\">Condizioni di coltivazione consigliate:<\/p><p data-start=\"2394\" data-end=\"2573\"><strong data-start=\"2394\" data-end=\"2410\">Temperatura:<\/strong> 18-27 \u00b0C<br data-start=\"2419\" data-end=\"2422\" \/><strong data-start=\"2422\" data-end=\"2446\">Temperatura ottimale:<\/strong> 22-25 \u00b0C<br data-start=\"2455\" data-end=\"2458\" \/><strong data-start=\"2458\" data-end=\"2471\">Illuminazione:<\/strong> Luce diurna indiretta o luce ambiente<br data-start=\"2511\" data-end=\"2514\" \/><strong data-start=\"2514\" data-end=\"2527\">Umidit\u00e0:<\/strong> Umidit\u00e0 elevata con ricambio regolare di aria fresca<\/p><p data-start=\"2575\" data-end=\"2700\">La condensa all'interno del sacco di coltivazione aiuta a mantenere i livelli di umidit\u00e0 corretti. Evitare di spruzzare acqua direttamente sul substrato.<\/p><p data-start=\"2702\" data-end=\"2798\">Le piccole spine a fungo compaiono di solito all'interno di <strong data-start=\"2744\" data-end=\"2758\">10-14 giorni<\/strong>, a seconda delle condizioni ambientali.<\/p><hr data-start=\"2800\" data-end=\"2803\" \/><h1 data-section-id=\"src3bw\" data-start=\"2805\" data-end=\"2844\">Effetti dei funghi magici PES Hawaii<\/h1><p data-start=\"2846\" data-end=\"2976\">Il <strong data-start=\"2850\" data-end=\"2890\">PES Hawaii Ceppo di Psilocybe cubensis<\/strong> \u00e8 noto per la fornitura di un <strong data-start=\"2917\" data-end=\"2975\">esperienza psichedelica forte e visivamente stimolante<\/strong>.<\/p><p data-start=\"2978\" data-end=\"3012\">Gli effetti comunemente riportati includono:<\/p><p data-start=\"3014\" data-end=\"3178\">- Miglioramento dei colori e della percezione visiva<br data-start=\"3054\" data-end=\"3057\" \/>- Modelli visivi e potenziamento sensoriale<br data-start=\"3098\" data-end=\"3101\" \/>- Umore elevato ed energia positiva<br data-start=\"3136\" data-end=\"3139\" \/>- Pensiero creativo e introspezione<\/p><p data-start=\"3180\" data-end=\"3265\">Molti utenti descrivono l'esperienza come <strong data-start=\"3218\" data-end=\"3264\">equilibrato, edificante e visivamente coinvolgente<\/strong>.<\/p><hr data-start=\"3267\" data-end=\"3270\" \/><h1 data-section-id=\"ljcc7e\" data-start=\"3272\" data-end=\"3311\">Kit completo per la coltivazione di funghi all-in-one<\/h1><p data-start=\"3313\" data-end=\"3417\">Ciascuno <strong data-start=\"3318\" data-end=\"3356\">PES Hawaii Kit per la coltivazione di funghi magici<\/strong> contiene tutto il necessario per iniziare subito la coltivazione.<\/p><p data-start=\"3419\" data-end=\"3437\">Il kit comprende:<\/p><p data-start=\"3439\" data-end=\"3654\">Substrato completamente colonizzato con micelio attivo<br data-start=\"3487\" data-end=\"3490\" \/>Componenti del substrato che trattengono l'umidit\u00e0<br data-start=\"3531\" data-end=\"3534\" \/>Borsa di coltivazione con filtri d'aria integrati<br data-start=\"3572\" data-end=\"3575\" \/>Due graffette per sigillare il sacchetto di coltivazione<br data-start=\"3616\" data-end=\"3619\" \/>Istruzioni dettagliate per la coltivazione<\/p><p data-start=\"3656\" data-end=\"3756\">Il kit \u00e8 progettato per realizzare <strong data-start=\"3684\" data-end=\"3755\">coltivazione dei funghi magici semplice, efficiente e adatta ai principianti<\/strong>.<\/p><hr data-start=\"3758\" data-end=\"3761\" \/><h1 data-section-id=\"3kfd2k\" data-start=\"3763\" data-end=\"3796\">Come coltivare - Guida rapida<\/h1><p data-start=\"3798\" data-end=\"3889\">Coltivare funghi con il <strong data-start=\"3825\" data-end=\"3848\">Kit di coltivazione PES Hawaii<\/strong> \u00e8 semplice e richiede solo pochi passaggi.<\/p><ol data-start=\"3891\" data-end=\"4236\">\n<li data-section-id=\"x1d9t\" data-start=\"3891\" data-end=\"3950\">\n<p data-start=\"3894\" data-end=\"3950\">Lavarsi le mani e pulire l'esterno del kit di coltivazione.<\/p>\n<\/li>\n<li data-section-id=\"hci7ne\" data-start=\"3951\" data-end=\"4014\">\n<p data-start=\"3954\" data-end=\"4014\">Togliere il coperchio e riempire il contenitore con acqua tiepida.<\/p>\n<\/li>\n<li data-section-id=\"owtwed\" data-start=\"4015\" data-end=\"4062\">\n<p data-start=\"4018\" data-end=\"4062\">Lasciare il substrato in ammollo per <strong data-start=\"4045\" data-end=\"4059\">8-12 ore<\/strong>.<\/p>\n<\/li>\n<li data-section-id=\"5aqy5l\" data-start=\"4063\" data-end=\"4101\">\n<p data-start=\"4066\" data-end=\"4101\">Scolare con cura l'acqua in eccesso.<\/p>\n<\/li>\n<li data-section-id=\"9asdz4\" data-start=\"4102\" data-end=\"4178\">\n<p data-start=\"4105\" data-end=\"4178\">Posizionare il kit di coltivazione all'interno del sacchetto di coltivazione e sigillarlo con le graffette.<\/p>\n<\/li>\n<li data-section-id=\"1fhyrkq\" data-start=\"4179\" data-end=\"4236\">\n<p data-start=\"4182\" data-end=\"4236\">Conservare il sacchetto di coltivazione in un luogo caldo con luce indiretta.<\/p>\n<\/li>\n<\/ol><p data-start=\"4238\" data-end=\"4377\">All'interno <strong data-start=\"4245\" data-end=\"4259\">10-14 giorni<\/strong>, inizieranno a spuntare piccoli funghi. Raccogliere i funghi quando <strong data-start=\"4334\" data-end=\"4376\">il velo sotto la calotta inizia a lacerarsi<\/strong>.<\/p><p data-start=\"4379\" data-end=\"4461\">Dopo la raccolta, il kit di coltivazione pu\u00f2 essere <strong data-start=\"4417\" data-end=\"4430\">ri-imbevuto<\/strong> per produrre ulteriori sciacqui.<\/p><p data-start=\"4463\" data-end=\"4529\">Con una cura adeguata, un kit di coltivazione pu\u00f2 produrre <strong data-start=\"4506\" data-end=\"4528\">fino a quattro sciacqui<\/strong>.<\/p><hr data-start=\"4531\" data-end=\"4534\" \/><h1 data-section-id=\"ybm8az\" data-start=\"4536\" data-end=\"4558\">Conservazione e durata di conservazione<\/h1><p data-start=\"4560\" data-end=\"4622\">Conservare il kit di coltivazione non aperto nel <strong data-start=\"4595\" data-end=\"4621\">frigorifero a 2-8 \u00b0C<\/strong>.<\/p><p data-start=\"4624\" data-end=\"4664\">Durata di conservazione: <strong data-start=\"4636\" data-end=\"4664\">3-6 mesi se non aperto<\/strong><\/p><p data-start=\"4666\" data-end=\"4765\">Per ottenere risultati ottimali, si consiglia di iniziare la coltivazione <strong data-start=\"4727\" data-end=\"4764\">subito dopo aver ricevuto il kit di coltivazione<\/strong>.<\/p><hr data-start=\"4767\" data-end=\"4770\" \/><h1 data-section-id=\"1qgfiv8\" data-start=\"4772\" data-end=\"4797\">Uso legale e responsabile<\/h1><p data-start=\"4799\" data-end=\"4954\">I funghi magici sono regolamentati in molti Paesi. In alcune regioni, <strong data-start=\"4865\" data-end=\"4913\">I kit di coltivazione e i tartufi rimangono prodotti legali<\/strong>, mentre in altri casi possono essere limitati.<\/p><p data-start=\"4956\" data-end=\"5033\">Controllare sempre <strong data-start=\"4969\" data-end=\"4999\">leggi e regolamenti locali<\/strong> prima di acquistare o coltivare.<\/p><p data-start=\"5035\" data-end=\"5194\"><a href=\"https:\/\/www.mondogrowkits.com\/it\/what-is-psilocybin\/\">Psilocibina<\/a> i funghi sono considerati <strong data-start=\"5071\" data-end=\"5088\">non assuefazione<\/strong>, ma possono produrre forti effetti psicologici. Si raccomanda un uso responsabile in un ambiente sicuro.<\/p><hr data-start=\"5196\" data-end=\"5199\" \/><h1 data-section-id=\"110zr5\" data-start=\"5201\" data-end=\"5254\">Ordinate oggi il vostro kit per la coltivazione di funghi magici PES Hawaii<\/h1><p data-start=\"5256\" data-end=\"5402\">Il <strong data-start=\"5260\" data-end=\"5298\">PES Hawaii Kit per la coltivazione di funghi magici<\/strong> offre un'esperienza di coltivazione affidabile, con una crescita vigorosa, fioriture impressionanti e raccolti multipli.<\/p><p data-start=\"5404\" data-end=\"5552\">Grazie alla sua genetica vigorosa e ai rendimenti costanti, questa variet\u00e0 rimane una delle variet\u00e0 pi\u00f9 <strong data-start=\"5490\" data-end=\"5551\">i kit di coltivazione di Psilocybe cubensis pi\u00f9 popolari oggi disponibili<\/strong>.<\/p><p data-start=\"5554\" data-end=\"5655\">Ordinate il vostro <strong data-start=\"5565\" data-end=\"5609\">PES Hawaii Kit per la coltivazione di funghi magici oggi<\/strong> e iniziare a coltivare i propri funghi a casa.<\/p>","protected":false},"excerpt":{"rendered":"<p>Il kit di coltivazione di funghi magici PES Hawaii \u00e8 un ceppo affidabile di Psilocybe cubensis con colonizzazione costante e prestazioni costanti in ambienti interni. Disponibile nei formati 280cc, 750cc, 1200cc e 2100cc. Completamente colonizzato e pronto per la fruttificazione - non sono necessarie siringhe per le spore o altre attrezzature.<\/p>","protected":false},"featured_media":4637,"comment_status":"open","ping_status":"closed","template":"","meta":[],"product_brand":[32],"product_cat":[17],"product_tag":[],"class_list":{"0":"post-702","1":"product","2":"type-product","3":"status-publish","4":"has-post-thumbnail","6":"product_brand-mondo","7":"product_cat-magic-mushroom-grow-kits","9":"first","10":"instock","11":"taxable","12":"shipping-taxable","13":"purchasable","14":"product-type-variable"},"jetpack_sharing_enabled":true,"_links":{"self":[{"href":"https:\/\/www.mondogrowkits.com\/it\/wp-json\/wp\/v2\/product\/702","targetHints":{"allow":["GET"]}}],"collection":[{"href":"https:\/\/www.mondogrowkits.com\/it\/wp-json\/wp\/v2\/product"}],"about":[{"href":"https:\/\/www.mondogrowkits.com\/it\/wp-json\/wp\/v2\/types\/product"}],"replies":[{"embeddable":true,"href":"https:\/\/www.mondogrowkits.com\/it\/wp-json\/wp\/v2\/comments?post=702"}],"wp:featuredmedia":[{"embeddable":true,"href":"https:\/\/www.mondogrowkits.com\/it\/wp-json\/wp\/v2\/media\/4637"}],"wp:attachment":[{"href":"https:\/\/www.mondogrowkits.com\/it\/wp-json\/wp\/v2\/media?parent=702"}],"wp:term":[{"taxonomy":"product_brand","embeddable":true,"href":"https:\/\/www.mondogrowkits.com\/it\/wp-json\/wp\/v2\/product_brand?post=702"},{"taxonomy":"product_cat","embeddable":true,"href":"https:\/\/www.mondogrowkits.com\/it\/wp-json\/wp\/v2\/product_cat?post=702"},{"taxonomy":"product_tag","embeddable":true,"href":"https:\/\/www.mondogrowkits.com\/it\/wp-json\/wp\/v2\/product_tag?post=702"}],"curies":[{"name":"wp","href":"https:\/\/api.w.org\/{rel}","templated":true}]}}