{"id":707,"date":"2025-05-12T08:42:48","date_gmt":"2025-05-12T08:42:48","guid":{"rendered":"https:\/\/staging.mondogrowkits.com\/?post_type=product&#038;p=707"},"modified":"2026-04-08T12:44:57","modified_gmt":"2026-04-08T11:44:57","slug":"kit-per-la-coltivazione-di-funghi-magici-mazatapec","status":"publish","type":"product","link":"https:\/\/www.mondogrowkits.com\/it\/mazatapec-magic-mushroom-grow-kit\/","title":{"rendered":"Mazatapec - Kit per la coltivazione di funghi magici"},"content":{"rendered":"<h1 data-section-id=\"fhw8i5\" data-start=\"278\" data-end=\"353\">Mazatapec Kit per la coltivazione di funghi magici - variet\u00e0 tradizionale di Psilocybe Cubensis<\/h1><p data-start=\"355\" data-end=\"667\">Il <strong data-start=\"359\" data-end=\"396\">Mazatapec Kit per la coltivazione di funghi magici<\/strong> si ispira a una delle pi\u00f9 tradizionali <strong data-start=\"440\" data-end=\"470\">Ceppi di Psilocybe cubensis<\/strong> originaria della regione di Mazatec, in Messico. Questa variet\u00e0 ha una lunga storia culturale ed \u00e8 strettamente associata alle cerimonie spirituali con i funghi praticate dalle comunit\u00e0 indigene Mazatec.<\/p><p data-start=\"669\" data-end=\"874\">I funghi Mazatapec sono conosciuti per la loro <strong data-start=\"709\" data-end=\"764\">steli alti, cappelli eleganti e un modello di crescita costante.<\/strong>. Durante la fase di fruttificazione spesso formano bellissimi grappoli che si sviluppano in funghi forti e sani.<\/p><p data-start=\"876\" data-end=\"1118\">Grazie alla sua <strong data-start=\"890\" data-end=\"946\">genetica stabile e prestazioni colturali affidabili<\/strong>, La variet\u00e0 Mazatapec \u00e8 apprezzata sia dai coltivatori principianti che da quelli esperti. Nelle giuste condizioni, le prime spine di fungo compaiono solitamente entro <strong data-start=\"1100\" data-end=\"1117\">Da 10 a 14 giorni<\/strong>.<\/p><p data-start=\"1120\" data-end=\"1323\">Ciascuno <strong data-start=\"1125\" data-end=\"1147\">Kit di coltivazione Mazatapec<\/strong> arriva <strong data-start=\"1156\" data-end=\"1193\">completamente colonizzato e pronto a crescere<\/strong>, cio\u00e8 il <a href=\"https:\/\/www.mondogrowkits.com\/it\/substrato-sterilizzato\/\">substrato<\/a> \u00e8 gi\u00e0 pieno di micelio attivo e la coltivazione pu\u00f2 iniziare immediatamente con pochi semplici passaggi.<\/p><hr data-start=\"1325\" data-end=\"1328\" \/><h1 data-section-id=\"ob1j3o\" data-start=\"1330\" data-end=\"1366\">Perch\u00e9 scegliere il kit di coltivazione Mazatapec?<\/h1><p data-start=\"1368\" data-end=\"1681\">Tradizionale <strong data-start=\"1382\" data-end=\"1423\">Ceppo di Psilocybe cubensis proveniente dal Messico<\/strong><br data-start=\"1423\" data-end=\"1426\" \/>Conosciuta per la sua crescita costante e i suoi raccolti affidabili.<br data-start=\"1473\" data-end=\"1476\" \/>Funghi eleganti con gambi alti e cappelli larghi<br data-start=\"1525\" data-end=\"1528\" \/>Produce pi\u00f9 sciacqui con una cura appropriata<br data-start=\"1572\" data-end=\"1575\" \/>Substrato completamente colonizzato - pronto a crescere immediatamente<br data-start=\"1630\" data-end=\"1633\" \/>Substrato naturale senza additivi chimici<\/p><p data-start=\"1683\" data-end=\"1834\">Il ceppo Mazatapec \u00e8 apprezzato per la sua <strong data-start=\"1722\" data-end=\"1785\">risultati colturali stabili ed effetti psichedelici equilibrati<\/strong>, e questo la rende un'opzione affidabile per i coltivatori domestici.<\/p><hr data-start=\"1836\" data-end=\"1839\" \/><h1 data-section-id=\"1o7u9te\" data-start=\"1841\" data-end=\"1867\">Dimensioni dei kit di coltivazione disponibili<\/h1><p data-start=\"1869\" data-end=\"2002\">Il <strong data-start=\"1873\" data-end=\"1910\">Mazatapec Kit per la coltivazione di funghi magici<\/strong> \u00e8 disponibile in diverse dimensioni, in modo da poter scegliere il kit che meglio si adatta al vostro impianto di coltivazione.<\/p><p data-start=\"2004\" data-end=\"2020\">Taglie disponibili:<\/p><p data-start=\"2022\" data-end=\"2106\">\u2022 <strong data-start=\"2024\" data-end=\"2034\">280 cc<\/strong><br data-start=\"2034\" data-end=\"2037\" \/>\u2022 <strong data-start=\"2039\" data-end=\"2049\">750 cc<\/strong><br data-start=\"2049\" data-end=\"2052\" \/>\u2022 <strong data-start=\"2054\" data-end=\"2065\">1200 cc<\/strong> (mostrato nella foto del prodotto)<br data-start=\"2090\" data-end=\"2093\" \/>\u2022 <strong data-start=\"2095\" data-end=\"2106\">2100 cc<\/strong><\/p><p data-start=\"2108\" data-end=\"2256\">I kit di coltivazione pi\u00f9 grandi producono generalmente <strong data-start=\"2143\" data-end=\"2179\">raccolti pi\u00f9 abbondanti e pi\u00f9 sciacquature<\/strong>, mentre i kit pi\u00f9 piccoli sono perfetti per <a href=\"https:\/\/www.mondogrowkits.com\/it\/mondo-growkit-migliori-ceppi-principianti-avanzati\/\">principianti<\/a> o per i coltivatori con spazio limitato.<\/p><hr data-start=\"2258\" data-end=\"2261\" \/><h1 data-section-id=\"2t1372\" data-start=\"2263\" data-end=\"2289\">Condizioni di coltivazione ideali<\/h1><p data-start=\"2291\" data-end=\"2372\">I funghi Mazatapec crescono meglio in ambienti caldi e umidi con luce indiretta.<\/p><p data-start=\"2374\" data-end=\"2405\">Condizioni di coltivazione consigliate:<\/p><p data-start=\"2407\" data-end=\"2586\"><strong data-start=\"2407\" data-end=\"2423\">Temperatura:<\/strong> 18-27 \u00b0C<br data-start=\"2432\" data-end=\"2435\" \/><strong data-start=\"2435\" data-end=\"2459\">Temperatura ottimale:<\/strong> 22-25 \u00b0C<br data-start=\"2468\" data-end=\"2471\" \/><strong data-start=\"2471\" data-end=\"2484\">Illuminazione:<\/strong> Luce diurna indiretta o luce ambiente<br data-start=\"2524\" data-end=\"2527\" \/><strong data-start=\"2527\" data-end=\"2540\">Umidit\u00e0:<\/strong> Umidit\u00e0 elevata con ricambio regolare di aria fresca<\/p><p data-start=\"2588\" data-end=\"2709\">La condensa all'interno del sacco di coltivazione aiuta a mantenere i livelli di umidit\u00e0 corretti. Evitare di spruzzare acqua direttamente sul substrato.<\/p><p data-start=\"2711\" data-end=\"2806\">Le piccole spine a fungo compaiono di solito all'interno di <strong data-start=\"2753\" data-end=\"2767\">10-14 giorni<\/strong>, a seconda dell'ambiente di coltivazione.<\/p><hr data-start=\"2808\" data-end=\"2811\" \/><h1 data-section-id=\"gjrj0x\" data-start=\"2813\" data-end=\"2851\">Effetti dei funghi magici Mazatapec<\/h1><p data-start=\"2853\" data-end=\"2978\">Il <strong data-start=\"2857\" data-end=\"2896\">Mazatapec Ceppo di Psilocybe cubensis<\/strong> \u00e8 spesso descritta come una fonte di <strong data-start=\"2931\" data-end=\"2977\">esperienza psichedelica profonda e riflessiva<\/strong>.<\/p><p data-start=\"2980\" data-end=\"3014\">Gli effetti comunemente riportati includono:<\/p><p data-start=\"3016\" data-end=\"3199\">- Miglioramento dei colori e della percezione visiva<br data-start=\"3056\" data-end=\"3059\" \/>- Stato mentale calmo e introspettivo<br data-start=\"3096\" data-end=\"3099\" \/>- Sensazione di connessione e chiarezza emotiva<br data-start=\"3145\" data-end=\"3148\" \/>- Aumento della creativit\u00e0 e del pensiero filosofico<\/p><p data-start=\"3201\" data-end=\"3372\">Il ceppo Mazatapec \u00e8 spesso apprezzato per la sua <strong data-start=\"3251\" data-end=\"3286\">effetti equilibrati e ponderati<\/strong>, e questo la rende popolare tra i molti utenti che cercano un'esperienza psichedelica pi\u00f9 riflessiva.<\/p><hr data-start=\"3374\" data-end=\"3377\" \/><h1 data-section-id=\"ljcc7e\" data-start=\"3379\" data-end=\"3418\">Kit completo per la coltivazione di funghi all-in-one<\/h1><p data-start=\"3420\" data-end=\"3523\">Ciascuno <strong data-start=\"3425\" data-end=\"3462\">Mazatapec Kit per la coltivazione di funghi magici<\/strong> contiene tutto il necessario per iniziare subito la coltivazione.<\/p><p data-start=\"3525\" data-end=\"3543\">Il kit comprende:<\/p><p data-start=\"3545\" data-end=\"3760\">Substrato completamente colonizzato con micelio attivo<br data-start=\"3593\" data-end=\"3596\" \/>Componenti del substrato che trattengono l'umidit\u00e0<br data-start=\"3637\" data-end=\"3640\" \/>Borsa di coltivazione con filtri d'aria integrati<br data-start=\"3678\" data-end=\"3681\" \/>Due graffette per sigillare il sacchetto di coltivazione<br data-start=\"3722\" data-end=\"3725\" \/>Istruzioni dettagliate per la coltivazione<\/p><p data-start=\"3762\" data-end=\"3862\">Il kit \u00e8 progettato per realizzare <strong data-start=\"3790\" data-end=\"3861\">coltivazione dei funghi magici semplice, efficiente e adatta ai principianti<\/strong>.<\/p><hr data-start=\"3864\" data-end=\"3867\" \/><h1 data-section-id=\"3kfd2k\" data-start=\"3869\" data-end=\"3902\">Come coltivare - Guida rapida<\/h1><p data-start=\"3904\" data-end=\"3994\">Coltivare funghi con il <strong data-start=\"3931\" data-end=\"3953\">Kit di coltivazione Mazatapec<\/strong> \u00e8 semplice e richiede solo pochi passaggi.<\/p><ol data-start=\"3996\" data-end=\"4341\">\n<li data-section-id=\"x1d9t\" data-start=\"3996\" data-end=\"4055\">\n<p data-start=\"3999\" data-end=\"4055\">Lavarsi le mani e pulire l'esterno del kit di coltivazione.<\/p>\n<\/li>\n<li data-section-id=\"hci7ne\" data-start=\"4056\" data-end=\"4119\">\n<p data-start=\"4059\" data-end=\"4119\">Togliere il coperchio e riempire il contenitore con acqua tiepida.<\/p>\n<\/li>\n<li data-section-id=\"owtwed\" data-start=\"4120\" data-end=\"4167\">\n<p data-start=\"4123\" data-end=\"4167\">Lasciare il substrato in ammollo per <strong data-start=\"4150\" data-end=\"4164\">8-12 ore<\/strong>.<\/p>\n<\/li>\n<li data-section-id=\"5aqy5l\" data-start=\"4168\" data-end=\"4206\">\n<p data-start=\"4171\" data-end=\"4206\">Scolare con cura l'acqua in eccesso.<\/p>\n<\/li>\n<li data-section-id=\"9asdz4\" data-start=\"4207\" data-end=\"4283\">\n<p data-start=\"4210\" data-end=\"4283\">Posizionare il kit di coltivazione all'interno del sacchetto di coltivazione e sigillarlo con le graffette.<\/p>\n<\/li>\n<li data-section-id=\"1fhyrkq\" data-start=\"4284\" data-end=\"4341\">\n<p data-start=\"4287\" data-end=\"4341\">Conservare il sacchetto di coltivazione in un luogo caldo con luce indiretta.<\/p>\n<\/li>\n<\/ol><p data-start=\"4343\" data-end=\"4482\">All'interno <strong data-start=\"4350\" data-end=\"4364\">10-14 giorni<\/strong>, inizieranno a spuntare piccoli funghi. Raccogliere i funghi quando <strong data-start=\"4439\" data-end=\"4481\">il velo sotto la calotta inizia a lacerarsi<\/strong>.<\/p><p data-start=\"4484\" data-end=\"4566\">Dopo la raccolta, il kit di coltivazione pu\u00f2 essere <strong data-start=\"4522\" data-end=\"4535\">ri-imbevuto<\/strong> per produrre ulteriori sciacqui.<\/p><p data-start=\"4568\" data-end=\"4634\">Con una cura adeguata, un kit di coltivazione pu\u00f2 produrre <strong data-start=\"4611\" data-end=\"4633\">fino a quattro sciacqui<\/strong>.<\/p><hr data-start=\"4636\" data-end=\"4639\" \/><h1 data-section-id=\"ybm8az\" data-start=\"4641\" data-end=\"4663\">Conservazione e durata di conservazione<\/h1><p data-start=\"4665\" data-end=\"4727\">Conservare il kit di coltivazione non aperto nel <strong data-start=\"4700\" data-end=\"4726\">frigorifero a 2-8 \u00b0C<\/strong>.<\/p><p data-start=\"4729\" data-end=\"4769\">Durata di conservazione: <strong data-start=\"4741\" data-end=\"4769\">3-6 mesi se non aperto<\/strong><\/p><p data-start=\"4771\" data-end=\"4870\">Per ottenere risultati ottimali, si consiglia di iniziare la coltivazione <strong data-start=\"4832\" data-end=\"4869\">subito dopo aver ricevuto il kit di coltivazione<\/strong>.<\/p><hr data-start=\"4872\" data-end=\"4875\" \/><h1 data-section-id=\"1qgfiv8\" data-start=\"4877\" data-end=\"4902\">Uso legale e responsabile<\/h1><p data-start=\"4904\" data-end=\"5059\">I funghi magici sono regolamentati in molti Paesi. In alcune regioni, <strong data-start=\"4970\" data-end=\"5018\">I kit di coltivazione e i tartufi rimangono prodotti legali<\/strong>, mentre in altri casi possono essere limitati.<\/p><p data-start=\"5061\" data-end=\"5138\">Controllare sempre <strong data-start=\"5074\" data-end=\"5104\">leggi e regolamenti locali<\/strong> prima di acquistare o coltivare.<\/p><p data-start=\"5140\" data-end=\"5299\"><a href=\"https:\/\/www.mondogrowkits.com\/it\/cose-la-psilocibina\/\">Psilocibina<\/a> i funghi sono considerati <strong data-start=\"5176\" data-end=\"5193\">non assuefazione<\/strong>, ma possono produrre forti effetti psicologici. Si raccomanda un uso responsabile in un ambiente sicuro.<\/p><hr data-start=\"5301\" data-end=\"5304\" \/><h1 data-section-id=\"1lww8i4\" data-start=\"5306\" data-end=\"5358\">Ordinate oggi stesso il vostro kit per la coltivazione di funghi magici Mazatapec<\/h1><p data-start=\"5360\" data-end=\"5518\">Il <strong data-start=\"5364\" data-end=\"5401\">Mazatapec Kit per la coltivazione di funghi magici<\/strong> offre un'esperienza colturale gratificante con una crescita affidabile, raccolti multipli ed effetti psichedelici equilibrati.<\/p><p data-start=\"5520\" data-end=\"5668\">Con il suo background tradizionale e la sua genetica affidabile, la Mazatapec rimane una delle <strong data-start=\"5606\" data-end=\"5667\">i kit di coltivazione di Psilocybe cubensis pi\u00f9 popolari oggi disponibili<\/strong>.<\/p><p data-start=\"5670\" data-end=\"5774\">Ordinate il vostro <strong data-start=\"5681\" data-end=\"5724\">Mazatapec Kit per la coltivazione di funghi magici oggi<\/strong> e iniziare a coltivare i propri funghi a casa.<\/p>","protected":false},"excerpt":{"rendered":"<p>Il kit per la coltivazione di funghi magici Mazatapec \u00e8 una variet\u00e0 tradizionale di Psilocybe cubensis, nota per i suoi modelli di fruttificazione affidabili e le prestazioni costanti in pi\u00f9 lavaggi. Disponibile nei formati 280cc, 750cc, 1200cc e 2100cc. Una variet\u00e0 consolidata per i coltivatori che apprezzano risultati costanti e prevedibili.<\/p>","protected":false},"featured_media":4664,"comment_status":"open","ping_status":"closed","template":"","meta":[],"product_brand":[32],"product_cat":[17],"product_tag":[],"class_list":{"0":"post-707","1":"product","2":"type-product","3":"status-publish","4":"has-post-thumbnail","6":"product_brand-mondo","7":"product_cat-magic-mushroom-grow-kits","9":"first","10":"instock","11":"taxable","12":"shipping-taxable","13":"purchasable","14":"product-type-variable"},"jetpack_sharing_enabled":true,"_links":{"self":[{"href":"https:\/\/www.mondogrowkits.com\/it\/wp-json\/wp\/v2\/product\/707","targetHints":{"allow":["GET"]}}],"collection":[{"href":"https:\/\/www.mondogrowkits.com\/it\/wp-json\/wp\/v2\/product"}],"about":[{"href":"https:\/\/www.mondogrowkits.com\/it\/wp-json\/wp\/v2\/types\/product"}],"replies":[{"embeddable":true,"href":"https:\/\/www.mondogrowkits.com\/it\/wp-json\/wp\/v2\/comments?post=707"}],"wp:featuredmedia":[{"embeddable":true,"href":"https:\/\/www.mondogrowkits.com\/it\/wp-json\/wp\/v2\/media\/4664"}],"wp:attachment":[{"href":"https:\/\/www.mondogrowkits.com\/it\/wp-json\/wp\/v2\/media?parent=707"}],"wp:term":[{"taxonomy":"product_brand","embeddable":true,"href":"https:\/\/www.mondogrowkits.com\/it\/wp-json\/wp\/v2\/product_brand?post=707"},{"taxonomy":"product_cat","embeddable":true,"href":"https:\/\/www.mondogrowkits.com\/it\/wp-json\/wp\/v2\/product_cat?post=707"},{"taxonomy":"product_tag","embeddable":true,"href":"https:\/\/www.mondogrowkits.com\/it\/wp-json\/wp\/v2\/product_tag?post=707"}],"curies":[{"name":"wp","href":"https:\/\/api.w.org\/{rel}","templated":true}]}}