{"id":724,"date":"2025-05-12T14:22:48","date_gmt":"2025-05-12T14:22:48","guid":{"rendered":"https:\/\/staging.mondogrowkits.com\/?post_type=product&#038;p=724"},"modified":"2026-04-08T12:44:09","modified_gmt":"2026-04-08T11:44:09","slug":"kit-per-la-coltivazione-dei-funghi-magici-della-treasure-coast","status":"publish","type":"product","link":"https:\/\/www.mondogrowkits.com\/it\/treasure-coast-magic-mushroom-grow-kit\/","title":{"rendered":"Treasure Coast - Kit per la coltivazione di funghi magici"},"content":{"rendered":"<h1 data-section-id=\"v466a0\" data-start=\"268\" data-end=\"343\">Treasure Coast Kit per la coltivazione di funghi magici - variet\u00e0 unica di Psilocybe Cubensis<\/h1><p data-start=\"345\" data-end=\"619\">Il <strong data-start=\"349\" data-end=\"391\">Treasure Coast Kit per la coltivazione del fungo magico<\/strong> \u00e8 un noto <strong data-start=\"408\" data-end=\"437\">Ceppo di Psilocybe cubensis<\/strong> originariamente scoperta lungo la costa tropicale della Florida, negli Stati Uniti. Questa variet\u00e0 ha guadagnato popolarit\u00e0 tra i coltivatori per la sua <strong data-start=\"558\" data-end=\"618\">crescita rapida, aspetto caratteristico e rese affidabili<\/strong>.<\/p><p data-start=\"621\" data-end=\"918\">I funghi Treasure Coast si riconoscono facilmente per il loro <strong data-start=\"677\" data-end=\"705\">steli lunghi e cappelli larghi<\/strong>, Spesso formano imponenti grappoli durante la fase di fruttificazione. In condizioni ottimali, le prime spine del fungo compaiono tipicamente entro <strong data-start=\"842\" data-end=\"859\">Da 10 a 14 giorni<\/strong>, seguita da un rapido sviluppo in funghi adulti.<\/p><p data-start=\"920\" data-end=\"1143\">Ciascuno <strong data-start=\"925\" data-end=\"952\">Kit di coltivazione Treasure Coast<\/strong> arriva <strong data-start=\"961\" data-end=\"998\">completamente colonizzato e pronto a crescere<\/strong>, Il micelio si \u00e8 gi\u00e0 sviluppato in tutto l'ambiente. <a href=\"https:\/\/www.mondogrowkits.com\/it\/sterilised-substrate\/\">substrato<\/a>. Ci\u00f2 consente di iniziare subito la coltivazione con una preparazione minima.<\/p><p data-start=\"1145\" data-end=\"1310\">Con le dovute precauzioni, il ceppo Treasure Coast pu\u00f2 produrre <strong data-start=\"1201\" data-end=\"1221\">sciacqui multipli<\/strong>, che offre un'esperienza di coltivazione gratificante per entrambi <a href=\"https:\/\/www.mondogrowkits.com\/it\/mondo-growkits-best-strains-beginners-advanced\/\">principianti<\/a> e coltivatori esperti.<\/p><hr data-start=\"1312\" data-end=\"1315\" \/><h1 data-section-id=\"magi0p\" data-start=\"1317\" data-end=\"1358\">Perch\u00e9 scegliere il kit di coltivazione Treasure Coast?<\/h1><p data-start=\"1360\" data-end=\"1678\">Popolare <strong data-start=\"1370\" data-end=\"1421\">Un ceppo di Psilocybe cubensis scoperto in Florida<\/strong><br data-start=\"1421\" data-end=\"1424\" \/>Conosciuto per la crescita forte e affidabile dei funghi<br data-start=\"1471\" data-end=\"1474\" \/>Steli lunghi e cappelli larghi che formano bellissimi grappoli.<br data-start=\"1527\" data-end=\"1530\" \/>Produce pi\u00f9 lavaggi e rendimenti costanti<br data-start=\"1579\" data-end=\"1582\" \/>Substrato completamente colonizzato - pronto a crescere immediatamente<br data-start=\"1637\" data-end=\"1640\" \/>\u2714 100% substrato di coltivazione naturale<\/p><p data-start=\"1680\" data-end=\"1810\">Treasure Coast \u00e8 apprezzato per la sua <strong data-start=\"1718\" data-end=\"1757\">genetica stabile e crescita vigorosa<\/strong>, e questo la rende una scelta affidabile per la coltivazione domestica.<\/p><hr data-start=\"1812\" data-end=\"1815\" \/><h1 data-section-id=\"1o7u9te\" data-start=\"1817\" data-end=\"1843\">Dimensioni dei kit di coltivazione disponibili<\/h1><p data-start=\"1845\" data-end=\"1980\">Il <strong data-start=\"1849\" data-end=\"1891\">Treasure Coast Kit per la coltivazione del fungo magico<\/strong> \u00e8 disponibile in diverse dimensioni, in modo da poter scegliere l'opzione migliore per il vostro spazio di coltivazione.<\/p><p data-start=\"1982\" data-end=\"1998\">Taglie disponibili:<\/p><p data-start=\"2000\" data-end=\"2084\">\u2022 <strong data-start=\"2002\" data-end=\"2012\">280 cc<\/strong><br data-start=\"2012\" data-end=\"2015\" \/>\u2022 <strong data-start=\"2017\" data-end=\"2027\">750 cc<\/strong><br data-start=\"2027\" data-end=\"2030\" \/>\u2022 <strong data-start=\"2032\" data-end=\"2043\">1200 cc<\/strong> (mostrato nella foto del prodotto)<br data-start=\"2068\" data-end=\"2071\" \/>\u2022 <strong data-start=\"2073\" data-end=\"2084\">2100 cc<\/strong><\/p><p data-start=\"2086\" data-end=\"2234\">Pi\u00f9 grande <a href=\"https:\/\/www.mondogrowkits.com\/it\/grow-kits\/\">kit di coltivazione<\/a> generalmente producono <strong data-start=\"2121\" data-end=\"2157\">raccolti pi\u00f9 abbondanti e pi\u00f9 sciacquature<\/strong>, mentre i kit pi\u00f9 piccoli sono perfetti per i principianti o per gli spazi di coltivazione limitati.<\/p><hr data-start=\"2236\" data-end=\"2239\" \/><h1 data-section-id=\"2t1372\" data-start=\"2241\" data-end=\"2267\">Condizioni di coltivazione ideali<\/h1><p data-start=\"2269\" data-end=\"2352\">I funghi Treasure Coast crescono meglio in ambienti caldi e umidi con luce indiretta.<\/p><p data-start=\"2354\" data-end=\"2377\">Condizioni consigliate:<\/p><p data-start=\"2379\" data-end=\"2558\"><strong data-start=\"2379\" data-end=\"2395\">Temperatura:<\/strong> 18-27 \u00b0C<br data-start=\"2404\" data-end=\"2407\" \/><strong data-start=\"2407\" data-end=\"2431\">Temperatura ottimale:<\/strong> 22-25 \u00b0C<br data-start=\"2440\" data-end=\"2443\" \/><strong data-start=\"2443\" data-end=\"2456\">Illuminazione:<\/strong> Luce diurna indiretta o luce ambiente<br data-start=\"2496\" data-end=\"2499\" \/><strong data-start=\"2499\" data-end=\"2512\">Umidit\u00e0:<\/strong> Umidit\u00e0 elevata con ricambio regolare di aria fresca<\/p><p data-start=\"2560\" data-end=\"2712\">Mantenere la condensa all'interno del sacco di coltivazione contribuisce a creare l'ambiente perfetto per la crescita dei funghi. Evitare di spruzzare acqua direttamente sul substrato.<\/p><p data-start=\"2714\" data-end=\"2814\">Le prime spine dei funghi compaiono di solito entro <strong data-start=\"2760\" data-end=\"2774\">10-14 giorni<\/strong>, a seconda delle condizioni ambientali.<\/p><hr data-start=\"2816\" data-end=\"2819\" \/><h1 data-section-id=\"1ovzgrh\" data-start=\"2821\" data-end=\"2858\">Effetti dei funghi Treasure Coast<\/h1><p data-start=\"2860\" data-end=\"3020\">Il <strong data-start=\"2864\" data-end=\"2908\">Treasure Coast Ceppo di Psilocybe cubensis<\/strong> \u00e8 noto per la fornitura di un <strong data-start=\"2935\" data-end=\"2970\">esperienza psichedelica equilibrata<\/strong> con stimoli visivi e uno stato mentale chiaro.<\/p><p data-start=\"3022\" data-end=\"3056\">Gli effetti comunemente riportati includono:<\/p><p data-start=\"3058\" data-end=\"3222\">- Miglioramento dei colori e della percezione visiva<br data-start=\"3098\" data-end=\"3101\" \/>- Modelli visivi e potenziamento sensoriale<br data-start=\"3142\" data-end=\"3145\" \/>- Umore elevato ed energia positiva<br data-start=\"3180\" data-end=\"3183\" \/>- Pensiero creativo e introspezione<\/p><p data-start=\"3224\" data-end=\"3354\">Gli effetti sono spesso descritti come <strong data-start=\"3259\" data-end=\"3285\">equilibrato e piacevole<\/strong>, rendendo la variet\u00e0 Treasure Coast una scelta popolare tra molti utenti.<\/p><hr data-start=\"3356\" data-end=\"3359\" \/><h1 data-section-id=\"ljcc7e\" data-start=\"3361\" data-end=\"3400\">Kit completo per la coltivazione di funghi all-in-one<\/h1><p data-start=\"3402\" data-end=\"3509\">Ciascuno <strong data-start=\"3407\" data-end=\"3449\">Treasure Coast Kit per la coltivazione del fungo magico<\/strong> contiene tutto il necessario per iniziare subito a coltivare.<\/p><p data-start=\"3511\" data-end=\"3529\">Il kit comprende:<\/p><p data-start=\"3531\" data-end=\"3746\">Substrato completamente colonizzato con micelio attivo<br data-start=\"3579\" data-end=\"3582\" \/>Componenti del substrato che trattengono l'umidit\u00e0<br data-start=\"3623\" data-end=\"3626\" \/>Borsa di coltivazione con filtri d'aria integrati<br data-start=\"3664\" data-end=\"3667\" \/>Due graffette per sigillare il sacchetto di coltivazione<br data-start=\"3708\" data-end=\"3711\" \/>Istruzioni dettagliate per la coltivazione<\/p><p data-start=\"3748\" data-end=\"3853\">Il kit di coltivazione \u00e8 progettato per rendere <strong data-start=\"3781\" data-end=\"3852\">coltivazione dei funghi magici semplice, efficiente e adatta ai principianti<\/strong>.<\/p><hr data-start=\"3855\" data-end=\"3858\" \/><h1 data-section-id=\"3kfd2k\" data-start=\"3860\" data-end=\"3893\">Come coltivare - Guida rapida<\/h1><p data-start=\"3895\" data-end=\"3999\">Coltivare funghi con il <strong data-start=\"3922\" data-end=\"3949\">Kit di coltivazione Treasure Coast<\/strong> \u00e8 semplice e richiede solo pochi passaggi.<\/p><ol data-start=\"4001\" data-end=\"4352\">\n<li data-section-id=\"x1d9t\" data-start=\"4001\" data-end=\"4060\">\n<p data-start=\"4004\" data-end=\"4060\">Lavarsi le mani e pulire l'esterno del kit di coltivazione.<\/p>\n<\/li>\n<li data-section-id=\"hci7ne\" data-start=\"4061\" data-end=\"4124\">\n<p data-start=\"4064\" data-end=\"4124\">Togliere il coperchio e riempire il contenitore con acqua tiepida.<\/p>\n<\/li>\n<li data-section-id=\"owtwed\" data-start=\"4125\" data-end=\"4172\">\n<p data-start=\"4128\" data-end=\"4172\">Lasciare il substrato in ammollo per <strong data-start=\"4155\" data-end=\"4169\">8-12 ore<\/strong>.<\/p>\n<\/li>\n<li data-section-id=\"5aqy5l\" data-start=\"4173\" data-end=\"4211\">\n<p data-start=\"4176\" data-end=\"4211\">Scolare con cura l'acqua in eccesso.<\/p>\n<\/li>\n<li data-section-id=\"9asdz4\" data-start=\"4212\" data-end=\"4288\">\n<p data-start=\"4215\" data-end=\"4288\">Posizionare il kit di coltivazione all'interno del sacchetto di coltivazione e sigillarlo con le graffette.<\/p>\n<\/li>\n<li data-section-id=\"1l7navo\" data-start=\"4289\" data-end=\"4352\">\n<p data-start=\"4292\" data-end=\"4352\">Mantenere il sacchetto di coltivazione in un ambiente caldo con luce indiretta.<\/p>\n<\/li>\n<\/ol><p data-start=\"4354\" data-end=\"4488\">All'interno <strong data-start=\"4361\" data-end=\"4375\">10-14 giorni<\/strong>, inizieranno a formarsi dei piccoli funghi a spillo. Raccogliere i funghi quando <strong data-start=\"4448\" data-end=\"4487\">il velo sotto il cappello inizia a lacerarsi<\/strong>.<\/p><p data-start=\"4490\" data-end=\"4572\">Dopo la raccolta, il kit di coltivazione pu\u00f2 essere <strong data-start=\"4528\" data-end=\"4541\">ri-imbevuto<\/strong> per produrre ulteriori sciacqui.<\/p><p data-start=\"4574\" data-end=\"4640\">Con una cura adeguata, un singolo kit pu\u00f2 produrre <strong data-start=\"4617\" data-end=\"4639\">fino a quattro sciacqui<\/strong>.<\/p><hr data-start=\"4642\" data-end=\"4645\" \/><h1 data-section-id=\"ybm8az\" data-start=\"4647\" data-end=\"4669\">Conservazione e durata di conservazione<\/h1><p data-start=\"4671\" data-end=\"4733\">Conservare il kit di coltivazione non aperto nel <strong data-start=\"4706\" data-end=\"4732\">frigorifero a 2-8 \u00b0C<\/strong>.<\/p><p data-start=\"4735\" data-end=\"4775\">Durata di conservazione: <strong data-start=\"4747\" data-end=\"4775\">3-6 mesi se non aperto<\/strong><\/p><p data-start=\"4777\" data-end=\"4876\">Per ottenere risultati ottimali, si consiglia di iniziare la coltivazione <strong data-start=\"4838\" data-end=\"4875\">subito dopo aver ricevuto il kit di coltivazione<\/strong>.<\/p><hr data-start=\"4878\" data-end=\"4881\" \/><h1 data-section-id=\"1qgfiv8\" data-start=\"4883\" data-end=\"4908\">Uso legale e responsabile<\/h1><p data-start=\"4910\" data-end=\"5065\">I funghi magici sono regolamentati in molti Paesi. In alcune regioni, <strong data-start=\"4976\" data-end=\"5024\">I kit di coltivazione e i tartufi rimangono prodotti legali<\/strong>, mentre in altri casi possono essere limitati.<\/p><p data-start=\"5067\" data-end=\"5144\">Controllare sempre <strong data-start=\"5080\" data-end=\"5110\">leggi e regolamenti locali<\/strong> prima di acquistare o coltivare.<\/p><p data-start=\"5146\" data-end=\"5321\"><a href=\"https:\/\/www.mondogrowkits.com\/it\/what-is-psilocybin\/\">Psilocibina<\/a> i funghi sono considerati <strong data-start=\"5182\" data-end=\"5199\">non assuefazione<\/strong>, ma possono produrre forti effetti psicologici. Si raccomanda un uso responsabile in un ambiente sicuro e confortevole.<\/p><hr data-start=\"5323\" data-end=\"5326\" \/><h1 data-section-id=\"18kb0dd\" data-start=\"5328\" data-end=\"5385\">Ordinate oggi stesso il vostro kit di coltivazione di funghi magici Treasure Coast<\/h1><p data-start=\"5387\" data-end=\"5551\">Il <strong data-start=\"5391\" data-end=\"5433\">Treasure Coast Kit per la coltivazione del fungo magico<\/strong> offre un'esperienza colturale gratificante, con una crescita affidabile, vampate impressionanti ed effetti psichedelici equilibrati.<\/p><p data-start=\"5553\" data-end=\"5662\">Grazie alla sua forte genetica e alle rese affidabili, questa variet\u00e0 rimane una scelta popolare tra i coltivatori di tutto il mondo.<\/p><p data-start=\"5664\" data-end=\"5813\">Ordinate il vostro <strong data-start=\"5675\" data-end=\"5723\">Treasure Coast Kit per la coltivazione di funghi magici oggi<\/strong> e iniziare a coltivare uno dei pi\u00f9 caratteristici <strong data-start=\"5774\" data-end=\"5804\">Ceppi di Psilocybe cubensis<\/strong> a casa.<\/p>","protected":false},"excerpt":{"rendered":"<p>Il kit per la coltivazione di funghi magici Treasure Coast \u00e8 una variet\u00e0 produttiva di Psilocybe cubensis, nota per le sue dense vampate e il forte sviluppo del micelio. \u00c8 disponibile nelle versioni da 280 cc, 750 cc, 1200 cc e 2100 cc. I coltivatori alla ricerca di un volume per vampata troveranno la Treasure Coast una scelta affidabile.<\/p>","protected":false},"featured_media":4671,"comment_status":"open","ping_status":"closed","template":"","meta":[],"product_brand":[32],"product_cat":[17],"product_tag":[],"class_list":{"0":"post-724","1":"product","2":"type-product","3":"status-publish","4":"has-post-thumbnail","6":"product_brand-mondo","7":"product_cat-magic-mushroom-grow-kits","9":"first","10":"instock","11":"taxable","12":"shipping-taxable","13":"purchasable","14":"product-type-variable"},"jetpack_sharing_enabled":true,"_links":{"self":[{"href":"https:\/\/www.mondogrowkits.com\/it\/wp-json\/wp\/v2\/product\/724","targetHints":{"allow":["GET"]}}],"collection":[{"href":"https:\/\/www.mondogrowkits.com\/it\/wp-json\/wp\/v2\/product"}],"about":[{"href":"https:\/\/www.mondogrowkits.com\/it\/wp-json\/wp\/v2\/types\/product"}],"replies":[{"embeddable":true,"href":"https:\/\/www.mondogrowkits.com\/it\/wp-json\/wp\/v2\/comments?post=724"}],"wp:featuredmedia":[{"embeddable":true,"href":"https:\/\/www.mondogrowkits.com\/it\/wp-json\/wp\/v2\/media\/4671"}],"wp:attachment":[{"href":"https:\/\/www.mondogrowkits.com\/it\/wp-json\/wp\/v2\/media?parent=724"}],"wp:term":[{"taxonomy":"product_brand","embeddable":true,"href":"https:\/\/www.mondogrowkits.com\/it\/wp-json\/wp\/v2\/product_brand?post=724"},{"taxonomy":"product_cat","embeddable":true,"href":"https:\/\/www.mondogrowkits.com\/it\/wp-json\/wp\/v2\/product_cat?post=724"},{"taxonomy":"product_tag","embeddable":true,"href":"https:\/\/www.mondogrowkits.com\/it\/wp-json\/wp\/v2\/product_tag?post=724"}],"curies":[{"name":"wp","href":"https:\/\/api.w.org\/{rel}","templated":true}]}}