{"id":736,"date":"2025-05-12T15:36:44","date_gmt":"2025-05-12T15:36:44","guid":{"rendered":"https:\/\/staging.mondogrowkits.com\/?post_type=product&#038;p=736"},"modified":"2026-04-28T18:56:07","modified_gmt":"2026-04-28T17:56:07","slug":"cartolina-3d-funghi-magici","status":"publish","type":"product","link":"https:\/\/www.mondogrowkits.com\/it\/postcard-3d-magic-mushrooms\/","title":{"rendered":"Magnete 3D Viaggio in bicicletta"},"content":{"rendered":"","protected":false},"excerpt":{"rendered":"<p>Scopri l'affascinante collezione lenticolare di Orange Panda, caratterizzata da design moderni e colori vivaci, tutti sapientemente realizzati ad Amsterdam. La combinazione di profondit\u00e0 e movimento in queste immagini aggiunge un tocco di magia, rendendole perfette per stimolare l'immaginazione. Questi magneti sono un regalo delizioso e un'affascinante decorazione, che donano un tocco di incanto a qualsiasi spazio.<\/p>\n<p>La collezione Dutchboy racconta la storia di due amici di Amsterdam che amano uscire e andare in giro. Adorano l'avventura e frequentare i luoghi pi\u00f9 particolari della citt\u00e0. La grafica a 8 bit \u00e8 un omaggio ai videogiochi arcade degli anni '80 e '90.<\/p>","protected":false},"featured_media":735,"comment_status":"open","ping_status":"closed","template":"","meta":[],"product_brand":[32],"product_cat":[23],"product_tag":[],"class_list":{"0":"post-736","1":"product","2":"type-product","3":"status-publish","4":"has-post-thumbnail","6":"product_brand-mondo","7":"product_cat-merchandise","9":"first","10":"instock","11":"taxable","12":"shipping-taxable","13":"purchasable","14":"product-type-simple"},"jetpack_sharing_enabled":true,"_links":{"self":[{"href":"https:\/\/www.mondogrowkits.com\/it\/wp-json\/wp\/v2\/product\/736","targetHints":{"allow":["GET"]}}],"collection":[{"href":"https:\/\/www.mondogrowkits.com\/it\/wp-json\/wp\/v2\/product"}],"about":[{"href":"https:\/\/www.mondogrowkits.com\/it\/wp-json\/wp\/v2\/types\/product"}],"replies":[{"embeddable":true,"href":"https:\/\/www.mondogrowkits.com\/it\/wp-json\/wp\/v2\/comments?post=736"}],"wp:featuredmedia":[{"embeddable":true,"href":"https:\/\/www.mondogrowkits.com\/it\/wp-json\/wp\/v2\/media\/735"}],"wp:attachment":[{"href":"https:\/\/www.mondogrowkits.com\/it\/wp-json\/wp\/v2\/media?parent=736"}],"wp:term":[{"taxonomy":"product_brand","embeddable":true,"href":"https:\/\/www.mondogrowkits.com\/it\/wp-json\/wp\/v2\/product_brand?post=736"},{"taxonomy":"product_cat","embeddable":true,"href":"https:\/\/www.mondogrowkits.com\/it\/wp-json\/wp\/v2\/product_cat?post=736"},{"taxonomy":"product_tag","embeddable":true,"href":"https:\/\/www.mondogrowkits.com\/it\/wp-json\/wp\/v2\/product_tag?post=736"}],"curies":[{"name":"wp","href":"https:\/\/api.w.org\/{rel}","templated":true}]}}