{"id":2811,"date":"2025-12-11T12:23:17","date_gmt":"2025-12-11T11:23:17","guid":{"rendered":"https:\/\/www.mondogrowkits.com\/?page_id=2811"},"modified":"2026-05-07T12:16:00","modified_gmt":"2026-05-07T11:16:00","slug":"instrukcja-obslugi-zestawu-do-uprawy","status":"publish","type":"page","link":"https:\/\/www.mondogrowkits.com\/pl\/grow-kit-manual\/","title":{"rendered":"Instrukcja obs\u0142ugi zestawu do uprawy"},"content":{"rendered":"<section class=\"section\" id=\"section_235281789\">\n\t\t<div class=\"section-bg fill\" >\n\t\t\t\t\t\t\t\t\t\n\t\t\t\n\n\t\t<\/div>\n\n\t\t\n\n\t\t<div class=\"section-content relative\">\n\t\t\t\n\n\t<div id=\"gap-1118056756\" class=\"gap-element clearfix\" style=\"display:block; height:auto;\">\n\t\t\n<style>\n#gap-1118056756 {\n  padding-top: 30px;\n}\n<\/style>\n\t<\/div>\n\t\n\n<div class=\"row row-large align-middle\"  id=\"row-722599443\">\n\n\n\t<div id=\"col-910942517\" class=\"col medium-12 small-12 large-7\"  >\n\t\t\t\t<div class=\"col-inner\"  >\n\t\t\t\n\t\t\t\n\n\t<div id=\"text-3899222125\" class=\"text\">\n\t\t\n\n<h1>Mondo Growkit - przewodnik aktywacji<\/h1>\n\t\t\n<style>\n#text-3899222125 {\n  font-size: 1.4rem;\n  color: #d55a46;\n}\n#text-3899222125 > * {\n  color: #d55a46;\n}\n<\/style>\n\t<\/div>\n\t\n\t<div id=\"text-2930804253\" class=\"text\">\n\t\t\n\n<h2>Jak zacz\u0105\u0107<\/h2>\n\t\t\n<style>\n#text-2930804253 {\n  font-size: 1.2rem;\n}\n<\/style>\n\t<\/div>\n\t\n<p data-start=\"127\" data-end=\"336\">Niniejsza instrukcja aktywacji zawiera wszystkie niezb\u0119dne instrukcje dotycz\u0105ce prawid\u0142owej aktywacji i u\u017cytkowania zestawu Mondo Growkit. Wyja\u015bnia kluczowe kroki od aktywacji do zbior\u00f3w, zapewniaj\u0105c p\u0142ynny i udany cykl uprawy.<\/p>\n<p data-start=\"338\" data-end=\"495\">Znajdziesz tu jasne wskaz\u00f3wki dotycz\u0105ce warunk\u00f3w \u015brodowiskowych, podlewania, konserwacji i etap\u00f3w wzrostu, kt\u00f3re pomog\u0105 unikn\u0105\u0107 typowych b\u0142\u0119d\u00f3w i osi\u0105gn\u0105\u0107 optymalne wyniki.<\/p>\n<p data-start=\"497\" data-end=\"607\">Post\u0119puj zgodnie z ka\u017cdym krokiem, aby prawid\u0142owo aktywowa\u0107 zestaw Mondo Growkit i zapewni\u0107 zdrowy, sta\u0142y wzrost.<\/p>\n<a href=\"https:\/\/www.mondogrowkits.com\/wp-content\/uploads\/2026\/05\/mondo-magic-mushroom-growkit-manual.pdf\" target=\"_blank\" class=\"button primary is-large\" rel=\"noopener\" style=\"border-radius:99px;\">\n\t\t<span>Pobierz instrukcj\u0119<\/span>\n\t<\/a>\n\n\n<a href=\"https:\/\/www.youtube.com\/watch?v=xZMN5-o8_lo\" target=\"_blank\" class=\"button secondary is-large\" rel=\"noopener\" style=\"border-radius:99px;\">\n\t\t<span>Film instrukta\u017cowy<\/span>\n\t<\/a>\n\n\n\n\t\t<\/div>\n\t\t\t\t\t<\/div>\n\n\t\n\n\t<div id=\"col-967786482\" class=\"col medium-12 small-12 large-5\"  >\n\t\t\t\t<div class=\"col-inner\"  >\n\t\t\t\n\t\t\t\n\n\t<div class=\"img has-hover x md-x lg-x y md-y lg-y\" id=\"image_994936596\">\n\t\t\t\t\t\t\t\t<div class=\"img-inner image-cover dark\" style=\"padding-top:100%;\">\n\t\t\t<img decoding=\"async\" width=\"800\" height=\"800\" src=\"https:\/\/www.mondogrowkits.com\/wp-content\/uploads\/2025\/05\/ChatGPT-Image-23-mrt-2026-17_18_03-800x800.png\" class=\"attachment-large size-large\" alt=\"Golden Teacher - Zestaw do uprawy magicznych grzyb\u00f3w\" srcset=\"https:\/\/www.mondogrowkits.com\/wp-content\/uploads\/2025\/05\/ChatGPT-Image-23-mrt-2026-17_18_03-800x800.png 800w, https:\/\/www.mondogrowkits.com\/wp-content\/uploads\/2025\/05\/ChatGPT-Image-23-mrt-2026-17_18_03-400x400.png 400w, https:\/\/www.mondogrowkits.com\/wp-content\/uploads\/2025\/05\/ChatGPT-Image-23-mrt-2026-17_18_03-100x100.png 100w, https:\/\/www.mondogrowkits.com\/wp-content\/uploads\/2025\/05\/ChatGPT-Image-23-mrt-2026-17_18_03-1000x1000.png 1000w, https:\/\/www.mondogrowkits.com\/wp-content\/uploads\/2025\/05\/ChatGPT-Image-23-mrt-2026-17_18_03-280x280.png 280w, https:\/\/www.mondogrowkits.com\/wp-content\/uploads\/2025\/05\/ChatGPT-Image-23-mrt-2026-17_18_03-768x768.png 768w, https:\/\/www.mondogrowkits.com\/wp-content\/uploads\/2025\/05\/ChatGPT-Image-23-mrt-2026-17_18_03-12x12.png 12w, https:\/\/www.mondogrowkits.com\/wp-content\/uploads\/2025\/05\/ChatGPT-Image-23-mrt-2026-17_18_03.png 1024w\" sizes=\"(max-width: 800px) 100vw, 800px\" title=\"\">\t\t\t\t\t\t\n\t\t\t\t\t<\/div>\n\t\t\t\t\t\t\t\t\n<style>\n#image_994936596 {\n  width: 100%;\n}\n<\/style>\n\t<\/div>\n\t\n\n\n\t\t<\/div>\n\t\t\t\t\t<\/div>\n\n\t\n\n<\/div>\n<div class=\"row\"  id=\"row-1047971020\">\n\n\n\t<div id=\"col-1888643290\" class=\"col small-12 large-12\"  >\n\t\t\t\t<div class=\"col-inner\"  >\n\t\t\t\n\t\t\t\n\n\n\n<iframe width=\"1200\" height=\"650\" src=\"https:\/\/www.youtube.com\/embed\/xZMN5-o8_lo?si=XEVvNLqkpAjH-avD\" title=\"Odtwarzacz wideo YouTube\" frameborder=\"0\" allow=\"accelerometer; autoplay; clipboard-write; encrypted-media; gyroscope; picture-in-picture; web-share\" referrerpolicy=\"strict-origin-when-cross-origin\" allowfullscreen><\/iframe>\n\n\n\t\t<\/div>\n\t\t\t\t\t<\/div>\n\n\t\n\n<\/div>\n<div class=\"row\"  id=\"row-1488500630\">\n\n\n\t<div id=\"col-1497566277\" class=\"col small-12 large-12\"  >\n\t\t\t\t<div class=\"col-inner\"  >\n\t\t\t\n\t<div class=\"is-border\"\n\t\tstyle=\"border-width:0px 0px 0px 0px;\">\n\t<\/div>\n\t\t\t\n\n<h2>Instrukcja obs\u0142ugi zestawu do uprawy<\/h2>\n<h3>Informacje o produkcie<\/h3>\n<p><strong>Produkt:<\/strong> Zestaw do uprawy substrat\u00f3w<br \/>\n<strong>Opis:<\/strong> Zestaw pod\u0142o\u017ca gotowy do aktywacji i procesu wzrostu.<br \/>\n<strong>Publiczno\u015b\u0107:<\/strong> Pocz\u0105tkuj\u0105cy klienci z lub bez wcze\u015bniejszego do\u015bwiadczenia w uprawie.<\/p>\n<h3>Do\u0142\u0105czone komponenty<\/h3>\n<ul>\n<li>Zestaw do uprawy substrat\u00f3w<\/li>\n<li>Torebka filtracyjna z naklejk\u0105 uszczelniaj\u0105c\u0105<\/li>\n<\/ul>\n<h3>Instrukcje krok po kroku<\/h3>\n<h4>Krok 1: Przygotowanie<\/h4>\n<h5>Kontrola<\/h5>\n<ul>\n<li>Sprawd\u017a growkit pod k\u0105tem zanieczyszcze\u0144:\n<ul>\n<li><strong>Bezpieczne kolory:<\/strong> Bia\u0142a, \u017c\u00f3\u0142tawo-bia\u0142a grzybnia<\/li>\n<li><strong>Niebezpieczne kolory (zanieczyszczenie):<\/strong> Zielony, czarny, czerwony, r\u00f3\u017cowy<\/li>\n<\/ul>\n<\/li>\n<li>Sprawd\u017a pude\u0142ko, aby upewni\u0107 si\u0119, \u017ce jest nienaruszone.<\/li>\n<li>Je\u015bli opakowanie jest zanieczyszczone lub uszkodzone, nie nale\u017cy aktywowa\u0107 zestawu. Nale\u017cy natychmiast skontaktowa\u0107 si\u0119 z dzia\u0142em obs\u0142ugi klienta, poniewa\u017c zanieczyszczonych produkt\u00f3w nie mo\u017cna uratowa\u0107.<\/li>\n<\/ul>\n<h5>Dezynfekcja<\/h5>\n<ul>\n<li>Dok\u0142adnie wyczy\u015b\u0107 miejsce pracy, r\u0119ce i przedramiona myd\u0142em antybakteryjnym i \u015brodkiem dezynfekuj\u0105cym w sprayu.<\/li>\n<li>W przypadku d\u0142ugich w\u0142os\u00f3w zaleca si\u0119 ich zwi\u0105zanie.<\/li>\n<li>Aby zapewni\u0107 dodatkow\u0105 sterylno\u015b\u0107, mo\u017cna u\u017cy\u0107 sterylnych r\u0119kawiczek i maski na twarz.<\/li>\n<li>Praca w \u015brodowisku o niskim przeci\u0105gu i ca\u0142kowitej czysto\u015bci.<\/li>\n<\/ul>\n<h4>Krok 2: Nawodnienie<\/h4>\n<ul>\n<li>Otw\u00f3rz jedn\u0105 stron\u0119 pokrywy, nape\u0142nij zestaw wod\u0105 pitn\u0105 i zamknij pokryw\u0119.<\/li>\n<li>Umie\u015b\u0107 growkit w lod\u00f3wce na 9-24 godzin w celu namoczenia. Czas ten zale\u017cy od wielko\u015bci zestawu i temperatury otoczenia w domu.<\/li>\n<\/ul>\n<h4>Krok 3: Aktywacja<\/h4>\n<ul>\n<li>Powt\u00f3rz czynno\u015bci dezynfekcji od kroku 1.<\/li>\n<li>Otw\u00f3rz pokryw\u0119 w jednym rogu i ostro\u017cnie spu\u015b\u0107 nadmiar wody.<\/li>\n<li>Dodaj oko\u0142o 150 ml wody pitnej bezpo\u015brednio do dostarczonego worka hodowlanego.<\/li>\n<li>Umie\u015b\u0107 zestaw do uprawy w worku do uprawy.<\/li>\n<li>Zdejmij pokryw\u0119 z zestawu growkit (nie wyrzucaj jej; b\u0119dzie potrzebna p\u00f3\u017aniej).<\/li>\n<li>Spryskaj wod\u0105 wn\u0119trze torby, aby zwi\u0119kszy\u0107 wilgotno\u015b\u0107.<\/li>\n<li>Z\u0142\u00f3\u017c starannie g\u00f3rn\u0105 cz\u0119\u015b\u0107 worka i zaklej go za pomoc\u0105 do\u0142\u0105czonej naklejki. Upewnij si\u0119, \u017ce worek jest nadmuchany i zawiera du\u017co \u015bwie\u017cego powietrza.<\/li>\n<li>Umie\u015b\u0107 growkit w jasnym miejscu z po\u015brednim dost\u0119pem \u015bwiat\u0142a s\u0142onecznego.<\/li>\n<li>Utrzymywa\u0107 sta\u0142\u0105 temperatur\u0119 w zakresie 23-27\u00b0C (nigdy nie przekracza\u0107 27\u00b0C).<\/li>\n<\/ul>\n<h4>Krok 4: Owocowanie<\/h4>\n<ul>\n<li>Je\u015bli kondensacja wewn\u0105trz worka jest niewielka lub nie ma jej wcale, nale\u017cy go otworzy\u0107, spryska\u0107 wn\u0119trze wod\u0105 i ponownie uszczelni\u0107.<\/li>\n<li>Gdy pojawi\u0105 si\u0119 pierwsze szpilki, przesta\u0144 rozpyla\u0107 wod\u0119.<\/li>\n<li>Wprowadzi\u0107 \u015bwie\u017ce powietrze poprzez otwarcie worka, delikatne wyci\u015bni\u0119cie starego powietrza (CO\u2082), wpuszczenie \u015bwie\u017cego powietrza (O\u2082) i ponowne zamkni\u0119cie nadmuchanego worka.<\/li>\n<li>Powtarzaj t\u0119 wymian\u0119 \u015bwie\u017cego powietrza 1-3 razy dziennie.<\/li>\n<\/ul>\n<h4>Krok 5: Zbi\u00f3r<\/h4>\n<ul>\n<li>Powt\u00f3rz czynno\u015bci dezynfekcji od kroku 1.<\/li>\n<li>Grzyby nale\u017cy zbiera\u0107 przed ca\u0142kowitym otwarciem kapeluszy, aby zapobiec uwalnianiu si\u0119 zarodnik\u00f3w.<\/li>\n<li>Delikatnie przekr\u0119\u0107 i wyci\u0105gnij grzyby z pod\u0142o\u017ca.<\/li>\n<\/ul>\n<h4>Krok 6: Drugie p\u0142ukanie<\/h4>\n<ul>\n<li>Powt\u00f3rz kroki 2-5.<\/li>\n<li>Przed ponownym u\u017cyciem pokrywy w celu zamkni\u0119cia zestawu nale\u017cy j\u0105 zdezynfekowa\u0107.<\/li>\n<\/ul>\n<h3>Wskaz\u00f3wki i porady<\/h3>\n<ul>\n<li>Po\u015brednie \u015bwiat\u0142o s\u0142oneczne, temperatura w zakresie 24-27\u00b0C i \u015bwie\u017ce powietrze s\u0105 niezb\u0119dne dla zdrowego wzrostu.<\/li>\n<li>Je\u015bli po\u015brednie \u015bwiat\u0142o s\u0142oneczne nie jest dost\u0119pne, u\u017cyj lampy do uprawy.<\/li>\n<li>Je\u015bli utrzymanie sta\u0142ej temperatury jest trudne, u\u017cyj mat grzewczych.<\/li>\n<li>Aby utrzyma\u0107 stabilny mikroklimat, warto rozwa\u017cy\u0107 u\u017cycie Mondotub.<\/li>\n<li>Zbieraj grzyby przed ca\u0142kowitym otwarciem kapeluszy, aby unikn\u0105\u0107 uwalniania zarodnik\u00f3w, kt\u00f3re mog\u0105 hamowa\u0107 przysz\u0142y wzrost.<\/li>\n<\/ul>\n<h3>Przestrogi<\/h3>\n<ul>\n<li>Nieprawid\u0142owa dezynfekcja r\u0105k, powierzchni lub narz\u0119dzi mo\u017ce spowodowa\u0107 zanieczyszczenie. Zanieczyszczonych produkt\u00f3w nie mo\u017cna uratowa\u0107.<\/li>\n<li>Unikaj bezpo\u015bredniego \u015bwiat\u0142a s\u0142onecznego i zbyt gor\u0105cych \u015brodowisk, poniewa\u017c nadmierne ciep\u0142o mo\u017ce odwodni\u0107 i zabi\u0107 grzybni\u0119.<\/li>\n<li>Przy odpowiedniej piel\u0119gnacji zestawy Growkits mog\u0105 produkowa\u0107 wiele sp\u0142uczek, ale ze wzgl\u0119d\u00f3w bezpiecze\u0144stwa zalecamy nie wi\u0119cej ni\u017c drug\u0105 sp\u0142uczk\u0119.<\/li>\n<\/ul>\n<h3>Skr\u00f3cona instrukcja rozwi\u0105zywania problem\u00f3w<\/h3>\n<ul>\n<li><strong>Powolny wzrost lub jego brak:<\/strong> Sprawd\u017a temperatur\u0119, wilgotno\u015b\u0107 i zapewnij wystarczaj\u0105c\u0105 wymian\u0119 \u015bwie\u017cego powietrza.<\/li>\n<li><strong>Deformacja grzyb\u00f3w:<\/strong> Zwykle spowodowane niewystarczaj\u0105c\u0105 wymian\u0105 powietrza lub nadmiern\u0105 wilgotno\u015bci\u0105.<\/li>\n<li><strong>Szpilki tworz\u0105 si\u0119, ale nie dojrzewaj\u0105:<\/strong> Zwi\u0119ksz wymian\u0119 \u015bwie\u017cego powietrza, zapewnij odpowiednie o\u015bwietlenie i sprawd\u017a temperatur\u0119 w pomieszczeniu.<\/li>\n<li><strong>Ple\u015b\u0144 lub nietypowe kolory:<\/strong> Je\u015bli zanieczyszczenie jest widoczne, natychmiast je usun\u0105\u0107 i zdezynfekowa\u0107 obszar.<\/li>\n<\/ul>\n<h3>Obs\u0142uga klienta<\/h3>\n<p>Aby uzyska\u0107 pomoc, skontaktuj si\u0119 z naszym zespo\u0142em obs\u0142ugi klienta za po\u015brednictwem strony kontaktowej.<\/p>\n\n\t\t<\/div>\n\t\t\t\t\t<\/div>\n\n\t\n\n<\/div>\n\n\t\t<\/div>\n\n\t\t\n<style>\n#section_235281789 {\n  padding-top: 30px;\n  padding-bottom: 30px;\n}\n<\/style>\n\t<\/section>","protected":false},"excerpt":{"rendered":"","protected":false},"author":1,"featured_media":674,"parent":0,"menu_order":0,"comment_status":"closed","ping_status":"closed","template":"page-blank.php","meta":{"footnotes":""},"class_list":["post-2811","page","type-page","status-publish","has-post-thumbnail","hentry"],"jetpack_sharing_enabled":true,"_links":{"self":[{"href":"https:\/\/www.mondogrowkits.com\/pl\/wp-json\/wp\/v2\/pages\/2811","targetHints":{"allow":["GET"]}}],"collection":[{"href":"https:\/\/www.mondogrowkits.com\/pl\/wp-json\/wp\/v2\/pages"}],"about":[{"href":"https:\/\/www.mondogrowkits.com\/pl\/wp-json\/wp\/v2\/types\/page"}],"author":[{"embeddable":true,"href":"https:\/\/www.mondogrowkits.com\/pl\/wp-json\/wp\/v2\/users\/1"}],"replies":[{"embeddable":true,"href":"https:\/\/www.mondogrowkits.com\/pl\/wp-json\/wp\/v2\/comments?post=2811"}],"version-history":[{"count":8,"href":"https:\/\/www.mondogrowkits.com\/pl\/wp-json\/wp\/v2\/pages\/2811\/revisions"}],"predecessor-version":[{"id":5279,"href":"https:\/\/www.mondogrowkits.com\/pl\/wp-json\/wp\/v2\/pages\/2811\/revisions\/5279"}],"wp:featuredmedia":[{"embeddable":true,"href":"https:\/\/www.mondogrowkits.com\/pl\/wp-json\/wp\/v2\/media\/674"}],"wp:attachment":[{"href":"https:\/\/www.mondogrowkits.com\/pl\/wp-json\/wp\/v2\/media?parent=2811"}],"curies":[{"name":"wp","href":"https:\/\/api.w.org\/{rel}","templated":true}]}}