{"id":3,"date":"2025-04-01T14:28:59","date_gmt":"2025-04-01T14:28:59","guid":{"rendered":"https:\/\/staging.mondogrowkits.com\/?page_id=3"},"modified":"2026-03-12T18:42:56","modified_gmt":"2026-03-12T17:42:56","slug":"polityka-prywatnosci","status":"publish","type":"page","link":"https:\/\/www.mondogrowkits.com\/pl\/privacy-policy\/","title":{"rendered":"Polityka prywatno\u015bci"},"content":{"rendered":"<div class=\"row\"  id=\"row-1100085970\">\t<div id=\"col-458688542\" class=\"col small-12 large-12\"  >\t\t\t\t<div class=\"col-inner\"  >\t\t\t\t\t\t<h1>Polityka prywatno\u015bci<\/h1><p><blockquote class=\"wp-embedded-content\" data-secret=\"b00GKq91GL\"><a href=\"https:\/\/www.mondogrowkits.com\/pl\/\">Strona g\u0142\u00f3wna<\/a><\/blockquote><iframe class=\"wp-embedded-content\" sandbox=\"allow-scripts\" security=\"restricted\" style=\"position: absolute; visibility: hidden;\" title=\"\u201cHome\u201d - Mondo Growkits\" src=\"https:\/\/www.mondogrowkits.com\/embed\/#?secret=8GBOeSuZpz#?secret=b00GKq91GL\" data-secret=\"b00GKq91GL\" width=\"600\" height=\"338\" frameborder=\"0\" marginwidth=\"0\" marginheight=\"0\" scrolling=\"no\"><\/iframe><\/p><h2>O naszej polityce prywatno\u015bci<\/h2><p>MGK Logistics <a href=\"https:\/\/www.mondogrowkits.com\/pl\/b-magic-mushroom-grow-kit\/\">B<\/a>.V. bardzo dba o prywatno\u015b\u0107 u\u017cytkownik\u00f3w. Dlatego przetwarzamy tylko te dane, kt\u00f3re s\u0105 nam potrzebne do ulepszania naszych us\u0142ug i ostro\u017cnie obchodzimy si\u0119 z informacjami, kt\u00f3re zbieramy o u\u017cytkowniku i jego korzystaniu z naszych us\u0142ug. Dane u\u017cytkownika nigdy nie b\u0119d\u0105 udost\u0119pniane stronom trzecim w celach komercyjnych.<\/p><p>Niniejsza polityka prywatno\u015bci ma zastosowanie do korzystania ze strony internetowej i us\u0142ug \u015bwiadczonych na niej. <strong>mondogrowkits.com<\/strong>. Dat\u0105 wej\u015bcia w \u017cycie niniejszej polityki jest <strong>1 stycznia 2024 r.<\/strong>. Po opublikowaniu nowej wersji wszystkie poprzednie wersje trac\u0105 wa\u017cno\u015b\u0107.<\/p><p>Niniejsza polityka prywatno\u015bci opisuje, jakie dane zbieramy o u\u017cytkowniku, do czego s\u0105 one wykorzystywane oraz komu i na jakich warunkach dane te mog\u0105 by\u0107 udost\u0119pniane stronom trzecim. Wyja\u015bniamy r\u00f3wnie\u017c, w jaki spos\u00f3b przechowujemy dane u\u017cytkownika, jak chronimy je przed niew\u0142a\u015bciwym wykorzystaniem oraz jakie prawa przys\u0142uguj\u0105 u\u017cytkownikowi w odniesieniu do przekazanych nam danych osobowych.<\/p><p>Je\u015bli masz pytania dotycz\u0105ce naszej polityki prywatno\u015bci, mo\u017cesz skontaktowa\u0107 si\u0119 z nasz\u0105 osob\u0105 kontaktow\u0105 ds. prywatno\u015bci, korzystaj\u0105c z danych podanych na ko\u0144cu niniejszej polityki.<\/p><hr><h2>Przetwarzanie danych<\/h2><p>Poni\u017cej mo\u017cesz przeczyta\u0107, w jaki spos\u00f3b przetwarzamy Twoje dane, gdzie je przechowujemy, jakie techniki bezpiecze\u0144stwa stosujemy i kto ma dost\u0119p do danych.<\/p><hr><h2>Oprogramowanie sklepu internetowego<\/h2><h3>WooCommerce<\/h3><p>Nasz sklep internetowy zosta\u0142 opracowany przy u\u017cyciu <strong>WooCommerce<\/strong> oprogramowanie. Dane osobowe, kt\u00f3re u\u017cytkownik udost\u0119pnia nam na potrzeby naszych us\u0142ug, mog\u0105 by\u0107 udost\u0119pniane tej stronie.<\/p><p>WooCommerce ma dost\u0119p do danych u\u017cytkownika w celu zapewnienia wsparcia technicznego i nigdy nie b\u0119dzie wykorzystywa\u0107 danych u\u017cytkownika w \u017cadnym innym celu. WooCommerce jest zobowi\u0105zany, na podstawie umowy, kt\u00f3r\u0105 z nim zawarli\u015bmy, do podj\u0119cia odpowiednich \u015brodk\u00f3w bezpiecze\u0144stwa. \u015arodki te obejmuj\u0105 szyfrowanie SSL i polityk\u0119 silnych hase\u0142.<\/p><p>WooCommerce wykorzystuje pliki cookie do zbierania informacji technicznych zwi\u0105zanych z korzystaniem z oprogramowania. W tym celu nie s\u0105 gromadzone ani przechowywane \u017cadne dane osobowe.<\/p><hr><h2>Hosting internetowy<\/h2><h3>Hoasted<\/h3><p>Kupujemy us\u0142ugi hostingowe od <strong>Hoasted<\/strong>. Hoasted przetwarza dane osobowe w naszym imieniu i nie wykorzystuje ich do w\u0142asnych cel\u00f3w.<\/p><p>Strona ta mo\u017ce jednak gromadzi\u0107 metadane dotycz\u0105ce korzystania z us\u0142ug. Nie s\u0105 to dane osobowe. Hoasted podj\u0105\u0142 odpowiednie \u015brodki techniczne i organizacyjne, aby zapobiec utracie i nieuprawnionemu wykorzystaniu danych osobowych u\u017cytkownika.<\/p><p>Hoasted jest zwi\u0105zany umowami o zachowaniu poufno\u015bci.<\/p><hr><h2>Listy e-mailowe i mailingowe<\/h2><h3>Brevo<\/h3><p>U\u017cywamy <strong>Brevo<\/strong> do wysy\u0142ania newsletter\u00f3w i zautomatyzowanej komunikacji e-mail.<\/p><p>Brevo nigdy nie wykorzysta Twojego imienia i nazwiska ani adresu e-mail do w\u0142asnych cel\u00f3w. Na dole ka\u017cdej wiadomo\u015bci e-mail wysy\u0142anej automatycznie za po\u015brednictwem naszej strony internetowej znajduje si\u0119 <strong>link rezygnacji z subskrypcji<\/strong>. Je\u015bli skorzystasz z tego linku, nie b\u0119dziesz ju\u017c otrzymywa\u0107 naszego newslettera.<\/p><p>Dane osobowe u\u017cytkownika s\u0105 bezpiecznie przechowywane przez firm\u0119 Brevo. Brevo mo\u017ce wykorzystywa\u0107 pliki cookie i technologie internetowe do \u015bledzenia, czy wiadomo\u015bci e-mail s\u0105 otwierane i czytane. Informacje te pomagaj\u0105 usprawni\u0107 nasz\u0105 komunikacj\u0119.<\/p><hr><h2>Podmioty przetwarzaj\u0105ce p\u0142atno\u015bci<\/h2><h3>Icepay i Cardgate<\/h3><p>Do przetwarzania p\u0142atno\u015bci w naszym sklepie internetowym u\u017cywamy <a href=\"https:\/\/www.mondogrowkits.com\/pl\/payment-options\/\">p\u0142atno\u015b\u0107<\/a> platformy <strong>Icepay<\/strong> oraz <strong>Cardgate<\/strong>.<\/p><p>Dostawcy ci przetwarzaj\u0105 imi\u0119 i nazwisko, adres, szczeg\u00f3\u0142y p\u0142atno\u015bci i inne informacje niezb\u0119dne do sfinalizowania transakcji. Obie firmy podj\u0119\u0142y odpowiednie \u015brodki techniczne i organizacyjne w celu ochrony danych osobowych u\u017cytkownika.<\/p><hr><h2>Recenzje<\/h2><h3>WebwinkelKeur<\/h3><p>Zbieramy opinie za po\u015brednictwem <strong>WebwinkelKeur<\/strong> platforma.<\/p><p>Je\u015bli zostawisz recenzj\u0119 za po\u015brednictwem WebwinkelKeur, musisz poda\u0107 swoje imi\u0119 i nazwisko oraz adres e-mail. WebwinkelKeur udost\u0119pnia nam te dane, aby\u015bmy mogli powi\u0105za\u0107 recenzj\u0119 z zam\u00f3wieniem. WebwinkelKeur mo\u017ce r\u00f3wnie\u017c opublikowa\u0107 imi\u0119 i nazwisko u\u017cytkownika na swojej stronie internetowej.<\/p><p>W niekt\u00f3rych przypadkach WebwinkelKeur mo\u017ce skontaktowa\u0107 si\u0119 z u\u017cytkownikiem w celu uzyskania wyja\u015bnie\u0144 dotycz\u0105cych recenzji.<\/p><p>WebwinkelKeur podj\u0105\u0142 odpowiednie \u015brodki techniczne i organizacyjne w celu ochrony danych osobowych u\u017cytkownik\u00f3w.<\/p><hr><h2>Spedycja i logistyka<\/h2><h3>FedEx<\/h3><p>Po z\u0142o\u017ceniu zam\u00f3wienia u nas, naszym obowi\u0105zkiem jest dostarczenie paczki do Ciebie.<\/p><p>Korzystamy z us\u0142ug <strong>FedEx<\/strong> dla dostaw. W tym celu udost\u0119pniamy FedEx imi\u0119 i nazwisko, adres i miasto u\u017cytkownika. FedEx wykorzystuje te informacje wy\u0142\u0105cznie w celu realizacji us\u0142ugi dostawy.<\/p><p>Je\u015bli FedEx korzysta z podwykonawc\u00f3w, dane u\u017cytkownika mog\u0105 by\u0107 r\u00f3wnie\u017c udost\u0119pniane tym podmiotom.<\/p><hr><h2>Ksi\u0119gowo\u015b\u0107 i rachunkowo\u015b\u0107<\/h2><h3>Exact Online<\/h3><p>Do cel\u00f3w administracyjnych i ksi\u0119gowych u\u017cywamy <strong>Exact Online<\/strong>.<\/p><p>Udost\u0119pniamy imi\u0119 i nazwisko, dane adresowe i informacje o zam\u00f3wieniu Exact Online w celu przetwarzania faktur i prowadzenia dokumentacji finansowej. Dane u\u017cytkownika s\u0105 bezpiecznie przesy\u0142ane i przechowywane. Exact Online podj\u0119\u0142a niezb\u0119dne \u015brodki techniczne i organizacyjne w celu ochrony danych osobowych u\u017cytkownika.<\/p><hr><h2>Zewn\u0119trzne kana\u0142y sprzeda\u017cy<\/h2><h3>Bol.com i Amazon<\/h3><p>Niekt\u00f3re z naszych produkt\u00f3w sprzedajemy za po\u015brednictwem platform <strong>Bol.com<\/strong> oraz <strong>Amazon<\/strong>.<\/p><p>W przypadku z\u0142o\u017cenia zam\u00f3wienia za po\u015brednictwem jednej z tych platform, udost\u0119pniaj\u0105 one nam dane osobowe u\u017cytkownika. U\u017cywamy tych informacji wy\u0142\u0105cznie do przetwarzania i dostarczania zam\u00f3wie\u0144.<\/p><p>Traktujemy te dane poufnie i wdro\u017cyli\u015bmy odpowiednie \u015brodki bezpiecze\u0144stwa.<\/p><hr><h2>Cel przetwarzania danych<\/h2><h3>Og\u00f3lny cel przetwarzania<\/h3><p>Wykorzystujemy dane u\u017cytkownika wy\u0142\u0105cznie w celu \u015bwiadczenia naszych us\u0142ug. Oznacza to, \u017ce cel przetwarzania jest zawsze bezpo\u015brednio zwi\u0105zany z zam\u00f3wieniem lub \u017c\u0105daniem z\u0142o\u017conym przez u\u017cytkownika.<\/p><p>Nie wykorzystujemy danych u\u017cytkownika do cel\u00f3w marketingu ukierunkowanego, chyba \u017ce u\u017cytkownik wyrazi na to wyra\u017an\u0105 zgod\u0119.<\/p><p>Dane u\u017cytkownika nie b\u0119d\u0105 udost\u0119pniane stronom trzecim, z wyj\u0105tkiem przypadk\u00f3w, gdy jest to konieczne do wype\u0142nienia obowi\u0105zk\u00f3w administracyjnych, ksi\u0119gowych lub prawnych.<\/p><p>Wszystkie zaanga\u017cowane strony trzecie s\u0105 zwi\u0105zane umowami o zachowaniu poufno\u015bci.<\/p><hr><h2>Automatycznie zbierane dane<\/h2><p>Dane automatycznie gromadzone przez nasz\u0105 stron\u0119 internetow\u0105 s\u0105 wykorzystywane do dalszego ulepszania naszych us\u0142ug.<\/p><p>Przyk\u0142ady obejmuj\u0105:<\/p><ul>\n<li>Adres IP<\/li>\n<li>Przegl\u0105darka internetowa<\/li>\n<li>System operacyjny<\/li>\n<\/ul><p>Dane te nie s\u0105 wykorzystywane do osobistej identyfikacji odwiedzaj\u0105cych.<\/p><hr><h2>Przechowywanie danych<\/h2><p>Przechowujemy dane u\u017cytkownika tak d\u0142ugo, jak pozostaje on naszym klientem.<\/p><p>Je\u015bli u\u017cytkownik wska\u017ce, \u017ce nie chce ju\u017c korzysta\u0107 z naszych us\u0142ug, zinterpretujemy to jako pro\u015bb\u0119 o usuni\u0119cie jego danych.<\/p><p>Dane osobowe u\u017cytkownika nie b\u0119d\u0105 przechowywane przez okres d\u0142u\u017cszy ni\u017c <strong>dwa lata od ostatniej transakcji lub kontaktu<\/strong>, chyba \u017ce jeste\u015bmy zobowi\u0105zani do przechowywania okre\u015blonych informacji ze wzgl\u0119du na zobowi\u0105zania prawne.<\/p><p>Faktury zawieraj\u0105ce dane osobowe musz\u0105 by\u0107 przechowywane przez prawnie wymagany okres administracyjny.<\/p><hr><h2>Prawa u\u017cytkownika<\/h2><p>Zgodnie z europejskimi i holenderskimi przepisami o ochronie danych (RODO) u\u017cytkownikowi przys\u0142uguje kilka praw dotycz\u0105cych jego danych osobowych.<\/p><p>Prawa te obejmuj\u0105:<\/p><ul>\n<li>Prawo dost\u0119pu<\/li>\n<li>Prawo do sprostowania<\/li>\n<li>Prawo do ograniczenia przetwarzania<\/li>\n<li>Prawo do przenoszenia danych<\/li>\n<li>Prawo do sprzeciwu wobec przetwarzania<\/li>\n<li>Prawo do \u017c\u0105dania usuni\u0119cia danych<\/li>\n<\/ul><p>Aby zapobiec nadu\u017cyciom, kopie danych u\u017cytkownika b\u0119d\u0105 zazwyczaj wysy\u0142ane wy\u0142\u0105cznie na znany nam adres e-mail.<\/p><p>U\u017cytkownik ma r\u00f3wnie\u017c prawo do z\u0142o\u017cenia skargi do <strong>Holenderski organ ochrony danych (Autoriteit Persoonsgegevens)<\/strong> je\u015bli u\u017cytkownik uwa\u017ca, \u017ce jego dane osobowe s\u0105 przetwarzane nieprawid\u0142owo.<\/p><hr><h2>Pliki cookie<\/h2><h3>Google Analytics<\/h3><p>Nasza witryna wykorzystuje pliki cookie pochodz\u0105ce od <strong>Google Analytics<\/strong> do analizowania sposobu, w jaki odwiedzaj\u0105cy korzystaj\u0105 z witryny.<\/p><p>Pozwala nam to monitorowa\u0107 korzystanie z witryny i ulepsza\u0107 nasze us\u0142ugi.<\/p><p>Nie zezwolili\u015bmy Google na wykorzystywanie zebranych informacji analitycznych do innych us\u0142ug Google.<\/p><hr><h2>Pliki cookie stron trzecich<\/h2><p>Je\u015bli oprogramowanie innych firm korzysta z plik\u00f3w cookie, zostanie to okre\u015blone w niniejszej polityce prywatno\u015bci.<\/p><hr><h2>Zmiany w Polityce prywatno\u015bci<\/h2><p>Zastrzegamy sobie prawo do zmiany niniejszej polityki prywatno\u015bci w dowolnym momencie.<\/p><p>Najnowsza wersja b\u0119dzie zawsze dost\u0119pna na tej stronie. Je\u015bli zmiany wp\u0142yn\u0105 na spos\u00f3b, w jaki przetwarzamy ju\u017c zebrane dane o u\u017cytkowniku, powiadomimy go o tym poczt\u0105 elektroniczn\u0105.<\/p><hr><h2>Informacje kontaktowe<\/h2><p> MGK Logistics B.V.<br \/> Newtonstraat 25<br \/> 1446 VP Purmerend<br \/> Holandia <\/p><p>Strona internetowa: <a href=\"https:\/\/www.mondogrowkits.com\/pl\/\">https:\/\/www.mondogrowkits.com<\/a><\/p>\t\t<\/div>\t\t\t\t\t<\/div>\t<\/div>","protected":false},"excerpt":{"rendered":"","protected":false},"author":1,"featured_media":0,"parent":0,"menu_order":0,"comment_status":"closed","ping_status":"closed","template":"","meta":{"footnotes":""},"class_list":["post-3","page","type-page","status-publish","hentry"],"jetpack_sharing_enabled":true,"_links":{"self":[{"href":"https:\/\/www.mondogrowkits.com\/pl\/wp-json\/wp\/v2\/pages\/3","targetHints":{"allow":["GET"]}}],"collection":[{"href":"https:\/\/www.mondogrowkits.com\/pl\/wp-json\/wp\/v2\/pages"}],"about":[{"href":"https:\/\/www.mondogrowkits.com\/pl\/wp-json\/wp\/v2\/types\/page"}],"author":[{"embeddable":true,"href":"https:\/\/www.mondogrowkits.com\/pl\/wp-json\/wp\/v2\/users\/1"}],"replies":[{"embeddable":true,"href":"https:\/\/www.mondogrowkits.com\/pl\/wp-json\/wp\/v2\/comments?post=3"}],"version-history":[{"count":7,"href":"https:\/\/www.mondogrowkits.com\/pl\/wp-json\/wp\/v2\/pages\/3\/revisions"}],"predecessor-version":[{"id":4370,"href":"https:\/\/www.mondogrowkits.com\/pl\/wp-json\/wp\/v2\/pages\/3\/revisions\/4370"}],"wp:attachment":[{"href":"https:\/\/www.mondogrowkits.com\/pl\/wp-json\/wp\/v2\/media?parent=3"}],"curies":[{"name":"wp","href":"https:\/\/api.w.org\/{rel}","templated":true}]}}