{"id":3317,"date":"2026-01-25T13:29:44","date_gmt":"2026-01-25T12:29:44","guid":{"rendered":"https:\/\/www.mondogrowkits.com\/?page_id=3317"},"modified":"2026-01-25T13:37:53","modified_gmt":"2026-01-25T12:37:53","slug":"instrukcja-obslugi-strzykawki-zarodnikowej-2","status":"publish","type":"page","link":"https:\/\/www.mondogrowkits.com\/pl\/spore-syringe-manual-2\/","title":{"rendered":"Instrukcja obs\u0142ugi strzykawki zarodnikowej"},"content":{"rendered":"<section class=\"section\" id=\"section_1734578339\">\t\t<div class=\"section-bg fill\" >\t\t\t\t\t\t\t\t\t\t\t\t\t\t<\/div>\t\t\t\t<div class=\"section-content relative\">\t\t\t\t<div id=\"gap-706425834\" class=\"gap-element clearfix\" style=\"display:block; height:auto;\">\t\t<style>\n#gap-706425834 {\n  padding-top: 30px;\n}\n<\/style>\t<\/div>\t<div class=\"row row-large\"  id=\"row-2082404892\">\t<div id=\"col-634545585\" class=\"col medium-12 small-12 large-7\"  >\t\t\t\t<div class=\"col-inner\"  >\t\t\t\t\t\t\t<div id=\"text-101603293\" class=\"text\">\t\t<h1>Strzykawka zarodnikowa - przewodnik aktywacji<\/h1>\t\t<style>\n#text-101603293 {\n  font-size: 1.4rem;\n  color: #d55a46;\n}\n#text-101603293 > * {\n  color: #d55a46;\n}\n<\/style>\t<\/div>\t\t<div id=\"text-1930002942\" class=\"text\">\t\t<h2>Jak zacz\u0105\u0107<\/h2>\t\t<style>\n#text-1930002942 {\n  font-size: 1.2rem;\n}\n<\/style>\t<\/div>\t<p>Niniejszy przewodnik zawiera wszystkie niezb\u0119dne instrukcje dotycz\u0105ce prawid\u0142owego korzystania z <a href=\"https:\/\/www.mondogrowkits.com\/pl\/psilocybe-cubensis-spore-syringes\/\">strzykawka zarodnikowa<\/a> do inokulacji pod\u0142o\u017ca. Wyja\u015bnia kluczowe etapy przygotowania i wstrzykiwania wymagane do zapewnienia czystego i udanego procesu inokulacji.<\/p><p>Znajdziesz tu jasne wytyczne dotycz\u0105ce kontroli, sterylizacji i prawid\u0142owych technik wstrzykiwania, aby zminimalizowa\u0107 ryzyko zanieczyszczenia i wspiera\u0107 zdrowy rozw\u00f3j grzybni.<\/p><p>Post\u0119puj dok\u0142adnie zgodnie z ka\u017cdym krokiem, aby prawid\u0142owo u\u017cywa\u0107 strzykawki z zarodnikami i promowa\u0107 sp\u00f3jn\u0105, niezawodn\u0105 kolonizacj\u0119 <a href=\"https:\/\/www.mondogrowkits.com\/pl\/sterilised-substrate\/\">pod\u0142o\u017ce<\/a>.<\/p><a href=\"https:\/\/www.mondogrowkits.com\/wp-content\/uploads\/2025\/12\/Spore-Syringe-Manual.pdf\" target=\"_blank\" class=\"button primary is-large\" rel=\"noopener\" style=\"border-radius:99px;\">\n\t\t<span>Pobierz instrukcj\u0119<\/span>\n\t<\/a><a class=\"button secondary is-large\" style=\"border-radius:99px;\">\n\t\t<span>Film instrukta\u017cowy<\/span>\n\t<\/a>\t\t<\/div>\t\t\t\t\t<\/div>\t\t<div id=\"col-598807490\" class=\"col medium-12 small-12 large-5\"  >\t\t\t\t<div class=\"col-inner\"  >\t\t\t\t\t\t\t<div class=\"img has-hover x md-x lg-x y md-y lg-y\" id=\"image_1411810531\">\t\t\t\t\t\t\t\t<div class=\"img-inner image-cover dark\" style=\"padding-top:100%;\">\t\t\t<img decoding=\"async\" width=\"800\" height=\"800\" src=\"https:\/\/www.mondogrowkits.com\/wp-content\/uploads\/2025\/07\/SPORE_SYRINGE_longest1500-800x800.png\" class=\"attachment-large size-large\" alt=\"Psilocybe Cubensis Strzykawka do zarodnik\u00f3w\" srcset=\"https:\/\/www.mondogrowkits.com\/wp-content\/uploads\/2025\/07\/SPORE_SYRINGE_longest1500-800x800.png 800w, https:\/\/www.mondogrowkits.com\/wp-content\/uploads\/2025\/07\/SPORE_SYRINGE_longest1500-400x400.png 400w, https:\/\/www.mondogrowkits.com\/wp-content\/uploads\/2025\/07\/SPORE_SYRINGE_longest1500-100x100.png 100w, https:\/\/www.mondogrowkits.com\/wp-content\/uploads\/2025\/07\/SPORE_SYRINGE_longest1500-1000x1000.png 1000w, https:\/\/www.mondogrowkits.com\/wp-content\/uploads\/2025\/07\/SPORE_SYRINGE_longest1500-280x280.png 280w, https:\/\/www.mondogrowkits.com\/wp-content\/uploads\/2025\/07\/SPORE_SYRINGE_longest1500-768x768.png 768w, https:\/\/www.mondogrowkits.com\/wp-content\/uploads\/2025\/07\/SPORE_SYRINGE_longest1500-12x12.png 12w, https:\/\/www.mondogrowkits.com\/wp-content\/uploads\/2025\/07\/SPORE_SYRINGE_longest1500.png 1500w\" sizes=\"(max-width: 800px) 100vw, 800px\" title=\"\">\t\t\t\t\t\t\t\t\t\t\t<\/div>\t\t\t\t\t\t\t\t<style>\n#image_1411810531 {\n  width: 100%;\n}\n<\/style>\t<\/div>\t\t\t<\/div>\t\t\t\t\t<\/div>\t<\/div><div class=\"row\"  id=\"row-1948915745\">\t<div id=\"col-1415150618\" class=\"col small-12 large-12\"  >\t\t\t\t<div class=\"col-inner\"  >\t\t\t\t<div class=\"is-border\"\n\t\tstyle=\"border-width:0px 0px 0px 0px;\">\t<\/div>\t\t\t<h2>Instrukcja obs\u0142ugi strzykawki zarodnikowej<\/h2><h3>Informacje o produkcie<\/h3><p>    <strong>Produkt:<\/strong> Strzykawka do zarodnik\u00f3w<br \/>    <strong>Opis:<\/strong> Strzykawka zawieraj\u0105ca 20 ml zawiesiny zarodnik\u00f3w w wodzie demi, odpowiednia do bezpo\u015bredniego zaszczepiania pod\u0142o\u017cy.<br \/>    <strong>Publiczno\u015b\u0107:<\/strong> \u015arednio zaawansowani klienci z wcze\u015bniejszym do\u015bwiadczeniem w uprawie.<\/p><h3>Do\u0142\u0105czone komponenty<\/h3><ul>\n<li>20 ml strzykawka do zarodnik\u00f3w (zawiesina zarodnik\u00f3w w wodzie demi)<\/li>\n<li>1x sterylna ig\u0142a<\/li>\n<li>Waciki nas\u0105czone alkoholem<\/li>\n<\/ul><h3>Instrukcje krok po kroku<\/h3><h4>Krok 1: Przygotowania<\/h4><h5>Kontrola<\/h5><ul>\n<li>Sprawdzi\u0107 strzykawk\u0119 z zarodnikami, aby upewni\u0107 si\u0119, \u017ce p\u0142yn jest czysty i wolny od widocznych zanieczyszcze\u0144.<\/li>\n<\/ul><h5>Przygotowanie i dezynfekcja strzykawki<\/h5><ul>\n<li>Zdj\u0105\u0107 nasadk\u0119 ochronn\u0105 ze strzykawki.<\/li>\n<li>Zdezynfekuj ko\u0144c\u00f3wk\u0119 strzykawki za pomoc\u0105 do\u0142\u0105czonego wacika nas\u0105czonego alkoholem.<\/li>\n<li>Ostro\u017cnie wyjmij steryln\u0105 ig\u0142\u0119 z opakowania.<\/li>\n<li>Bezpiecznie przymocuj ig\u0142\u0119 do strzykawki i zdezynfekuj j\u0105.<\/li>\n<li>Dok\u0142adnie zdezynfekuj port wtrysku wybranego pod\u0142o\u017ca.<\/li>\n<\/ul><h4>Krok 2: Wstrzykni\u0119cie do pod\u0142o\u017ca<\/h4><ul>\n<li>Delikatnie wstrz\u0105sn\u0105\u0107 strzykawk\u0105, aby r\u00f3wnomiernie rozprowadzi\u0107 zarodniki w p\u0142ynie.<\/li>\n<li>Wstrzyknij ca\u0142\u0105 zawarto\u015b\u0107 strzykawki przez port iniekcyjny zestawu do uprawy.<\/li>\n<li>Przechyl pojemnik do uprawy na boki oraz w g\u00f3r\u0119 i w d\u00f3\u0142 lub delikatnie masuj worek do uprawy, aby r\u00f3wnomiernie rozprowadzi\u0107 roztw\u00f3r zarodnik\u00f3w w pod\u0142o\u017cu.<\/li>\n<\/ul>\t\t<\/div>\t\t\t\t\t<\/div>\t<\/div>\t\t<\/div>\t\t<style>\n#section_1734578339 {\n  padding-top: 30px;\n  padding-bottom: 30px;\n}\n<\/style>\t<\/section>","protected":false},"excerpt":{"rendered":"","protected":false},"author":1,"featured_media":674,"parent":0,"menu_order":0,"comment_status":"closed","ping_status":"closed","template":"page-blank.php","meta":{"footnotes":""},"class_list":["post-3317","page","type-page","status-publish","has-post-thumbnail","hentry"],"jetpack_sharing_enabled":true,"_links":{"self":[{"href":"https:\/\/www.mondogrowkits.com\/pl\/wp-json\/wp\/v2\/pages\/3317","targetHints":{"allow":["GET"]}}],"collection":[{"href":"https:\/\/www.mondogrowkits.com\/pl\/wp-json\/wp\/v2\/pages"}],"about":[{"href":"https:\/\/www.mondogrowkits.com\/pl\/wp-json\/wp\/v2\/types\/page"}],"author":[{"embeddable":true,"href":"https:\/\/www.mondogrowkits.com\/pl\/wp-json\/wp\/v2\/users\/1"}],"replies":[{"embeddable":true,"href":"https:\/\/www.mondogrowkits.com\/pl\/wp-json\/wp\/v2\/comments?post=3317"}],"version-history":[{"count":2,"href":"https:\/\/www.mondogrowkits.com\/pl\/wp-json\/wp\/v2\/pages\/3317\/revisions"}],"predecessor-version":[{"id":3320,"href":"https:\/\/www.mondogrowkits.com\/pl\/wp-json\/wp\/v2\/pages\/3317\/revisions\/3320"}],"wp:featuredmedia":[{"embeddable":true,"href":"https:\/\/www.mondogrowkits.com\/pl\/wp-json\/wp\/v2\/media\/674"}],"wp:attachment":[{"href":"https:\/\/www.mondogrowkits.com\/pl\/wp-json\/wp\/v2\/media?parent=3317"}],"curies":[{"name":"wp","href":"https:\/\/api.w.org\/{rel}","templated":true}]}}