{"id":4139,"date":"2026-03-05T18:45:24","date_gmt":"2026-03-05T17:45:24","guid":{"rendered":"https:\/\/www.mondogrowkits.com\/?page_id=4139"},"modified":"2026-05-13T15:36:04","modified_gmt":"2026-05-13T14:36:04","slug":"zloty-nauczyciel-psilocybe-cubensis-szczep","status":"publish","type":"page","link":"https:\/\/www.mondogrowkits.com\/pl\/magic-mushroom-strain-library\/golden-teacher-psilocybe-cubensis-strain\/","title":{"rendered":"Golden Teacher (Psilocybe cubensis) Szczep"},"content":{"rendered":"<section class=\"section\" id=\"section_73933398\">\t\t<div class=\"section-bg fill\" >\t\t\t\t\t\t\t\t\t<div class=\"section-bg-overlay absolute fill\"><\/div>\t\t\t\t\t<\/div>\t\t\t\t<div class=\"section-content relative\">\t\t\t<div class=\"row row-large align-middle\"  id=\"row-424865171\">\t<div id=\"col-1475468201\" class=\"col medium-6 small-12 large-6\"  >\t\t\t\t<div class=\"col-inner text-left\"  >\t\t\t\t\t\t<h1 data-start=\"1054\" data-end=\"1098\">Golden Teacher (Psilocybe cubensis) Szczep<\/h1><p data-start=\"1100\" data-end=\"1343\">Golden Teacher jest jednym z najbardziej znanych <strong data-start=\"1141\" data-end=\"1171\">Odmiany Psilocybe cubensis<\/strong> na \u015bwiecie i jest powszechnie uprawiana od dziesi\u0119cioleci. Odmiana ta znana jest z charakterystycznego <strong data-start=\"1269\" data-end=\"1342\">czapki w z\u0142otym kolorze, niezawodny wzrost i zr\u00f3wnowa\u017cone efekty psychodeliczne<\/strong>.<\/p><p data-start=\"1345\" data-end=\"1504\">Ze wzgl\u0119du na jego <strong data-start=\"1360\" data-end=\"1401\">umiarkowana moc i \u0142atwa uprawa<\/strong>, Golden Teacher sta\u0142 si\u0119 jednym z najpopularniejszych szczep\u00f3w zar\u00f3wno dla <a href=\"https:\/\/www.mondogrowkits.com\/pl\/mondo-growkits-best-strains-beginners-advanced\/\">pocz\u0105tkuj\u0105cy<\/a> i do\u015bwiadczonych hodowc\u00f3w.<\/p><p data-start=\"1506\" data-end=\"1709\">Wielu pocz\u0105tkuj\u0105cych kultywuj\u0105cych zaczyna od <strong data-start=\"1547\" data-end=\"1589\">Golden Teacher Zestaw do uprawy magicznych grzyb\u00f3w<\/strong>, podczas gdy bardziej do\u015bwiadczeni hodowcy mog\u0105 uprawia\u0107 t\u0119 odmian\u0119 przy u\u017cyciu <strong data-start=\"1655\" data-end=\"1708\">Golden Teacher - Strzykawka zarodnikowa Psilocybe Cubensis<\/strong>.<\/p><p data-start=\"1711\" data-end=\"1860\">Grzyby Golden Teacher s\u0105 cz\u0119sto zwi\u0105zane z <strong data-start=\"1762\" data-end=\"1818\">introspektywne i wnikliwe do\u015bwiadczenia psychodeliczne<\/strong>, St\u0105d te\u017c wzi\u0119\u0142a si\u0119 nazwa tej odmiany.<\/p>\t\t<\/div>\t\t\t\t\t<\/div>\t\t<div id=\"col-846426325\" class=\"col medium-6 small-12 large-6\"  >\t\t\t\t<div class=\"col-inner\"  >\t\t\t\t\t\t\t<div class=\"img has-hover x md-x lg-x y md-y lg-y\" id=\"image_2002978336\">\t\t\t\t\t\t\t\t<div class=\"img-inner image-cover dark\" style=\"padding-top:75%;\">\t\t\t<img decoding=\"async\" width=\"800\" height=\"800\" src=\"https:\/\/www.mondogrowkits.com\/wp-content\/uploads\/2025\/05\/ChatGPT-Image-23-mrt-2026-17_18_03-800x800.png\" class=\"attachment-large size-large\" alt=\"Golden Teacher - Zestaw do uprawy magicznych grzyb\u00f3w\" srcset=\"https:\/\/www.mondogrowkits.com\/wp-content\/uploads\/2025\/05\/ChatGPT-Image-23-mrt-2026-17_18_03-800x800.png 800w, https:\/\/www.mondogrowkits.com\/wp-content\/uploads\/2025\/05\/ChatGPT-Image-23-mrt-2026-17_18_03-400x400.png 400w, https:\/\/www.mondogrowkits.com\/wp-content\/uploads\/2025\/05\/ChatGPT-Image-23-mrt-2026-17_18_03-100x100.png 100w, https:\/\/www.mondogrowkits.com\/wp-content\/uploads\/2025\/05\/ChatGPT-Image-23-mrt-2026-17_18_03-1000x1000.png 1000w, https:\/\/www.mondogrowkits.com\/wp-content\/uploads\/2025\/05\/ChatGPT-Image-23-mrt-2026-17_18_03-280x280.png 280w, https:\/\/www.mondogrowkits.com\/wp-content\/uploads\/2025\/05\/ChatGPT-Image-23-mrt-2026-17_18_03-768x768.png 768w, https:\/\/www.mondogrowkits.com\/wp-content\/uploads\/2025\/05\/ChatGPT-Image-23-mrt-2026-17_18_03-12x12.png 12w, https:\/\/www.mondogrowkits.com\/wp-content\/uploads\/2025\/05\/ChatGPT-Image-23-mrt-2026-17_18_03.png 1024w\" sizes=\"(max-width: 800px) 100vw, 800px\" title=\"\">\t\t\t\t\t\t\t\t\t\t\t<\/div>\t\t\t\t\t\t\t\t<style>\n#image_2002978336 {\n  width: 100%;\n}\n<\/style>\t<\/div>\t\t\t<\/div>\t\t\t\t\t<\/div>\t<\/div><div class=\"row\"  id=\"row-21227393\">\t<div id=\"col-761307531\" class=\"col small-12 large-12\"  >\t\t\t\t<div class=\"col-inner\"  >\t\t\t\t\t\t<h2 data-start=\"1867\" data-end=\"1898\">Profil szczepu Golden Teacher<\/h2><div class=\"TyagGW_tableContainer\"><div class=\"group TyagGW_tableWrapper flex flex-col-reverse w-fit\" tabindex=\"-1\"><table class=\"w-fit min-w-(--thread-content-width)\" data-start=\"1900\" data-end=\"2100\">\n<thead data-start=\"1900\" data-end=\"1921\">\n<tr data-start=\"1900\" data-end=\"1921\">\n<th class=\"\" data-start=\"1900\" data-end=\"1911\" data-col-size=\"sm\">Nieruchomo\u015b\u0107<\/th>\n<th class=\"\" data-start=\"1911\" data-end=\"1921\" data-col-size=\"sm\">Ocena<\/th>\n<\/tr>\n<\/thead>\n<tbody data-start=\"1932\" data-end=\"2100\">\n<tr data-start=\"1932\" data-end=\"1951\">\n<td data-start=\"1932\" data-end=\"1942\" data-col-size=\"sm\">Potencja<\/td>\n<td data-col-size=\"sm\" data-start=\"1942\" data-end=\"1951\">\u2b50\u2b50\u2b50\u2606\u2606<\/td>\n<\/tr>\n<tr data-start=\"1952\" data-end=\"1978\">\n<td data-start=\"1952\" data-end=\"1969\" data-col-size=\"sm\">Efekty wizualne<\/td>\n<td data-col-size=\"sm\" data-start=\"1969\" data-end=\"1978\">\u2b50\u2b50\u2b50\u2b50\u2606<\/td>\n<\/tr>\n<tr data-start=\"1979\" data-end=\"2011\">\n<td data-start=\"1979\" data-end=\"2002\" data-col-size=\"sm\">Do\u015bwiadczenie duchowe<\/td>\n<td data-col-size=\"sm\" data-start=\"2002\" data-end=\"2011\">\u2b50\u2b50\u2b50\u2b50\u2606<\/td>\n<\/tr>\n<tr data-start=\"2012\" data-end=\"2041\">\n<td data-start=\"2012\" data-end=\"2032\" data-col-size=\"sm\">Przyjazny dla pocz\u0105tkuj\u0105cych<\/td>\n<td data-start=\"2032\" data-end=\"2041\" data-col-size=\"sm\">\u2b50\u2b50\u2b50\u2b50\u2b50<\/td>\n<\/tr>\n<tr data-start=\"2042\" data-end=\"2072\">\n<td data-start=\"2042\" data-end=\"2063\" data-col-size=\"sm\">Rosn\u0105ce trudno\u015bci<\/td>\n<td data-start=\"2063\" data-end=\"2072\" data-col-size=\"sm\">\u2b50\u2b50\u2606\u2606\u2606<\/td>\n<\/tr>\n<tr data-start=\"2073\" data-end=\"2100\">\n<td data-start=\"2073\" data-end=\"2091\" data-col-size=\"sm\">Potencja\u0142 wydajno\u015bci<\/td>\n<td data-start=\"2091\" data-end=\"2100\" data-col-size=\"sm\">\u2b50\u2b50\u2b50\u2b50\u2606<\/td>\n<\/tr>\n<\/tbody>\n<\/table><\/div><\/div><hr data-start=\"2102\" data-end=\"2105\"><h2 data-start=\"2107\" data-end=\"2127\">Szybkie fakty na temat szczepu<\/h2><div class=\"TyagGW_tableContainer\"><div class=\"group TyagGW_tableWrapper flex flex-col-reverse w-fit\" tabindex=\"-1\"><table class=\"w-fit min-w-(--thread-content-width)\" data-start=\"2129\" data-end=\"2423\">\n<thead data-start=\"2129\" data-end=\"2151\">\n<tr data-start=\"2129\" data-end=\"2151\">\n<th class=\"\" data-start=\"2129\" data-end=\"2140\" data-col-size=\"sm\">Nieruchomo\u015b\u0107<\/th>\n<th class=\"\" data-start=\"2140\" data-end=\"2151\" data-col-size=\"sm\">Szczeg\u00f3\u0142y<\/th>\n<\/tr>\n<\/thead>\n<tbody data-start=\"2162\" data-end=\"2423\">\n<tr data-start=\"2162\" data-end=\"2194\">\n<td data-start=\"2162\" data-end=\"2172\" data-col-size=\"sm\">Gatunek<\/td>\n<td data-start=\"2172\" data-end=\"2194\" data-col-size=\"sm\">Psilocybe cubensis<\/td>\n<\/tr>\n<tr data-start=\"2195\" data-end=\"2222\">\n<td data-start=\"2195\" data-end=\"2204\" data-col-size=\"sm\">Napi\u0119cie<\/td>\n<td data-start=\"2204\" data-end=\"2222\" data-col-size=\"sm\">Golden Teacher<\/td>\n<\/tr>\n<tr data-start=\"2223\" data-end=\"2243\">\n<td data-start=\"2223\" data-end=\"2233\" data-col-size=\"sm\">Potencja<\/td>\n<td data-start=\"2233\" data-end=\"2243\" data-col-size=\"sm\">\u015aredni<\/td>\n<\/tr>\n<tr data-start=\"2244\" data-end=\"2265\">\n<td data-start=\"2244\" data-end=\"2257\" data-col-size=\"sm\">Trudno\u015b\u0107<\/td>\n<td data-col-size=\"sm\" data-start=\"2257\" data-end=\"2265\">\u0141atwy<\/td>\n<\/tr>\n<tr data-start=\"2266\" data-end=\"2303\">\n<td data-start=\"2266\" data-end=\"2275\" data-col-size=\"sm\">Pochodzenie<\/td>\n<td data-start=\"2275\" data-end=\"2303\" data-col-size=\"sm\">Ameryka Po\u0142udniowa (w opinii)<\/td>\n<\/tr>\n<tr data-start=\"2304\" data-end=\"2335\">\n<td data-start=\"2304\" data-end=\"2320\" data-col-size=\"sm\">Czas trwania podr\u00f3\u017cy<\/td>\n<td data-col-size=\"sm\" data-start=\"2320\" data-end=\"2335\">4 - 6 godzin<\/td>\n<\/tr>\n<tr data-start=\"2336\" data-end=\"2372\">\n<td data-start=\"2336\" data-end=\"2356\" data-col-size=\"sm\">Czas kolonizacji<\/td>\n<td data-col-size=\"sm\" data-start=\"2356\" data-end=\"2372\">10 - 20 dni<\/td>\n<\/tr>\n<tr data-start=\"2373\" data-end=\"2403\">\n<td data-start=\"2373\" data-end=\"2388\" data-col-size=\"sm\">Czas zbior\u00f3w<\/td>\n<td data-col-size=\"sm\" data-start=\"2388\" data-end=\"2403\">2-3 tygodnie<\/td>\n<\/tr>\n<tr data-start=\"2404\" data-end=\"2423\">\n<td data-start=\"2404\" data-end=\"2414\" data-col-size=\"sm\">Sp\u0142uczki<\/td>\n<td data-col-size=\"sm\" data-start=\"2414\" data-end=\"2423\">2 - 4<\/td>\n<\/tr>\n<\/tbody>\n<\/table><\/div><\/div><hr data-start=\"2425\" data-end=\"2428\"><h2 data-start=\"2430\" data-end=\"2470\">Wygl\u0105d grzyb\u00f3w Golden Teacher<\/h2><p data-start=\"2472\" data-end=\"2593\">Grzyby Golden Teacher s\u0105 \u0142atwo rozpoznawalne ze wzgl\u0119du na ich <strong data-start=\"2534\" data-end=\"2565\">czapki w kolorze z\u0142otego karmelu<\/strong> i stosunkowo grube \u0142odygi.<\/p><h3 data-start=\"2595\" data-end=\"2602\">Czapka<\/h3><ul data-start=\"2604\" data-end=\"2711\">\n<li data-start=\"2604\" data-end=\"2637\">\n<p data-start=\"2606\" data-end=\"2637\">Kolor: od z\u0142otobr\u0105zowego do \u017c\u00f3\u0142tego<\/p>\n<\/li>\n<li data-start=\"2638\" data-end=\"2658\">\n<p data-start=\"2640\" data-end=\"2658\">\u015arednica: 2-8 cm<\/p>\n<\/li>\n<li data-start=\"2659\" data-end=\"2711\">\n<p data-start=\"2661\" data-end=\"2711\">Kszta\u0142t: wypuk\u0142y, gdy m\u0142ody, sp\u0142aszczony, gdy dojrza\u0142y<\/p>\n<\/li>\n<\/ul><h3 data-start=\"2713\" data-end=\"2721\">\u0141odyga<\/h3><ul data-start=\"2723\" data-end=\"2802\">\n<li data-start=\"2723\" data-end=\"2753\">\n<p data-start=\"2725\" data-end=\"2753\">Kolor: bia\u0142y do bladokremowego<\/p>\n<\/li>\n<li data-start=\"2754\" data-end=\"2774\">\n<p data-start=\"2756\" data-end=\"2774\">Gruby i wytrzyma\u0142y<\/p>\n<\/li>\n<li data-start=\"2775\" data-end=\"2802\">\n<p data-start=\"2777\" data-end=\"2802\">Niebieskie siniaki po uszkodzeniu<\/p>\n<\/li>\n<\/ul><h3 data-start=\"2804\" data-end=\"2814\">Zarodniki<\/h3><ul data-start=\"2816\" data-end=\"2896\">\n<li data-start=\"2816\" data-end=\"2853\">\n<p data-start=\"2818\" data-end=\"2853\">Kolor zarodnik\u00f3w: od ciemnofioletowego do czarnego<\/p>\n<\/li>\n<li data-start=\"2854\" data-end=\"2896\">\n<p data-start=\"2856\" data-end=\"2896\">Nadaje si\u0119 do odcisk\u00f3w zarodnik\u00f3w i mikroskopii<\/p>\n<\/li>\n<\/ul><hr data-start=\"2898\" data-end=\"2901\"><h2 data-start=\"2903\" data-end=\"2939\">Golden Teacher Potencja i efekty<\/h2><p data-start=\"2941\" data-end=\"3140\">Golden Teacher jest og\u00f3lnie uwa\u017cany za <strong data-start=\"2982\" data-end=\"3029\">umiarkowanie silny szczep Psilocybe cubensis<\/strong>. Do\u015bwiadczenie to jest cz\u0119sto opisywane jako zr\u00f3wnowa\u017cone, \u0142\u0105cz\u0105ce stymulacj\u0119 wizualn\u0105 z g\u0142\u0119bokimi introspekcjami.<\/p><p data-start=\"3142\" data-end=\"3174\">Cz\u0119sto zg\u0142aszane efekty obejmuj\u0105:<\/p><ul data-start=\"3176\" data-end=\"3282\">\n<li data-start=\"3176\" data-end=\"3195\">\n<p data-start=\"3178\" data-end=\"3195\">ulepszone kolory<\/p>\n<\/li>\n<li data-start=\"3196\" data-end=\"3215\">\n<p data-start=\"3198\" data-end=\"3215\">wzorce wizualne<\/p>\n<\/li>\n<li data-start=\"3216\" data-end=\"3233\">\n<p data-start=\"3218\" data-end=\"3233\">introspekcja<\/p>\n<\/li>\n<li data-start=\"3234\" data-end=\"3246\">\n<p data-start=\"3236\" data-end=\"3246\">euforia<\/p>\n<\/li>\n<li data-start=\"3247\" data-end=\"3261\">\n<p data-start=\"3249\" data-end=\"3261\">kreatywno\u015b\u0107<\/p>\n<\/li>\n<li data-start=\"3262\" data-end=\"3282\">\n<p data-start=\"3264\" data-end=\"3282\">duchowe spostrze\u017cenia<\/p>\n<\/li>\n<\/ul><p data-start=\"3284\" data-end=\"3418\">W por\u00f3wnaniu do silniejszych <a href=\"https:\/\/www.mondogrowkits.com\/pl\/magic-mushroom-strain-library\/\">szczepy<\/a> jak <strong data-start=\"3318\" data-end=\"3332\">Penis Envy<\/strong>, Golden Teacher ma tendencj\u0119 do wywo\u0142ywania \u0142atwiejszych do opanowania i \u0142agodniejszych dozna\u0144 psychodelicznych.<\/p><hr data-start=\"3420\" data-end=\"3423\"><h2 data-start=\"3425\" data-end=\"3455\">Golden Teacher Czas trwania podr\u00f3\u017cy<\/h2><p data-start=\"3457\" data-end=\"3519\">Efekty zwykle zaczynaj\u0105 si\u0119 <strong data-start=\"3483\" data-end=\"3518\">20-60 minut po spo\u017cyciu<\/strong>.<\/p><div class=\"TyagGW_tableContainer\"><div class=\"group TyagGW_tableWrapper flex flex-col-reverse w-fit\" tabindex=\"-1\"><table class=\"w-fit min-w-(--thread-content-width)\" data-start=\"3521\" data-end=\"3665\">\n<thead data-start=\"3521\" data-end=\"3541\">\n<tr data-start=\"3521\" data-end=\"3541\">\n<th class=\"\" data-start=\"3521\" data-end=\"3529\" data-col-size=\"sm\">Faza<\/th>\n<th class=\"\" data-start=\"3529\" data-end=\"3541\" data-col-size=\"sm\">Czas trwania<\/th>\n<\/tr>\n<\/thead>\n<tbody data-start=\"3552\" data-end=\"3665\">\n<tr data-start=\"3552\" data-end=\"3579\">\n<td data-start=\"3552\" data-end=\"3560\" data-col-size=\"sm\">Pocz\u0105tek<\/td>\n<td data-col-size=\"sm\" data-start=\"3560\" data-end=\"3579\">20 - 60 minut<\/td>\n<\/tr>\n<tr data-start=\"3580\" data-end=\"3602\">\n<td data-start=\"3580\" data-end=\"3587\" data-col-size=\"sm\">Szczyt<\/td>\n<td data-start=\"3587\" data-end=\"3602\" data-col-size=\"sm\">2 - 3 godziny<\/td>\n<\/tr>\n<tr data-start=\"3603\" data-end=\"3630\">\n<td data-start=\"3603\" data-end=\"3615\" data-col-size=\"sm\">Zejd\u017a na d\u00f3\u0142<\/td>\n<td data-col-size=\"sm\" data-start=\"3615\" data-end=\"3630\">2 - 3 godziny<\/td>\n<\/tr>\n<tr data-start=\"3631\" data-end=\"3665\">\n<td data-start=\"3631\" data-end=\"3650\" data-col-size=\"sm\">Ca\u0142kowite do\u015bwiadczenie<\/td>\n<td data-col-size=\"sm\" data-start=\"3650\" data-end=\"3665\">4 - 6 godzin<\/td>\n<\/tr>\n<\/tbody>\n<\/table><\/div><\/div><hr data-start=\"3667\" data-end=\"3670\"><h2 data-start=\"3672\" data-end=\"3701\">Przewodnik dawkowania Golden Teacher<\/h2><p data-start=\"3703\" data-end=\"3763\">Dawkowanie r\u00f3\u017cni si\u0119 w zale\u017cno\u015bci od poziomu do\u015bwiadczenia i wra\u017cliwo\u015bci.<\/p><div class=\"TyagGW_tableContainer\"><div class=\"group TyagGW_tableWrapper flex flex-col-reverse w-fit\" tabindex=\"-1\"><table class=\"w-fit min-w-(--thread-content-width)\" data-start=\"3765\" data-end=\"3976\">\n<thead data-start=\"3765\" data-end=\"3783\">\n<tr data-start=\"3765\" data-end=\"3783\">\n<th class=\"\" data-start=\"3765\" data-end=\"3772\" data-col-size=\"sm\">Dawka<\/th>\n<th class=\"\" data-start=\"3772\" data-end=\"3783\" data-col-size=\"sm\">Efekty<\/th>\n<\/tr>\n<\/thead>\n<tbody data-start=\"3794\" data-end=\"3976\">\n<tr data-start=\"3794\" data-end=\"3825\">\n<td data-start=\"3794\" data-end=\"3806\" data-col-size=\"sm\">0.5 - 1 g<\/td>\n<td data-col-size=\"sm\" data-start=\"3806\" data-end=\"3825\">\u0141agodny wzrost nastroju<\/td>\n<\/tr>\n<tr data-start=\"3826\" data-end=\"3865\">\n<td data-start=\"3826\" data-end=\"3836\" data-col-size=\"sm\">1 - 2 g<\/td>\n<td data-start=\"3836\" data-end=\"3865\" data-col-size=\"sm\">Lekkie efekty psychodeliczne<\/td>\n<\/tr>\n<tr data-start=\"3866\" data-end=\"3907\">\n<td data-start=\"3866\" data-end=\"3876\" data-col-size=\"sm\">2 - 3 g<\/td>\n<td data-col-size=\"sm\" data-start=\"3876\" data-end=\"3907\">Pe\u0142ne psychodeliczne do\u015bwiadczenie<\/td>\n<\/tr>\n<tr data-start=\"3908\" data-end=\"3936\">\n<td data-start=\"3908\" data-end=\"3918\" data-col-size=\"sm\">3 - 5 g<\/td>\n<td data-start=\"3918\" data-end=\"3936\" data-col-size=\"sm\">Mocna oprawa wizualna<\/td>\n<\/tr>\n<tr data-start=\"3937\" data-end=\"3976\">\n<td data-start=\"3937\" data-end=\"3944\" data-col-size=\"sm\">5 g+<\/td>\n<td data-start=\"3944\" data-end=\"3976\" data-col-size=\"sm\">Intensywne do\u015bwiadczenie duchowe<\/td>\n<\/tr>\n<\/tbody>\n<\/table><\/div><\/div><p data-start=\"3978\" data-end=\"4014\">Warto\u015bci odnosz\u0105 si\u0119 do <strong data-start=\"3994\" data-end=\"4013\">suszone grzyby<\/strong>.<\/p><hr data-start=\"4016\" data-end=\"4019\"><h2 data-start=\"4021\" data-end=\"4045\">Wzrost Golden Teacher<\/h2><p data-start=\"4047\" data-end=\"4141\">Golden Teacher jest powszechnie uwa\u017cany za <strong data-start=\"4083\" data-end=\"4140\">jedna z naj\u0142atwiejszych w uprawie odmian Psilocybe cubensis<\/strong>.<\/p><p data-start=\"4143\" data-end=\"4298\">Z tego powodu odmiana ta jest powszechnie stosowana w <strong data-start=\"4188\" data-end=\"4230\">Golden Teacher Zestaw do uprawy magicznych grzyb\u00f3w<\/strong>, co pozwala pocz\u0105tkuj\u0105cym na upraw\u0119 grzyb\u00f3w przy minimalnym przygotowaniu.<\/p><p data-start=\"4300\" data-end=\"4452\">Zaawansowani hodowcy mog\u0105 uprawia\u0107 Golden Teacher z zarodnik\u00f3w przy u\u017cyciu <strong data-start=\"4366\" data-end=\"4419\">Golden Teacher - Strzykawka zarodnikowa Psilocybe Cubensis<\/strong> do zaszczepiania ziarna lub <a href=\"https:\/\/www.mondogrowkits.com\/pl\/sterilised-substrate\/\">pod\u0142o\u017ce<\/a>.<\/p><hr data-start=\"4454\" data-end=\"4457\"><h2 data-start=\"4459\" data-end=\"4485\">Idealne warunki uprawy<\/h2><div class=\"TyagGW_tableContainer\"><div class=\"group TyagGW_tableWrapper flex flex-col-reverse w-fit\" tabindex=\"-1\"><table class=\"w-fit min-w-(--thread-content-width)\" data-start=\"4487\" data-end=\"4672\">\n<thead data-start=\"4487\" data-end=\"4511\">\n<tr data-start=\"4487\" data-end=\"4511\">\n<th class=\"\" data-start=\"4487\" data-end=\"4496\" data-col-size=\"sm\">Czynnik<\/th>\n<th class=\"\" data-start=\"4496\" data-end=\"4511\" data-col-size=\"sm\">Idealny zakres<\/th>\n<\/tr>\n<\/thead>\n<tbody data-start=\"4522\" data-end=\"4672\">\n<tr data-start=\"4522\" data-end=\"4549\">\n<td data-start=\"4522\" data-end=\"4536\" data-col-size=\"sm\">Temperatura<\/td>\n<td data-start=\"4536\" data-end=\"4549\" data-col-size=\"sm\">20 - 24\u00b0C<\/td>\n<\/tr>\n<tr data-start=\"4550\" data-end=\"4573\">\n<td data-start=\"4550\" data-end=\"4561\" data-col-size=\"sm\">Wilgotno\u015b\u0107<\/td>\n<td data-start=\"4561\" data-end=\"4573\" data-col-size=\"sm\">85 - 95%<\/td>\n<\/tr>\n<tr data-start=\"4574\" data-end=\"4607\">\n<td data-start=\"4574\" data-end=\"4595\" data-col-size=\"sm\">Wymiana \u015bwie\u017cego powietrza<\/td>\n<td data-col-size=\"sm\" data-start=\"4595\" data-end=\"4607\">Umiarkowany<\/td>\n<\/tr>\n<tr data-start=\"4608\" data-end=\"4640\">\n<td data-start=\"4608\" data-end=\"4619\" data-col-size=\"sm\">O\u015bwietlenie<\/td>\n<td data-col-size=\"sm\" data-start=\"4619\" data-end=\"4640\">Po\u015brednie \u015bwiat\u0142o dzienne<\/td>\n<\/tr>\n<tr data-start=\"4641\" data-end=\"4672\">\n<td data-start=\"4641\" data-end=\"4656\" data-col-size=\"sm\">Kolonizacja<\/td>\n<td data-col-size=\"sm\" data-start=\"4656\" data-end=\"4672\">10 - 20 dni<\/td>\n<\/tr>\n<\/tbody>\n<\/table><\/div><\/div><hr data-start=\"4674\" data-end=\"4677\"><h2 data-start=\"4679\" data-end=\"4696\">Potencja\u0142 wydajno\u015bci<\/h2><p data-start=\"4698\" data-end=\"4761\">Golden Teacher jest znany z <strong data-start=\"4726\" data-end=\"4760\">Sta\u0142e i niezawodne plony<\/strong>.<\/p><p data-start=\"4763\" data-end=\"4787\">Typowe wyniki zbior\u00f3w:<\/p><ul data-start=\"4789\" data-end=\"4870\">\n<li data-start=\"4789\" data-end=\"4830\">\n<p data-start=\"4791\" data-end=\"4830\">150 - 300 g \u015bwie\u017cych grzyb\u00f3w na p\u0142ukanie<\/p>\n<\/li>\n<li data-start=\"4831\" data-end=\"4870\">\n<p data-start=\"4833\" data-end=\"4870\">15 - 30 g suszonych grzyb\u00f3w na p\u0142ukank\u0119<\/p>\n<\/li>\n<\/ul><p data-start=\"4872\" data-end=\"4914\"><a href=\"https:\/\/www.mondogrowkits.com\/pl\/grow-kits\/\">Zestawy do uprawy<\/a> zazwyczaj produkuj\u0105 <strong data-start=\"4898\" data-end=\"4913\">2-4 p\u0142ukania<\/strong>.<\/p><hr data-start=\"4916\" data-end=\"4919\"><h2 data-start=\"4921\" data-end=\"4958\">Pochodzenie szczepu Golden Teacher<\/h2><p data-start=\"4960\" data-end=\"5090\">Dok\u0142adne pochodzenie Golden Teacher jest niepewne, ale wi\u0119kszo\u015b\u0107 \u017ar\u00f3de\u0142 sugeruje, \u017ce po raz pierwszy pojawi\u0142 si\u0119 w <strong data-start=\"5055\" data-end=\"5089\">Ameryka Po\u0142udniowa w latach osiemdziesi\u0105tych XX wieku<\/strong>.<\/p><p data-start=\"5092\" data-end=\"5201\">Od tego czasu odmiana ta sta\u0142a si\u0119 jedn\u0105 z najcz\u0119\u015bciej uprawianych. <strong data-start=\"5160\" data-end=\"5200\">Szczepy Psilocybe cubensis na ca\u0142ym \u015bwiecie<\/strong>.<\/p><hr data-start=\"5203\" data-end=\"5206\"><h2 data-start=\"5208\" data-end=\"5242\">Dlaczego Golden Teacher jest tak popularny<\/h2><p data-start=\"5244\" data-end=\"5301\">Golden Teacher pozostaje popularny ze wzgl\u0119du na swoje po\u0142\u0105czenie:<\/p><ul data-start=\"5303\" data-end=\"5432\">\n<li data-start=\"5303\" data-end=\"5336\">\n<p data-start=\"5305\" data-end=\"5336\">Uprawa przyjazna dla pocz\u0105tkuj\u0105cych<\/p>\n<\/li>\n<li data-start=\"5337\" data-end=\"5369\">\n<p data-start=\"5339\" data-end=\"5369\">zr\u00f3wnowa\u017cone efekty psychodeliczne<\/p>\n<\/li>\n<li data-start=\"5370\" data-end=\"5391\">\n<p data-start=\"5372\" data-end=\"5391\">niezawodne owocowanie<\/p>\n<\/li>\n<li data-start=\"5392\" data-end=\"5411\">\n<p data-start=\"5394\" data-end=\"5411\">stabilna genetyka<\/p>\n<\/li>\n<li data-start=\"5412\" data-end=\"5432\">\n<p data-start=\"5414\" data-end=\"5432\">kultowe z\u0142ote czapki<\/p>\n<\/li>\n<\/ul><p data-start=\"5434\" data-end=\"5554\">Ze wzgl\u0119du na te cechy, Golden Teacher jest cz\u0119sto zalecany jako <strong data-start=\"5501\" data-end=\"5553\">Klasyczne wprowadzenie do grzyb\u00f3w psilocybinowych<\/strong>.<\/p><h2>Golden Teacher FAQ<\/h2><div class=\"accordion\">\t<div id=\"accordion-1277504341\" class=\"accordion-item\">\t\t<a id=\"accordion-1277504341-label\" class=\"accordion-title plain\" href=\"#accordion-item-is-golden-teacher-good-for-beginners?\" aria-expanded=\"false\" aria-controls=\"accordion-1277504341-content\">\n\t\t\t<button class=\"toggle\" aria-label=\"Prze\u0142\u0105cznik\"><i class=\"icon-angle-down\" aria-hidden=\"true\"><\/i><\/button>\n\t\t\t<span>Czy Golden Teacher jest dobry dla pocz\u0105tkuj\u0105cych?<\/span>\n\t\t<\/a>\t\t<div id=\"accordion-1277504341-content\" class=\"accordion-inner\" aria-labelledby=\"accordion-1277504341-label\">\t\t\t<p>Tak. Golden Teacher jest uwa\u017cana za jedn\u0105 z najbardziej przyjaznych dla pocz\u0105tkuj\u0105cych odmian grzyb\u00f3w psilocybinowych.<\/p>\t\t<\/div>\t<\/div>\t\t<div id=\"accordion-1726228321\" class=\"accordion-item\">\t\t<a id=\"accordion-1726228321-label\" class=\"accordion-title plain\" href=\"#accordion-item-how-strong-is-golden-teacher?\" aria-expanded=\"false\" aria-controls=\"accordion-1726228321-content\">\n\t\t\t<button class=\"toggle\" aria-label=\"Prze\u0142\u0105cznik\"><i class=\"icon-angle-down\" aria-hidden=\"true\"><\/i><\/button>\n\t\t\t<span>Jak silny jest Golden Teacher?<\/span>\n\t\t<\/a>\t\t<div id=\"accordion-1726228321-content\" class=\"accordion-inner\" aria-labelledby=\"accordion-1726228321-label\">\t\t\t<p>Golden Teacher ma umiarkowan\u0105 moc, dzi\u0119ki czemu mo\u017ce by\u0107 stosowany przez wi\u0119kszo\u015b\u0107 u\u017cytkownik\u00f3w.<\/p>\t\t<\/div>\t<\/div>\t\t<div id=\"accordion-2507453661\" class=\"accordion-item\">\t\t<a id=\"accordion-2507453661-label\" class=\"accordion-title plain\" href=\"#accordion-item-how-long-does-a-golden-teacher-trip-last?\" aria-expanded=\"false\" aria-controls=\"accordion-2507453661-content\">\n\t\t\t<button class=\"toggle\" aria-label=\"Prze\u0142\u0105cznik\"><i class=\"icon-angle-down\" aria-hidden=\"true\"><\/i><\/button>\n\t\t\t<span>Jak d\u0142ugo trwa podr\u00f3\u017c Golden Teacher?<\/span>\n\t\t<\/a>\t\t<div id=\"accordion-2507453661-content\" class=\"accordion-inner\" aria-labelledby=\"accordion-2507453661-label\">\t\t\t<p>Wi\u0119kszo\u015b\u0107 do\u015bwiadcze\u0144 trwa <strong data-start=\"5907\" data-end=\"5920\">4-6 godzin<\/strong>.<\/p>\t\t<\/div>\t<\/div>\t\t<div id=\"accordion-2654119231\" class=\"accordion-item\">\t\t<a id=\"accordion-2654119231-label\" class=\"accordion-title plain\" href=\"#accordion-item-is-golden-teacher-easy-to-grow?\" aria-expanded=\"false\" aria-controls=\"accordion-2654119231-content\">\n\t\t\t<button class=\"toggle\" aria-label=\"Prze\u0142\u0105cznik\"><i class=\"icon-angle-down\" aria-hidden=\"true\"><\/i><\/button>\n\t\t\t<span>Czy Golden Teacher jest \u0142atwy w uprawie?<\/span>\n\t\t<\/a>\t\t<div id=\"accordion-2654119231-content\" class=\"accordion-inner\" aria-labelledby=\"accordion-2654119231-label\">\t\t\t<p data-start=\"5960\" data-end=\"6065\">Tak. Golden Teacher jest powszechnie uwa\u017cany za jeden z naj\u0142atwiejszych <strong data-start=\"6021\" data-end=\"6064\">Odmiany Psilocybe cubensis do uprawy<\/strong>.<\/p>\t\t<\/div>\t<\/div>\t<\/div>\t\t<\/div>\t\t\t\t\t<\/div>\t<\/div>\t\t<\/div>\t\t<style>\n#section_73933398 {\n  padding-top: 60px;\n  padding-bottom: 60px;\n}\n#section_73933398 .section-bg-overlay {\n  background-color: rgba(255, 255, 255, 0.85);\n}\n<\/style>\t<\/section>\t<p><\/p>","protected":false},"excerpt":{"rendered":"","protected":false},"author":1,"featured_media":4633,"parent":4137,"menu_order":0,"comment_status":"closed","ping_status":"closed","template":"page-blank.php","meta":{"footnotes":""},"class_list":["post-4139","page","type-page","status-publish","has-post-thumbnail","hentry"],"jetpack_sharing_enabled":true,"_links":{"self":[{"href":"https:\/\/www.mondogrowkits.com\/pl\/wp-json\/wp\/v2\/pages\/4139","targetHints":{"allow":["GET"]}}],"collection":[{"href":"https:\/\/www.mondogrowkits.com\/pl\/wp-json\/wp\/v2\/pages"}],"about":[{"href":"https:\/\/www.mondogrowkits.com\/pl\/wp-json\/wp\/v2\/types\/page"}],"author":[{"embeddable":true,"href":"https:\/\/www.mondogrowkits.com\/pl\/wp-json\/wp\/v2\/users\/1"}],"replies":[{"embeddable":true,"href":"https:\/\/www.mondogrowkits.com\/pl\/wp-json\/wp\/v2\/comments?post=4139"}],"version-history":[{"count":5,"href":"https:\/\/www.mondogrowkits.com\/pl\/wp-json\/wp\/v2\/pages\/4139\/revisions"}],"predecessor-version":[{"id":4886,"href":"https:\/\/www.mondogrowkits.com\/pl\/wp-json\/wp\/v2\/pages\/4139\/revisions\/4886"}],"up":[{"embeddable":true,"href":"https:\/\/www.mondogrowkits.com\/pl\/wp-json\/wp\/v2\/pages\/4137"}],"wp:featuredmedia":[{"embeddable":true,"href":"https:\/\/www.mondogrowkits.com\/pl\/wp-json\/wp\/v2\/media\/4633"}],"wp:attachment":[{"href":"https:\/\/www.mondogrowkits.com\/pl\/wp-json\/wp\/v2\/media?parent=4139"}],"curies":[{"name":"wp","href":"https:\/\/api.w.org\/{rel}","templated":true}]}}