{"id":905,"date":"2025-06-20T20:00:51","date_gmt":"2025-06-20T20:00:51","guid":{"rendered":"https:\/\/staging.mondogrowkits.com\/?page_id=905"},"modified":"2026-01-30T11:59:03","modified_gmt":"2026-01-30T10:59:03","slug":"nota-prawna","status":"publish","type":"page","link":"https:\/\/www.mondogrowkits.com\/pl\/legal-notice\/","title":{"rendered":"Nota prawna"},"content":{"rendered":"<div class=\"row\"  id=\"row-1696848840\">\t<div id=\"col-1556538835\" class=\"col small-12 large-12\"  >\t\t\t\t<div class=\"col-inner\"  >\t\t\t\t\t\t<h1><strong>Nota prawna - legalno\u015b\u0107 i jurysdykcja produktu (2025)<\/strong><\/h1><h4><strong>Status prawny w Holandii<\/strong><\/h4><p><a href=\"https:\/\/www.mondogrowkits.com\/pl\/\">Zestawy do uprawy Mondo<\/a> jest legalnie zarejestrowan\u0105 holendersk\u0105 firm\u0105 (z siedzib\u0105 w Purmerend, Holandia) i dzia\u0142a w pe\u0142nej zgodno\u015bci z holenderskim ustawodawstwem. Ramy prawne dotycz\u0105ce magicznych grzyb\u00f3w i zestaw\u00f3w do uprawy grzyb\u00f3w w Holandii s\u0105 dobrze ugruntowane:<\/p><ul>\n<li><strong>\u015awie\u017ce lub suszone magiczne grzyby uprawne s\u0105 zabronione<\/strong> na mocy holenderskiej ustawy o opium (Opiumwet) od dnia 1 grudnia 2008 r. (Stb. 2008, 391).<\/li>\n<li><strong>Zestawy do uprawy grzyb\u00f3w, zarodniki i grzybnia nie s\u0105 klasyfikowane jako substancje kontrolowane<\/strong> i dlatego s\u0105 <strong>legalna sprzeda\u017c i posiadanie<\/strong> zgodnie z obowi\u0105zuj\u0105cym prawem holenderskim - pod warunkiem, \u017ce nie zawieraj\u0105 psilocybiny w momencie sprzeda\u017cy.<\/li>\n<\/ul><p>Mondo <a href=\"https:\/\/www.mondogrowkits.com\/pl\/grow-kits\/\">Zestawy do uprawy<\/a> oferuje wy\u0142\u0105cznie produkty zgodne z tymi ograniczeniami prawnymi. Nasze zestawy do uprawy zawieraj\u0105 <strong>sterylne pod\u0142o\u017ca ze wzrostem grzybni<\/strong> ale <strong>nie zawiera grzyb\u00f3w ani substancji ekstrahowanych<\/strong>.<\/p><h4><strong>Jurysdykcja i miejsce sprzeda\u017cy<\/strong><\/h4><p>Wszystkie zakupy za po\u015brednictwem <a href=\"https:\/\/www.mondogrowkits.com\/pl\/\">www.mondogrowkits.com<\/a> s\u0105 legalnie przetwarzane w Holandii. Oznacza to, \u017ce:<\/p><ul>\n<li>The <strong>uznaje si\u0119, \u017ce sprzeda\u017c ma miejsce w Holandii<\/strong>, niezale\u017cnie od lokalizacji kupuj\u0105cego.<\/li>\n<li>Nasza dzia\u0142alno\u015b\u0107 to <strong>Zarejestrowany jako podatnik VAT<\/strong>, Dzia\u0142a pod wa\u017cnym numerem Holenderskiej Izby Handlowej i stosuje przejrzyste praktyki fakturowania.<\/li>\n<li>Produkty sprzedawane na naszej platformie to <strong>100% - legalna sprzeda\u017c i dystrybucja na terenie Holandii<\/strong>.<\/li>\n<\/ul><h4><strong>Odpowiedzialno\u015b\u0107 klient\u00f3w mi\u0119dzynarodowych<\/strong><\/h4><p>Nasze produkty s\u0105 legalne w Holandii, <strong>Przepisy r\u00f3\u017cni\u0105 si\u0119 w zale\u017cno\u015bci od kraju<\/strong> i mog\u0105 si\u0119 znacznie r\u00f3\u017cni\u0107 w odniesieniu do:<\/p><ul>\n<li>Posiadanie lub import zestaw\u00f3w do uprawy, zarodnik\u00f3w lub grzybni.<\/li>\n<li>Odprawa celna i kontrole graniczne.<\/li>\n<li>Definicje organizm\u00f3w lub prekursor\u00f3w zawieraj\u0105cych psilocybin\u0119.<\/li>\n<\/ul><p>Sk\u0142adaj\u0105c zam\u00f3wienie, u\u017cytkownik przyjmuje do wiadomo\u015bci i akceptuje poni\u017csze postanowienia:<\/p><ul>\n<li>Jest to <strong>wy\u0142\u0105czna odpowiedzialno\u015b\u0107 u\u017cytkownika<\/strong> aby zweryfikowa\u0107 status prawny produkt\u00f3w w swoim kraju lub regionie.<\/li>\n<li>Zestawy do uprawy Mondo <strong>nie udziela porad prawnych<\/strong> oraz <strong>nie mo\u017ce zosta\u0107 poci\u0105gni\u0119ty do odpowiedzialno\u015bci<\/strong> za przesy\u0142ki zaj\u0119te, op\u00f3\u017anione lub odrzucone przez organy celne lub inne organy.<\/li>\n<li>Wszelkie ryzyko prawne zwi\u0105zane z <strong><strong>import lub u\u017cytkowanie poza Holandi\u0105 spoczywa na kliencie.<\/strong><\/strong>\n<p>\u00a0<\/p>\n<\/li>\n<\/ul><h4><strong>Zastrze\u017cenie<\/strong><\/h4><p>Mondo Grow Kits wyra\u017anie stwierdza, \u017ce:<\/p><ul>\n<li>Nasze produkty s\u0105 przeznaczone <strong>wy\u0142\u0105cznie do cel\u00f3w bada\u0144 mykologicznych, edukacyjnych, ogrodniczych lub pami\u0105tkowych<\/strong>, <strong>nie do spo\u017cycia przez ludzi<\/strong>.<\/li>\n<li>Kupuj\u0105cy musz\u0105 by\u0107 <strong>18 lat lub wi\u0119cej<\/strong>.<\/li>\n<li>Surowo zabronione jest uprawianie grzyb\u00f3w produkuj\u0105cych psilocybin\u0119 w jurysdykcjach, w kt\u00f3rych taka uprawa jest nielegalna.<\/li>\n<\/ul><p>Zastrzegamy sobie prawo do odmowy lub anulowania zam\u00f3wie\u0144, je\u015bli mamy powody s\u0105dzi\u0107, \u017ce produkty mog\u0105 by\u0107 u\u017cywane z naruszeniem obowi\u0105zuj\u0105cych przepis\u00f3w prawa.<\/p><h4><strong>Potrzebujesz wi\u0119cej informacji?<\/strong><\/h4><p>W przypadku pyta\u0144 dotycz\u0105cych legalno\u015bci zalecamy skonsultowanie si\u0119 z wykwalifikowanym prawnikiem w danym kraju. W przypadku pyta\u0144 dotycz\u0105cych naszej polityki wysy\u0142kowej, warunk\u00f3w sprzeda\u017cy lub sk\u0142adu produktu, odwied\u017a nasze FAQ lub skontaktuj si\u0119 z nami bezpo\u015brednio za po\u015brednictwem naszej strony wsparcia.<\/p>\t\t<\/div>\t\t\t\t\t<\/div>\t<\/div>","protected":false},"excerpt":{"rendered":"","protected":false},"author":1,"featured_media":0,"parent":0,"menu_order":0,"comment_status":"closed","ping_status":"closed","template":"","meta":{"footnotes":""},"class_list":["post-905","page","type-page","status-publish","hentry"],"jetpack_sharing_enabled":true,"_links":{"self":[{"href":"https:\/\/www.mondogrowkits.com\/pl\/wp-json\/wp\/v2\/pages\/905","targetHints":{"allow":["GET"]}}],"collection":[{"href":"https:\/\/www.mondogrowkits.com\/pl\/wp-json\/wp\/v2\/pages"}],"about":[{"href":"https:\/\/www.mondogrowkits.com\/pl\/wp-json\/wp\/v2\/types\/page"}],"author":[{"embeddable":true,"href":"https:\/\/www.mondogrowkits.com\/pl\/wp-json\/wp\/v2\/users\/1"}],"replies":[{"embeddable":true,"href":"https:\/\/www.mondogrowkits.com\/pl\/wp-json\/wp\/v2\/comments?post=905"}],"version-history":[{"count":5,"href":"https:\/\/www.mondogrowkits.com\/pl\/wp-json\/wp\/v2\/pages\/905\/revisions"}],"predecessor-version":[{"id":3426,"href":"https:\/\/www.mondogrowkits.com\/pl\/wp-json\/wp\/v2\/pages\/905\/revisions\/3426"}],"wp:attachment":[{"href":"https:\/\/www.mondogrowkits.com\/pl\/wp-json\/wp\/v2\/media?parent=905"}],"curies":[{"name":"wp","href":"https:\/\/api.w.org\/{rel}","templated":true}]}}