{"id":1031,"date":"2025-07-23T16:17:48","date_gmt":"2025-07-23T16:17:48","guid":{"rendered":"https:\/\/staging.mondogrowkits.com\/?post_type=product&#038;p=1031"},"modified":"2026-04-07T11:42:21","modified_gmt":"2026-04-07T10:42:21","slug":"strzykawka-zarodnikowa-pes-hawaii","status":"publish","type":"product","link":"https:\/\/www.mondogrowkits.com\/pl\/spore-syringe-pes-hawaii\/","title":{"rendered":"Pes Hawaii - Strzykawka zarodnikowa Psilocybe Cubensis"},"content":{"rendered":"<h2 data-start=\"960\" data-end=\"1034\">Pes Hawaii - Psilocybe Cubensis Spore Syringe | Sterylne zarodniki grzyb\u00f3w<\/h2><p data-start=\"1036\" data-end=\"1374\">Strzykawka Pes Hawaii Psilocybe Cubensis Spore Syringe zawiera mikroskopijne zarodniki Psilocybe Cubensis zawieszone w sterylnym roztworze, przygotowanym w kontrolowanych warunkach w celu zapewnienia czysto\u015bci i sp\u00f3jnej dystrybucji zarodnik\u00f3w. Ta strzykawka jest przeznaczona do mikroskopii, bada\u0144 i kontrolowanej inokulacji <a href=\"https:\/\/www.mondogrowkits.com\/sv\/sterilised-substrate\/\">wysterylizowane pod\u0142o\u017ce<\/a> tam, gdzie jest to prawnie dozwolone.<\/p><p data-start=\"1376\" data-end=\"1694\">Pes Hawaii jest uznanym <a href=\"https:\/\/www.mondogrowkits.com\/sv\/what-is-psilocybin\/\">Psilocybe Cubensis<\/a> Szczep znany ze swojego stabilnego pochodzenia genetycznego w obr\u0119bie gatunku cubensis. Podobnie jak wszystkie szczepy cubensis, ma te same cechy gatunkowe, ale mo\u017ce wykazywa\u0107 subtelne r\u00f3\u017cnice w zachowaniu kolonizacyjnym i rozwoju strukturalnym w zale\u017cno\u015bci od warunk\u00f3w \u015brodowiskowych.<\/p><hr data-start=\"1696\" data-end=\"1699\" \/><h2 data-start=\"1701\" data-end=\"1741\">Co zawiera ta strzykawka zarodnikowa?<\/h2><p data-start=\"1743\" data-end=\"1765\">Ten produkt zawiera:<\/p><ul data-start=\"1767\" data-end=\"1871\">\n<li data-start=\"1767\" data-end=\"1816\">\n<p data-start=\"1769\" data-end=\"1816\">Zarodniki Psilocybe Cubensis (szczep Pes Hawaii)<\/p>\n<\/li>\n<li data-start=\"1817\" data-end=\"1848\">\n<p data-start=\"1819\" data-end=\"1848\">Sterylny roztw\u00f3r do sporz\u0105dzania zawiesiny<\/p>\n<\/li>\n<li data-start=\"1849\" data-end=\"1871\">\n<p data-start=\"1851\" data-end=\"1871\">Brak aktywnej grzybni<\/p>\n<\/li>\n<\/ul><p data-start=\"1873\" data-end=\"2113\">Poniewa\u017c strzykawka zawiera zarodniki, a nie \u017cyw\u0105 grzybni\u0119, po inokulacji wymagana jest faza kie\u0142kowania. Po wstrzykni\u0119ciu do wysterylizowanego <a href=\"https:\/\/www.mondogrowkits.com\/sv\/sterilised-substrate\/\">pod\u0142o\u017ce<\/a>, Zarodniki musz\u0105 najpierw aktywowa\u0107 si\u0119 i rozpocz\u0105\u0107 formowanie grzybni, zanim nast\u0105pi post\u0119p kolonizacji.<\/p><hr data-start=\"2115\" data-end=\"2118\" \/><h2 data-start=\"2120\" data-end=\"2165\">Zaprojektowany do u\u017cytku ze sterylizowanym pod\u0142o\u017cem<\/h2><p data-start=\"2167\" data-end=\"2393\">Strzykawka zarodnikowa Pes Hawaii jest powszechnie u\u017cywana z profesjonalnie przygotowanym sterylizowanym pod\u0142o\u017cem lub ikr\u0105 zbo\u017cow\u0105. Poniewa\u017c wysterylizowane pod\u0142o\u017ce nie zawiera aktywnej grzybni, inokulacja jest wymagana przed wyst\u0105pieniem jakiejkolwiek kolonizacji.<\/p><p data-start=\"2395\" data-end=\"2588\">W\u0142a\u015bciwa sterylna technika podczas inokulacji jest niezb\u0119dna do zmniejszenia ryzyka kontaminacji. Czyste narz\u0119dzia, stabilna temperatura i kontrolowana obs\u0142uga znacz\u0105co wp\u0142ywaj\u0105 na powodzenie kolonizacji.<\/p><p data-start=\"2590\" data-end=\"2752\">Psilocybe cubensis zazwyczaj dobrze kolonizuje si\u0119 w temperaturze 20-24\u00b0C (68-75\u00b0F), chocia\u017c dok\u0142adny czas kolonizacji zale\u017cy od stabilno\u015bci \u015brodowiska i praktyk obs\u0142ugi.<\/p><hr data-start=\"2754\" data-end=\"2757\" \/><h2 data-start=\"2759\" data-end=\"2793\">Spore Syringe vs Liquid Culture<\/h2><p data-start=\"2795\" data-end=\"2840\">Wa\u017cne jest, aby zrozumie\u0107 r\u00f3\u017cnic\u0119:<\/p><p data-start=\"2842\" data-end=\"2859\"><strong data-start=\"2842\" data-end=\"2859\">Strzykawka do zarodnik\u00f3w<\/strong><\/p><ul data-start=\"2860\" data-end=\"2994\">\n<li data-start=\"2860\" data-end=\"2887\">\n<p data-start=\"2862\" data-end=\"2887\">Zawiera u\u015bpione zarodniki<\/p>\n<\/li>\n<li data-start=\"2888\" data-end=\"2918\">\n<p data-start=\"2890\" data-end=\"2918\">Wymaga etapu kie\u0142kowania<\/p>\n<\/li>\n<li data-start=\"2919\" data-end=\"2957\">\n<p data-start=\"2921\" data-end=\"2957\">Zazwyczaj d\u0142u\u017cszy czas kolonizacji<\/p>\n<\/li>\n<li data-start=\"2958\" data-end=\"2994\">\n<p data-start=\"2960\" data-end=\"2994\">Umo\u017cliwia naturaln\u0105 zmienno\u015b\u0107 genetyczn\u0105<\/p>\n<\/li>\n<\/ul><p data-start=\"2996\" data-end=\"3014\"><strong data-start=\"2996\" data-end=\"3014\">Liquid Culture<\/strong><\/p><ul data-start=\"3015\" data-end=\"3101\">\n<li data-start=\"3015\" data-end=\"3041\">\n<p data-start=\"3017\" data-end=\"3041\">Zawiera \u017cyw\u0105 grzybni\u0119<\/p>\n<\/li>\n<li data-start=\"3042\" data-end=\"3065\">\n<p data-start=\"3044\" data-end=\"3065\">Szybsza kolonizacja<\/p>\n<\/li>\n<li data-start=\"3066\" data-end=\"3101\">\n<p data-start=\"3068\" data-end=\"3101\">Bardziej jednolita ekspresja genetyczna<\/p>\n<\/li>\n<\/ul><p data-start=\"3103\" data-end=\"3190\">Obie metody s\u0105 kompatybilne ze sterylizowanym pod\u0142o\u017cem, ale szybko\u015b\u0107 kolonizacji mo\u017ce si\u0119 r\u00f3\u017cni\u0107.<\/p><hr data-start=\"3192\" data-end=\"3195\" \/><h2 data-start=\"3197\" data-end=\"3240\">Dlaczego warto wybra\u0107 strzykawk\u0119 zarodnikow\u0105 Pes Hawaii?<\/h2><ul data-start=\"3242\" data-end=\"3420\">\n<li data-start=\"3242\" data-end=\"3265\">\n<p data-start=\"3244\" data-end=\"3265\">Sterylny preparat<\/p>\n<\/li>\n<li data-start=\"3266\" data-end=\"3297\">\n<p data-start=\"3268\" data-end=\"3297\">Sta\u0142a zawiesina zarodnik\u00f3w<\/p>\n<\/li>\n<li data-start=\"3298\" data-end=\"3338\">\n<p data-start=\"3300\" data-end=\"3338\">Kompatybilny ze sterylizowanym pod\u0142o\u017cem<\/p>\n<\/li>\n<li data-start=\"3339\" data-end=\"3379\">\n<p data-start=\"3341\" data-end=\"3379\">Nadaje si\u0119 do mikroskopii i bada\u0144<\/p>\n<\/li>\n<li data-start=\"3380\" data-end=\"3420\">\n<p data-start=\"3382\" data-end=\"3420\">Niezawodna genetyka Psilocybe Cubensis<\/p>\n<\/li>\n<\/ul><p data-start=\"3422\" data-end=\"3622\">Pes Hawaii <a href=\"https:\/\/www.mondogrowkits.com\/sv\/psilocybe-cubensis-spore-syringes\/\">Psilocybe Cubensis Strzykawka do zarodnik\u00f3w<\/a> zapewnia czyst\u0105 i kontrolowan\u0105 metod\u0119 wprowadzania zarodnik\u00f3w cubensis do sterylnych pod\u0142o\u017cy hodowlanych przy zachowaniu profesjonalnych standard\u00f3w obs\u0142ugi.<\/p>","protected":false},"excerpt":{"rendered":"<p data-start=\"366\" data-end=\"643\">Strzykawka Pes Hawaii Psilocybe Cubensis Spore Syringe zawiera wysokiej jako\u015bci zarodniki Psilocybe Cubensis zawieszone w sterylnym roztworze do kontrolowanej inokulacji. Przygotowana w czystych warunkach strzykawka jest przeznaczona do stosowania ze sterylizowanym pod\u0142o\u017cem lub ikr\u0105 zbo\u017cow\u0105, je\u015bli jest to prawnie dozwolone.<\/p>\n<ul data-start=\"645\" data-end=\"853\">\n<li data-start=\"645\" data-end=\"673\">\n<p data-start=\"647\" data-end=\"673\">Sterylna zawiesina zarodnik\u00f3w<\/p>\n<\/li>\n<li data-start=\"674\" data-end=\"719\">\n<p data-start=\"676\" data-end=\"719\">Zawiera tylko zarodniki (bez aktywnej grzybni)<\/p>\n<\/li>\n<li data-start=\"720\" data-end=\"760\">\n<p data-start=\"722\" data-end=\"760\">Nadaje si\u0119 do mikroskopii i bada\u0144<\/p>\n<\/li>\n<li data-start=\"761\" data-end=\"801\">\n<p data-start=\"763\" data-end=\"801\">Kompatybilny ze sterylizowanym pod\u0142o\u017cem<\/p>\n<\/li>\n<li data-start=\"802\" data-end=\"853\">\n<p data-start=\"804\" data-end=\"853\">R\u00f3wnomierny rozk\u0142ad zarodnik\u00f3w dla precyzyjnej inokulacji<\/p>\n<\/li>\n<\/ul>\n<p data-start=\"855\" data-end=\"924\">Idealny dla hodowc\u00f3w i badaczy poszukuj\u0105cych niezawodnej genetyki cubensis.<\/p>","protected":false},"featured_media":4641,"comment_status":"open","ping_status":"closed","template":"","meta":[],"product_brand":[32],"product_cat":[66],"product_tag":[],"class_list":{"0":"post-1031","1":"product","2":"type-product","3":"status-publish","4":"has-post-thumbnail","6":"product_brand-mondo","7":"product_cat-psilocybe-cubensis-spore-syringes","9":"first","10":"instock","11":"taxable","12":"shipping-taxable","13":"purchasable","14":"product-type-simple"},"jetpack_sharing_enabled":true,"_links":{"self":[{"href":"https:\/\/www.mondogrowkits.com\/pl\/wp-json\/wp\/v2\/product\/1031","targetHints":{"allow":["GET"]}}],"collection":[{"href":"https:\/\/www.mondogrowkits.com\/pl\/wp-json\/wp\/v2\/product"}],"about":[{"href":"https:\/\/www.mondogrowkits.com\/pl\/wp-json\/wp\/v2\/types\/product"}],"replies":[{"embeddable":true,"href":"https:\/\/www.mondogrowkits.com\/pl\/wp-json\/wp\/v2\/comments?post=1031"}],"wp:featuredmedia":[{"embeddable":true,"href":"https:\/\/www.mondogrowkits.com\/pl\/wp-json\/wp\/v2\/media\/4641"}],"wp:attachment":[{"href":"https:\/\/www.mondogrowkits.com\/pl\/wp-json\/wp\/v2\/media?parent=1031"}],"wp:term":[{"taxonomy":"product_brand","embeddable":true,"href":"https:\/\/www.mondogrowkits.com\/pl\/wp-json\/wp\/v2\/product_brand?post=1031"},{"taxonomy":"product_cat","embeddable":true,"href":"https:\/\/www.mondogrowkits.com\/pl\/wp-json\/wp\/v2\/product_cat?post=1031"},{"taxonomy":"product_tag","embeddable":true,"href":"https:\/\/www.mondogrowkits.com\/pl\/wp-json\/wp\/v2\/product_tag?post=1031"}],"curies":[{"name":"wp","href":"https:\/\/api.w.org\/{rel}","templated":true}]}}