{"id":1353,"date":"2025-09-11T16:50:36","date_gmt":"2025-09-11T16:50:36","guid":{"rendered":"https:\/\/www.mondogrowkits.com\/?post_type=product&#038;p=1353"},"modified":"2026-05-14T18:56:10","modified_gmt":"2026-05-14T17:56:10","slug":"plynna-kultura-kambodzanska","status":"publish","type":"product","link":"https:\/\/www.mondogrowkits.com\/pl\/liquid-culture-cambodian\/","title":{"rendered":"Cambodian - Psilocybe Cubensis Liquid Culture Strzykawka"},"content":{"rendered":"<h2 data-section-id=\"12fk8eu\" data-start=\"565\" data-end=\"638\">Cambodian Liquid Culture Strzykawka - Psilocybe cubensis Premium Genetics<\/h2><p data-start=\"640\" data-end=\"955\">Cambodian - <a href=\"https:\/\/www.mondogrowkits.com\/pl\/czym-jest-psilocybina\/\">Psilocybe cubensis<\/a> Liquid Culture Syringe to wysokiej jako\u015bci kultura znana z silnej genetyki, szybkiej kolonizacji i sta\u0142ego rozwoju grzybni. Ten dobrze znany szczep jest ceniony za szybki wzrost i niezawodn\u0105 wydajno\u015b\u0107 w szerokim zakresie konfiguracji uprawy.<\/p><p data-start=\"957\" data-end=\"1201\">Cambodian jest znana ze swojej g\u0119stej i bujnej grzybni, umo\u017cliwiaj\u0105cej szybk\u0105 i r\u00f3wnomiern\u0105 kolonizacj\u0119 r\u00f3\u017cnych pod\u0142o\u017cy. Jej sta\u0142y i odporny charakter sprawia, \u017ce jest to doskona\u0142y wyb\u00f3r dla hodowc\u00f3w poszukuj\u0105cych wydajnych i przewidywalnych wynik\u00f3w.<\/p><p data-start=\"1203\" data-end=\"1448\">Poniewa\u017c produkt ten jest dostarczany w postaci p\u0142ynnej kultury, zawiera aktywn\u0105 grzybni\u0119 zawieszon\u0105 w roztworze bogatym w sk\u0142adniki od\u017cywcze. Pozwala to na znacznie szybsz\u0105 kolonizacj\u0119 w por\u00f3wnaniu z tradycyjnymi kulturami. <a href=\"https:\/\/www.mondogrowkits.com\/pl\/psilocybe-cubensis-strzykawki-z-zarodnikami\/\">strzykawki zarodnikowe<\/a> i poprawia og\u00f3lne wska\u017aniki sukcesu.<\/p><p data-start=\"1450\" data-end=\"1555\">W optymalnych warunkach wzrost grzybni mo\u017cna cz\u0119sto zaobserwowa\u0107 w ci\u0105gu zaledwie kilku dni po inokulacji.<\/p><hr data-start=\"1557\" data-end=\"1560\" \/><h3 data-section-id=\"p8e96y\" data-start=\"1562\" data-end=\"1605\">Co to jest Cambodian (Psilocybe cubensis)?<\/h3><p data-start=\"1607\" data-end=\"1833\">Cambodian to dobrze znany szczep Psilocybe cubensis ceniony za szybk\u0105 kolonizacj\u0119 i niezawodny wzrost w kontrolowanych warunkach. Jest szeroko badany i doceniany za konsekwentny rozw\u00f3j i \u0142atwo\u015b\u0107 uprawy.<\/p><p data-start=\"1835\" data-end=\"1967\">Jego szybki wzrost sprawia, \u017ce jest szczeg\u00f3lnie atrakcyjny dla hodowc\u00f3w poszukuj\u0105cych szybszych rezultat\u00f3w przy zachowaniu niezawodno\u015bci.<\/p><hr data-start=\"1969\" data-end=\"1972\" \/><h3 data-section-id=\"u55y76\" data-start=\"1974\" data-end=\"2014\">Dlaczego warto wybra\u0107 Cambodian Liquid Culture?<\/h3><ul data-start=\"2016\" data-end=\"2304\">\n<li data-section-id=\"uotoak\" data-start=\"2016\" data-end=\"2053\">Popularna odmiana Psilocybe cubensis<\/li>\n<li data-section-id=\"yam1zd\" data-start=\"2054\" data-end=\"2090\">Szybka i agresywna kolonizacja<\/li>\n<li data-section-id=\"1tsmcpa\" data-start=\"2091\" data-end=\"2132\">Silny i sta\u0142y wzrost grzybni<\/li>\n<li data-section-id=\"vs2jta\" data-start=\"2133\" data-end=\"2168\">Niezawodna i stabilna wydajno\u015b\u0107<\/li>\n<li data-section-id=\"fix0if\" data-start=\"2169\" data-end=\"2219\">Odpowiedni dla pocz\u0105tkuj\u0105cych i do\u015bwiadczonych hodowc\u00f3w<\/li>\n<li data-section-id=\"19zbuxr\" data-start=\"2220\" data-end=\"2263\">Szybsza kolonizacja ni\u017c w przypadku strzykawek z zarodnikami<\/li>\n<li data-section-id=\"16w25lw\" data-start=\"2264\" data-end=\"2304\">Aktywna kultura p\u0142ynna - gotowa do u\u017cycia<\/li>\n<\/ul><p data-start=\"2306\" data-end=\"2421\">Kultura p\u0142ynna Cambodian jest idealna dla hodowc\u00f3w poszukuj\u0105cych szybkiej, wydajnej i niezawodnej uprawy.<\/p><hr data-start=\"2423\" data-end=\"2426\" \/><h3 data-section-id=\"1edg1fv\" data-start=\"2428\" data-end=\"2458\">Korzy\u015bci z Liquid Culture<\/h3><p data-start=\"2460\" data-end=\"2549\">P\u0142ynne strzykawki do hodowli maj\u0105 kilka zalet w por\u00f3wnaniu z tradycyjnymi produktami opartymi na zarodnikach.<\/p><p data-start=\"2551\" data-end=\"2639\">Poniewa\u017c grzybnia jest ju\u017c aktywna, kolonizacja rozpoczyna si\u0119 natychmiast po zaszczepieniu.<\/p><p data-start=\"2641\" data-end=\"2662\">Kluczowe korzy\u015bci obejmuj\u0105:<\/p><ul data-start=\"2664\" data-end=\"2821\">\n<li data-section-id=\"5at1tr\" data-start=\"2664\" data-end=\"2693\">Szybszy czas kolonizacji<\/li>\n<li data-section-id=\"cqwl0j\" data-start=\"2694\" data-end=\"2718\">Wy\u017csze wska\u017aniki sukcesu<\/li>\n<li data-section-id=\"ur01ho\" data-start=\"2719\" data-end=\"2752\">R\u00f3wnomierne rozmieszczenie grzybni<\/li>\n<li data-section-id=\"nuiwlo\" data-start=\"2753\" data-end=\"2785\">\u0141atwa i precyzyjna aplikacja<\/li>\n<li data-section-id=\"s8uau9\" data-start=\"2786\" data-end=\"2821\">Sp\u00f3jne i wiarygodne wyniki<\/li>\n<\/ul><p data-start=\"2823\" data-end=\"2906\">Kultura p\u0142ynna jest preferowanym wyborem dla hodowc\u00f3w, kt\u00f3rzy ceni\u0105 sobie szybko\u015b\u0107 i sp\u00f3jno\u015b\u0107.<\/p><hr data-start=\"2908\" data-end=\"2911\" \/><h3 data-section-id=\"1ltc4xe\" data-start=\"2913\" data-end=\"2938\">U\u017cycie i zastosowanie<\/h3><p data-start=\"2940\" data-end=\"3028\">Cambodian <a href=\"https:\/\/www.mondogrowkits.com\/pl\/strzykawka-do-hodowli-plynow\/\">strzykawka do hodowli p\u0142yn\u00f3w<\/a> jest \u0142atwy w u\u017cyciu i nadaje si\u0119 do r\u00f3\u017cnych pod\u0142o\u017cy.<\/p><p data-start=\"3030\" data-end=\"3168\">Przed u\u017cyciem nale\u017cy delikatnie wstrz\u0105sn\u0105\u0107 strzykawk\u0105, aby r\u00f3wnomiernie rozprowadzi\u0107 grzybni\u0119. Wstrzykn\u0105\u0107 roztw\u00f3r do <a href=\"https:\/\/www.mondogrowkits.com\/pl\/wysterylizowane-podloze\/\">sterylne pod\u0142o\u017ce<\/a> lub pod\u0142o\u017ce.<\/p><p data-start=\"3170\" data-end=\"3270\">Poniewa\u017c kultura zawiera aktywn\u0105 grzybni\u0119, kolonizacja zwykle rozpoczyna si\u0119 szybciej ni\u017c w przypadku zarodnik\u00f3w.<\/p><p data-start=\"3272\" data-end=\"3351\">Zawsze pracuj w czystym i sterylnym \u015brodowisku, aby zminimalizowa\u0107 ryzyko zanieczyszczenia.<\/p><p data-start=\"3353\" data-end=\"3438\">Uwaga: Ten produkt jest przeznaczony wy\u0142\u0105cznie do mikroskopii i cel\u00f3w edukacyjnych.<\/p><hr data-start=\"3440\" data-end=\"3443\" \/><h3 data-section-id=\"1w10lnv\" data-start=\"3445\" data-end=\"3469\">Przechowywanie i okres trwa\u0142o\u015bci<\/h3><p data-start=\"3471\" data-end=\"3532\">Przechowywa\u0107 strzykawk\u0119 z p\u0142ynem hodowlanym w lod\u00f3wce w temperaturze 2-8 \u00b0C.<\/p><p data-start=\"3534\" data-end=\"3585\">Okres trwa\u0142o\u015bci: Do 2-3 miesi\u0119cy przy prawid\u0142owym przechowywaniu<\/p><p data-start=\"3587\" data-end=\"3674\">Unika\u0107 bezpo\u015bredniego \u015bwiat\u0142a s\u0142onecznego i ciep\u0142a. Przed u\u017cyciem odczeka\u0107, a\u017c strzykawka osi\u0105gnie temperatur\u0119 pokojow\u0105.<\/p><hr data-start=\"3676\" data-end=\"3679\" \/><h3 data-section-id=\"55caiq\" data-start=\"3681\" data-end=\"3723\">Cambodian - szybka i niezawodna genetyka<\/h3><p data-start=\"3725\" data-end=\"3841\">Cambodian jest ceniony za szybk\u0105 kolonizacj\u0119 i sta\u0142\u0105 wydajno\u015b\u0107, dzi\u0119ki czemu jest zaufanym wyborem w\u015br\u00f3d hodowc\u00f3w.<\/p><p data-start=\"3843\" data-end=\"3946\">Jej szybki wzrost i niezawodne w\u0142a\u015bciwo\u015bci sprawiaj\u0105, \u017ce nadaje si\u0119 do szerokiej gamy konfiguracji upraw.<\/p><hr data-start=\"3948\" data-end=\"3951\" \/><h3 data-section-id=\"mqhvn\" data-start=\"3953\" data-end=\"4006\">Zam\u00f3w strzykawk\u0119 Cambodian Liquid Culture ju\u017c dzi\u015b<\/h3><p data-start=\"4008\" data-end=\"4137\">Strzykawka Cambodian - Psilocybe cubensis Liquid Culture oferuje doskona\u0142e po\u0142\u0105czenie szybko\u015bci, niezawodno\u015bci i wydajno\u015bci.<\/p><p data-start=\"4139\" data-end=\"4257\">Dzi\u0119ki aktywnej grzybni i sprawdzonej genetyce ta p\u0142ynna kultura jest idealna do osi\u0105gni\u0119cia szybkiej i sp\u00f3jnej kolonizacji.<\/p><p data-start=\"4259\" data-end=\"4317\" data-is-last-node=\"\" data-is-only-node=\"\">Zam\u00f3w ju\u017c dzi\u015b i do\u015bwiadcz najwy\u017cszej jako\u015bci p\u0142ynnych kultur bakterii.<\/p>","protected":false},"excerpt":{"rendered":"<p data-start=\"95\" data-end=\"387\">Cambodian - Psilocybe cubensis Liquid Culture Syringe to wysokiej jako\u015bci p\u0142ynna kultura znana z szybkiej kolonizacji i silnego, jednolitego wzrostu grzybni. Ta popularna odmiana jest ceniona za stabiln\u0105 genetyk\u0119 i niezawodn\u0105 wydajno\u015b\u0107, dzi\u0119ki czemu jest odpowiednia zar\u00f3wno dla pocz\u0105tkuj\u0105cych, jak i do\u015bwiadczonych hodowc\u00f3w.<\/p>\n<p data-start=\"389\" data-end=\"558\">Strzykawka zawiera aktywn\u0105 grzybni\u0119 zawieszon\u0105 w bogatym w sk\u0142adniki od\u017cywcze roztworze, zapewniaj\u0105c szybsz\u0105 kolonizacj\u0119 i wy\u017cszy wska\u017anik sukcesu w por\u00f3wnaniu do tradycyjnych strzykawek z zarodnikami.<\/p>","protected":false},"featured_media":4547,"comment_status":"open","ping_status":"closed","template":"","meta":[],"product_brand":[32],"product_cat":[68],"product_tag":[],"class_list":{"0":"post-1353","1":"product","2":"type-product","3":"status-publish","4":"has-post-thumbnail","6":"product_brand-mondo","7":"product_cat-liquid-culture-syringe","9":"first","10":"instock","11":"sale","12":"taxable","13":"shipping-taxable","14":"purchasable","15":"product-type-simple"},"jetpack_sharing_enabled":true,"_links":{"self":[{"href":"https:\/\/www.mondogrowkits.com\/pl\/wp-json\/wp\/v2\/product\/1353","targetHints":{"allow":["GET"]}}],"collection":[{"href":"https:\/\/www.mondogrowkits.com\/pl\/wp-json\/wp\/v2\/product"}],"about":[{"href":"https:\/\/www.mondogrowkits.com\/pl\/wp-json\/wp\/v2\/types\/product"}],"replies":[{"embeddable":true,"href":"https:\/\/www.mondogrowkits.com\/pl\/wp-json\/wp\/v2\/comments?post=1353"}],"wp:featuredmedia":[{"embeddable":true,"href":"https:\/\/www.mondogrowkits.com\/pl\/wp-json\/wp\/v2\/media\/4547"}],"wp:attachment":[{"href":"https:\/\/www.mondogrowkits.com\/pl\/wp-json\/wp\/v2\/media?parent=1353"}],"wp:term":[{"taxonomy":"product_brand","embeddable":true,"href":"https:\/\/www.mondogrowkits.com\/pl\/wp-json\/wp\/v2\/product_brand?post=1353"},{"taxonomy":"product_cat","embeddable":true,"href":"https:\/\/www.mondogrowkits.com\/pl\/wp-json\/wp\/v2\/product_cat?post=1353"},{"taxonomy":"product_tag","embeddable":true,"href":"https:\/\/www.mondogrowkits.com\/pl\/wp-json\/wp\/v2\/product_tag?post=1353"}],"curies":[{"name":"wp","href":"https:\/\/api.w.org\/{rel}","templated":true}]}}